{"id":1559,"date":"2021-04-14T11:27:26","date_gmt":"2021-04-14T11:27:26","guid":{"rendered":"https:\/\/r-filter.hu\/?page_id=1559"},"modified":"2023-12-05T13:22:29","modified_gmt":"2023-12-05T13:22:29","slug":"uvo","status":"publish","type":"page","link":"https:\/\/r-filter.hu\/de\/uvo\/","title":{"rendered":"UVO"},"content":{"rendered":"<div data-elementor-type=\"wp-page\" data-elementor-id=\"1559\" class=\"elementor elementor-1559\" data-elementor-post-type=\"page\">\n\t\t\t\t\t\t<section class=\"elementor-section elementor-top-section elementor-element elementor-element-d0f84e1 elementor-section-boxed elementor-section-height-default elementor-section-height-default\" data-id=\"d0f84e1\" data-element_type=\"section\" data-e-type=\"section\">\n\t\t\t\t\t\t<div class=\"elementor-container elementor-column-gap-default\">\n\t\t\t\t\t<div class=\"elementor-column elementor-col-100 elementor-top-column elementor-element elementor-element-466f87e\" data-id=\"466f87e\" data-element_type=\"column\" data-e-type=\"column\" data-settings=\"{&quot;background_background&quot;:&quot;classic&quot;}\">\n\t\t\t<div class=\"elementor-widget-wrap elementor-element-populated\">\n\t\t\t\t\t\t<div class=\"elementor-element elementor-element-bc911e5 elementor-widget elementor-widget-heading\" data-id=\"bc911e5\" data-element_type=\"widget\" data-e-type=\"widget\" data-widget_type=\"heading.default\">\n\t\t\t\t<div class=\"elementor-widget-container\">\n\t\t\t\t\t<h1 class=\"elementor-heading-title elementor-size-default\">UVO OZONISATOR<\/h1>\t\t\t\t<\/div>\n\t\t\t\t<\/div>\n\t\t\t\t<div class=\"elementor-element elementor-element-31b89f9 elementor-widget-divider--view-line elementor-widget elementor-widget-divider\" data-id=\"31b89f9\" data-element_type=\"widget\" data-e-type=\"widget\" data-widget_type=\"divider.default\">\n\t\t\t\t<div class=\"elementor-widget-container\">\n\t\t\t\t\t\t\t<div class=\"elementor-divider\">\n\t\t\t<span class=\"elementor-divider-separator\">\n\t\t\t\t\t\t<\/span>\n\t\t<\/div>\n\t\t\t\t\t\t<\/div>\n\t\t\t\t<\/div>\n\t\t\t\t\t<\/div>\n\t\t<\/div>\n\t\t\t\t\t<\/div>\n\t\t<\/section>\n\t\t\t\t<section class=\"elementor-section elementor-top-section elementor-element elementor-element-a694091 elementor-section-boxed elementor-section-height-default elementor-section-height-default\" data-id=\"a694091\" data-element_type=\"section\" data-e-type=\"section\">\n\t\t\t\t\t\t<div class=\"elementor-container elementor-column-gap-default\">\n\t\t\t\t\t<div class=\"elementor-column elementor-col-50 elementor-top-column elementor-element elementor-element-b29f387\" data-id=\"b29f387\" data-element_type=\"column\" data-e-type=\"column\">\n\t\t\t<div class=\"elementor-widget-wrap elementor-element-populated\">\n\t\t\t\t\t\t<div class=\"elementor-element elementor-element-a2fc30d elementor-widget elementor-widget-image\" data-id=\"a2fc30d\" data-element_type=\"widget\" data-e-type=\"widget\" data-widget_type=\"image.default\">\n\t\t\t\t<div class=\"elementor-widget-container\">\n\t\t\t\t\t\t\t\t\t\t\t\t<figure class=\"wp-caption\">\n\t\t\t\t\t\t\t\t\t\t<img decoding=\"async\" width=\"150\" height=\"150\" src=\"https:\/\/r-filter.hu\/wp-content\/uploads\/2021\/05\/UVO.185-150x150.jpg\" class=\"attachment-thumbnail size-thumbnail wp-image-1776\" alt=\"\" title=\"\">\t\t\t\t\t\t\t\t\t\t\t<figcaption class=\"widget-image-caption wp-caption-text\">UVO 140<\/figcaption>\n\t\t\t\t\t\t\t\t\t\t<\/figure>\n\t\t\t\t\t\t\t\t\t<\/div>\n\t\t\t\t<\/div>\n\t\t\t\t<div class=\"elementor-element elementor-element-f7977cd elementor-align-center elementor-widget elementor-widget-button\" data-id=\"f7977cd\" data-element_type=\"widget\" data-e-type=\"widget\" data-widget_type=\"button.default\">\n\t\t\t\t<div class=\"elementor-widget-container\">\n\t\t\t\t\t\t\t\t\t<div class=\"elementor-button-wrapper\">\n\t\t\t\t\t<a class=\"elementor-button elementor-button-link elementor-size-sm elementor-animation-shrink\" href=\"https:\/\/r-filter.hu\/de\/uvo140\/\" target=\"_blank\">\n\t\t\t\t\t\t<span class=\"elementor-button-content-wrapper\">\n\t\t\t\t\t\t\t\t\t<span class=\"elementor-button-text\">Details<\/span>\n\t\t\t\t\t<\/span>\n\t\t\t\t\t<\/a>\n\t\t\t\t<\/div>\n\t\t\t\t\t\t\t\t<\/div>\n\t\t\t\t<\/div>\n\t\t\t\t\t<\/div>\n\t\t<\/div>\n\t\t\t\t<div class=\"elementor-column elementor-col-50 elementor-top-column elementor-element elementor-element-78ed62d\" data-id=\"78ed62d\" data-element_type=\"column\" data-e-type=\"column\">\n\t\t\t<div class=\"elementor-widget-wrap elementor-element-populated\">\n\t\t\t\t\t\t<div class=\"elementor-element elementor-element-f6e2175 elementor-widget elementor-widget-image\" data-id=\"f6e2175\" data-element_type=\"widget\" data-e-type=\"widget\" data-widget_type=\"image.default\">\n\t\t\t\t<div class=\"elementor-widget-container\">\n\t\t\t\t\t\t\t\t\t\t\t\t<figure class=\"wp-caption\">\n\t\t\t\t\t\t\t\t\t\t<img decoding=\"async\" width=\"150\" height=\"150\" src=\"https:\/\/r-filter.hu\/wp-content\/uploads\/2022\/01\/UVO210.52-150x150.jpg\" class=\"attachment-thumbnail size-thumbnail wp-image-3743\" alt=\"\" title=\"\">\t\t\t\t\t\t\t\t\t\t\t<figcaption class=\"widget-image-caption wp-caption-text\">UVO 210<\/figcaption>\n\t\t\t\t\t\t\t\t\t\t<\/figure>\n\t\t\t\t\t\t\t\t\t<\/div>\n\t\t\t\t<\/div>\n\t\t\t\t<div class=\"elementor-element elementor-element-c896cf0 elementor-align-center elementor-widget elementor-widget-button\" data-id=\"c896cf0\" data-element_type=\"widget\" data-e-type=\"widget\" data-widget_type=\"button.default\">\n\t\t\t\t<div class=\"elementor-widget-container\">\n\t\t\t\t\t\t\t\t\t<div class=\"elementor-button-wrapper\">\n\t\t\t\t\t<a class=\"elementor-button elementor-button-link elementor-size-sm elementor-animation-shrink\" href=\"https:\/\/r-filter.hu\/de\/uvo210\/\" target=\"_blank\">\n\t\t\t\t\t\t<span class=\"elementor-button-content-wrapper\">\n\t\t\t\t\t\t\t\t\t<span class=\"elementor-button-text\">Details<\/span>\n\t\t\t\t\t<\/span>\n\t\t\t\t\t<\/a>\n\t\t\t\t<\/div>\n\t\t\t\t\t\t\t\t<\/div>\n\t\t\t\t<\/div>\n\t\t\t\t\t<\/div>\n\t\t<\/div>\n\t\t\t\t\t<\/div>\n\t\t<\/section>\n\t\t\t\t<section class=\"elementor-section elementor-top-section elementor-element elementor-element-e11548e elementor-section-boxed elementor-section-height-default elementor-section-height-default\" data-id=\"e11548e\" data-element_type=\"section\" data-e-type=\"section\">\n\t\t\t\t\t\t<div class=\"elementor-container elementor-column-gap-default\">\n\t\t\t\t\t<div class=\"elementor-column elementor-col-100 elementor-top-column elementor-element elementor-element-710cbfa\" data-id=\"710cbfa\" data-element_type=\"column\" data-e-type=\"column\">\n\t\t\t<div class=\"elementor-widget-wrap elementor-element-populated\">\n\t\t\t\t\t\t<section class=\"elementor-section elementor-inner-section elementor-element elementor-element-cdff24b elementor-section-boxed elementor-section-height-default elementor-section-height-default\" data-id=\"cdff24b\" data-element_type=\"section\" data-e-type=\"section\">\n\t\t\t\t\t\t<div class=\"elementor-container elementor-column-gap-default\">\n\t\t\t\t\t<div class=\"elementor-column elementor-col-50 elementor-inner-column elementor-element elementor-element-98182e4\" data-id=\"98182e4\" data-element_type=\"column\" data-e-type=\"column\">\n\t\t\t<div class=\"elementor-widget-wrap elementor-element-populated\">\n\t\t\t\t\t\t<div class=\"elementor-element elementor-element-1053a35 elementor-widget elementor-widget-text-editor\" data-id=\"1053a35\" data-element_type=\"widget\" data-e-type=\"widget\" data-widget_type=\"text-editor.default\">\n\t\t\t\t<div class=\"elementor-widget-container\">\n\t\t\t\t\t\t\t\t\t<p>Die Ozonbehandlung der Raumluft ist heute ein weit verbreitetes Luftreinigungs- und Desinfektionsverfahren. Unsere Ger\u00e4te verwenden VUV-Licht zur Ozonproduktion und nicht die Koronaentladung. Wir m\u00fcssen keine Luftaufbereitungssysteme (Lufttrockner oder Sauerstoffkonzentrator) verwenden, die zus\u00e4tzlichen Kosten und Wartung erfordern. Der UV-Ozongenerator erzeugt im Gegensatz zum Ozongenerator mit Koronaentladungsverfahren keine sch\u00e4dlichen Stickstoffnebenprodukte und funktioniert auch in feuchter Luft sehr gut. In unserem Fall verbinden die Elektronen das Ozonmolek\u00fcl im bindenden Molek\u00fclorbital (bonding orbital), w\u00e4hrend sie im Fall der Koronaentladung meist in einem anti-bindenden Orbital (anti-bonding orbital) zirkulieren. Wobei die Ozonmolek\u00fcle im letzteren Fall zwar eine h\u00f6here Energie haben, k\u00f6nnen jedoch gef\u00e4hrlich sein, da sie ihre Zersetzungseigenschaften unerwartet und mit gro\u00dfer Kraft aus\u00fcben k\u00f6nnen, wo wir das eben gar nicht erwartet haben.<br \/>Der Hauptvorteil von Ozon gegen\u00fcber anderen Behandlungsmethoden zur Luftdesinfektion liegt darin, dass Ozon gro\u00dfe Luftmengen effizient behandeln kann. Ein Gas, das in jede Ecke des Raumes gelangen kann, um den gesamten Raum effektiv zu desinfizieren. Es zeichnet sich durch sehr starke Oxidation und gute Penetrationsf\u00e4higkeit aus. Da Ozon sehr instabil ist, f\u00e4llt das nicht verwendete Ozon schnell zur\u00fcck in seine urspr\u00fcngliche Form, Sauerstofferstoff (O2), und hinterl\u00e4sst keine sch\u00e4dlichen Nebenprodukte nach der Desinfektion. <strong>Das Ger\u00e4t wird f\u00fcr den Einsatz in Wohnungen, Industriegeb\u00e4uden, Restaurantk\u00fcchen, Arztpraxen, Umkleidekabinen und Fitnessstudios, Lebensmittellagern und allen R\u00e4umen empfohlen, in denen saubere Luft frei von Krankheitserregern und unangenehmen Ger\u00fcchen ben\u00f6tigt wird.<\/strong><\/p>\t\t\t\t\t\t\t\t<\/div>\n\t\t\t\t<\/div>\n\t\t\t\t<div class=\"elementor-element elementor-element-61dbcc6 elementor-widget elementor-widget-text-editor\" data-id=\"61dbcc6\" data-element_type=\"widget\" data-e-type=\"widget\" data-widget_type=\"text-editor.default\">\n\t\t\t\t<div class=\"elementor-widget-container\">\n\t\t\t\t\t\t\t\t\t<p><strong>Funktionsprinzip<\/strong><\/p>\t\t\t\t\t\t\t\t<\/div>\n\t\t\t\t<\/div>\n\t\t\t\t<div class=\"elementor-element elementor-element-8f6c6d8 elementor-widget-divider--view-line elementor-widget elementor-widget-divider\" data-id=\"8f6c6d8\" data-element_type=\"widget\" data-e-type=\"widget\" data-widget_type=\"divider.default\">\n\t\t\t\t<div class=\"elementor-widget-container\">\n\t\t\t\t\t\t\t<div class=\"elementor-divider\">\n\t\t\t<span class=\"elementor-divider-separator\">\n\t\t\t\t\t\t<\/span>\n\t\t<\/div>\n\t\t\t\t\t\t<\/div>\n\t\t\t\t<\/div>\n\t\t\t\t<div class=\"elementor-element elementor-element-4fd7ae5 elementor-widget elementor-widget-text-editor\" data-id=\"4fd7ae5\" data-element_type=\"widget\" data-e-type=\"widget\" data-widget_type=\"text-editor.default\">\n\t\t\t\t<div class=\"elementor-widget-container\">\n\t\t\t\t\t\t\t\t\t<p>Eine gro\u00dfe Menge Ozon wird aus dem Sauerstoffgehalt der Umgebungsluft mit Verwendung von VUV-Lampen erzeugt, die auf eine Wellenl\u00e4nge von 185 nm eingestellt sind:<\/p>\t\t\t\t\t\t\t\t<\/div>\n\t\t\t\t<\/div>\n\t\t\t\t<div class=\"elementor-element elementor-element-02b3e2c elementor-widget elementor-widget-image\" data-id=\"02b3e2c\" data-element_type=\"widget\" data-e-type=\"widget\" data-widget_type=\"image.default\">\n\t\t\t\t<div class=\"elementor-widget-container\">\n\t\t\t\t\t\t\t\t\t\t\t\t\t\t\t<img fetchpriority=\"high\" decoding=\"async\" width=\"1415\" height=\"822\" src=\"https:\/\/r-filter.hu\/wp-content\/uploads\/2021\/11\/O3de.jpg\" class=\"attachment-2048x2048 size-2048x2048 wp-image-3503\" alt=\"\" srcset=\"https:\/\/r-filter.hu\/wp-content\/uploads\/2021\/11\/O3de.jpg 1510w, https:\/\/r-filter.hu\/wp-content\/uploads\/2021\/11\/O3de-300x166.jpg 300w, https:\/\/r-filter.hu\/wp-content\/uploads\/2021\/11\/O3de-1024x566.jpg 1024w, https:\/\/r-filter.hu\/wp-content\/uploads\/2021\/11\/O3de-768x425.jpg 768w, https:\/\/r-filter.hu\/wp-content\/uploads\/2021\/11\/O3de-18x10.jpg 18w\" sizes=\"(max-width: 1415px) 100vw, 1415px\" title=\"\">\t\t\t\t\t\t\t\t\t\t\t\t\t\t\t<\/div>\n\t\t\t\t<\/div>\n\t\t\t\t<div class=\"elementor-element elementor-element-bb9e9b9 elementor-widget elementor-widget-text-editor\" data-id=\"bb9e9b9\" data-element_type=\"widget\" data-e-type=\"widget\" data-widget_type=\"text-editor.default\">\n\t\t\t\t<div class=\"elementor-widget-container translation-block\">Ein einzelnes Sauerstoffatom (O) wird durch die Photolyse gebildet, wenn die Vakuum-UV-Strahlung im Wellenbereich von 185nm das Sauerstoffmolek\u00fcl (O\u2082) in zwei Sauerstoffatome aufspaltet. Es verbindet sich dann leicht mit einem Sauerstoffmolek\u00fcl (O\u2082), um ein Ozonmolek\u00fcl (O\u2083) zu bilden. Ozon ist ein instabiles Molek\u00fcl aufgrund einer schwachen Bindung, die das dritte Sauerstoffatom h\u00e4lt. Diese Instabilit\u00e4t macht Ozon nat\u00fcrlich zu einem stark oxidierende Desinfektions- und Desodorierungsmittelmittel. Oxidation tritt auf, wenn Ozonmolek\u00fcle mit oxidierbaren Substanzen in Kontakt kommen, einschlie\u00dflich Mikroorganismen (pathogene Bakterien, Viren und Schimmelpilze) sowie organischen und anorganischen Verbindungen. Einige Beispiele f\u00fcr die desodorierende Wirkung von Ozon:<\/div>\n\t\t\t\t<\/div>\n\t\t\t\t<div class=\"elementor-element elementor-element-cb6b1ab elementor-widget elementor-widget-text-editor\" data-id=\"cb6b1ab\" data-element_type=\"widget\" data-e-type=\"widget\" data-widget_type=\"text-editor.default\">\n\t\t\t\t<div class=\"elementor-widget-container\">\n\t\t\t\t\t\t\t\t\t<p class=\"translation-block\">Formaldehyd (CH2O) als Ursache einer \u201eNeubaukrankheit\u201d: CH2O + 2O3 = CO2 + H2O + 2O2<\/p><p class=\"translation-block\">Geruch nach faulen Eiern (Schwefelwasserstoff H2S): H2S + O3 = SO2 + H2O<\/p><p class=\"translation-block\">Toilettengeruch (Ammoniak NH3): 2NH3 + O3 = 3H2O + N2<\/p>\t\t\t\t\t\t\t\t<\/div>\n\t\t\t\t<\/div>\n\t\t\t\t<div class=\"elementor-element elementor-element-cc17524 elementor-widget elementor-widget-text-editor\" data-id=\"cc17524\" data-element_type=\"widget\" data-e-type=\"widget\" data-widget_type=\"text-editor.default\">\n\t\t\t\t<div class=\"elementor-widget-container\">\n\t\t\t\t\t\t\t\t\t<p>Die Strahlung der verwendeten VUV-Lampen (185nm +254nm) erm\u00f6glicht nicht nur die Ozonproduktion, sondern auch bei der Strahlung UV-C Licht bei 254nm, hat eine starke keimt\u00f6tende desinfizierende Wirkung. Die synergetische Kombination von 185nm und 254nm Strahlungen ist sehr effektiv bei der Zerst\u00f6rung von Bakterien und Viren.<\/p><p class=\"translation-block\">Nach Eingabe der Ozonmenge, die in den zu behandelnden Raum eingebracht wird, werden sich die Ozonerzeugungslampen nach dem Abschluss des zeitgesteuerten Behandlungsprozesses automatisch ausgeschaltet. Nur die Ventilatoren bleiben im Betrieb, um den Abbau des restlichen Ozons zu unterst\u00fctzen, das nicht in der Behandlung verwendet wird. Das vom R-FILTER erzeugte Ozon wandelt sich schnell wieder in seine urspr\u00fcngliche Form, Sauerstoff (O2), mit einer Halbwertzeit von bis zu 30-50 Minuten um, wenn es nicht an Behandlungsvorg\u00e4ngen beteiligt ist und hinterl\u00e4sst keine sch\u00e4dlichen R\u00fcckst\u00e4nde. Je h\u00f6her die Temperatur und Luftfeuchtigkeit des zu behandelnden Raums ist und je dynamischer der Luftstrom ist, desto k\u00fcrzer ist die Halbwertszeit und desto schneller k\u00f6nnen Sie den behandelten Raum betreten.\nNach Abschluss der Behandlung l\u00e4sst das Ger\u00e4t die Ventilatoren weitere 4 Stunden lang laufen, wodurch der Abbau des in der Behandlung nicht verwendeten Restozons erh\u00f6ht wird. Wenn Sie dann den behandelten Raum betreten, m\u00fcssen Sie ihn sofort gut l\u00fcften.<\/p>\t\t\t\t\t\t\t\t<\/div>\n\t\t\t\t<\/div>\n\t\t\t\t\t<\/div>\n\t\t<\/div>\n\t\t\t\t<div class=\"elementor-column elementor-col-50 elementor-inner-column elementor-element elementor-element-28411cf\" data-id=\"28411cf\" data-element_type=\"column\" data-e-type=\"column\">\n\t\t\t<div class=\"elementor-widget-wrap elementor-element-populated\">\n\t\t\t\t\t\t<div class=\"elementor-element elementor-element-0901bf2 elementor-widget elementor-widget-image\" data-id=\"0901bf2\" data-element_type=\"widget\" data-e-type=\"widget\" data-widget_type=\"image.default\">\n\t\t\t\t<div class=\"elementor-widget-container\">\n\t\t\t\t\t\t\t\t\t\t\t\t\t\t\t<img loading=\"lazy\" decoding=\"async\" width=\"1024\" height=\"512\" src=\"https:\/\/r-filter.hu\/wp-content\/uploads\/2022\/10\/UVO2-1024x512.jpg\" class=\"attachment-large size-large wp-image-5304\" alt=\"R-Filter innovat\u00edv konyhai l\u00e9gkezel\u00e9s, zs\u00edrbont\u00e1s \u00e9s szagtalan\u00edt\u00e1s\" srcset=\"https:\/\/r-filter.hu\/wp-content\/uploads\/2022\/10\/UVO2-1024x512.jpg 1024w, https:\/\/r-filter.hu\/wp-content\/uploads\/2022\/10\/UVO2-300x150.jpg 300w, https:\/\/r-filter.hu\/wp-content\/uploads\/2022\/10\/UVO2-768x384.jpg 768w, https:\/\/r-filter.hu\/wp-content\/uploads\/2022\/10\/UVO2-18x9.jpg 18w, https:\/\/r-filter.hu\/wp-content\/uploads\/2022\/10\/UVO2.jpg 1200w\" sizes=\"(max-width: 1024px) 100vw, 1024px\" title=\"\">\t\t\t\t\t\t\t\t\t\t\t\t\t\t\t<\/div>\n\t\t\t\t<\/div>\n\t\t\t\t<div class=\"elementor-element elementor-element-2360aa6 elementor-widget elementor-widget-text-editor\" data-id=\"2360aa6\" data-element_type=\"widget\" data-e-type=\"widget\" data-widget_type=\"text-editor.default\">\n\t\t\t\t<div class=\"elementor-widget-container\">\n\t\t\t\t\t\t\t\t\t<strong><p style=\"color:#0000F3\">Eigenschaften, Vorteile:<\/strong><p>\n<ul>\n \t<li>die Raumluft als auch alle Oberfl\u00e4chen wirksam zu desinfizieren<\/li>\n \t<li>automatischer Ozonabbauzyklus<\/li>\n \t<li>Programm an Raumgr\u00f6\u00dfe anpassbar (bis 1000m3)<\/li>\n \t<li>kombinierte Wirkung von Photolyse und Ozonolyse<\/li>\n \t<li>im Gegensatz zu Koronaentladungsmodellen produziert kein Stickstoffdioxid<\/li>\n \t<li>unempfindlich gegen\u00fcber der Luftfeuchtigkeit<\/li>\n \t<li>tragbares Ger\u00e4t<\/li>\n \t<li>kosteng\u00fcnstig<\/li>\n \t<li>minimaler Wartungsbedarf, chemiefreie Desinfektion<\/li>\n<\/ul>\t\t\t\t\t\t\t\t<\/div>\n\t\t\t\t<\/div>\n\t\t\t\t<div class=\"elementor-element elementor-element-c465946 elementor-widget elementor-widget-text-editor\" data-id=\"c465946\" data-element_type=\"widget\" data-e-type=\"widget\" data-widget_type=\"text-editor.default\">\n\t\t\t\t<div class=\"elementor-widget-container\">\n\t\t\t\t\t\t\t\t\t<p><strong>Auf Wunsch senden wir Ihnen nach der Registrierung unter dem Men\u00fcpunkt \u201eKontakt\u201c Ger\u00e4tedatenbl\u00e4tter zu.<\/strong><\/p>\t\t\t\t\t\t\t\t<\/div>\n\t\t\t\t<\/div>\n\t\t\t\t\t<\/div>\n\t\t<\/div>\n\t\t\t\t\t<\/div>\n\t\t<\/section>\n\t\t\t\t\t<\/div>\n\t\t<\/div>\n\t\t\t\t\t<\/div>\n\t\t<\/section>\n\t\t\t\t<\/div>","protected":false},"excerpt":{"rendered":"<p>UVO \u00d3ZONIZ\u00c1TOR UVO 140 R\u00e9szletek UVO 210 R\u00e9szletek A belt\u00e9ri leveg\u0151 \u00f3zonkezel\u00e9se ma m\u00e1r igen elterjedt, sz\u00e9les k\u00f6rben alkalmazott l\u00e9gtiszt\u00edt\u00f3, fert\u0151tlen\u00edt\u0151 elj\u00e1r\u00e1s. K\u00e9sz\u00fcl\u00e9keink az \u00f3zontermel\u00e9sre VUV f\u00e9nyt haszn\u00e1lnak, nem pedig koronakis\u00fcl\u00e9st. Nem kell extra k\u00f6lts\u00e9geket \u00e9s karbantart\u00e1st ig\u00e9nyl\u0151 leveg\u0151 el\u0151k\u00e9sz\u00edt\u0151 rendszereket (l\u00e9gsz\u00e1r\u00edt\u00f3t vagy oxig\u00e9nkoncentr\u00e1tort) haszn\u00e1lnunk. Az UV \u00f3zoniz\u00e1tor, a koronakis\u00fcl\u00e9ses gener\u00e1torral ellent\u00e9tben, nem termel k\u00e1ros&hellip;&nbsp;<a href=\"https:\/\/r-filter.hu\/de\/uvo\/\" rel=\"bookmark\">Mehr lesen &raquo;<span class=\"screen-reader-text\">UVO<\/span><\/a><\/p>","protected":false},"author":2,"featured_media":0,"parent":0,"menu_order":0,"comment_status":"closed","ping_status":"closed","template":"","meta":{"neve_meta_sidebar":"full-width","neve_meta_container":"","neve_meta_enable_content_width":"on","neve_meta_content_width":100,"neve_meta_title_alignment":"","neve_meta_author_avatar":"","neve_post_elements_order":"","neve_meta_disable_header":"","neve_meta_disable_footer":"","neve_meta_disable_title":"","neve_meta_reading_time":"","_themeisle_gutenberg_block_has_review":false,"_ti_tpc_template_sync":false,"_ti_tpc_template_id":"","footnotes":""},"class_list":["post-1559","page","type-page","status-publish","hentry"],"_links":{"self":[{"href":"https:\/\/r-filter.hu\/de\/wp-json\/wp\/v2\/pages\/1559","targetHints":{"allow":["GET"]}}],"collection":[{"href":"https:\/\/r-filter.hu\/de\/wp-json\/wp\/v2\/pages"}],"about":[{"href":"https:\/\/r-filter.hu\/de\/wp-json\/wp\/v2\/types\/page"}],"author":[{"embeddable":true,"href":"https:\/\/r-filter.hu\/de\/wp-json\/wp\/v2\/users\/2"}],"replies":[{"embeddable":true,"href":"https:\/\/r-filter.hu\/de\/wp-json\/wp\/v2\/comments?post=1559"}],"version-history":[{"count":113,"href":"https:\/\/r-filter.hu\/de\/wp-json\/wp\/v2\/pages\/1559\/revisions"}],"predecessor-version":[{"id":7625,"href":"https:\/\/r-filter.hu\/de\/wp-json\/wp\/v2\/pages\/1559\/revisions\/7625"}],"wp:attachment":[{"href":"https:\/\/r-filter.hu\/de\/wp-json\/wp\/v2\/media?parent=1559"}],"curies":[{"name":"wp","href":"https:\/\/api.w.org\/{rel}","templated":true}]}}