{"id":2049,"date":"2021-06-29T05:36:44","date_gmt":"2021-06-29T05:36:44","guid":{"rendered":"https:\/\/r-filter.hu\/?page_id=2049"},"modified":"2023-07-06T10:49:49","modified_gmt":"2023-07-06T10:49:49","slug":"uvr-bl","status":"publish","type":"page","link":"https:\/\/r-filter.hu\/de\/uvr-bl\/","title":{"rendered":"UVR-BL"},"content":{"rendered":"<div data-elementor-type=\"wp-page\" data-elementor-id=\"2049\" class=\"elementor elementor-2049\" data-elementor-post-type=\"page\">\n\t\t\t\t\t\t<section class=\"elementor-section elementor-top-section elementor-element elementor-element-696483c elementor-section-boxed elementor-section-height-default elementor-section-height-default\" data-id=\"696483c\" data-element_type=\"section\" data-e-type=\"section\">\n\t\t\t\t\t\t<div class=\"elementor-container elementor-column-gap-default\">\n\t\t\t\t\t<div class=\"elementor-column elementor-col-100 elementor-top-column elementor-element elementor-element-232e1cb\" data-id=\"232e1cb\" data-element_type=\"column\" data-e-type=\"column\" data-settings=\"{&quot;background_background&quot;:&quot;classic&quot;}\">\n\t\t\t<div class=\"elementor-widget-wrap elementor-element-populated\">\n\t\t\t\t\t\t<div class=\"elementor-element elementor-element-2c0caec elementor-widget elementor-widget-heading\" data-id=\"2c0caec\" data-element_type=\"widget\" data-e-type=\"widget\" data-widget_type=\"heading.default\">\n\t\t\t\t<div class=\"elementor-widget-container\">\n\t\t\t\t\t<h1 class=\"elementor-heading-title elementor-size-default\">UVR-BL<\/h1>\t\t\t\t<\/div>\n\t\t\t\t<\/div>\n\t\t\t\t<div class=\"elementor-element elementor-element-71d28af elementor-widget-divider--view-line elementor-widget elementor-widget-divider\" data-id=\"71d28af\" data-element_type=\"widget\" data-e-type=\"widget\" data-widget_type=\"divider.default\">\n\t\t\t\t<div class=\"elementor-widget-container\">\n\t\t\t\t\t\t\t<div class=\"elementor-divider\">\n\t\t\t<span class=\"elementor-divider-separator\">\n\t\t\t\t\t\t<\/span>\n\t\t<\/div>\n\t\t\t\t\t\t<\/div>\n\t\t\t\t<\/div>\n\t\t\t\t\t<\/div>\n\t\t<\/div>\n\t\t\t\t\t<\/div>\n\t\t<\/section>\n\t\t\t\t<section class=\"elementor-section elementor-top-section elementor-element elementor-element-df948cf elementor-section-boxed elementor-section-height-default elementor-section-height-default\" data-id=\"df948cf\" data-element_type=\"section\" data-e-type=\"section\">\n\t\t\t\t\t\t<div class=\"elementor-container elementor-column-gap-default\">\n\t\t\t\t\t<div class=\"elementor-column elementor-col-50 elementor-top-column elementor-element elementor-element-89b4c80\" data-id=\"89b4c80\" data-element_type=\"column\" data-e-type=\"column\">\n\t\t\t<div class=\"elementor-widget-wrap elementor-element-populated\">\n\t\t\t\t\t\t<div class=\"elementor-element elementor-element-d60c7de elementor-widget elementor-widget-text-editor\" data-id=\"d60c7de\" data-element_type=\"widget\" data-e-type=\"widget\" data-widget_type=\"text-editor.default\">\n\t\t\t\t<div class=\"elementor-widget-container\">\n\t\t\t\t\t\t\t\t\t<p>Viren, Bakterien, Schimmelpilze, Sporen, Pilze usw. k\u00f6nnen in feuchten und dunklen HVAC Systemen schnell wachsen und sich \u00fcber die Klimaanlagen in allen Geb\u00e4udeteilen verteilen, wodurch Ihr Raumklima ansteckend wird. Unsere im Kanal installierten Luftdesinfektionsger\u00e4te inaktivieren die pathogenen Mikroorganismen \u201eon the fly\u201c. Facility Manager sollten nachdr\u00fccklich erw\u00e4gen, diese Technologie in ihre Geb\u00e4ude zu integrieren.<\/p>\t\t\t\t\t\t\t\t<\/div>\n\t\t\t\t<\/div>\n\t\t\t\t<div class=\"elementor-element elementor-element-6fb3bc1 elementor-widget elementor-widget-text-editor\" data-id=\"6fb3bc1\" data-element_type=\"widget\" data-e-type=\"widget\" data-widget_type=\"text-editor.default\">\n\t\t\t\t<div class=\"elementor-widget-container\">\n\t\t\t\t\t\t\t\t\t<p><strong>Funktionsprinzip<\/strong><\/p>\t\t\t\t\t\t\t\t<\/div>\n\t\t\t\t<\/div>\n\t\t\t\t<div class=\"elementor-element elementor-element-b44f89b elementor-widget-divider--view-line elementor-widget elementor-widget-divider\" data-id=\"b44f89b\" data-element_type=\"widget\" data-e-type=\"widget\" data-widget_type=\"divider.default\">\n\t\t\t\t<div class=\"elementor-widget-container\">\n\t\t\t\t\t\t\t<div class=\"elementor-divider\">\n\t\t\t<span class=\"elementor-divider-separator\">\n\t\t\t\t\t\t<\/span>\n\t\t<\/div>\n\t\t\t\t\t\t<\/div>\n\t\t\t\t<\/div>\n\t\t\t\t<div class=\"elementor-element elementor-element-e069360 elementor-widget elementor-widget-text-editor\" data-id=\"e069360\" data-element_type=\"widget\" data-e-type=\"widget\" data-widget_type=\"text-editor.default\">\n\t\t\t\t<div class=\"elementor-widget-container\">\n\t\t\t\t\t\t\t\t\t<p>Unsere Rack-Familie, d. h. unsere Familie von UV-Rahmen, ist mit unterschiedlichen Rahmenl\u00e4ngen (400, 650, 880, 1200 und 1550 mm) und mit unterschiedlichen elektrischen Leistungen (48, 72, 95 und 155 W) ausgef\u00fchrt. Wir verwenden drei Arten von technischen Konstruktionen f\u00fcr die flexible Anpassung an HVAC-Luftkanalsysteme:<br \/>- Von au\u00dfen installiertes UV Rack - mit integrierter Steuerung (Kanalwand \nzugeschnitten auf Ma\u00df).<br \/>- Von au\u00dfen installiertes UV Rack - ohne integrierte Steuerung (Kanalwand zugeschnitten auf Ma\u00df)<br \/><strong>- Von innen installiertes UV Rack - mit Steuerung von au\u00dfen. Siehe Bild oben!<\/strong><br \/>Damit wir die g\u00fcnstigste keimt\u00f6tende, bakterizide Wirkung erzielen zu k\u00f6nnen, ist eine Luftgeschwindigkeit von 2-2,5 m\/s im UV-Lampenbereich erforderlich.<\/p><p><i>\u00a0<\/i><\/p>\t\t\t\t\t\t\t\t<\/div>\n\t\t\t\t<\/div>\n\t\t\t\t<div class=\"elementor-element elementor-element-abae1ed elementor-widget elementor-widget-image\" data-id=\"abae1ed\" data-element_type=\"widget\" data-e-type=\"widget\" data-widget_type=\"image.default\">\n\t\t\t\t<div class=\"elementor-widget-container\">\n\t\t\t\t\t\t\t\t\t\t\t\t\t\t\t\t<a href=\"https:\/\/r-filter.hu\/wp-content\/uploads\/2021\/11\/sp.g.n.jpg\" data-elementor-open-lightbox=\"yes\" data-elementor-lightbox-title=\"F\u00e9ny spektruma 253,7nm (1)\" data-e-action-hash=\"#elementor-action%3Aaction%3Dlightbox%26settings%3DeyJpZCI6MjE3MywidXJsIjoiaHR0cHM6XC9cL3ItZmlsdGVyLmh1XC93cC1jb250ZW50XC91cGxvYWRzXC8yMDIxXC8wN1wvRmVueS1zcGVrdHJ1bWEtMjUzN25tLTEuanBnIn0%3D\">\n\t\t\t\t\t\t\t<img fetchpriority=\"high\" decoding=\"async\" width=\"862\" height=\"360\" src=\"https:\/\/r-filter.hu\/wp-content\/uploads\/2021\/11\/sp.g.n.jpg\" class=\"attachment-2048x2048 size-2048x2048 wp-image-2173\" alt=\"\" srcset=\"https:\/\/r-filter.hu\/wp-content\/uploads\/2021\/11\/sp.g.n.jpg 1765w, https:\/\/r-filter.hu\/wp-content\/uploads\/2021\/11\/sp.g.n-300x97.jpg 300w, https:\/\/r-filter.hu\/wp-content\/uploads\/2021\/11\/sp.g.n-1024x331.jpg 1024w, https:\/\/r-filter.hu\/wp-content\/uploads\/2021\/11\/sp.g.n-768x248.jpg 768w, https:\/\/r-filter.hu\/wp-content\/uploads\/2021\/11\/sp.g.n-1536x497.jpg 1536w, https:\/\/r-filter.hu\/wp-content\/uploads\/2021\/11\/sp.g.n-18x6.jpg 18w\" sizes=\"(max-width: 862px) 100vw, 862px\" title=\"\">\t\t\t\t\t\t\t\t<\/a>\n\t\t\t\t\t\t\t\t\t\t\t\t\t\t\t<\/div>\n\t\t\t\t<\/div>\n\t\t\t\t<div class=\"elementor-element elementor-element-daeb91f elementor-widget elementor-widget-image\" data-id=\"daeb91f\" data-element_type=\"widget\" data-e-type=\"widget\" data-widget_type=\"image.default\">\n\t\t\t\t<div class=\"elementor-widget-container\">\n\t\t\t\t\t\t\t\t\t\t\t\t\t\t\t\t<a href=\"https:\/\/r-filter.hu\/wp-content\/uploads\/2021\/11\/germ.n.jpg\" data-elementor-open-lightbox=\"yes\" data-elementor-lightbox-title=\"relat\u00edv hat\u00e9konys\u00e1gi g\u00f6rbe sz\u00f6veggel\" data-e-action-hash=\"#elementor-action%3Aaction%3Dlightbox%26settings%3DeyJpZCI6MjE2MCwidXJsIjoiaHR0cHM6XC9cL3ItZmlsdGVyLmh1XC93cC1jb250ZW50XC91cGxvYWRzXC8yMDIxXC8wN1wvcmVsYXRpdi1oYXRla29ueXNhZ2ktZ29yYmUtc3pvdmVnZ2VsLmpwZyJ9\">\n\t\t\t\t\t\t\t<img decoding=\"async\" width=\"1621\" height=\"1020\" src=\"https:\/\/r-filter.hu\/wp-content\/uploads\/2021\/11\/germ.n.jpg\" class=\"attachment-2048x2048 size-2048x2048 wp-image-2160\" alt=\"\" srcset=\"https:\/\/r-filter.hu\/wp-content\/uploads\/2021\/11\/germ.n.jpg 1382w, https:\/\/r-filter.hu\/wp-content\/uploads\/2021\/11\/germ.n-300x127.jpg 300w, https:\/\/r-filter.hu\/wp-content\/uploads\/2021\/11\/germ.n-1024x433.jpg 1024w, https:\/\/r-filter.hu\/wp-content\/uploads\/2021\/11\/germ.n-768x325.jpg 768w, https:\/\/r-filter.hu\/wp-content\/uploads\/2021\/11\/germ.n-18x8.jpg 18w\" sizes=\"(max-width: 1621px) 100vw, 1621px\" title=\"\">\t\t\t\t\t\t\t\t<\/a>\n\t\t\t\t\t\t\t\t\t\t\t\t\t\t\t<\/div>\n\t\t\t\t<\/div>\n\t\t\t\t<div class=\"elementor-element elementor-element-5a79d6c elementor-widget elementor-widget-text-editor\" data-id=\"5a79d6c\" data-element_type=\"widget\" data-e-type=\"widget\" data-widget_type=\"text-editor.default\">\n\t\t\t\t<div class=\"elementor-widget-container translation-block\">Zur Abt\u00f6tung von Mikroorganismen wird im Allgemeinen eine Strahlungsdosis von 10 bis 100 Ws\/m\u00b2 ben\u00f6tigt, wobei einzelne Organismen sehr unterschiedliche Strahlungsempfindlichkeiten aufweisen, die von 7 Ws\/m\u00b2 (Escherichia coli) bis zu 1.000 Ws\/m\u00b2 (Pilze) reichen k\u00f6nnen. Die Wirkung der UVC-Strahlung auf Corona-Viren ist bekannt. Die D10-Dosis liegt bei etwa 40 Ws\/m\u00b2. Als D10-Werte bezeichnet man die UV-Dosis, die eine bestimmte Ausgangskeimanzahl um 90% vermindert.<\/div>\n\t\t\t\t<\/div>\n\t\t\t\t\t<\/div>\n\t\t<\/div>\n\t\t\t\t<div class=\"elementor-column elementor-col-50 elementor-top-column elementor-element elementor-element-dc5a491\" data-id=\"dc5a491\" data-element_type=\"column\" data-e-type=\"column\">\n\t\t\t<div class=\"elementor-widget-wrap elementor-element-populated\">\n\t\t\t\t\t\t<div class=\"elementor-element elementor-element-4a46543 elementor-widget elementor-widget-image\" data-id=\"4a46543\" data-element_type=\"widget\" data-e-type=\"widget\" data-widget_type=\"image.default\">\n\t\t\t\t<div class=\"elementor-widget-container\">\n\t\t\t\t\t\t\t\t\t\t\t\t\t\t\t<img decoding=\"async\" width=\"1024\" height=\"512\" src=\"https:\/\/r-filter.hu\/wp-content\/uploads\/2022\/10\/UVR-BL2-1024x512.jpg\" class=\"attachment-large size-large wp-image-5291\" alt=\"R-Filter innovat\u00edv konyhai l\u00e9gkezel\u00e9s, zs\u00edrbont\u00e1s \u00e9s szagtalan\u00edt\u00e1s\" srcset=\"https:\/\/r-filter.hu\/wp-content\/uploads\/2022\/10\/UVR-BL2-1024x512.jpg 1024w, https:\/\/r-filter.hu\/wp-content\/uploads\/2022\/10\/UVR-BL2-300x150.jpg 300w, https:\/\/r-filter.hu\/wp-content\/uploads\/2022\/10\/UVR-BL2-768x384.jpg 768w, https:\/\/r-filter.hu\/wp-content\/uploads\/2022\/10\/UVR-BL2-18x9.jpg 18w, https:\/\/r-filter.hu\/wp-content\/uploads\/2022\/10\/UVR-BL2.jpg 1200w\" sizes=\"(max-width: 1024px) 100vw, 1024px\" title=\"\">\t\t\t\t\t\t\t\t\t\t\t\t\t\t\t<\/div>\n\t\t\t\t<\/div>\n\t\t\t\t<div class=\"elementor-element elementor-element-2fe8c99 elementor-widget elementor-widget-text-editor\" data-id=\"2fe8c99\" data-element_type=\"widget\" data-e-type=\"widget\" data-widget_type=\"text-editor.default\">\n\t\t\t\t<div class=\"elementor-widget-container\">\n\t\t\t\t\t\t\t\t\t<strong><p style=\"color:#0000F3\">Eigenschaften, Vorteile:<\/strong><\/p>\n\n<ul>\n \t<li>k\u00f6nnen leicht  auch in bestehendes Kanalsystem leicht integriert werden<\/li>\n \t<li>gew\u00fcnschte keimt\u00f6tende UV-Dosis k\u00f6nnen konfiguriert werden<\/li>\n \t<li>chemi- und ozonfreie Desinfektion<\/li>\n \t<li>innovative Steuerung sorgt f\u00fcr sicheren Betrieb<\/li>\n \t<li>verbessern die Raumqualit\u00e4t<\/li>\n \t<li>zerst\u00f6ren die gesundheitssch\u00e4dlichen Krankheitserreger<\/li>\n \t<li>helfen, das Sick-Building-Syndrom zu beseitigen<\/li>\n \t<li>verbessern das Wohlbefinden<\/li>\n \t<li>reduzieren die Wartungskosten von HVAC Systemen<\/li>\n<\/ul>\t\t\t\t\t\t\t\t<\/div>\n\t\t\t\t<\/div>\n\t\t\t\t\t<\/div>\n\t\t<\/div>\n\t\t\t\t\t<\/div>\n\t\t<\/section>\n\t\t\t\t<\/div>","protected":false},"excerpt":{"rendered":"<p>UVR-BL A v\u00edrusok, bakt\u00e9riumok, pen\u00e9sz, sp\u00f3r\u00e1k, gomb\u00e1k stb. rohamosan n\u00f6vekedhetnek a nedves \u00e9s s\u00f6t\u00e9t HVAC rendszerekben, \u00e9s a l\u00e9gkondicion\u00e1l\u00f3 rendszereken kereszt\u00fcl elterjedhetnek az eg\u00e9sz \u00e9p\u00fcletben, fert\u0151z\u0151v\u00e9 t\u00e9ve az \u00d6n\u00f6k belt\u00e9ri k\u00f6rnyezet\u00e9t. A l\u00e9gcsatorn\u00e1ba szerelt UV cs\u00edr\u00e1tlan\u00edt\u00f3 k\u00e9sz\u00fcl\u00e9keink, \u201erep\u00fcl\u00e9s k\u00f6zben\u201d inaktiv\u00e1lj\u00e1k a betegs\u00e9geket okoz\u00f3 mikroorganizmusokat. A facility managereknek er\u0151sen m\u00e9rlegelni\u00fck kellene ennek a technol\u00f3gi\u00e1nak az \u00e9p\u00fcletekbe&hellip;&nbsp;<a href=\"https:\/\/r-filter.hu\/de\/uvr-bl\/\" rel=\"bookmark\">Mehr lesen &raquo;<span class=\"screen-reader-text\">UVR-BL<\/span><\/a><\/p>","protected":false},"author":2,"featured_media":0,"parent":0,"menu_order":0,"comment_status":"closed","ping_status":"closed","template":"","meta":{"neve_meta_sidebar":"full-width","neve_meta_container":"","neve_meta_enable_content_width":"on","neve_meta_content_width":100,"neve_meta_title_alignment":"","neve_meta_author_avatar":"","neve_post_elements_order":"","neve_meta_disable_header":"","neve_meta_disable_footer":"","neve_meta_disable_title":"","neve_meta_reading_time":"","_themeisle_gutenberg_block_has_review":false,"_ti_tpc_template_sync":false,"_ti_tpc_template_id":"","footnotes":""},"class_list":["post-2049","page","type-page","status-publish","hentry"],"_links":{"self":[{"href":"https:\/\/r-filter.hu\/de\/wp-json\/wp\/v2\/pages\/2049","targetHints":{"allow":["GET"]}}],"collection":[{"href":"https:\/\/r-filter.hu\/de\/wp-json\/wp\/v2\/pages"}],"about":[{"href":"https:\/\/r-filter.hu\/de\/wp-json\/wp\/v2\/types\/page"}],"author":[{"embeddable":true,"href":"https:\/\/r-filter.hu\/de\/wp-json\/wp\/v2\/users\/2"}],"replies":[{"embeddable":true,"href":"https:\/\/r-filter.hu\/de\/wp-json\/wp\/v2\/comments?post=2049"}],"version-history":[{"count":39,"href":"https:\/\/r-filter.hu\/de\/wp-json\/wp\/v2\/pages\/2049\/revisions"}],"predecessor-version":[{"id":7288,"href":"https:\/\/r-filter.hu\/de\/wp-json\/wp\/v2\/pages\/2049\/revisions\/7288"}],"wp:attachment":[{"href":"https:\/\/r-filter.hu\/de\/wp-json\/wp\/v2\/media?parent=2049"}],"curies":[{"name":"wp","href":"https:\/\/api.w.org\/{rel}","templated":true}]}}