{"id":2068,"date":"2021-06-29T06:10:26","date_gmt":"2021-06-29T06:10:26","guid":{"rendered":"https:\/\/r-filter.hu\/?page_id=2068"},"modified":"2023-07-06T10:54:52","modified_gmt":"2023-07-06T10:54:52","slug":"uvk","status":"publish","type":"page","link":"https:\/\/r-filter.hu\/de\/uvk\/","title":{"rendered":"UVK"},"content":{"rendered":"<div data-elementor-type=\"wp-page\" data-elementor-id=\"2068\" class=\"elementor elementor-2068\" data-elementor-post-type=\"page\">\n\t\t\t\t\t\t<section class=\"elementor-section elementor-top-section elementor-element elementor-element-bfbd4c0 elementor-section-boxed elementor-section-height-default elementor-section-height-default\" data-id=\"bfbd4c0\" data-element_type=\"section\" data-e-type=\"section\">\n\t\t\t\t\t\t<div class=\"elementor-container elementor-column-gap-default\">\n\t\t\t\t\t<div class=\"elementor-column elementor-col-100 elementor-top-column elementor-element elementor-element-c13b5e6\" data-id=\"c13b5e6\" data-element_type=\"column\" data-e-type=\"column\" data-settings=\"{&quot;background_background&quot;:&quot;classic&quot;}\">\n\t\t\t<div class=\"elementor-widget-wrap elementor-element-populated\">\n\t\t\t\t\t\t<div class=\"elementor-element elementor-element-c87e7d6 elementor-widget elementor-widget-heading\" data-id=\"c87e7d6\" data-element_type=\"widget\" data-e-type=\"widget\" data-widget_type=\"heading.default\">\n\t\t\t\t<div class=\"elementor-widget-container\">\n\t\t\t\t\t<h1 class=\"elementor-heading-title elementor-size-default\">UVK<\/h1>\t\t\t\t<\/div>\n\t\t\t\t<\/div>\n\t\t\t\t<div class=\"elementor-element elementor-element-48dc0a8 elementor-widget-divider--view-line elementor-widget elementor-widget-divider\" data-id=\"48dc0a8\" data-element_type=\"widget\" data-e-type=\"widget\" data-widget_type=\"divider.default\">\n\t\t\t\t<div class=\"elementor-widget-container\">\n\t\t\t\t\t\t\t<div class=\"elementor-divider\">\n\t\t\t<span class=\"elementor-divider-separator\">\n\t\t\t\t\t\t<\/span>\n\t\t<\/div>\n\t\t\t\t\t\t<\/div>\n\t\t\t\t<\/div>\n\t\t\t\t\t<\/div>\n\t\t<\/div>\n\t\t\t\t\t<\/div>\n\t\t<\/section>\n\t\t\t\t<section class=\"elementor-section elementor-top-section elementor-element elementor-element-df948cf elementor-section-boxed elementor-section-height-default elementor-section-height-default\" data-id=\"df948cf\" data-element_type=\"section\" data-e-type=\"section\">\n\t\t\t\t\t\t<div class=\"elementor-container elementor-column-gap-default\">\n\t\t\t\t\t<div class=\"elementor-column elementor-col-50 elementor-top-column elementor-element elementor-element-89b4c80\" data-id=\"89b4c80\" data-element_type=\"column\" data-e-type=\"column\">\n\t\t\t<div class=\"elementor-widget-wrap elementor-element-populated\">\n\t\t\t\t\t\t<div class=\"elementor-element elementor-element-d60c7de elementor-widget elementor-widget-text-editor\" data-id=\"d60c7de\" data-element_type=\"widget\" data-e-type=\"widget\" data-widget_type=\"text-editor.default\">\n\t\t\t\t<div class=\"elementor-widget-container\">\n\t\t\t\t\t\t\t\t\t<p>Viren, Bakterien, Schimmelpilze, Sporen, Pilze usw. k\u00f6nnen in feuchten und dunklen HVAC Systemen schnell wachsen und sich \u00fcber die Klimaanlagen in allen Geb\u00e4udeteilen verteilen, wodurch Ihr Raumklima ansteckend wird. Unsere im Kanal installierten Luftdesinfektionsger\u00e4te inaktivieren die pathogenen Mikroorganismen \u201eon the fly\u201c. Facility Manager sollten nachdr\u00fccklich erw\u00e4gen, diese Technologie in ihre Geb\u00e4ude zu integrieren.<\/p>\t\t\t\t\t\t\t\t<\/div>\n\t\t\t\t<\/div>\n\t\t\t\t<div class=\"elementor-element elementor-element-8e3cfe6 elementor-widget elementor-widget-text-editor\" data-id=\"8e3cfe6\" data-element_type=\"widget\" data-e-type=\"widget\" data-widget_type=\"text-editor.default\">\n\t\t\t\t<div class=\"elementor-widget-container\">\n\t\t\t\t\t\t\t\t\t<p><strong>Funktionsprinzip<\/strong><\/p>\t\t\t\t\t\t\t\t<\/div>\n\t\t\t\t<\/div>\n\t\t\t\t<div class=\"elementor-element elementor-element-818e71b elementor-widget-divider--view-line elementor-widget elementor-widget-divider\" data-id=\"818e71b\" data-element_type=\"widget\" data-e-type=\"widget\" data-widget_type=\"divider.default\">\n\t\t\t\t<div class=\"elementor-widget-container\">\n\t\t\t\t\t\t\t<div class=\"elementor-divider\">\n\t\t\t<span class=\"elementor-divider-separator\">\n\t\t\t\t\t\t<\/span>\n\t\t<\/div>\n\t\t\t\t\t\t<\/div>\n\t\t\t\t<\/div>\n\t\t\t\t<div class=\"elementor-element elementor-element-5a79d6c elementor-widget elementor-widget-text-editor\" data-id=\"5a79d6c\" data-element_type=\"widget\" data-e-type=\"widget\" data-widget_type=\"text-editor.default\">\n\t\t\t\t<div class=\"elementor-widget-container\">\n\t\t\t\t\t\t\t\t\t<p>Durch die parallele Installation der Lampen zum Luftstrom k\u00f6nnen wir eine l\u00e4ngere Kontakzeit (Verweilzeit) zwischen den Mikroorganismen und dem UVC-Licht gew\u00e4hrleisten:<\/p>\t\t\t\t\t\t\t\t<\/div>\n\t\t\t\t<\/div>\n\t\t\t\t<div class=\"elementor-element elementor-element-867af91 elementor-widget elementor-widget-image\" data-id=\"867af91\" data-element_type=\"widget\" data-e-type=\"widget\" data-widget_type=\"image.default\">\n\t\t\t\t<div class=\"elementor-widget-container\">\n\t\t\t\t\t\t\t\t\t\t\t\t\t\t\t\t<a href=\"https:\/\/r-filter.hu\/wp-content\/uploads\/2021\/11\/vS.DE_.jpg\" data-elementor-open-lightbox=\"yes\" data-elementor-lightbox-title=\"VS. MAGYAR\" data-e-action-hash=\"#elementor-action%3Aaction%3Dlightbox%26settings%3DeyJpZCI6MzA0MCwidXJsIjoiaHR0cHM6XC9cL3ItZmlsdGVyLmh1XC93cC1jb250ZW50XC91cGxvYWRzXC8yMDIxXC8xMFwvVlMuLU1BR1lBUi5qcGcifQ%3D%3D\">\n\t\t\t\t\t\t\t<img fetchpriority=\"high\" decoding=\"async\" width=\"924\" height=\"388\" src=\"https:\/\/r-filter.hu\/wp-content\/uploads\/2021\/11\/vS.DE_.jpg\" class=\"attachment-large size-large wp-image-3040\" alt=\"\" srcset=\"https:\/\/r-filter.hu\/wp-content\/uploads\/2021\/11\/vS.DE_.jpg 1024w, https:\/\/r-filter.hu\/wp-content\/uploads\/2021\/11\/vS.DE_-300x133.jpg 300w, https:\/\/r-filter.hu\/wp-content\/uploads\/2021\/11\/vS.DE_-768x341.jpg 768w, https:\/\/r-filter.hu\/wp-content\/uploads\/2021\/11\/vS.DE_-18x8.jpg 18w\" sizes=\"(max-width: 924px) 100vw, 924px\" title=\"\">\t\t\t\t\t\t\t\t<\/a>\n\t\t\t\t\t\t\t\t\t\t\t\t\t\t\t<\/div>\n\t\t\t\t<\/div>\n\t\t\t\t<div class=\"elementor-element elementor-element-9e0ada4 elementor-widget elementor-widget-text-editor\" data-id=\"9e0ada4\" data-element_type=\"widget\" data-e-type=\"widget\" data-widget_type=\"text-editor.default\">\n\t\t\t\t<div class=\"elementor-widget-container translation-block\">Zur Abt\u00f6tung von Mikroorganismen wird im Allgemeinen eine Strahlungsdosis von 10 bis 100 Ws\/m\u00b2 ben\u00f6tigt, wobei einzelne Organismen sehr unterschiedliche Strahlungsempfindlichkeiten aufweisen, die von 7 Ws\/m\u00b2 (Escherichia coli) bis zu 1.000 Ws\/m\u00b2 (Pilze) reichen k\u00f6nnen. Die Wirkung der UVC-Strahlung auf Corona-Viren ist bekannt. Die D10-Dosis liegt bei etwa 40 Ws\/m\u00b2. Als D10-Werte bezeichnet man die UV-Dosis, die eine bestimmte Ausgangskeimanzahl um 90% vermindert.<\/div>\n\t\t\t\t<\/div>\n\t\t\t\t\t<\/div>\n\t\t<\/div>\n\t\t\t\t<div class=\"elementor-column elementor-col-50 elementor-top-column elementor-element elementor-element-dc5a491\" data-id=\"dc5a491\" data-element_type=\"column\" data-e-type=\"column\">\n\t\t\t<div class=\"elementor-widget-wrap elementor-element-populated\">\n\t\t\t\t\t\t<div class=\"elementor-element elementor-element-4a46543 elementor-widget elementor-widget-image\" data-id=\"4a46543\" data-element_type=\"widget\" data-e-type=\"widget\" data-widget_type=\"image.default\">\n\t\t\t\t<div class=\"elementor-widget-container\">\n\t\t\t\t\t\t\t\t\t\t\t\t\t\t\t<img decoding=\"async\" width=\"1200\" height=\"600\" src=\"https:\/\/r-filter.hu\/wp-content\/uploads\/2022\/10\/UVK3.jpg\" class=\"attachment-full size-full wp-image-5301\" alt=\"R-Filter innovat\u00edv konyhai l\u00e9gkezel\u00e9s, zs\u00edrbont\u00e1s \u00e9s szagtalan\u00edt\u00e1s\" srcset=\"https:\/\/r-filter.hu\/wp-content\/uploads\/2022\/10\/UVK3.jpg 1200w, https:\/\/r-filter.hu\/wp-content\/uploads\/2022\/10\/UVK3-300x150.jpg 300w, https:\/\/r-filter.hu\/wp-content\/uploads\/2022\/10\/UVK3-1024x512.jpg 1024w, https:\/\/r-filter.hu\/wp-content\/uploads\/2022\/10\/UVK3-768x384.jpg 768w, https:\/\/r-filter.hu\/wp-content\/uploads\/2022\/10\/UVK3-18x9.jpg 18w\" sizes=\"(max-width: 1200px) 100vw, 1200px\" title=\"\">\t\t\t\t\t\t\t\t\t\t\t\t\t\t\t<\/div>\n\t\t\t\t<\/div>\n\t\t\t\t<div class=\"elementor-element elementor-element-2fe8c99 elementor-widget elementor-widget-text-editor\" data-id=\"2fe8c99\" data-element_type=\"widget\" data-e-type=\"widget\" data-widget_type=\"text-editor.default\">\n\t\t\t\t<div class=\"elementor-widget-container\">\n\t\t\t\t\t\t\t\t\t<strong><p style=\"color:#0000F3\">Eigenschaften, Vorteile:<\/strong><\/p>\n\n<ul>\n \t<li>k\u00f6nnen leicht  auch in bestehendes Kanalsystem leicht integriert werden<\/li>\n \t<li>gew\u00fcnschte keimt\u00f6tende UV-Dosis k\u00f6nnen konfiguriert werden<\/li>\n \t<li>chemi- und ozonfreie Desinfektion<\/li>\n \t<li>innovative Steuerung sorgt f\u00fcr sicheren Betrieb<\/li>\n \t<li>verbessern die Raumqualit\u00e4t<\/li>\n \t<li>zerst\u00f6ren die gesundheitssch\u00e4dlichen Krankheitserreger<\/li>\n \t<li>helfen, das Sick-Building-Syndrom zu beseitigen<\/li>\n \t<li>verbessern das Wohlbefinden<\/li>\n \t<li>reduzieren die Wartungskosten von HVAC Systemen<\/li>\n<\/ul>\t\t\t\t\t\t\t\t<\/div>\n\t\t\t\t<\/div>\n\t\t\t\t\t<\/div>\n\t\t<\/div>\n\t\t\t\t\t<\/div>\n\t\t<\/section>\n\t\t\t\t<\/div>","protected":false},"excerpt":{"rendered":"<p>UVK A v\u00edrusok, bakt\u00e9riumok, pen\u00e9sz, sp\u00f3r\u00e1k, gomb\u00e1k stb. rohamosan n\u00f6vekedhetnek a nedves \u00e9s s\u00f6t\u00e9t HVAC rendszerekben, \u00e9s a l\u00e9gkondicion\u00e1l\u00f3 rendszereken kereszt\u00fcl elterjedhetnek az eg\u00e9sz \u00e9p\u00fcletben, fert\u0151z\u0151v\u00e9 t\u00e9ve az \u00d6n\u00f6k belt\u00e9ri k\u00f6rnyezet\u00e9t. A l\u00e9gcsatorn\u00e1ba szerelt UV cs\u00edr\u00e1tlan\u00edt\u00f3 k\u00e9sz\u00fcl\u00e9keink, \u201erep\u00fcl\u00e9s k\u00f6zben\u201d inaktiv\u00e1lj\u00e1k a betegs\u00e9geket okoz\u00f3 mikroorganizmusokat. A facility managereknek er\u0151sen m\u00e9rlegelni\u00fck kellene ennek a technol\u00f3gi\u00e1nak az \u00e9p\u00fcletekbe&hellip;&nbsp;<a href=\"https:\/\/r-filter.hu\/de\/uvk\/\" rel=\"bookmark\">Mehr lesen &raquo;<span class=\"screen-reader-text\">UVK<\/span><\/a><\/p>","protected":false},"author":2,"featured_media":0,"parent":0,"menu_order":0,"comment_status":"closed","ping_status":"closed","template":"","meta":{"neve_meta_sidebar":"full-width","neve_meta_container":"","neve_meta_enable_content_width":"on","neve_meta_content_width":100,"neve_meta_title_alignment":"","neve_meta_author_avatar":"","neve_post_elements_order":"","neve_meta_disable_header":"","neve_meta_disable_footer":"","neve_meta_disable_title":"","neve_meta_reading_time":"","_themeisle_gutenberg_block_has_review":false,"_ti_tpc_template_sync":false,"_ti_tpc_template_id":"","footnotes":""},"class_list":["post-2068","page","type-page","status-publish","hentry"],"_links":{"self":[{"href":"https:\/\/r-filter.hu\/de\/wp-json\/wp\/v2\/pages\/2068","targetHints":{"allow":["GET"]}}],"collection":[{"href":"https:\/\/r-filter.hu\/de\/wp-json\/wp\/v2\/pages"}],"about":[{"href":"https:\/\/r-filter.hu\/de\/wp-json\/wp\/v2\/types\/page"}],"author":[{"embeddable":true,"href":"https:\/\/r-filter.hu\/de\/wp-json\/wp\/v2\/users\/2"}],"replies":[{"embeddable":true,"href":"https:\/\/r-filter.hu\/de\/wp-json\/wp\/v2\/comments?post=2068"}],"version-history":[{"count":33,"href":"https:\/\/r-filter.hu\/de\/wp-json\/wp\/v2\/pages\/2068\/revisions"}],"predecessor-version":[{"id":7297,"href":"https:\/\/r-filter.hu\/de\/wp-json\/wp\/v2\/pages\/2068\/revisions\/7297"}],"wp:attachment":[{"href":"https:\/\/r-filter.hu\/de\/wp-json\/wp\/v2\/media?parent=2068"}],"curies":[{"name":"wp","href":"https:\/\/api.w.org\/{rel}","templated":true}]}}