{"id":2089,"date":"2021-06-29T08:50:30","date_gmt":"2021-06-29T08:50:30","guid":{"rendered":"https:\/\/r-filter.hu\/?page_id=2089"},"modified":"2023-05-18T15:07:37","modified_gmt":"2023-05-18T15:07:37","slug":"nanoactive","status":"publish","type":"page","link":"https:\/\/r-filter.hu\/de\/nanoactive\/","title":{"rendered":"NANOACTIVE"},"content":{"rendered":"<div data-elementor-type=\"wp-page\" data-elementor-id=\"2089\" class=\"elementor elementor-2089\" data-elementor-post-type=\"page\">\n\t\t\t\t\t\t<section class=\"elementor-section elementor-top-section elementor-element elementor-element-0946be5 elementor-section-boxed elementor-section-height-default elementor-section-height-default\" data-id=\"0946be5\" data-element_type=\"section\" data-e-type=\"section\">\n\t\t\t\t\t\t<div class=\"elementor-container elementor-column-gap-default\">\n\t\t\t\t\t<div class=\"elementor-column elementor-col-100 elementor-top-column elementor-element elementor-element-85a34aa\" data-id=\"85a34aa\" data-element_type=\"column\" data-e-type=\"column\" data-settings=\"{&quot;background_background&quot;:&quot;classic&quot;}\">\n\t\t\t<div class=\"elementor-widget-wrap elementor-element-populated\">\n\t\t\t\t\t\t<div class=\"elementor-element elementor-element-17d1233 elementor-widget elementor-widget-heading\" data-id=\"17d1233\" data-element_type=\"widget\" data-e-type=\"widget\" data-widget_type=\"heading.default\">\n\t\t\t\t<div class=\"elementor-widget-container\">\n\t\t\t\t\t<h1 class=\"elementor-heading-title elementor-size-default\">NANOACTIVE<\/h1>\t\t\t\t<\/div>\n\t\t\t\t<\/div>\n\t\t\t\t<div class=\"elementor-element elementor-element-4e764bb elementor-widget-divider--view-line elementor-widget elementor-widget-divider\" data-id=\"4e764bb\" data-element_type=\"widget\" data-e-type=\"widget\" data-widget_type=\"divider.default\">\n\t\t\t\t<div class=\"elementor-widget-container\">\n\t\t\t\t\t\t\t<div class=\"elementor-divider\">\n\t\t\t<span class=\"elementor-divider-separator\">\n\t\t\t\t\t\t<\/span>\n\t\t<\/div>\n\t\t\t\t\t\t<\/div>\n\t\t\t\t<\/div>\n\t\t\t\t\t<\/div>\n\t\t<\/div>\n\t\t\t\t\t<\/div>\n\t\t<\/section>\n\t\t\t\t<section class=\"elementor-section elementor-top-section elementor-element elementor-element-92dde3d elementor-section-boxed elementor-section-height-default elementor-section-height-default\" data-id=\"92dde3d\" data-element_type=\"section\" data-e-type=\"section\">\n\t\t\t\t\t\t<div class=\"elementor-container elementor-column-gap-default\">\n\t\t\t\t\t<div class=\"elementor-column elementor-col-50 elementor-top-column elementor-element elementor-element-ee6bcad\" data-id=\"ee6bcad\" data-element_type=\"column\" data-e-type=\"column\">\n\t\t\t<div class=\"elementor-widget-wrap elementor-element-populated\">\n\t\t\t\t\t\t<div class=\"elementor-element elementor-element-849c88d elementor-widget elementor-widget-text-editor\" data-id=\"849c88d\" data-element_type=\"widget\" data-e-type=\"widget\" data-widget_type=\"text-editor.default\">\n\t\t\t\t<div class=\"elementor-widget-container\">\n\t\t\t\t\t\t\t\t\t<p>Photokatalysatorpartikel erzeugen bei Anregung durch nat\u00fcrliches oder k\u00fcnstliches Licht reaktive freie Radikale, die oberfl\u00e4chenverunreinigende Viren, Bakterien, Pilze, organische Stoffe und unangenehme oder sch\u00e4dliche Geruchssubstanzen oxidieren. Einsetzbar auf allen Oberfl\u00e4chen in stark genutzten R\u00e4umen.\u00a0<strong>Rezeptionstheken, Kundenservicestellen, Wartezimmer, B\u00fcros...<\/strong><\/p>\t\t\t\t\t\t\t\t<\/div>\n\t\t\t\t<\/div>\n\t\t\t\t<div class=\"elementor-element elementor-element-474312a elementor-widget elementor-widget-text-editor\" data-id=\"474312a\" data-element_type=\"widget\" data-e-type=\"widget\" data-widget_type=\"text-editor.default\">\n\t\t\t\t<div class=\"elementor-widget-container\">\n\t\t\t\t\t\t\t\t\t<p><strong>Funktionsprinzip<\/strong><\/p>\t\t\t\t\t\t\t\t<\/div>\n\t\t\t\t<\/div>\n\t\t\t\t<div class=\"elementor-element elementor-element-beba2f1 elementor-widget-divider--view-line elementor-widget elementor-widget-divider\" data-id=\"beba2f1\" data-element_type=\"widget\" data-e-type=\"widget\" data-widget_type=\"divider.default\">\n\t\t\t\t<div class=\"elementor-widget-container\">\n\t\t\t\t\t\t\t<div class=\"elementor-divider\">\n\t\t\t<span class=\"elementor-divider-separator\">\n\t\t\t\t\t\t<\/span>\n\t\t<\/div>\n\t\t\t\t\t\t<\/div>\n\t\t\t\t<\/div>\n\t\t\t\t<div class=\"elementor-element elementor-element-ff377c2 elementor-widget elementor-widget-text-editor\" data-id=\"ff377c2\" data-element_type=\"widget\" data-e-type=\"widget\" data-widget_type=\"text-editor.default\">\n\t\t\t\t<div class=\"elementor-widget-container\">\n\t\t\t\t\t\t\t\t\t<p>Der gro\u00dfe Vorteil der photoreaktiven dauerhaften Schutzbeschichtung besteht darin, dass die winzigen Photokatalysatorpartikel, die f\u00fcr die photokatalytische Wirkung sorgen, durch ein spezielles Polymer dauerhaft auf der Oberfl\u00e4che fixiert sind, so dass sie ihre antimikrobielle Wirkung \u00fcber einen langen Zeitraum und auf eine f\u00fcr die menschliche Gesundheit und die Umwelt unsch\u00e4dliche Weise aus\u00fcben k\u00f6nnen.<br \/>Dies beruht auf der Tatsache, dass die durch nat\u00fcrliches oder k\u00fcnstliches Licht aufgeregten Photokatalysatorpartikel auf der Oberfl\u00e4che reaktive freie Radikale erzeugen, die ein ausreichend hohes Oxidationspotential haben, um organisches Material, wie Oberfl\u00e4chenverunreinigungen, unangenehme oder sch\u00e4dliche Geruchssubstanzen oder Mikroorganismen  (Viren, Bakterien, Pilze) zu oxidieren.<\/p>\t\t\t\t\t\t\t\t<\/div>\n\t\t\t\t<\/div>\n\t\t\t\t\t<\/div>\n\t\t<\/div>\n\t\t\t\t<div class=\"elementor-column elementor-col-50 elementor-top-column elementor-element elementor-element-842a61f\" data-id=\"842a61f\" data-element_type=\"column\" data-e-type=\"column\">\n\t\t\t<div class=\"elementor-widget-wrap elementor-element-populated\">\n\t\t\t\t\t\t<div class=\"elementor-element elementor-element-fd6d452 elementor-widget elementor-widget-image\" data-id=\"fd6d452\" data-element_type=\"widget\" data-e-type=\"widget\" data-widget_type=\"image.default\">\n\t\t\t\t<div class=\"elementor-widget-container\">\n\t\t\t\t\t\t\t\t\t\t\t\t\t\t\t<img fetchpriority=\"high\" decoding=\"async\" width=\"1024\" height=\"512\" src=\"https:\/\/r-filter.hu\/wp-content\/uploads\/2022\/10\/NANO2-1024x512.jpg\" class=\"attachment-large size-large wp-image-5307\" alt=\"R-Filter innovat\u00edv konyhai l\u00e9gkezel\u00e9s, zs\u00edrbont\u00e1s \u00e9s szagtalan\u00edt\u00e1s\" srcset=\"https:\/\/r-filter.hu\/wp-content\/uploads\/2022\/10\/NANO2-1024x512.jpg 1024w, https:\/\/r-filter.hu\/wp-content\/uploads\/2022\/10\/NANO2-300x150.jpg 300w, https:\/\/r-filter.hu\/wp-content\/uploads\/2022\/10\/NANO2-768x384.jpg 768w, https:\/\/r-filter.hu\/wp-content\/uploads\/2022\/10\/NANO2-18x9.jpg 18w, https:\/\/r-filter.hu\/wp-content\/uploads\/2022\/10\/NANO2.jpg 1200w\" sizes=\"(max-width: 1024px) 100vw, 1024px\" title=\"\">\t\t\t\t\t\t\t\t\t\t\t\t\t\t\t<\/div>\n\t\t\t\t<\/div>\n\t\t\t\t<div class=\"elementor-element elementor-element-abe600b elementor-widget elementor-widget-text-editor\" data-id=\"abe600b\" data-element_type=\"widget\" data-e-type=\"widget\" data-widget_type=\"text-editor.default\">\n\t\t\t\t<div class=\"elementor-widget-container\">\n\t\t\t\t\t\t\t\t\t<strong><p style=\"color:#0000F3\">Eigenschaften, Vorteile:<\/strong><\/p>\n\n<ul>\n \t<li>sch\u00fctzt vor Viren, Bakterien und Pilzen<\/li>\n \t<li>Geruchssubstanzen, Oberfl\u00e4chenverunreinigungen zersetzen sich<\/li>\n \t<li>Photokatalysatorpartikel werden durch Licht (keimt\u00f6tendes UV-Licht, Sonnenlicht, anderes Kunstlicht) aktiviert<\/li>\n \t<li>Der Prozess findet nur an der Oberfl\u00e4che statt, von wo kein Gefahrstoff in die Umwelt gelangt<\/li>\n \t<li>keine sch\u00e4dlichen Auswirkungen auf den menschlichen K\u00f6rper, keine Hautreizungen<\/li>\n \t<li>die Beschichtung bleibt dauerhaft sogar bis zu 180 Tagen aktiv<\/li>\n<\/ul>\t\t\t\t\t\t\t\t<\/div>\n\t\t\t\t<\/div>\n\t\t\t\t\t<\/div>\n\t\t<\/div>\n\t\t\t\t\t<\/div>\n\t\t<\/section>\n\t\t\t\t<\/div>","protected":false},"excerpt":{"rendered":"<p>NANOACTIVE A fotokataliz\u00e1tor r\u00e9szecsk\u00e9k term\u00e9szetes, vagy mesters\u00e9ges f\u00e9nnyel gerjesztve olyan reakt\u00edv szabadgy\u00f6k\u00f6ket termelnek, melyek oxid\u00e1lj\u00e1k a fel\u00fcletre ker\u00fclt v\u00edrusokat , bakt\u00e9riumokat, gomb\u00e1kat, szerves anyagokat, kellemetlen vagy k\u00e1ros szaganyagokat. Alkalmazhat\u00f3 minden fokozottan ig\u00e9nybevett t\u00e9rben l\u00e9v\u0151 fel\u00fcleten.\u00a0Recepci\u00f3s pultok, vev\u0151szolg\u00e1lati helyis\u00e9gek, v\u00e1r\u00f3szob\u00e1k, irod\u00e1k&#8230; M\u0171k\u00f6d\u00e9si elv A fotoreakt\u00edv tulajdons\u00e1g\u00fa tart\u00f3s higi\u00e9niai v\u00e9d\u0151bevonat nagy el\u0151nye, hogy a fotokatalitikus hat\u00e1st biztos\u00edt\u00f3&hellip;&nbsp;<a href=\"https:\/\/r-filter.hu\/de\/nanoactive\/\" rel=\"bookmark\">Mehr lesen &raquo;<span class=\"screen-reader-text\">NANOACTIVE<\/span><\/a><\/p>","protected":false},"author":2,"featured_media":0,"parent":0,"menu_order":0,"comment_status":"closed","ping_status":"closed","template":"","meta":{"neve_meta_sidebar":"full-width","neve_meta_container":"","neve_meta_enable_content_width":"on","neve_meta_content_width":100,"neve_meta_title_alignment":"","neve_meta_author_avatar":"","neve_post_elements_order":"","neve_meta_disable_header":"","neve_meta_disable_footer":"","neve_meta_disable_title":"","neve_meta_reading_time":"","_themeisle_gutenberg_block_has_review":false,"_ti_tpc_template_sync":false,"_ti_tpc_template_id":"","footnotes":""},"class_list":["post-2089","page","type-page","status-publish","hentry"],"_links":{"self":[{"href":"https:\/\/r-filter.hu\/de\/wp-json\/wp\/v2\/pages\/2089","targetHints":{"allow":["GET"]}}],"collection":[{"href":"https:\/\/r-filter.hu\/de\/wp-json\/wp\/v2\/pages"}],"about":[{"href":"https:\/\/r-filter.hu\/de\/wp-json\/wp\/v2\/types\/page"}],"author":[{"embeddable":true,"href":"https:\/\/r-filter.hu\/de\/wp-json\/wp\/v2\/users\/2"}],"replies":[{"embeddable":true,"href":"https:\/\/r-filter.hu\/de\/wp-json\/wp\/v2\/comments?post=2089"}],"version-history":[{"count":43,"href":"https:\/\/r-filter.hu\/de\/wp-json\/wp\/v2\/pages\/2089\/revisions"}],"predecessor-version":[{"id":6873,"href":"https:\/\/r-filter.hu\/de\/wp-json\/wp\/v2\/pages\/2089\/revisions\/6873"}],"wp:attachment":[{"href":"https:\/\/r-filter.hu\/de\/wp-json\/wp\/v2\/media?parent=2089"}],"curies":[{"name":"wp","href":"https:\/\/api.w.org\/{rel}","templated":true}]}}