{"id":2369,"date":"2021-07-29T06:20:15","date_gmt":"2021-07-29T06:20:15","guid":{"rendered":"https:\/\/r-filter.hu\/?page_id=2369"},"modified":"2023-12-01T13:15:22","modified_gmt":"2023-12-01T13:15:22","slug":"uvh-e","status":"publish","type":"page","link":"https:\/\/r-filter.hu\/de\/uvh-e\/","title":{"rendered":"UVH-E"},"content":{"rendered":"<div data-elementor-type=\"wp-page\" data-elementor-id=\"2369\" class=\"elementor elementor-2369\" data-elementor-post-type=\"page\">\n\t\t\t\t\t\t<section class=\"elementor-section elementor-top-section elementor-element elementor-element-5723083 elementor-section-boxed elementor-section-height-default elementor-section-height-default\" data-id=\"5723083\" data-element_type=\"section\" data-e-type=\"section\">\n\t\t\t\t\t\t<div class=\"elementor-container elementor-column-gap-default\">\n\t\t\t\t\t<div class=\"elementor-column elementor-col-100 elementor-top-column elementor-element elementor-element-36d42f8\" data-id=\"36d42f8\" data-element_type=\"column\" data-e-type=\"column\" data-settings=\"{&quot;background_background&quot;:&quot;classic&quot;}\">\n\t\t\t<div class=\"elementor-widget-wrap elementor-element-populated\">\n\t\t\t\t\t\t<div class=\"elementor-element elementor-element-9a9105f elementor-widget elementor-widget-heading\" data-id=\"9a9105f\" data-element_type=\"widget\" data-e-type=\"widget\" data-widget_type=\"heading.default\">\n\t\t\t\t<div class=\"elementor-widget-container\">\n\t\t\t\t\t<h1 class=\"elementor-heading-title elementor-size-default\">UVH 50E<\/h1>\t\t\t\t<\/div>\n\t\t\t\t<\/div>\n\t\t\t\t<div class=\"elementor-element elementor-element-8fae964 elementor-widget-divider--view-line elementor-widget elementor-widget-divider\" data-id=\"8fae964\" data-element_type=\"widget\" data-e-type=\"widget\" data-widget_type=\"divider.default\">\n\t\t\t\t<div class=\"elementor-widget-container\">\n\t\t\t\t\t\t\t<div class=\"elementor-divider\">\n\t\t\t<span class=\"elementor-divider-separator\">\n\t\t\t\t\t\t<\/span>\n\t\t<\/div>\n\t\t\t\t\t\t<\/div>\n\t\t\t\t<\/div>\n\t\t\t\t\t<\/div>\n\t\t<\/div>\n\t\t\t\t\t<\/div>\n\t\t<\/section>\n\t\t\t\t<section class=\"elementor-section elementor-top-section elementor-element elementor-element-2183a3f elementor-section-boxed elementor-section-height-default elementor-section-height-default\" data-id=\"2183a3f\" data-element_type=\"section\" data-e-type=\"section\">\n\t\t\t\t\t\t<div class=\"elementor-container elementor-column-gap-default\">\n\t\t\t\t\t<div class=\"elementor-column elementor-col-100 elementor-top-column elementor-element elementor-element-e0019e5\" data-id=\"e0019e5\" data-element_type=\"column\" data-e-type=\"column\">\n\t\t\t<div class=\"elementor-widget-wrap elementor-element-populated\">\n\t\t\t\t\t\t<section class=\"elementor-section elementor-inner-section elementor-element elementor-element-c775e80 elementor-section-boxed elementor-section-height-default elementor-section-height-default\" data-id=\"c775e80\" data-element_type=\"section\" data-e-type=\"section\">\n\t\t\t\t\t\t<div class=\"elementor-container elementor-column-gap-default\">\n\t\t\t\t\t<div class=\"elementor-column elementor-col-50 elementor-inner-column elementor-element elementor-element-3ceb423\" data-id=\"3ceb423\" data-element_type=\"column\" data-e-type=\"column\">\n\t\t\t<div class=\"elementor-widget-wrap elementor-element-populated\">\n\t\t\t\t\t\t<div class=\"elementor-element elementor-element-47aa036 elementor-widget elementor-widget-text-editor\" data-id=\"47aa036\" data-element_type=\"widget\" data-e-type=\"widget\" data-widget_type=\"text-editor.default\">\n\t\t\t\t<div class=\"elementor-widget-container\">\n\t\t\t\t\t\t\t\t\t<p>Der Photokatalysator UVH 50E wurde zur Desinfektion und Desodorierung der Luft in stark belasteten und genutzten \u00f6ffentlichen R\u00e4umen entwickelt.<br \/><strong>Das innovative, kompakte Ger\u00e4t kann in jedem Raum (Waschr\u00e4ume, Badezimmer, Saunen, Umkleidekabinen, Werkst\u00e4tten, stark frequentierte Servicebereiche, Fitnessstudios und Unterk\u00fcnfte) eingesetzt werden, in dem mikrobielle Krankheitserreger, unangenehme Ger\u00fcche auftreten k\u00f6nnen, die herausgefiltert und entsorgt werden sollen, weil sie  ein potenzielles  Risiko f\u00fcr die menschliche Gesundheit darstellen.<\/strong> Indem wir Bakterien und Viren aus der Luft entfernen, verhindern wir auch, dass sie sich auf Oberfl\u00e4chen ansammeln und sich \u00fcber Ber\u00fchren von Oberfl\u00e4chen verbreiten k\u00f6nnen.<\/p>\t\t\t\t\t\t\t\t<\/div>\n\t\t\t\t<\/div>\n\t\t\t\t<div class=\"elementor-element elementor-element-3e148ce elementor-widget elementor-widget-text-editor\" data-id=\"3e148ce\" data-element_type=\"widget\" data-e-type=\"widget\" data-widget_type=\"text-editor.default\">\n\t\t\t\t<div class=\"elementor-widget-container\">\n\t\t\t\t\t\t\t\t\t<p><strong>Funktionsprinzip<\/strong><\/p>\t\t\t\t\t\t\t\t<\/div>\n\t\t\t\t<\/div>\n\t\t\t\t<div class=\"elementor-element elementor-element-08529ed elementor-widget-divider--view-line elementor-widget elementor-widget-divider\" data-id=\"08529ed\" data-element_type=\"widget\" data-e-type=\"widget\" data-widget_type=\"divider.default\">\n\t\t\t\t<div class=\"elementor-widget-container\">\n\t\t\t\t\t\t\t<div class=\"elementor-divider\">\n\t\t\t<span class=\"elementor-divider-separator\">\n\t\t\t\t\t\t<\/span>\n\t\t<\/div>\n\t\t\t\t\t\t<\/div>\n\t\t\t\t<\/div>\n\t\t\t\t<div class=\"elementor-element elementor-element-73b3115 elementor-widget elementor-widget-text-editor\" data-id=\"73b3115\" data-element_type=\"widget\" data-e-type=\"widget\" data-widget_type=\"text-editor.default\">\n\t\t\t\t<div class=\"elementor-widget-container\">\n\t\t\t\t\t\t\t\t\t<p>Um die in der Luft befindlichen Mikroorganismen (Viren, Bakterien, Sporen) und Ger\u00fcche in der Raumluft zu vernichten, gibt es im R-Filter-Luftreiniger UVH 50E zwei Technologien.<\/p>\n<p><b>PCO (PhotoCatalytic Oxidation) photokatalytische Oxidation:<br><\/b><span style=\"color: var( --e-global-color-text ); font-family: var( --e-global-typography-text-font-family ), Sans-serif; font-weight: var( --e-global-typography-text-font-weight ); background-color: var(--nv-site-bg); font-size: var(--bodyfontsize); letter-spacing: var(--bodyletterspacing); text-transform: var(--bodytexttransform);\">Die durch die eingebauten Ventilatoren zur Zirkulation gebrachte Innenluft str\u00f6mt durch das Ger\u00e4t mit Ber\u00fchrung der Photokatalysatorplatten. Die Platten werden durch UV-Licht angeregt, woraufhin die Katalysatoroberfl\u00e4chen aktiviert und hochreaktive Hydroxyl- und Sauerstoffradikale an ihren Oberfl\u00e4chen gebildet werden. Die entstehenden Radikale greifen die Luftschadstoffe wie die meisten organischen Schadstoffe (Bakterien, Viren, Schimmel und Ger\u00fcche) an und vernichten sie durch Oxidation.<\/span><\/p>\n<p><b>UVGI (Ultraviolet Germicidal Irradiation) germizide Ultraviolettstrahlung:<br><\/b><span style=\"color: var( --e-global-color-text ); font-family: var( --e-global-typography-text-font-family ), Sans-serif; font-weight: var( --e-global-typography-text-font-weight ); background-color: var(--nv-site-bg); font-size: var(--bodyfontsize); letter-spacing: var(--bodyletterspacing); text-transform: var(--bodytexttransform);\">Die eingesetzte keimt\u00f6tende Lampe ist eine spezielle UV-C-Lichtquelle. Das kurzwellige ultraviolette Licht in der UV-Reaktorkammer t\u00f6tet oder inaktiviert Mikroorganismen, indem sie deren DNS und RNS zerst\u00f6rt. Das UV-Licht wird auch zur Aktivierung des Photokatalysators verwendet.<\/span><\/p>\n<p class=\"translation-block\">An der mit TiO2 beschickteten Oberfl\u00e4che findet der folgende Luftreinigungsprozess statt:<\/p>\t\t\t\t\t\t\t\t<\/div>\n\t\t\t\t<\/div>\n\t\t\t\t<div class=\"elementor-element elementor-element-a83a2b9 elementor-widget elementor-widget-image\" data-id=\"a83a2b9\" data-element_type=\"widget\" data-e-type=\"widget\" data-widget_type=\"image.default\">\n\t\t\t\t<div class=\"elementor-widget-container\">\n\t\t\t\t\t\t\t\t\t\t\t\t\t\t\t<img fetchpriority=\"high\" decoding=\"async\" width=\"1024\" height=\"670\" src=\"https:\/\/r-filter.hu\/wp-content\/uploads\/2021\/11\/fot.e.1.n.jpg\" class=\"attachment-large size-large wp-image-933\" alt=\"\" srcset=\"https:\/\/r-filter.hu\/wp-content\/uploads\/2021\/11\/fot.e.1.n.jpg 2061w, https:\/\/r-filter.hu\/wp-content\/uploads\/2021\/11\/fot.e.1.n-300x201.jpg 300w, https:\/\/r-filter.hu\/wp-content\/uploads\/2021\/11\/fot.e.1.n-1024x687.jpg 1024w, https:\/\/r-filter.hu\/wp-content\/uploads\/2021\/11\/fot.e.1.n-768x515.jpg 768w, https:\/\/r-filter.hu\/wp-content\/uploads\/2021\/11\/fot.e.1.n-1536x1031.jpg 1536w, https:\/\/r-filter.hu\/wp-content\/uploads\/2021\/11\/fot.e.1.n-2048x1374.jpg 2048w, https:\/\/r-filter.hu\/wp-content\/uploads\/2021\/11\/fot.e.1.n-18x12.jpg 18w\" sizes=\"(max-width: 1024px) 100vw, 1024px\" title=\"\">\t\t\t\t\t\t\t\t\t\t\t\t\t\t\t<\/div>\n\t\t\t\t<\/div>\n\t\t\t\t<div class=\"elementor-element elementor-element-b831c42 elementor-widget elementor-widget-text-editor\" data-id=\"b831c42\" data-element_type=\"widget\" data-e-type=\"widget\" data-widget_type=\"text-editor.default\">\n\t\t\t\t<div class=\"elementor-widget-container\">\n\t\t\t\t\t\t\t\t\t<p class=\"translation-block\">Die obige Beschichtung ist ein Halbleiter und wenn Licht mit einer bestimmten Wellenl\u00e4nge auf Titandioxid trifft, werden Elektronen (e\u2013) aus dem Valenzband in das Leitungsband \u00fcberf\u00fchrt. Gleichzeitig entstehen im Valenzband Elektronenl\u00f6cher (h+). Die L\u00f6cher oxidieren stark, w\u00e4hrend die Elektronen stark reduzierend wirken. Aus dem Wasser entstehen hochreaktive Hydroxylradikale (\u00b7OH) und aus dem Luftsauerstoff reaktive Superoxidradikale (\u00b7O\u2082\u02c9). Als Ergebnis werden die Verunreinigungen abgebaut. Die ultravioletten Strahlen ver\u00e4ndern die DNA-Struktur von Mikroorganismen und bewirken deren Zerst\u00f6rung. Mikroben und organische Stoffe werden zu Wasser und Kohlendioxid mineralisiert. Die Titandioxid-Beschichtung nutzt sich nicht ab und bleibt dauerhaft funktionsf\u00e4hig.<\/p><p><em>Ein \"Schnittbild\" \u00fcber die Degradation der Fl\u00fcchtigen Organischen Verbindungen:<\/em><\/p>\t\t\t\t\t\t\t\t<\/div>\n\t\t\t\t<\/div>\n\t\t\t\t<div class=\"elementor-element elementor-element-846bfd6 elementor-widget elementor-widget-image\" data-id=\"846bfd6\" data-element_type=\"widget\" data-e-type=\"widget\" data-widget_type=\"image.default\">\n\t\t\t\t<div class=\"elementor-widget-container\">\n\t\t\t\t\t\t\t\t\t\t\t\t\t\t\t<img decoding=\"async\" width=\"1024\" height=\"589\" src=\"https:\/\/r-filter.hu\/wp-content\/uploads\/2021\/11\/fot.e.2.n.jpg\" class=\"attachment-large size-large wp-image-934\" alt=\"\" srcset=\"https:\/\/r-filter.hu\/wp-content\/uploads\/2021\/11\/fot.e.2.n.jpg 1415w, https:\/\/r-filter.hu\/wp-content\/uploads\/2021\/11\/fot.e.2.n-300x172.jpg 300w, https:\/\/r-filter.hu\/wp-content\/uploads\/2021\/11\/fot.e.2.n-1024x588.jpg 1024w, https:\/\/r-filter.hu\/wp-content\/uploads\/2021\/11\/fot.e.2.n-768x441.jpg 768w, https:\/\/r-filter.hu\/wp-content\/uploads\/2021\/11\/fot.e.2.n-18x10.jpg 18w\" sizes=\"(max-width: 1024px) 100vw, 1024px\" title=\"\">\t\t\t\t\t\t\t\t\t\t\t\t\t\t\t<\/div>\n\t\t\t\t<\/div>\n\t\t\t\t\t<\/div>\n\t\t<\/div>\n\t\t\t\t<div class=\"elementor-column elementor-col-50 elementor-inner-column elementor-element elementor-element-2fff13a\" data-id=\"2fff13a\" data-element_type=\"column\" data-e-type=\"column\">\n\t\t\t<div class=\"elementor-widget-wrap elementor-element-populated\">\n\t\t\t\t\t\t<div class=\"elementor-element elementor-element-b74dc22 elementor-widget elementor-widget-image\" data-id=\"b74dc22\" data-element_type=\"widget\" data-e-type=\"widget\" data-widget_type=\"image.default\">\n\t\t\t\t<div class=\"elementor-widget-container\">\n\t\t\t\t\t\t\t\t\t\t\t\t\t\t\t<img decoding=\"async\" width=\"1024\" height=\"512\" src=\"https:\/\/r-filter.hu\/wp-content\/uploads\/2022\/10\/UVH-E3-1024x512.jpg\" class=\"attachment-large size-large wp-image-5302\" alt=\"R-Filter innovat\u00edv konyhai l\u00e9gkezel\u00e9s, zs\u00edrbont\u00e1s \u00e9s szagtalan\u00edt\u00e1s\" srcset=\"https:\/\/r-filter.hu\/wp-content\/uploads\/2022\/10\/UVH-E3-1024x512.jpg 1024w, https:\/\/r-filter.hu\/wp-content\/uploads\/2022\/10\/UVH-E3-300x150.jpg 300w, https:\/\/r-filter.hu\/wp-content\/uploads\/2022\/10\/UVH-E3-768x384.jpg 768w, https:\/\/r-filter.hu\/wp-content\/uploads\/2022\/10\/UVH-E3-18x9.jpg 18w, https:\/\/r-filter.hu\/wp-content\/uploads\/2022\/10\/UVH-E3.jpg 1200w\" sizes=\"(max-width: 1024px) 100vw, 1024px\" title=\"\">\t\t\t\t\t\t\t\t\t\t\t\t\t\t\t<\/div>\n\t\t\t\t<\/div>\n\t\t\t\t<div class=\"elementor-element elementor-element-28494af elementor-widget elementor-widget-text-editor\" data-id=\"28494af\" data-element_type=\"widget\" data-e-type=\"widget\" data-widget_type=\"text-editor.default\">\n\t\t\t\t<div class=\"elementor-widget-container\">\n\t\t\t\t\t\t\t\t\t<strong><p style=\"color:#0000F3\">Eigenschaften, Vorteile:<\/strong><\/p>\n\n<ul>\n \t<li>Synergieeffekt durch germizide UV Strahlung und PCO<\/li>\n \t<li>ausgezeichnete bakterizide und desodorierende Wirkung<\/li>\n \t<li>chemi- und ozonfrei<\/li>\n \t<li>kompakte Gr\u00f6\u00dfe<\/li>\n \t<li>Wand- oder Tischmodell<\/li>\n \t<li>minimaler Wartungsaufwand<\/li>\n<\/ul>\t\t\t\t\t\t\t\t<\/div>\n\t\t\t\t<\/div>\n\t\t\t\t<div class=\"elementor-element elementor-element-c783028 elementor-widget elementor-widget-image\" data-id=\"c783028\" data-element_type=\"widget\" data-e-type=\"widget\" data-widget_type=\"image.default\">\n\t\t\t\t<div class=\"elementor-widget-container\">\n\t\t\t\t\t\t\t\t\t\t\t\t\t\t\t<img loading=\"lazy\" decoding=\"async\" width=\"2286\" height=\"1071\" src=\"https:\/\/r-filter.hu\/wp-content\/uploads\/2021\/07\/UVH-3D-ABRAK-2.jpg\" class=\"attachment-full size-full wp-image-2371\" alt=\"\" srcset=\"https:\/\/r-filter.hu\/wp-content\/uploads\/2021\/07\/UVH-3D-ABRAK-2.jpg 2286w, https:\/\/r-filter.hu\/wp-content\/uploads\/2021\/07\/UVH-3D-ABRAK-2-300x141.jpg 300w, https:\/\/r-filter.hu\/wp-content\/uploads\/2021\/07\/UVH-3D-ABRAK-2-1024x480.jpg 1024w, https:\/\/r-filter.hu\/wp-content\/uploads\/2021\/07\/UVH-3D-ABRAK-2-768x360.jpg 768w, https:\/\/r-filter.hu\/wp-content\/uploads\/2021\/07\/UVH-3D-ABRAK-2-1536x720.jpg 1536w, https:\/\/r-filter.hu\/wp-content\/uploads\/2021\/07\/UVH-3D-ABRAK-2-2048x959.jpg 2048w, https:\/\/r-filter.hu\/wp-content\/uploads\/2021\/07\/UVH-3D-ABRAK-2-16x7.jpg 16w\" sizes=\"(max-width: 2286px) 100vw, 2286px\" title=\"\">\t\t\t\t\t\t\t\t\t\t\t\t\t\t\t<\/div>\n\t\t\t\t<\/div>\n\t\t\t\t<div class=\"elementor-element elementor-element-4db475c elementor-widget elementor-widget-text-editor\" data-id=\"4db475c\" data-element_type=\"widget\" data-e-type=\"widget\" data-widget_type=\"text-editor.default\">\n\t\t\t\t<div class=\"elementor-widget-container\">\n\t\t\t\t\t\t\t\t\t<p><strong>Auf Wunsch senden wir Ihnen nach der Registrierung unter dem Men\u00fcpunkt \u201eKontakt\u201c Ger\u00e4tedatenbl\u00e4tter zu.<\/strong><\/p>\t\t\t\t\t\t\t\t<\/div>\n\t\t\t\t<\/div>\n\t\t\t\t\t<\/div>\n\t\t<\/div>\n\t\t\t\t\t<\/div>\n\t\t<\/section>\n\t\t\t\t\t<\/div>\n\t\t<\/div>\n\t\t\t\t\t<\/div>\n\t\t<\/section>\n\t\t\t\t<\/div>","protected":false},"excerpt":{"rendered":"<p>UVH 50E Az UVH 50E fotokataliz\u00e1toros higi\u00e9niai fert\u0151tlen\u00edt\u0151 \u00e9s szagtalan\u00edt\u00f3 l\u00e9gtiszt\u00edt\u00f3 k\u00e9sz\u00fcl\u00e9ket speci\u00e1lislan a fokozottan terhelt \u00e9s ig\u00e9nybevett k\u00f6z\u00f6ss\u00e9gi terek, leveg\u0151j\u00e9nek fert\u0151tlen\u00edt\u00e9s\u00e9re \u00e9s szagtalan\u00edt\u00e1s\u00e1ra fejlesztett\u00fck ki.Az innovat\u00edv, kompakt m\u00e9ret\u0171 eszk\u00f6z minden helyis\u00e9gben (mosd\u00f3k, f\u00fcrd\u0151szob\u00e1k, irod\u00e1k, sz\u00e1ll\u00e1shelyek) alkalmazhat\u00f3, ahol a l\u00e9gt\u00e9rb\u0151l kisz\u0171rni \u00e9s \u00e1rtalmatlan\u00edtani k\u00edv\u00e1njuk az emberi eg\u00e9szs\u00e9gre \u00e1rtalmas mikroorganizmusokat, kellemetlen illatokat \u00e9s szagokat. Az\u00e1ltal, hogy&hellip;&nbsp;<a href=\"https:\/\/r-filter.hu\/de\/uvh-e\/\" rel=\"bookmark\">Mehr lesen &raquo;<span class=\"screen-reader-text\">UVH-E<\/span><\/a><\/p>","protected":false},"author":2,"featured_media":0,"parent":0,"menu_order":0,"comment_status":"closed","ping_status":"closed","template":"","meta":{"neve_meta_sidebar":"full-width","neve_meta_container":"","neve_meta_enable_content_width":"on","neve_meta_content_width":100,"neve_meta_title_alignment":"","neve_meta_author_avatar":"","neve_post_elements_order":"","neve_meta_disable_header":"","neve_meta_disable_footer":"","neve_meta_disable_title":"","neve_meta_reading_time":"","_themeisle_gutenberg_block_has_review":false,"_ti_tpc_template_sync":false,"_ti_tpc_template_id":"","footnotes":""},"class_list":["post-2369","page","type-page","status-publish","hentry"],"_links":{"self":[{"href":"https:\/\/r-filter.hu\/de\/wp-json\/wp\/v2\/pages\/2369","targetHints":{"allow":["GET"]}}],"collection":[{"href":"https:\/\/r-filter.hu\/de\/wp-json\/wp\/v2\/pages"}],"about":[{"href":"https:\/\/r-filter.hu\/de\/wp-json\/wp\/v2\/types\/page"}],"author":[{"embeddable":true,"href":"https:\/\/r-filter.hu\/de\/wp-json\/wp\/v2\/users\/2"}],"replies":[{"embeddable":true,"href":"https:\/\/r-filter.hu\/de\/wp-json\/wp\/v2\/comments?post=2369"}],"version-history":[{"count":58,"href":"https:\/\/r-filter.hu\/de\/wp-json\/wp\/v2\/pages\/2369\/revisions"}],"predecessor-version":[{"id":7609,"href":"https:\/\/r-filter.hu\/de\/wp-json\/wp\/v2\/pages\/2369\/revisions\/7609"}],"wp:attachment":[{"href":"https:\/\/r-filter.hu\/de\/wp-json\/wp\/v2\/media?parent=2369"}],"curies":[{"name":"wp","href":"https:\/\/api.w.org\/{rel}","templated":true}]}}