{"id":2553,"date":"2021-09-06T11:01:36","date_gmt":"2021-09-06T11:01:36","guid":{"rendered":"https:\/\/r-filter.hu\/?page_id=2553"},"modified":"2023-07-06T08:47:39","modified_gmt":"2023-07-06T08:47:39","slug":"uvs1500m2a","status":"publish","type":"page","link":"https:\/\/r-filter.hu\/de\/uvs1500m2a\/","title":{"rendered":"UVS1500M2A"},"content":{"rendered":"<div data-elementor-type=\"wp-page\" data-elementor-id=\"2553\" class=\"elementor elementor-2553\" data-elementor-post-type=\"page\">\n\t\t\t\t<div class=\"elementor-element elementor-element-c071782 e-flex e-con-boxed e-con e-parent\" data-id=\"c071782\" data-element_type=\"container\" data-e-type=\"container\">\n\t\t\t\t\t<div class=\"e-con-inner\">\n\t\t\t\t<div class=\"elementor-element elementor-element-941a554 elementor-widget elementor-widget-heading\" data-id=\"941a554\" data-element_type=\"widget\" data-e-type=\"widget\" data-widget_type=\"heading.default\">\n\t\t\t\t<div class=\"elementor-widget-container\">\n\t\t\t\t\t<h2 class=\"elementor-heading-title elementor-size-default\">UVS-1500M2A<\/h2>\t\t\t\t<\/div>\n\t\t\t\t<\/div>\n\t\t\t\t\t<\/div>\n\t\t\t\t<\/div>\n\t\t\t\t<section class=\"elementor-section elementor-top-section elementor-element elementor-element-a86fc5b elementor-section-boxed elementor-section-height-default elementor-section-height-default\" data-id=\"a86fc5b\" data-element_type=\"section\" data-e-type=\"section\">\n\t\t\t\t\t\t<div class=\"elementor-container elementor-column-gap-default\">\n\t\t\t\t\t<div class=\"elementor-column elementor-col-50 elementor-top-column elementor-element elementor-element-5573b31\" data-id=\"5573b31\" data-element_type=\"column\" data-e-type=\"column\" data-settings=\"{&quot;background_background&quot;:&quot;classic&quot;}\">\n\t\t\t<div class=\"elementor-widget-wrap elementor-element-populated\">\n\t\t\t\t\t\t<div class=\"elementor-element elementor-element-2c10333 elementor-widget elementor-widget-text-editor\" data-id=\"2c10333\" data-element_type=\"widget\" data-e-type=\"widget\" data-widget_type=\"text-editor.default\">\n\t\t\t\t<div class=\"elementor-widget-container\">\n\t\t\t\t\t\t\t\t\t<p style=\"text-align: center;\"><strong><br \/>Abmessungen und technische Daten<\/strong><\/p>\t\t\t\t\t\t\t\t<\/div>\n\t\t\t\t<\/div>\n\t\t\t\t<section class=\"elementor-section elementor-inner-section elementor-element elementor-element-a44662f elementor-section-boxed elementor-section-height-default elementor-section-height-default\" data-id=\"a44662f\" data-element_type=\"section\" data-e-type=\"section\">\n\t\t\t\t\t\t<div class=\"elementor-container elementor-column-gap-default\">\n\t\t\t\t\t<div class=\"elementor-column elementor-col-50 elementor-inner-column elementor-element elementor-element-48d6ed5\" data-id=\"48d6ed5\" data-element_type=\"column\" data-e-type=\"column\">\n\t\t\t<div class=\"elementor-widget-wrap elementor-element-populated\">\n\t\t\t\t\t\t<div class=\"elementor-element elementor-element-0b4b7b6 elementor-widget elementor-widget-text-editor\" data-id=\"0b4b7b6\" data-element_type=\"widget\" data-e-type=\"widget\" data-widget_type=\"text-editor.default\">\n\t\t\t\t<div class=\"elementor-widget-container\">\n\t\t\t\t\t\t\t\t\t<p>Anlage (LxBxH):<\/p><p>UV-Reaktorkammer:<\/p><p>Max. Luftvolumen:\u00a0<\/p><p>Stutzen \u00d8:<\/p><p>Netzspannung (VAC):<\/p><p>UV Lampen:<\/p><p>Leistungsaufnahme:<\/p><p>Stromaufnahme:<\/p><p>Schutzart:\u00a0<\/p><p>Geh\u00e4usematerial:<\/p><p>Farbe:<\/p><p>Gewicht:<\/p>\t\t\t\t\t\t\t\t<\/div>\n\t\t\t\t<\/div>\n\t\t\t\t\t<\/div>\n\t\t<\/div>\n\t\t\t\t<div class=\"elementor-column elementor-col-50 elementor-inner-column elementor-element elementor-element-2f6e998\" data-id=\"2f6e998\" data-element_type=\"column\" data-e-type=\"column\">\n\t\t\t<div class=\"elementor-widget-wrap elementor-element-populated\">\n\t\t\t\t\t\t<div class=\"elementor-element elementor-element-025224c elementor-widget elementor-widget-text-editor\" data-id=\"025224c\" data-element_type=\"widget\" data-e-type=\"widget\" data-widget_type=\"text-editor.default\">\n\t\t\t\t<div class=\"elementor-widget-container\">\n\t\t\t\t\t\t\t\t\t<p>780x550x560 mm<\/p><p>595x450x495 mm<\/p><p>2000 m<sup>3<\/sup>\/h<\/p><p>400 mm<\/p><p>230\/50<\/p><p>6&#215;35 W<\/p><p>210 W<\/p><p>1 A<\/p><p>IP54<\/p><p>Edelstahl (1.4301)<\/p><p>chrom<\/p><p>35 kg<\/p>\t\t\t\t\t\t\t\t<\/div>\n\t\t\t\t<\/div>\n\t\t\t\t\t<\/div>\n\t\t<\/div>\n\t\t\t\t\t<\/div>\n\t\t<\/section>\n\t\t\t\t\t<\/div>\n\t\t<\/div>\n\t\t\t\t<div class=\"elementor-column elementor-col-50 elementor-top-column elementor-element elementor-element-5346555\" data-id=\"5346555\" data-element_type=\"column\" data-e-type=\"column\">\n\t\t\t<div class=\"elementor-widget-wrap elementor-element-populated\">\n\t\t\t\t\t\t<div class=\"elementor-element elementor-element-2e00eba elementor-widget elementor-widget-text-editor\" data-id=\"2e00eba\" data-element_type=\"widget\" data-e-type=\"widget\" data-widget_type=\"text-editor.default\">\n\t\t\t\t<div class=\"elementor-widget-container\">\n\t\t\t\t\t\t\t\t\t<p><strong>Anlage<\/strong><\/p>\t\t\t\t\t\t\t\t<\/div>\n\t\t\t\t<\/div>\n\t\t\t\t<div class=\"elementor-element elementor-element-9a6e194 elementor-widget elementor-widget-image\" data-id=\"9a6e194\" data-element_type=\"widget\" data-e-type=\"widget\" data-widget_type=\"image.default\">\n\t\t\t\t<div class=\"elementor-widget-container\">\n\t\t\t\t\t\t\t\t\t\t\t\t\t\t\t<img fetchpriority=\"high\" decoding=\"async\" width=\"1024\" height=\"979\" src=\"https:\/\/r-filter.hu\/wp-content\/uploads\/2021\/09\/UVS-1500-M1A-PR-1-1024x979.jpg\" class=\"attachment-large size-large wp-image-2556\" alt=\"\" srcset=\"https:\/\/r-filter.hu\/wp-content\/uploads\/2021\/09\/UVS-1500-M1A-PR-1-1024x979.jpg 1024w, https:\/\/r-filter.hu\/wp-content\/uploads\/2021\/09\/UVS-1500-M1A-PR-1-300x287.jpg 300w, https:\/\/r-filter.hu\/wp-content\/uploads\/2021\/09\/UVS-1500-M1A-PR-1-768x734.jpg 768w, https:\/\/r-filter.hu\/wp-content\/uploads\/2021\/09\/UVS-1500-M1A-PR-1-13x12.jpg 13w, https:\/\/r-filter.hu\/wp-content\/uploads\/2021\/09\/UVS-1500-M1A-PR-1.jpg 1315w\" sizes=\"(max-width: 1024px) 100vw, 1024px\" title=\"\">\t\t\t\t\t\t\t\t\t\t\t\t\t\t\t<\/div>\n\t\t\t\t<\/div>\n\t\t\t\t<div class=\"elementor-element elementor-element-b09ed93 elementor-widget elementor-widget-text-editor\" data-id=\"b09ed93\" data-element_type=\"widget\" data-e-type=\"widget\" data-widget_type=\"text-editor.default\">\n\t\t\t\t<div class=\"elementor-widget-container\">\n\t\t\t\t\t\t\t\t\t<p><strong>Wandbedienger\u00e4t<\/strong><\/p>\t\t\t\t\t\t\t\t<\/div>\n\t\t\t\t<\/div>\n\t\t\t\t<div class=\"elementor-element elementor-element-ae83f5a elementor-widget elementor-widget-image\" data-id=\"ae83f5a\" data-element_type=\"widget\" data-e-type=\"widget\" data-widget_type=\"image.default\">\n\t\t\t\t<div class=\"elementor-widget-container\">\n\t\t\t\t\t\t\t\t\t\t\t\t\t\t\t<img decoding=\"async\" src=\"https:\/\/r-filter.hu\/wp-content\/uploads\/elementor\/thumbs\/Vez-doboz-3D-pl6xbaexjkziijornyj5rzb5jc6rmhsl9i8ojo5kqs.jpg\" title=\"Vez doboz 3D\" alt=\"Vez doboz 3D\" loading=\"lazy\" \/>\t\t\t\t\t\t\t\t\t\t\t\t\t\t\t<\/div>\n\t\t\t\t<\/div>\n\t\t\t\t\t<\/div>\n\t\t<\/div>\n\t\t\t\t\t<\/div>\n\t\t<\/section>\n\t\t\t\t<\/div>","protected":false},"excerpt":{"rendered":"<p>UVS-1500M2A M\u00e9retek \u00e9s m\u0171szaki adatok: Berendez\u00e9s m\u00e9ret (HxSZxM): UV reaktorkamra m\u00e9rete: Max. l\u00e9g\u00e1ram:\u00a0 Csonk \u00d8: H\u00e1l\u00f3zati fesz\u00fclts\u00e9g (VAC): UV l\u00e1mp\u00e1k: Elektromos teljes\u00edtm\u00e9ny felv\u00e9tel: \u00c1ramfelv\u00e9tel: V\u00e9detts\u00e9g:\u00a0 H\u00e1z anyaga: Sz\u00edn: S\u00faly: 780x550x560 mm 595x450x495 mm 2000 m3\/h 400 mm 230\/50 6&#215;35 W 210 W 1 A IP54 korr\u00f3zi\u00f3\u00e1ll\u00f3 ac\u00e9l (1.4301) nat\u00far kr\u00f3m 35 kg Berendez\u00e9s Fali vez\u00e9rl\u0151<\/p>","protected":false},"author":2,"featured_media":0,"parent":0,"menu_order":0,"comment_status":"closed","ping_status":"closed","template":"","meta":{"neve_meta_sidebar":"full-width","neve_meta_container":"","neve_meta_enable_content_width":"on","neve_meta_content_width":100,"neve_meta_title_alignment":"","neve_meta_author_avatar":"","neve_post_elements_order":"","neve_meta_disable_header":"","neve_meta_disable_footer":"","neve_meta_disable_title":"","neve_meta_reading_time":"","_themeisle_gutenberg_block_has_review":false,"_ti_tpc_template_sync":false,"_ti_tpc_template_id":"","footnotes":""},"class_list":["post-2553","page","type-page","status-publish","hentry"],"_links":{"self":[{"href":"https:\/\/r-filter.hu\/de\/wp-json\/wp\/v2\/pages\/2553","targetHints":{"allow":["GET"]}}],"collection":[{"href":"https:\/\/r-filter.hu\/de\/wp-json\/wp\/v2\/pages"}],"about":[{"href":"https:\/\/r-filter.hu\/de\/wp-json\/wp\/v2\/types\/page"}],"author":[{"embeddable":true,"href":"https:\/\/r-filter.hu\/de\/wp-json\/wp\/v2\/users\/2"}],"replies":[{"embeddable":true,"href":"https:\/\/r-filter.hu\/de\/wp-json\/wp\/v2\/comments?post=2553"}],"version-history":[{"count":84,"href":"https:\/\/r-filter.hu\/de\/wp-json\/wp\/v2\/pages\/2553\/revisions"}],"predecessor-version":[{"id":7249,"href":"https:\/\/r-filter.hu\/de\/wp-json\/wp\/v2\/pages\/2553\/revisions\/7249"}],"wp:attachment":[{"href":"https:\/\/r-filter.hu\/de\/wp-json\/wp\/v2\/media?parent=2553"}],"curies":[{"name":"wp","href":"https:\/\/api.w.org\/{rel}","templated":true}]}}