{"id":2601,"date":"2021-09-06T11:39:10","date_gmt":"2021-09-06T11:39:10","guid":{"rendered":"https:\/\/r-filter.hu\/?page_id=2601"},"modified":"2023-07-06T08:51:26","modified_gmt":"2023-07-06T08:51:26","slug":"uvs4400m3a","status":"publish","type":"page","link":"https:\/\/r-filter.hu\/de\/uvs4400m3a\/","title":{"rendered":"UVS4400M3A"},"content":{"rendered":"<div data-elementor-type=\"wp-page\" data-elementor-id=\"2601\" class=\"elementor elementor-2601\" data-elementor-post-type=\"page\">\n\t\t\t\t<div class=\"elementor-element elementor-element-9e60544 e-flex e-con-boxed e-con e-parent\" data-id=\"9e60544\" data-element_type=\"container\" data-e-type=\"container\">\n\t\t\t\t\t<div class=\"e-con-inner\">\n\t\t\t\t<div class=\"elementor-element elementor-element-b7a1c6b elementor-widget elementor-widget-heading\" data-id=\"b7a1c6b\" data-element_type=\"widget\" data-e-type=\"widget\" data-widget_type=\"heading.default\">\n\t\t\t\t<div class=\"elementor-widget-container\">\n\t\t\t\t\t<h2 class=\"elementor-heading-title elementor-size-default\">UVS-4400M3A<\/h2>\t\t\t\t<\/div>\n\t\t\t\t<\/div>\n\t\t\t\t\t<\/div>\n\t\t\t\t<\/div>\n\t\t\t\t<section class=\"elementor-section elementor-top-section elementor-element elementor-element-af04352 elementor-section-boxed elementor-section-height-default elementor-section-height-default\" data-id=\"af04352\" data-element_type=\"section\" data-e-type=\"section\">\n\t\t\t\t\t\t<div class=\"elementor-container elementor-column-gap-default\">\n\t\t\t\t\t<div class=\"elementor-column elementor-col-50 elementor-top-column elementor-element elementor-element-896e873\" data-id=\"896e873\" data-element_type=\"column\" data-e-type=\"column\" data-settings=\"{&quot;background_background&quot;:&quot;classic&quot;}\">\n\t\t\t<div class=\"elementor-widget-wrap elementor-element-populated\">\n\t\t\t\t\t\t<div class=\"elementor-element elementor-element-10a2c8c elementor-widget elementor-widget-text-editor\" data-id=\"10a2c8c\" data-element_type=\"widget\" data-e-type=\"widget\" data-widget_type=\"text-editor.default\">\n\t\t\t\t<div class=\"elementor-widget-container\">\n\t\t\t\t\t\t\t\t\t<p style=\"text-align: center;\"><strong><br \/>Abmessungen und technische Daten<\/strong><\/p>\t\t\t\t\t\t\t\t<\/div>\n\t\t\t\t<\/div>\n\t\t\t\t<section class=\"elementor-section elementor-inner-section elementor-element elementor-element-f0678bb elementor-section-boxed elementor-section-height-default elementor-section-height-default\" data-id=\"f0678bb\" data-element_type=\"section\" data-e-type=\"section\">\n\t\t\t\t\t\t<div class=\"elementor-container elementor-column-gap-default\">\n\t\t\t\t\t<div class=\"elementor-column elementor-col-50 elementor-inner-column elementor-element elementor-element-0d004b2\" data-id=\"0d004b2\" data-element_type=\"column\" data-e-type=\"column\">\n\t\t\t<div class=\"elementor-widget-wrap elementor-element-populated\">\n\t\t\t\t\t\t<div class=\"elementor-element elementor-element-6f85742 elementor-widget elementor-widget-text-editor\" data-id=\"6f85742\" data-element_type=\"widget\" data-e-type=\"widget\" data-widget_type=\"text-editor.default\">\n\t\t\t\t<div class=\"elementor-widget-container\">\n\t\t\t\t\t\t\t\t\t<p>Anlage (LxBxH):<\/p><p>UV-Reaktorkammer:<\/p><p>Max. Luftvolumen:\u00a0<\/p><p>Stutzen:<\/p><p>Netzspannung (VAC):<\/p><p>UV Lampen:<\/p><p>Leistungsaufnahme:<\/p><p>Stromaufnahme:<\/p><p>Schutzart:\u00a0<\/p><p>Geh\u00e4usematerial:<\/p><p>Farbe:<\/p><p>Gewicht:<\/p>\t\t\t\t\t\t\t\t<\/div>\n\t\t\t\t<\/div>\n\t\t\t\t\t<\/div>\n\t\t<\/div>\n\t\t\t\t<div class=\"elementor-column elementor-col-50 elementor-inner-column elementor-element elementor-element-ddd31e4\" data-id=\"ddd31e4\" data-element_type=\"column\" data-e-type=\"column\">\n\t\t\t<div class=\"elementor-widget-wrap elementor-element-populated\">\n\t\t\t\t\t\t<div class=\"elementor-element elementor-element-67b240f elementor-widget elementor-widget-text-editor\" data-id=\"67b240f\" data-element_type=\"widget\" data-e-type=\"widget\" data-widget_type=\"text-editor.default\">\n\t\t\t\t<div class=\"elementor-widget-container\">\n\t\t\t\t\t\t\t\t\t<p>1080x1000x660 mm<\/p><p>895x910x595 mm<\/p><p>6000 m<sup>3<\/sup>\/h<\/p><p>800&#215;400 mm<\/p><p>230\/50<\/p><p>10&#215;62 W<\/p><p>620 W<\/p><p>2,9 A<\/p><p>IP54<\/p><p>Edelstahl (1.4301)<\/p><p>chrom<\/p><p>70 kg<\/p>\t\t\t\t\t\t\t\t<\/div>\n\t\t\t\t<\/div>\n\t\t\t\t\t<\/div>\n\t\t<\/div>\n\t\t\t\t\t<\/div>\n\t\t<\/section>\n\t\t\t\t\t<\/div>\n\t\t<\/div>\n\t\t\t\t<div class=\"elementor-column elementor-col-50 elementor-top-column elementor-element elementor-element-6c204c9\" data-id=\"6c204c9\" data-element_type=\"column\" data-e-type=\"column\">\n\t\t\t<div class=\"elementor-widget-wrap elementor-element-populated\">\n\t\t\t\t\t\t<div class=\"elementor-element elementor-element-54d862a elementor-widget elementor-widget-text-editor\" data-id=\"54d862a\" data-element_type=\"widget\" data-e-type=\"widget\" data-widget_type=\"text-editor.default\">\n\t\t\t\t<div class=\"elementor-widget-container\">\n\t\t\t\t\t\t\t\t\t<p><strong>Anlage<\/strong><\/p>\t\t\t\t\t\t\t\t<\/div>\n\t\t\t\t<\/div>\n\t\t\t\t<div class=\"elementor-element elementor-element-dab40b2 elementor-widget elementor-widget-image\" data-id=\"dab40b2\" data-element_type=\"widget\" data-e-type=\"widget\" data-widget_type=\"image.default\">\n\t\t\t\t<div class=\"elementor-widget-container\">\n\t\t\t\t\t\t\t\t\t\t\t\t\t\t\t<img fetchpriority=\"high\" decoding=\"async\" width=\"1024\" height=\"875\" src=\"https:\/\/r-filter.hu\/wp-content\/uploads\/2021\/09\/UVS-4400-M2A-PR-1024x875.jpg\" class=\"attachment-large size-large wp-image-2603\" alt=\"\" srcset=\"https:\/\/r-filter.hu\/wp-content\/uploads\/2021\/09\/UVS-4400-M2A-PR-1024x875.jpg 1024w, https:\/\/r-filter.hu\/wp-content\/uploads\/2021\/09\/UVS-4400-M2A-PR-300x256.jpg 300w, https:\/\/r-filter.hu\/wp-content\/uploads\/2021\/09\/UVS-4400-M2A-PR-768x656.jpg 768w, https:\/\/r-filter.hu\/wp-content\/uploads\/2021\/09\/UVS-4400-M2A-PR-14x12.jpg 14w, https:\/\/r-filter.hu\/wp-content\/uploads\/2021\/09\/UVS-4400-M2A-PR.jpg 1529w\" sizes=\"(max-width: 1024px) 100vw, 1024px\" title=\"\">\t\t\t\t\t\t\t\t\t\t\t\t\t\t\t<\/div>\n\t\t\t\t<\/div>\n\t\t\t\t<div class=\"elementor-element elementor-element-22dd0fe elementor-widget elementor-widget-text-editor\" data-id=\"22dd0fe\" data-element_type=\"widget\" data-e-type=\"widget\" data-widget_type=\"text-editor.default\">\n\t\t\t\t<div class=\"elementor-widget-container\">\n\t\t\t\t\t\t\t\t\t<p><strong>Wandbedienger\u00e4t<\/strong><\/p>\t\t\t\t\t\t\t\t<\/div>\n\t\t\t\t<\/div>\n\t\t\t\t<div class=\"elementor-element elementor-element-7ca0ab7 elementor-widget elementor-widget-image\" data-id=\"7ca0ab7\" data-element_type=\"widget\" data-e-type=\"widget\" data-widget_type=\"image.default\">\n\t\t\t\t<div class=\"elementor-widget-container\">\n\t\t\t\t\t\t\t\t\t\t\t\t\t\t\t<img decoding=\"async\" src=\"https:\/\/r-filter.hu\/wp-content\/uploads\/elementor\/thumbs\/Vez-doboz-3D-pl6xbaexjkziijornyj5rzb5jc6rmhsl9i8ojo5kqs.jpg\" title=\"Vez doboz 3D\" alt=\"Vez doboz 3D\" loading=\"lazy\" \/>\t\t\t\t\t\t\t\t\t\t\t\t\t\t\t<\/div>\n\t\t\t\t<\/div>\n\t\t\t\t\t<\/div>\n\t\t<\/div>\n\t\t\t\t\t<\/div>\n\t\t<\/section>\n\t\t\t\t<\/div>","protected":false},"excerpt":{"rendered":"<p>UVS-4400M3A M\u00e9retek \u00e9s m\u0171szaki adatok: Berendez\u00e9s m\u00e9ret (HxSZxM): UV reaktorkamra m\u00e9rete: Max. l\u00e9g\u00e1ram:\u00a0 Csonk: H\u00e1l\u00f3zati fesz\u00fclts\u00e9g (VAC): UV l\u00e1mp\u00e1k: Elektromos teljes\u00edtm\u00e9ny felv\u00e9tel: \u00c1ramfelv\u00e9tel: V\u00e9detts\u00e9g:\u00a0 H\u00e1z anyaga: Sz\u00edn: S\u00faly: 1080x1000x660 mm 895x910x595 mm 6000 m3\/h 800&#215;400 mm 230\/50 10&#215;62 W 620 W 2,9 A IP54 korr\u00f3zi\u00f3\u00e1ll\u00f3 ac\u00e9l (1.4301) nat\u00far kr\u00f3m 70 kg Berendez\u00e9s Fali vez\u00e9rl\u0151<\/p>","protected":false},"author":2,"featured_media":0,"parent":0,"menu_order":0,"comment_status":"closed","ping_status":"closed","template":"","meta":{"neve_meta_sidebar":"full-width","neve_meta_container":"","neve_meta_enable_content_width":"on","neve_meta_content_width":100,"neve_meta_title_alignment":"","neve_meta_author_avatar":"","neve_post_elements_order":"","neve_meta_disable_header":"","neve_meta_disable_footer":"","neve_meta_disable_title":"","neve_meta_reading_time":"","_themeisle_gutenberg_block_has_review":false,"_ti_tpc_template_sync":false,"_ti_tpc_template_id":"","footnotes":""},"class_list":["post-2601","page","type-page","status-publish","hentry"],"_links":{"self":[{"href":"https:\/\/r-filter.hu\/de\/wp-json\/wp\/v2\/pages\/2601","targetHints":{"allow":["GET"]}}],"collection":[{"href":"https:\/\/r-filter.hu\/de\/wp-json\/wp\/v2\/pages"}],"about":[{"href":"https:\/\/r-filter.hu\/de\/wp-json\/wp\/v2\/types\/page"}],"author":[{"embeddable":true,"href":"https:\/\/r-filter.hu\/de\/wp-json\/wp\/v2\/users\/2"}],"replies":[{"embeddable":true,"href":"https:\/\/r-filter.hu\/de\/wp-json\/wp\/v2\/comments?post=2601"}],"version-history":[{"count":42,"href":"https:\/\/r-filter.hu\/de\/wp-json\/wp\/v2\/pages\/2601\/revisions"}],"predecessor-version":[{"id":7261,"href":"https:\/\/r-filter.hu\/de\/wp-json\/wp\/v2\/pages\/2601\/revisions\/7261"}],"wp:attachment":[{"href":"https:\/\/r-filter.hu\/de\/wp-json\/wp\/v2\/media?parent=2601"}],"curies":[{"name":"wp","href":"https:\/\/api.w.org\/{rel}","templated":true}]}}