{"id":2647,"date":"2021-09-06T12:04:23","date_gmt":"2021-09-06T12:04:23","guid":{"rendered":"https:\/\/r-filter.hu\/?page_id=2647"},"modified":"2023-07-06T08:56:05","modified_gmt":"2023-07-06T08:56:05","slug":"uvs6600m3a","status":"publish","type":"page","link":"https:\/\/r-filter.hu\/de\/uvs6600m3a\/","title":{"rendered":"UVS6600M3A"},"content":{"rendered":"<div data-elementor-type=\"wp-page\" data-elementor-id=\"2647\" class=\"elementor elementor-2647\" data-elementor-post-type=\"page\">\n\t\t\t\t<div class=\"elementor-element elementor-element-5a5f42f e-flex e-con-boxed e-con e-parent\" data-id=\"5a5f42f\" data-element_type=\"container\" data-e-type=\"container\">\n\t\t\t\t\t<div class=\"e-con-inner\">\n\t\t\t\t<div class=\"elementor-element elementor-element-d52ff8b elementor-widget elementor-widget-heading\" data-id=\"d52ff8b\" data-element_type=\"widget\" data-e-type=\"widget\" data-widget_type=\"heading.default\">\n\t\t\t\t<div class=\"elementor-widget-container\">\n\t\t\t\t\t<h2 class=\"elementor-heading-title elementor-size-default\">UVS-6600M3A<\/h2>\t\t\t\t<\/div>\n\t\t\t\t<\/div>\n\t\t\t\t\t<\/div>\n\t\t\t\t<\/div>\n\t\t\t\t<section class=\"elementor-section elementor-top-section elementor-element elementor-element-2aca39d elementor-section-boxed elementor-section-height-default elementor-section-height-default\" data-id=\"2aca39d\" data-element_type=\"section\" data-e-type=\"section\">\n\t\t\t\t\t\t<div class=\"elementor-container elementor-column-gap-default\">\n\t\t\t\t\t<div class=\"elementor-column elementor-col-50 elementor-top-column elementor-element elementor-element-1ad402d\" data-id=\"1ad402d\" data-element_type=\"column\" data-e-type=\"column\" data-settings=\"{&quot;background_background&quot;:&quot;classic&quot;}\">\n\t\t\t<div class=\"elementor-widget-wrap elementor-element-populated\">\n\t\t\t\t\t\t<div class=\"elementor-element elementor-element-c467d43 elementor-widget elementor-widget-text-editor\" data-id=\"c467d43\" data-element_type=\"widget\" data-e-type=\"widget\" data-widget_type=\"text-editor.default\">\n\t\t\t\t<div class=\"elementor-widget-container\">\n\t\t\t\t\t\t\t\t\t<p style=\"text-align: center;\"><br \/><strong>Abmessungen und technische Daten<\/strong><\/p>\t\t\t\t\t\t\t\t<\/div>\n\t\t\t\t<\/div>\n\t\t\t\t<section class=\"elementor-section elementor-inner-section elementor-element elementor-element-4d1ca8e elementor-section-boxed elementor-section-height-default elementor-section-height-default\" data-id=\"4d1ca8e\" data-element_type=\"section\" data-e-type=\"section\">\n\t\t\t\t\t\t<div class=\"elementor-container elementor-column-gap-default\">\n\t\t\t\t\t<div class=\"elementor-column elementor-col-50 elementor-inner-column elementor-element elementor-element-7d98707\" data-id=\"7d98707\" data-element_type=\"column\" data-e-type=\"column\">\n\t\t\t<div class=\"elementor-widget-wrap elementor-element-populated\">\n\t\t\t\t\t\t<div class=\"elementor-element elementor-element-ed97d96 elementor-widget elementor-widget-text-editor\" data-id=\"ed97d96\" data-element_type=\"widget\" data-e-type=\"widget\" data-widget_type=\"text-editor.default\">\n\t\t\t\t<div class=\"elementor-widget-container\">\n\t\t\t\t\t\t\t\t\t<p>Anlage (LxBxH):<\/p><p>UV-Reaktorkammer:<\/p><p>Max. Luftvolumen:\u00a0<\/p><p>Stutzen:<\/p><p>Netzspannung (VAC):<\/p><p>UV Lampen:<\/p><p>Leistungsaufnahme:<\/p><p>Stromaufnahme:<\/p><p>Schutzart:\u00a0<\/p><p>Geh\u00e4usematerial:<\/p><p>Farbe:<\/p><p>Gewicht:<\/p>\t\t\t\t\t\t\t\t<\/div>\n\t\t\t\t<\/div>\n\t\t\t\t\t<\/div>\n\t\t<\/div>\n\t\t\t\t<div class=\"elementor-column elementor-col-50 elementor-inner-column elementor-element elementor-element-09b2907\" data-id=\"09b2907\" data-element_type=\"column\" data-e-type=\"column\">\n\t\t\t<div class=\"elementor-widget-wrap elementor-element-populated\">\n\t\t\t\t\t\t<div class=\"elementor-element elementor-element-4f38c40 elementor-widget elementor-widget-text-editor\" data-id=\"4f38c40\" data-element_type=\"widget\" data-e-type=\"widget\" data-widget_type=\"text-editor.default\">\n\t\t\t\t<div class=\"elementor-widget-container\">\n\t\t\t\t\t\t\t\t\t<p>1080x1000x860 mm<\/p><p>995x910x795 mm<\/p><p>11000 m<sup>3<\/sup>\/h<\/p><p>900&#215;600 mm<\/p><p>230\/50<\/p><p>14&#215;62 W<\/p><p>870 W<\/p><p>4 A<\/p><p>IP54<\/p><p>Edelstahl (1.4301)<\/p><p>chrom<\/p><p>80 kg<\/p>\t\t\t\t\t\t\t\t<\/div>\n\t\t\t\t<\/div>\n\t\t\t\t\t<\/div>\n\t\t<\/div>\n\t\t\t\t\t<\/div>\n\t\t<\/section>\n\t\t\t\t\t<\/div>\n\t\t<\/div>\n\t\t\t\t<div class=\"elementor-column elementor-col-50 elementor-top-column elementor-element elementor-element-14ceaa4\" data-id=\"14ceaa4\" data-element_type=\"column\" data-e-type=\"column\">\n\t\t\t<div class=\"elementor-widget-wrap elementor-element-populated\">\n\t\t\t\t\t\t<div class=\"elementor-element elementor-element-7cf979a elementor-widget elementor-widget-text-editor\" data-id=\"7cf979a\" data-element_type=\"widget\" data-e-type=\"widget\" data-widget_type=\"text-editor.default\">\n\t\t\t\t<div class=\"elementor-widget-container\">\n\t\t\t\t\t\t\t\t\t<p><strong>Anlage<\/strong><\/p>\t\t\t\t\t\t\t\t<\/div>\n\t\t\t\t<\/div>\n\t\t\t\t<div class=\"elementor-element elementor-element-07342bb elementor-widget elementor-widget-image\" data-id=\"07342bb\" data-element_type=\"widget\" data-e-type=\"widget\" data-widget_type=\"image.default\">\n\t\t\t\t<div class=\"elementor-widget-container\">\n\t\t\t\t\t\t\t\t\t\t\t\t\t\t\t<img fetchpriority=\"high\" decoding=\"async\" width=\"1024\" height=\"900\" src=\"https:\/\/r-filter.hu\/wp-content\/uploads\/2021\/09\/UVS-6600-M3A-PR-1024x900.jpg\" class=\"attachment-large size-large wp-image-2649\" alt=\"\" srcset=\"https:\/\/r-filter.hu\/wp-content\/uploads\/2021\/09\/UVS-6600-M3A-PR-1024x900.jpg 1024w, https:\/\/r-filter.hu\/wp-content\/uploads\/2021\/09\/UVS-6600-M3A-PR-300x264.jpg 300w, https:\/\/r-filter.hu\/wp-content\/uploads\/2021\/09\/UVS-6600-M3A-PR-768x675.jpg 768w, https:\/\/r-filter.hu\/wp-content\/uploads\/2021\/09\/UVS-6600-M3A-PR-1536x1350.jpg 1536w, https:\/\/r-filter.hu\/wp-content\/uploads\/2021\/09\/UVS-6600-M3A-PR-2048x1800.jpg 2048w, https:\/\/r-filter.hu\/wp-content\/uploads\/2021\/09\/UVS-6600-M3A-PR-14x12.jpg 14w\" sizes=\"(max-width: 1024px) 100vw, 1024px\" title=\"\">\t\t\t\t\t\t\t\t\t\t\t\t\t\t\t<\/div>\n\t\t\t\t<\/div>\n\t\t\t\t<div class=\"elementor-element elementor-element-ea7fa6d elementor-widget elementor-widget-text-editor\" data-id=\"ea7fa6d\" data-element_type=\"widget\" data-e-type=\"widget\" data-widget_type=\"text-editor.default\">\n\t\t\t\t<div class=\"elementor-widget-container\">\n\t\t\t\t\t\t\t\t\t<p><strong>Wandbedienger\u00e4t<\/strong><\/p>\t\t\t\t\t\t\t\t<\/div>\n\t\t\t\t<\/div>\n\t\t\t\t<div class=\"elementor-element elementor-element-239d92d elementor-widget elementor-widget-image\" data-id=\"239d92d\" data-element_type=\"widget\" data-e-type=\"widget\" data-widget_type=\"image.default\">\n\t\t\t\t<div class=\"elementor-widget-container\">\n\t\t\t\t\t\t\t\t\t\t\t\t\t\t\t<img decoding=\"async\" src=\"https:\/\/r-filter.hu\/wp-content\/uploads\/elementor\/thumbs\/Vez-doboz-3D-pl6xbaexjkziijornyj5rzb5jc6rmhsl9i8ojo5kqs.jpg\" title=\"Vez doboz 3D\" alt=\"Vez doboz 3D\" loading=\"lazy\" \/>\t\t\t\t\t\t\t\t\t\t\t\t\t\t\t<\/div>\n\t\t\t\t<\/div>\n\t\t\t\t\t<\/div>\n\t\t<\/div>\n\t\t\t\t\t<\/div>\n\t\t<\/section>\n\t\t\t\t<\/div>","protected":false},"excerpt":{"rendered":"<p>UVS-6600M3A M\u00e9retek \u00e9s m\u0171szaki adatok: Berendez\u00e9s m\u00e9ret (HxSZxM): UV reaktorkamra m\u00e9rete: Max. l\u00e9g\u00e1ram:\u00a0 Csonk: H\u00e1l\u00f3zati fesz\u00fclts\u00e9g (VAC): UV l\u00e1mp\u00e1k: Elektromos teljes\u00edtm\u00e9ny felv\u00e9tel: \u00c1ramfelv\u00e9tel: V\u00e9detts\u00e9g:\u00a0 H\u00e1z anyaga: Sz\u00edn: S\u00faly: 1080x1000x860 mm 995x910x795 mm 11000 m3\/h 900&#215;600 mm 230\/50 14&#215;62 W 870 W 4 A IP54 korr\u00f3zi\u00f3\u00e1ll\u00f3 ac\u00e9l (1.4301) nat\u00far kr\u00f3m 80 kg Berendez\u00e9s Fali vez\u00e9rl\u0151<\/p>","protected":false},"author":2,"featured_media":0,"parent":0,"menu_order":0,"comment_status":"closed","ping_status":"closed","template":"","meta":{"neve_meta_sidebar":"full-width","neve_meta_container":"","neve_meta_enable_content_width":"on","neve_meta_content_width":100,"neve_meta_title_alignment":"","neve_meta_author_avatar":"","neve_post_elements_order":"","neve_meta_disable_header":"","neve_meta_disable_footer":"","neve_meta_disable_title":"","neve_meta_reading_time":"","_themeisle_gutenberg_block_has_review":false,"_ti_tpc_template_sync":false,"_ti_tpc_template_id":"","footnotes":""},"class_list":["post-2647","page","type-page","status-publish","hentry"],"_links":{"self":[{"href":"https:\/\/r-filter.hu\/de\/wp-json\/wp\/v2\/pages\/2647","targetHints":{"allow":["GET"]}}],"collection":[{"href":"https:\/\/r-filter.hu\/de\/wp-json\/wp\/v2\/pages"}],"about":[{"href":"https:\/\/r-filter.hu\/de\/wp-json\/wp\/v2\/types\/page"}],"author":[{"embeddable":true,"href":"https:\/\/r-filter.hu\/de\/wp-json\/wp\/v2\/users\/2"}],"replies":[{"embeddable":true,"href":"https:\/\/r-filter.hu\/de\/wp-json\/wp\/v2\/comments?post=2647"}],"version-history":[{"count":34,"href":"https:\/\/r-filter.hu\/de\/wp-json\/wp\/v2\/pages\/2647\/revisions"}],"predecessor-version":[{"id":7273,"href":"https:\/\/r-filter.hu\/de\/wp-json\/wp\/v2\/pages\/2647\/revisions\/7273"}],"wp:attachment":[{"href":"https:\/\/r-filter.hu\/de\/wp-json\/wp\/v2\/media?parent=2647"}],"curies":[{"name":"wp","href":"https:\/\/api.w.org\/{rel}","templated":true}]}}