{"id":2657,"date":"2021-09-06T12:07:51","date_gmt":"2021-09-06T12:07:51","guid":{"rendered":"https:\/\/r-filter.hu\/?page_id=2657"},"modified":"2023-07-06T08:56:46","modified_gmt":"2023-07-06T08:56:46","slug":"uvs6600m3s","status":"publish","type":"page","link":"https:\/\/r-filter.hu\/de\/uvs6600m3s\/","title":{"rendered":"UVS6600M3S"},"content":{"rendered":"<div data-elementor-type=\"wp-page\" data-elementor-id=\"2657\" class=\"elementor elementor-2657\" data-elementor-post-type=\"page\">\n\t\t\t\t<div class=\"elementor-element elementor-element-4d3237d e-flex e-con-boxed e-con e-parent\" data-id=\"4d3237d\" data-element_type=\"container\" data-e-type=\"container\">\n\t\t\t\t\t<div class=\"e-con-inner\">\n\t\t\t\t<div class=\"elementor-element elementor-element-59a840e elementor-widget elementor-widget-heading\" data-id=\"59a840e\" data-element_type=\"widget\" data-e-type=\"widget\" data-widget_type=\"heading.default\">\n\t\t\t\t<div class=\"elementor-widget-container\">\n\t\t\t\t\t<h2 class=\"elementor-heading-title elementor-size-default\">UVS-6600M3S<\/h2>\t\t\t\t<\/div>\n\t\t\t\t<\/div>\n\t\t\t\t\t<\/div>\n\t\t\t\t<\/div>\n\t\t\t\t<section class=\"elementor-section elementor-top-section elementor-element elementor-element-f601dd1 elementor-section-boxed elementor-section-height-default elementor-section-height-default\" data-id=\"f601dd1\" data-element_type=\"section\" data-e-type=\"section\">\n\t\t\t\t\t\t<div class=\"elementor-container elementor-column-gap-default\">\n\t\t\t\t\t<div class=\"elementor-column elementor-col-50 elementor-top-column elementor-element elementor-element-2777067\" data-id=\"2777067\" data-element_type=\"column\" data-e-type=\"column\" data-settings=\"{&quot;background_background&quot;:&quot;classic&quot;}\">\n\t\t\t<div class=\"elementor-widget-wrap elementor-element-populated\">\n\t\t\t\t\t\t<div class=\"elementor-element elementor-element-7a8e479 elementor-widget elementor-widget-text-editor\" data-id=\"7a8e479\" data-element_type=\"widget\" data-e-type=\"widget\" data-widget_type=\"text-editor.default\">\n\t\t\t\t<div class=\"elementor-widget-container\">\n\t\t\t\t\t\t\t\t\t<p style=\"text-align: center;\"><br \/><strong>Abmessungen und technische Daten<\/strong><\/p>\t\t\t\t\t\t\t\t<\/div>\n\t\t\t\t<\/div>\n\t\t\t\t<section class=\"elementor-section elementor-inner-section elementor-element elementor-element-c2d0c97 elementor-section-boxed elementor-section-height-default elementor-section-height-default\" data-id=\"c2d0c97\" data-element_type=\"section\" data-e-type=\"section\">\n\t\t\t\t\t\t<div class=\"elementor-container elementor-column-gap-default\">\n\t\t\t\t\t<div class=\"elementor-column elementor-col-50 elementor-inner-column elementor-element elementor-element-6ec138c\" data-id=\"6ec138c\" data-element_type=\"column\" data-e-type=\"column\">\n\t\t\t<div class=\"elementor-widget-wrap elementor-element-populated\">\n\t\t\t\t\t\t<div class=\"elementor-element elementor-element-2418bad elementor-widget elementor-widget-text-editor\" data-id=\"2418bad\" data-element_type=\"widget\" data-e-type=\"widget\" data-widget_type=\"text-editor.default\">\n\t\t\t\t<div class=\"elementor-widget-container\">\n\t\t\t\t\t\t\t\t\t<p>Anlage (LxBxH):<\/p><p>UV-Reaktorkammer:<\/p><p>Max. Luftvolumen:\u00a0<\/p><p>Stutzen:<\/p><p>Netzspannung (VAC):<\/p><p>UV Lampen:<\/p><p>Leistungsaufnahme:<\/p><p>Stromaufnahme:<\/p><p>Schutzart:\u00a0<\/p><p>Geh\u00e4usematerial:<\/p><p>Farbe:<\/p><p>Gewicht:<\/p>\t\t\t\t\t\t\t\t<\/div>\n\t\t\t\t<\/div>\n\t\t\t\t\t<\/div>\n\t\t<\/div>\n\t\t\t\t<div class=\"elementor-column elementor-col-50 elementor-inner-column elementor-element elementor-element-47a047d\" data-id=\"47a047d\" data-element_type=\"column\" data-e-type=\"column\">\n\t\t\t<div class=\"elementor-widget-wrap elementor-element-populated\">\n\t\t\t\t\t\t<div class=\"elementor-element elementor-element-4e3c095 elementor-widget elementor-widget-text-editor\" data-id=\"4e3c095\" data-element_type=\"widget\" data-e-type=\"widget\" data-widget_type=\"text-editor.default\">\n\t\t\t\t<div class=\"elementor-widget-container\">\n\t\t\t\t\t\t\t\t\t<p>1480x1000x860 mm<\/p><p>1295x910x795 mm<\/p><p>13500 m<sup>3<\/sup>\/h<\/p><p>900&#215;600 mm<\/p><p>230\/50<\/p><p>14&#215;62 W<\/p><p>870 W<\/p><p>4 A<\/p><p>IP54<\/p><p>Edelstahl (1.4301)<\/p><p>chrom<\/p><p>85 kg<\/p>\t\t\t\t\t\t\t\t<\/div>\n\t\t\t\t<\/div>\n\t\t\t\t\t<\/div>\n\t\t<\/div>\n\t\t\t\t\t<\/div>\n\t\t<\/section>\n\t\t\t\t\t<\/div>\n\t\t<\/div>\n\t\t\t\t<div class=\"elementor-column elementor-col-50 elementor-top-column elementor-element elementor-element-284995f\" data-id=\"284995f\" data-element_type=\"column\" data-e-type=\"column\">\n\t\t\t<div class=\"elementor-widget-wrap elementor-element-populated\">\n\t\t\t\t\t\t<div class=\"elementor-element elementor-element-db20f96 elementor-widget elementor-widget-text-editor\" data-id=\"db20f96\" data-element_type=\"widget\" data-e-type=\"widget\" data-widget_type=\"text-editor.default\">\n\t\t\t\t<div class=\"elementor-widget-container\">\n\t\t\t\t\t\t\t\t\t<p><strong>Anlage<\/strong><\/p>\t\t\t\t\t\t\t\t<\/div>\n\t\t\t\t<\/div>\n\t\t\t\t<div class=\"elementor-element elementor-element-f48b974 elementor-widget elementor-widget-image\" data-id=\"f48b974\" data-element_type=\"widget\" data-e-type=\"widget\" data-widget_type=\"image.default\">\n\t\t\t\t<div class=\"elementor-widget-container\">\n\t\t\t\t\t\t\t\t\t\t\t\t\t\t\t<img fetchpriority=\"high\" decoding=\"async\" width=\"1024\" height=\"918\" src=\"https:\/\/r-filter.hu\/wp-content\/uploads\/2021\/09\/UVS-6600-M3S-PR-1024x918.jpg\" class=\"attachment-large size-large wp-image-2659\" alt=\"\" srcset=\"https:\/\/r-filter.hu\/wp-content\/uploads\/2021\/09\/UVS-6600-M3S-PR-1024x918.jpg 1024w, https:\/\/r-filter.hu\/wp-content\/uploads\/2021\/09\/UVS-6600-M3S-PR-300x269.jpg 300w, https:\/\/r-filter.hu\/wp-content\/uploads\/2021\/09\/UVS-6600-M3S-PR-768x689.jpg 768w, https:\/\/r-filter.hu\/wp-content\/uploads\/2021\/09\/UVS-6600-M3S-PR-1536x1377.jpg 1536w, https:\/\/r-filter.hu\/wp-content\/uploads\/2021\/09\/UVS-6600-M3S-PR-2048x1836.jpg 2048w, https:\/\/r-filter.hu\/wp-content\/uploads\/2021\/09\/UVS-6600-M3S-PR-13x12.jpg 13w\" sizes=\"(max-width: 1024px) 100vw, 1024px\" title=\"\">\t\t\t\t\t\t\t\t\t\t\t\t\t\t\t<\/div>\n\t\t\t\t<\/div>\n\t\t\t\t<div class=\"elementor-element elementor-element-beba4b8 elementor-widget elementor-widget-text-editor\" data-id=\"beba4b8\" data-element_type=\"widget\" data-e-type=\"widget\" data-widget_type=\"text-editor.default\">\n\t\t\t\t<div class=\"elementor-widget-container\">\n\t\t\t\t\t\t\t\t\t<p><strong>Wandbedienger\u00e4t<\/strong><\/p>\t\t\t\t\t\t\t\t<\/div>\n\t\t\t\t<\/div>\n\t\t\t\t<div class=\"elementor-element elementor-element-62649ea elementor-widget elementor-widget-text-editor\" data-id=\"62649ea\" data-element_type=\"widget\" data-e-type=\"widget\" data-widget_type=\"text-editor.default\">\n\t\t\t\t<div class=\"elementor-widget-container\">\n\t\t\t\t\t\t\t\t\t<p><strong>Wandbedienger\u00e4t<\/strong><\/p>\t\t\t\t\t\t\t\t<\/div>\n\t\t\t\t<\/div>\n\t\t\t\t<div class=\"elementor-element elementor-element-04d089a elementor-widget elementor-widget-image\" data-id=\"04d089a\" data-element_type=\"widget\" data-e-type=\"widget\" data-widget_type=\"image.default\">\n\t\t\t\t<div class=\"elementor-widget-container\">\n\t\t\t\t\t\t\t\t\t\t\t\t\t\t\t<img decoding=\"async\" width=\"300\" height=\"130\" src=\"https:\/\/r-filter.hu\/wp-content\/uploads\/2022\/02\/Vez-doboz-3D-3-300x130.jpg\" class=\"attachment-medium size-medium wp-image-3824\" alt=\"\" srcset=\"https:\/\/r-filter.hu\/wp-content\/uploads\/2022\/02\/Vez-doboz-3D-3-300x130.jpg 300w, https:\/\/r-filter.hu\/wp-content\/uploads\/2022\/02\/Vez-doboz-3D-3-1024x444.jpg 1024w, https:\/\/r-filter.hu\/wp-content\/uploads\/2022\/02\/Vez-doboz-3D-3-768x333.jpg 768w, https:\/\/r-filter.hu\/wp-content\/uploads\/2022\/02\/Vez-doboz-3D-3-1536x666.jpg 1536w, https:\/\/r-filter.hu\/wp-content\/uploads\/2022\/02\/Vez-doboz-3D-3-2048x887.jpg 2048w, https:\/\/r-filter.hu\/wp-content\/uploads\/2022\/02\/Vez-doboz-3D-3-18x8.jpg 18w\" sizes=\"(max-width: 300px) 100vw, 300px\" title=\"\">\t\t\t\t\t\t\t\t\t\t\t\t\t\t\t<\/div>\n\t\t\t\t<\/div>\n\t\t\t\t\t<\/div>\n\t\t<\/div>\n\t\t\t\t\t<\/div>\n\t\t<\/section>\n\t\t\t\t<\/div>","protected":false},"excerpt":{"rendered":"<p>UVS-6600M3S M\u00e9retek \u00e9s m\u0171szaki adatok: Berendez\u00e9s m\u00e9ret (HxSZxM): UV reaktorkamra m\u00e9rete: Max. l\u00e9g\u00e1ram:\u00a0 Csonk: H\u00e1l\u00f3zati fesz\u00fclts\u00e9g (VAC): UV l\u00e1mp\u00e1k: Elektromos teljes\u00edtm\u00e9ny felv\u00e9tel: \u00c1ramfelv\u00e9tel: V\u00e9detts\u00e9g:\u00a0 H\u00e1z anyaga: Sz\u00edn: S\u00faly: 1480x1000x860 mm 1295x910x795 mm 13500 m3\/h 900&#215;600 mm 230\/50 14&#215;62 W 870 W 4 A IP54 korr\u00f3zi\u00f3\u00e1ll\u00f3 ac\u00e9l (1.4301) nat\u00far kr\u00f3m 85 kg Berendez\u00e9s Fali vez\u00e9rl\u0151 Fali&hellip;&nbsp;<a href=\"https:\/\/r-filter.hu\/de\/uvs6600m3s\/\" rel=\"bookmark\">Mehr lesen &raquo;<span class=\"screen-reader-text\">UVS6600M3S<\/span><\/a><\/p>","protected":false},"author":2,"featured_media":0,"parent":0,"menu_order":0,"comment_status":"closed","ping_status":"closed","template":"","meta":{"neve_meta_sidebar":"full-width","neve_meta_container":"","neve_meta_enable_content_width":"on","neve_meta_content_width":100,"neve_meta_title_alignment":"","neve_meta_author_avatar":"","neve_post_elements_order":"","neve_meta_disable_header":"","neve_meta_disable_footer":"","neve_meta_disable_title":"","neve_meta_reading_time":"","_themeisle_gutenberg_block_has_review":false,"_ti_tpc_template_sync":false,"_ti_tpc_template_id":"","footnotes":""},"class_list":["post-2657","page","type-page","status-publish","hentry"],"_links":{"self":[{"href":"https:\/\/r-filter.hu\/de\/wp-json\/wp\/v2\/pages\/2657","targetHints":{"allow":["GET"]}}],"collection":[{"href":"https:\/\/r-filter.hu\/de\/wp-json\/wp\/v2\/pages"}],"about":[{"href":"https:\/\/r-filter.hu\/de\/wp-json\/wp\/v2\/types\/page"}],"author":[{"embeddable":true,"href":"https:\/\/r-filter.hu\/de\/wp-json\/wp\/v2\/users\/2"}],"replies":[{"embeddable":true,"href":"https:\/\/r-filter.hu\/de\/wp-json\/wp\/v2\/comments?post=2657"}],"version-history":[{"count":31,"href":"https:\/\/r-filter.hu\/de\/wp-json\/wp\/v2\/pages\/2657\/revisions"}],"predecessor-version":[{"id":7276,"href":"https:\/\/r-filter.hu\/de\/wp-json\/wp\/v2\/pages\/2657\/revisions\/7276"}],"wp:attachment":[{"href":"https:\/\/r-filter.hu\/de\/wp-json\/wp\/v2\/media?parent=2657"}],"curies":[{"name":"wp","href":"https:\/\/api.w.org\/{rel}","templated":true}]}}