{"id":2753,"date":"2021-09-07T06:46:07","date_gmt":"2021-09-07T06:46:07","guid":{"rendered":"https:\/\/r-filter.hu\/?page_id=2753"},"modified":"2023-07-07T07:10:10","modified_gmt":"2023-07-07T07:10:10","slug":"uvo140","status":"publish","type":"page","link":"https:\/\/r-filter.hu\/de\/uvo140\/","title":{"rendered":"UVO140"},"content":{"rendered":"<div data-elementor-type=\"wp-page\" data-elementor-id=\"2753\" class=\"elementor elementor-2753\" data-elementor-post-type=\"page\">\n\t\t\t\t<div class=\"elementor-element elementor-element-263b94f e-flex e-con-boxed e-con e-parent\" data-id=\"263b94f\" data-element_type=\"container\" data-e-type=\"container\">\n\t\t\t\t\t<div class=\"e-con-inner\">\n\t\t\t\t<div class=\"elementor-element elementor-element-27c5f8c elementor-widget elementor-widget-heading\" data-id=\"27c5f8c\" data-element_type=\"widget\" data-e-type=\"widget\" data-widget_type=\"heading.default\">\n\t\t\t\t<div class=\"elementor-widget-container\">\n\t\t\t\t\t<h2 class=\"elementor-heading-title elementor-size-default\">UVO 140<\/h2>\t\t\t\t<\/div>\n\t\t\t\t<\/div>\n\t\t\t\t\t<\/div>\n\t\t\t\t<\/div>\n\t\t\t\t<section class=\"elementor-section elementor-top-section elementor-element elementor-element-cf4e73a elementor-section-boxed elementor-section-height-default elementor-section-height-default\" data-id=\"cf4e73a\" data-element_type=\"section\" data-e-type=\"section\">\n\t\t\t\t\t\t<div class=\"elementor-container elementor-column-gap-default\">\n\t\t\t\t\t<div class=\"elementor-column elementor-col-50 elementor-top-column elementor-element elementor-element-dc7328f\" data-id=\"dc7328f\" data-element_type=\"column\" data-e-type=\"column\" data-settings=\"{&quot;background_background&quot;:&quot;classic&quot;}\">\n\t\t\t<div class=\"elementor-widget-wrap elementor-element-populated\">\n\t\t\t\t\t\t<div class=\"elementor-element elementor-element-fff2a63 elementor-widget elementor-widget-text-editor\" data-id=\"fff2a63\" data-element_type=\"widget\" data-e-type=\"widget\" data-widget_type=\"text-editor.default\">\n\t\t\t\t<div class=\"elementor-widget-container\">\n\t\t\t\t\t\t\t\t\t<p style=\"text-align: center; vertical-align: center;\"><strong><br \/>Abmessungen und technische Daten<\/strong><\/p>\t\t\t\t\t\t\t\t<\/div>\n\t\t\t\t<\/div>\n\t\t\t\t<section class=\"elementor-section elementor-inner-section elementor-element elementor-element-57f7add elementor-section-boxed elementor-section-height-default elementor-section-height-default\" data-id=\"57f7add\" data-element_type=\"section\" data-e-type=\"section\">\n\t\t\t\t\t\t<div class=\"elementor-container elementor-column-gap-default\">\n\t\t\t\t\t<div class=\"elementor-column elementor-col-50 elementor-inner-column elementor-element elementor-element-48cf096\" data-id=\"48cf096\" data-element_type=\"column\" data-e-type=\"column\">\n\t\t\t<div class=\"elementor-widget-wrap elementor-element-populated\">\n\t\t\t\t\t\t<div class=\"elementor-element elementor-element-54b9d8e elementor-widget elementor-widget-text-editor\" data-id=\"54b9d8e\" data-element_type=\"widget\" data-e-type=\"widget\" data-widget_type=\"text-editor.default\">\n\t\t\t\t<div class=\"elementor-widget-container\">\n\t\t\t\t\t\t\t\t\t<p>Anlage (LxBxH):<\/p><p>Ozonemissionen<\/p><p>Max. Luftvolumen:<\/p><p>Netzspannung (VAC):<\/p><p>Leistungsaufnahme:<\/p><p>Stromaufnahme:<\/p><p>R-Filter UVC-Leuchtstofflampe:<\/p><p>UVC-Strahlungsleistung (W253,7 nm):<\/p><p>Lebensdauer der UVC-Lampe:<\/p><p>Geh\u00e4usematerial:<\/p><p>Farbe:<\/p><p>Gewicht:<\/p>\t\t\t\t\t\t\t\t<\/div>\n\t\t\t\t<\/div>\n\t\t\t\t\t<\/div>\n\t\t<\/div>\n\t\t\t\t<div class=\"elementor-column elementor-col-50 elementor-inner-column elementor-element elementor-element-c18a09b\" data-id=\"c18a09b\" data-element_type=\"column\" data-e-type=\"column\">\n\t\t\t<div class=\"elementor-widget-wrap elementor-element-populated\">\n\t\t\t\t\t\t<div class=\"elementor-element elementor-element-662e6f7 elementor-widget elementor-widget-text-editor\" data-id=\"662e6f7\" data-element_type=\"widget\" data-e-type=\"widget\" data-widget_type=\"text-editor.default\">\n\t\t\t\t<div class=\"elementor-widget-container\">\n\t\t\t\t\t\t\t\t\t<p>321x252x602 mm<\/p><p>10 g\/h<\/p><p>350 m3\/h<\/p><p>230\/50<\/p><p>245 W<\/p><p>0,8 A<\/p><p>4&#215;35 W<\/p><p><br \/>6&#215;9 W<\/p><p>8000 \u00fczem\u00f3ra<\/p><p>korr\u00f3zi\u00f3\u00e1ll\u00f3 ac\u00e9l<\/p><p>chrom<\/p><p>14 kg<\/p>\t\t\t\t\t\t\t\t<\/div>\n\t\t\t\t<\/div>\n\t\t\t\t\t<\/div>\n\t\t<\/div>\n\t\t\t\t\t<\/div>\n\t\t<\/section>\n\t\t\t\t\t<\/div>\n\t\t<\/div>\n\t\t\t\t<div class=\"elementor-column elementor-col-50 elementor-top-column elementor-element elementor-element-e172b9e\" data-id=\"e172b9e\" data-element_type=\"column\" data-e-type=\"column\">\n\t\t\t<div class=\"elementor-widget-wrap elementor-element-populated\">\n\t\t\t\t\t\t<div class=\"elementor-element elementor-element-172a26f elementor-widget elementor-widget-text-editor\" data-id=\"172a26f\" data-element_type=\"widget\" data-e-type=\"widget\" data-widget_type=\"text-editor.default\">\n\t\t\t\t<div class=\"elementor-widget-container\">\n\t\t\t\t\t\t\t\t\t<p><strong>Berendez\u00e9s:<\/strong><\/p>\t\t\t\t\t\t\t\t<\/div>\n\t\t\t\t<\/div>\n\t\t\t\t<div class=\"elementor-element elementor-element-2219562 elementor-widget elementor-widget-image\" data-id=\"2219562\" data-element_type=\"widget\" data-e-type=\"widget\" data-widget_type=\"image.default\">\n\t\t\t\t<div class=\"elementor-widget-container\">\n\t\t\t\t\t\t\t\t\t\t\t\t\t\t\t<img fetchpriority=\"high\" decoding=\"async\" width=\"873\" height=\"1024\" src=\"https:\/\/r-filter.hu\/wp-content\/uploads\/2021\/09\/UVS-O_3D_M-873x1024.jpg\" class=\"attachment-large size-large wp-image-2755\" alt=\"\" srcset=\"https:\/\/r-filter.hu\/wp-content\/uploads\/2021\/09\/UVS-O_3D_M-873x1024.jpg 873w, https:\/\/r-filter.hu\/wp-content\/uploads\/2021\/09\/UVS-O_3D_M-256x300.jpg 256w, https:\/\/r-filter.hu\/wp-content\/uploads\/2021\/09\/UVS-O_3D_M-768x901.jpg 768w, https:\/\/r-filter.hu\/wp-content\/uploads\/2021\/09\/UVS-O_3D_M-10x12.jpg 10w, https:\/\/r-filter.hu\/wp-content\/uploads\/2021\/09\/UVS-O_3D_M.jpg 957w\" sizes=\"(max-width: 873px) 100vw, 873px\" title=\"\">\t\t\t\t\t\t\t\t\t\t\t\t\t\t\t<\/div>\n\t\t\t\t<\/div>\n\t\t\t\t\t<\/div>\n\t\t<\/div>\n\t\t\t\t\t<\/div>\n\t\t<\/section>\n\t\t\t\t<\/div>","protected":false},"excerpt":{"rendered":"<p>UVO 140 M\u00e9retek \u00e9s m\u0171szaki adatok: Berendez\u00e9s m\u00e9ret (HxSZxM): \u00d3zonkibocs\u00e1t\u00e1s: Max. l\u00e9g\u00e1ram: H\u00e1l\u00f3zati fesz\u00fclts\u00e9g (VAC): Elektromos teljes\u00edtm\u00e9ny felv\u00e9tel: \u00c1ramfelv\u00e9tel: R-Filter UVC f\u00e9nycs\u0151: UVC sug\u00e1rz\u00e1si teljes\u00edtm\u00e9ny (W253,7nm): UVC f\u00e9nycs\u0151 \u00e9lettartama: H\u00e1z anyaga: Sz\u00edn: S\u00faly: 321x252x602 mm 10 g\/h 350 m3\/h 230\/50 245 W 0,8 A 4&#215;35 W 6&#215;9 W 8000 \u00fczem\u00f3ra korr\u00f3zi\u00f3\u00e1ll\u00f3 ac\u00e9l kr\u00f3m 14 kg&hellip;&nbsp;<a href=\"https:\/\/r-filter.hu\/de\/uvo140\/\" rel=\"bookmark\">Mehr lesen &raquo;<span class=\"screen-reader-text\">UVO140<\/span><\/a><\/p>","protected":false},"author":2,"featured_media":0,"parent":0,"menu_order":0,"comment_status":"closed","ping_status":"closed","template":"","meta":{"neve_meta_sidebar":"full-width","neve_meta_container":"","neve_meta_enable_content_width":"on","neve_meta_content_width":100,"neve_meta_title_alignment":"","neve_meta_author_avatar":"","neve_post_elements_order":"","neve_meta_disable_header":"","neve_meta_disable_footer":"","neve_meta_disable_title":"","neve_meta_reading_time":"","_themeisle_gutenberg_block_has_review":false,"_ti_tpc_template_sync":false,"_ti_tpc_template_id":"","footnotes":""},"class_list":["post-2753","page","type-page","status-publish","hentry"],"_links":{"self":[{"href":"https:\/\/r-filter.hu\/de\/wp-json\/wp\/v2\/pages\/2753","targetHints":{"allow":["GET"]}}],"collection":[{"href":"https:\/\/r-filter.hu\/de\/wp-json\/wp\/v2\/pages"}],"about":[{"href":"https:\/\/r-filter.hu\/de\/wp-json\/wp\/v2\/types\/page"}],"author":[{"embeddable":true,"href":"https:\/\/r-filter.hu\/de\/wp-json\/wp\/v2\/users\/2"}],"replies":[{"embeddable":true,"href":"https:\/\/r-filter.hu\/de\/wp-json\/wp\/v2\/comments?post=2753"}],"version-history":[{"count":37,"href":"https:\/\/r-filter.hu\/de\/wp-json\/wp\/v2\/pages\/2753\/revisions"}],"predecessor-version":[{"id":7326,"href":"https:\/\/r-filter.hu\/de\/wp-json\/wp\/v2\/pages\/2753\/revisions\/7326"}],"wp:attachment":[{"href":"https:\/\/r-filter.hu\/de\/wp-json\/wp\/v2\/media?parent=2753"}],"curies":[{"name":"wp","href":"https:\/\/api.w.org\/{rel}","templated":true}]}}