{"id":1405,"date":"2021-04-08T13:18:28","date_gmt":"2021-04-08T13:18:28","guid":{"rendered":"https:\/\/r-filter.hu\/?page_id=1405"},"modified":"2023-07-07T08:02:20","modified_gmt":"2023-07-07T08:02:20","slug":"uve","status":"publish","type":"page","link":"https:\/\/r-filter.hu\/en\/uve\/","title":{"rendered":"UVE"},"content":{"rendered":"<div data-elementor-type=\"wp-page\" data-elementor-id=\"1405\" class=\"elementor elementor-1405\" data-elementor-post-type=\"page\">\n\t\t\t\t\t\t<section class=\"elementor-section elementor-top-section elementor-element elementor-element-dc8ed9e elementor-section-boxed elementor-section-height-default elementor-section-height-default\" data-id=\"dc8ed9e\" data-element_type=\"section\" data-e-type=\"section\">\n\t\t\t\t\t\t<div class=\"elementor-container elementor-column-gap-default\">\n\t\t\t\t\t<div class=\"elementor-column elementor-col-100 elementor-top-column elementor-element elementor-element-9ccf932\" data-id=\"9ccf932\" data-element_type=\"column\" data-e-type=\"column\" data-settings=\"{&quot;background_background&quot;:&quot;classic&quot;}\">\n\t\t\t<div class=\"elementor-widget-wrap elementor-element-populated\">\n\t\t\t\t\t\t<div class=\"elementor-element elementor-element-9101e9a elementor-widget elementor-widget-heading\" data-id=\"9101e9a\" data-element_type=\"widget\" data-e-type=\"widget\" data-widget_type=\"heading.default\">\n\t\t\t\t<div class=\"elementor-widget-container\">\n\t\t\t\t\t<h1 class=\"elementor-heading-title elementor-size-default\">UVE PHOTOCATALYTIC DISINFECTION AND DEODORIZER DEVICE<\/h1>\t\t\t\t<\/div>\n\t\t\t\t<\/div>\n\t\t\t\t<div class=\"elementor-element elementor-element-76db28f elementor-widget-divider--view-line elementor-widget elementor-widget-divider\" data-id=\"76db28f\" data-element_type=\"widget\" data-e-type=\"widget\" data-widget_type=\"divider.default\">\n\t\t\t\t<div class=\"elementor-widget-container\">\n\t\t\t\t\t\t\t<div class=\"elementor-divider\">\n\t\t\t<span class=\"elementor-divider-separator\">\n\t\t\t\t\t\t<\/span>\n\t\t<\/div>\n\t\t\t\t\t\t<\/div>\n\t\t\t\t<\/div>\n\t\t\t\t\t<\/div>\n\t\t<\/div>\n\t\t\t\t\t<\/div>\n\t\t<\/section>\n\t\t\t\t<section class=\"elementor-section elementor-top-section elementor-element elementor-element-69f2713 elementor-section-boxed elementor-section-height-default elementor-section-height-default\" data-id=\"69f2713\" data-element_type=\"section\" data-e-type=\"section\">\n\t\t\t\t\t\t<div class=\"elementor-container elementor-column-gap-default\">\n\t\t\t\t\t<div class=\"elementor-column elementor-col-50 elementor-top-column elementor-element elementor-element-314a98c\" data-id=\"314a98c\" data-element_type=\"column\" data-e-type=\"column\">\n\t\t\t<div class=\"elementor-widget-wrap elementor-element-populated\">\n\t\t\t\t\t\t<div class=\"elementor-element elementor-element-c2f4e37 elementor-widget elementor-widget-image\" data-id=\"c2f4e37\" data-element_type=\"widget\" data-e-type=\"widget\" data-widget_type=\"image.default\">\n\t\t\t\t<div class=\"elementor-widget-container\">\n\t\t\t\t\t\t\t\t\t\t\t\t<figure class=\"wp-caption\">\n\t\t\t\t\t\t\t\t\t\t<img fetchpriority=\"high\" decoding=\"async\" width=\"300\" height=\"168\" src=\"https:\/\/r-filter.hu\/wp-content\/uploads\/2021\/04\/UVE-110K-300x168.jpg\" class=\"attachment-medium size-medium wp-image-1406\" alt=\"\" srcset=\"https:\/\/r-filter.hu\/wp-content\/uploads\/2021\/04\/UVE-110K-300x168.jpg 300w, https:\/\/r-filter.hu\/wp-content\/uploads\/2021\/04\/UVE-110K-16x9.jpg 16w, https:\/\/r-filter.hu\/wp-content\/uploads\/2021\/04\/UVE-110K.jpg 400w\" sizes=\"(max-width: 300px) 100vw, 300px\" title=\"\">\t\t\t\t\t\t\t\t\t\t\t<figcaption class=\"widget-image-caption wp-caption-text\">UVE 110KUC<\/figcaption>\n\t\t\t\t\t\t\t\t\t\t<\/figure>\n\t\t\t\t\t\t\t\t\t<\/div>\n\t\t\t\t<\/div>\n\t\t\t\t<div class=\"elementor-element elementor-element-28e573b elementor-align-center elementor-widget elementor-widget-button\" data-id=\"28e573b\" data-element_type=\"widget\" data-e-type=\"widget\" data-widget_type=\"button.default\">\n\t\t\t\t<div class=\"elementor-widget-container\">\n\t\t\t\t\t\t\t\t\t<div class=\"elementor-button-wrapper\">\n\t\t\t\t\t<a class=\"elementor-button elementor-button-link elementor-size-sm elementor-animation-shrink\" href=\"https:\/\/r-filter.hu\/en\/uve110\/\" target=\"_blank\">\n\t\t\t\t\t\t<span class=\"elementor-button-content-wrapper\">\n\t\t\t\t\t\t\t\t\t<span class=\"elementor-button-text\">Details<\/span>\n\t\t\t\t\t<\/span>\n\t\t\t\t\t<\/a>\n\t\t\t\t<\/div>\n\t\t\t\t\t\t\t\t<\/div>\n\t\t\t\t<\/div>\n\t\t\t\t<div class=\"elementor-element elementor-element-c63a145 elementor-widget elementor-widget-image\" data-id=\"c63a145\" data-element_type=\"widget\" data-e-type=\"widget\" data-widget_type=\"image.default\">\n\t\t\t\t<div class=\"elementor-widget-container\">\n\t\t\t\t\t\t\t\t\t\t\t\t<figure class=\"wp-caption\">\n\t\t\t\t\t\t\t\t\t\t<img decoding=\"async\" width=\"300\" height=\"169\" src=\"https:\/\/r-filter.hu\/wp-content\/uploads\/2021\/10\/UVS-220-Black.49-300x169.jpg\" class=\"attachment-medium size-medium wp-image-3139\" alt=\"\" srcset=\"https:\/\/r-filter.hu\/wp-content\/uploads\/2021\/10\/UVS-220-Black.49-300x169.jpg 300w, https:\/\/r-filter.hu\/wp-content\/uploads\/2021\/10\/UVS-220-Black.49-1024x576.jpg 1024w, https:\/\/r-filter.hu\/wp-content\/uploads\/2021\/10\/UVS-220-Black.49-768x432.jpg 768w, https:\/\/r-filter.hu\/wp-content\/uploads\/2021\/10\/UVS-220-Black.49-1536x864.jpg 1536w, https:\/\/r-filter.hu\/wp-content\/uploads\/2021\/10\/UVS-220-Black.49-18x10.jpg 18w, https:\/\/r-filter.hu\/wp-content\/uploads\/2021\/10\/UVS-220-Black.49.jpg 1920w\" sizes=\"(max-width: 300px) 100vw, 300px\" title=\"\">\t\t\t\t\t\t\t\t\t\t\t<figcaption class=\"widget-image-caption wp-caption-text\">UVE 110KUB<\/figcaption>\n\t\t\t\t\t\t\t\t\t\t<\/figure>\n\t\t\t\t\t\t\t\t\t<\/div>\n\t\t\t\t<\/div>\n\t\t\t\t<div class=\"elementor-element elementor-element-a92b74f elementor-align-center elementor-widget elementor-widget-button\" data-id=\"a92b74f\" data-element_type=\"widget\" data-e-type=\"widget\" data-widget_type=\"button.default\">\n\t\t\t\t<div class=\"elementor-widget-container\">\n\t\t\t\t\t\t\t\t\t<div class=\"elementor-button-wrapper\">\n\t\t\t\t\t<a class=\"elementor-button elementor-button-link elementor-size-sm elementor-animation-shrink\" href=\"https:\/\/r-filter.hu\/en\/uve110\/\" target=\"_blank\">\n\t\t\t\t\t\t<span class=\"elementor-button-content-wrapper\">\n\t\t\t\t\t\t\t\t\t<span class=\"elementor-button-text\">Details<\/span>\n\t\t\t\t\t<\/span>\n\t\t\t\t\t<\/a>\n\t\t\t\t<\/div>\n\t\t\t\t\t\t\t\t<\/div>\n\t\t\t\t<\/div>\n\t\t\t\t\t<\/div>\n\t\t<\/div>\n\t\t\t\t<div class=\"elementor-column elementor-col-50 elementor-top-column elementor-element elementor-element-bd6977c\" data-id=\"bd6977c\" data-element_type=\"column\" data-e-type=\"column\">\n\t\t\t<div class=\"elementor-widget-wrap elementor-element-populated\">\n\t\t\t\t\t\t<div class=\"elementor-element elementor-element-30c8d40 elementor-widget elementor-widget-image\" data-id=\"30c8d40\" data-element_type=\"widget\" data-e-type=\"widget\" data-widget_type=\"image.default\">\n\t\t\t\t<div class=\"elementor-widget-container\">\n\t\t\t\t\t\t\t\t\t\t\t\t<figure class=\"wp-caption\">\n\t\t\t\t\t\t\t\t\t\t<img decoding=\"async\" width=\"300\" height=\"169\" src=\"https:\/\/r-filter.hu\/wp-content\/uploads\/2021\/10\/UVS220.53-300x169.jpg\" class=\"attachment-medium size-medium wp-image-3153\" alt=\"\" srcset=\"https:\/\/r-filter.hu\/wp-content\/uploads\/2021\/10\/UVS220.53-300x169.jpg 300w, https:\/\/r-filter.hu\/wp-content\/uploads\/2021\/10\/UVS220.53-1024x576.jpg 1024w, https:\/\/r-filter.hu\/wp-content\/uploads\/2021\/10\/UVS220.53-768x432.jpg 768w, https:\/\/r-filter.hu\/wp-content\/uploads\/2021\/10\/UVS220.53-1536x864.jpg 1536w, https:\/\/r-filter.hu\/wp-content\/uploads\/2021\/10\/UVS220.53-18x10.jpg 18w, https:\/\/r-filter.hu\/wp-content\/uploads\/2021\/10\/UVS220.53.jpg 1920w\" sizes=\"(max-width: 300px) 100vw, 300px\" title=\"\">\t\t\t\t\t\t\t\t\t\t\t<figcaption class=\"widget-image-caption wp-caption-text\">UVE 220KUC<\/figcaption>\n\t\t\t\t\t\t\t\t\t\t<\/figure>\n\t\t\t\t\t\t\t\t\t<\/div>\n\t\t\t\t<\/div>\n\t\t\t\t<div class=\"elementor-element elementor-element-b375b1d elementor-align-center elementor-widget elementor-widget-button\" data-id=\"b375b1d\" data-element_type=\"widget\" data-e-type=\"widget\" data-widget_type=\"button.default\">\n\t\t\t\t<div class=\"elementor-widget-container\">\n\t\t\t\t\t\t\t\t\t<div class=\"elementor-button-wrapper\">\n\t\t\t\t\t<a class=\"elementor-button elementor-button-link elementor-size-sm elementor-animation-shrink\" href=\"https:\/\/r-filter.hu\/en\/uve220\/\" target=\"_blank\">\n\t\t\t\t\t\t<span class=\"elementor-button-content-wrapper\">\n\t\t\t\t\t\t\t\t\t<span class=\"elementor-button-text\">Details<\/span>\n\t\t\t\t\t<\/span>\n\t\t\t\t\t<\/a>\n\t\t\t\t<\/div>\n\t\t\t\t\t\t\t\t<\/div>\n\t\t\t\t<\/div>\n\t\t\t\t<div class=\"elementor-element elementor-element-44c3e8d elementor-widget elementor-widget-image\" data-id=\"44c3e8d\" data-element_type=\"widget\" data-e-type=\"widget\" data-widget_type=\"image.default\">\n\t\t\t\t<div class=\"elementor-widget-container\">\n\t\t\t\t\t\t\t\t\t\t\t\t<figure class=\"wp-caption\">\n\t\t\t\t\t\t\t\t\t\t<img loading=\"lazy\" decoding=\"async\" width=\"300\" height=\"169\" src=\"https:\/\/r-filter.hu\/wp-content\/uploads\/2021\/10\/UVS-220-Black.56-300x169.jpg\" class=\"attachment-medium size-medium wp-image-3140\" alt=\"\" srcset=\"https:\/\/r-filter.hu\/wp-content\/uploads\/2021\/10\/UVS-220-Black.56-300x169.jpg 300w, https:\/\/r-filter.hu\/wp-content\/uploads\/2021\/10\/UVS-220-Black.56-1024x576.jpg 1024w, https:\/\/r-filter.hu\/wp-content\/uploads\/2021\/10\/UVS-220-Black.56-768x432.jpg 768w, https:\/\/r-filter.hu\/wp-content\/uploads\/2021\/10\/UVS-220-Black.56-1536x864.jpg 1536w, https:\/\/r-filter.hu\/wp-content\/uploads\/2021\/10\/UVS-220-Black.56-18x10.jpg 18w, https:\/\/r-filter.hu\/wp-content\/uploads\/2021\/10\/UVS-220-Black.56.jpg 1920w\" sizes=\"(max-width: 300px) 100vw, 300px\" title=\"\">\t\t\t\t\t\t\t\t\t\t\t<figcaption class=\"widget-image-caption wp-caption-text\">UVE 220KUB<\/figcaption>\n\t\t\t\t\t\t\t\t\t\t<\/figure>\n\t\t\t\t\t\t\t\t\t<\/div>\n\t\t\t\t<\/div>\n\t\t\t\t<div class=\"elementor-element elementor-element-954b6f6 elementor-align-center elementor-widget elementor-widget-button\" data-id=\"954b6f6\" data-element_type=\"widget\" data-e-type=\"widget\" data-widget_type=\"button.default\">\n\t\t\t\t<div class=\"elementor-widget-container\">\n\t\t\t\t\t\t\t\t\t<div class=\"elementor-button-wrapper\">\n\t\t\t\t\t<a class=\"elementor-button elementor-button-link elementor-size-sm elementor-animation-shrink\" href=\"https:\/\/r-filter.hu\/en\/uve220\/\" target=\"_blank\">\n\t\t\t\t\t\t<span class=\"elementor-button-content-wrapper\">\n\t\t\t\t\t\t\t\t\t<span class=\"elementor-button-text\">Details<\/span>\n\t\t\t\t\t<\/span>\n\t\t\t\t\t<\/a>\n\t\t\t\t<\/div>\n\t\t\t\t\t\t\t\t<\/div>\n\t\t\t\t<\/div>\n\t\t\t\t\t<\/div>\n\t\t<\/div>\n\t\t\t\t\t<\/div>\n\t\t<\/section>\n\t\t\t\t<section class=\"elementor-section elementor-top-section elementor-element elementor-element-54119671 elementor-section-boxed elementor-section-height-default elementor-section-height-default\" data-id=\"54119671\" data-element_type=\"section\" data-e-type=\"section\">\n\t\t\t\t\t\t<div class=\"elementor-container elementor-column-gap-default\">\n\t\t\t\t\t<div class=\"elementor-column elementor-col-100 elementor-top-column elementor-element elementor-element-46a8093c\" data-id=\"46a8093c\" data-element_type=\"column\" data-e-type=\"column\">\n\t\t\t<div class=\"elementor-widget-wrap elementor-element-populated\">\n\t\t\t\t\t\t<section class=\"elementor-section elementor-inner-section elementor-element elementor-element-b181a6d elementor-section-boxed elementor-section-height-default elementor-section-height-default\" data-id=\"b181a6d\" data-element_type=\"section\" data-e-type=\"section\">\n\t\t\t\t\t\t<div class=\"elementor-container elementor-column-gap-default\">\n\t\t\t\t\t<div class=\"elementor-column elementor-col-50 elementor-inner-column elementor-element elementor-element-e8b56af\" data-id=\"e8b56af\" data-element_type=\"column\" data-e-type=\"column\">\n\t\t\t<div class=\"elementor-widget-wrap elementor-element-populated\">\n\t\t\t\t\t\t<div class=\"elementor-element elementor-element-d64b143 elementor-widget elementor-widget-text-editor\" data-id=\"d64b143\" data-element_type=\"widget\" data-e-type=\"widget\" data-widget_type=\"text-editor.default\">\n\t\t\t\t<div class=\"elementor-widget-container\">\n\t\t\t\t\t\t\t\t\t<p>The device was developed for the disinfection and deodorization of heavily used public areas.<br \/><strong>Communal areas, offices, medical waiting rooms, food and other commercial shops, restaurants, hotels, laboratories, smoking rooms and toilet facilities.<\/strong><br \/>The device can be used wherever harmful viruses and bacteria and unpleasant odors are to be eliminated. There is a synergistic effect of UVGI (Ultraviolet Germicidal Irradiation) and PCO (PhotoCatalytic Irridation) used in the device. It's up to you to decide whether you want to take advantage of odor removal or disinfection, or both of them, to achieve your air purification goals.<br \/>Photocatalysis takes place under normal temperature and humidity conditions, no special operating conditions are required.<br \/>The device can be mounted on a wall or on a stand.<\/p>\t\t\t\t\t\t\t\t<\/div>\n\t\t\t\t<\/div>\n\t\t\t\t<div class=\"elementor-element elementor-element-07f5664 elementor-widget elementor-widget-text-editor\" data-id=\"07f5664\" data-element_type=\"widget\" data-e-type=\"widget\" data-widget_type=\"text-editor.default\">\n\t\t\t\t<div class=\"elementor-widget-container\">\n\t\t\t\t\t\t\t\t\t<p><strong>Functional principle<\/strong><\/p>\t\t\t\t\t\t\t\t<\/div>\n\t\t\t\t<\/div>\n\t\t\t\t<div class=\"elementor-element elementor-element-9774e92 elementor-widget-divider--view-line elementor-widget elementor-widget-divider\" data-id=\"9774e92\" data-element_type=\"widget\" data-e-type=\"widget\" data-widget_type=\"divider.default\">\n\t\t\t\t<div class=\"elementor-widget-container\">\n\t\t\t\t\t\t\t<div class=\"elementor-divider\">\n\t\t\t<span class=\"elementor-divider-separator\">\n\t\t\t\t\t\t<\/span>\n\t\t<\/div>\n\t\t\t\t\t\t<\/div>\n\t\t\t\t<\/div>\n\t\t\t\t<div class=\"elementor-element elementor-element-285d8a7 elementor-widget elementor-widget-text-editor\" data-id=\"285d8a7\" data-element_type=\"widget\" data-e-type=\"widget\" data-widget_type=\"text-editor.default\">\n\t\t\t\t<div class=\"elementor-widget-container\">\n\t\t\t\t\t\t\t\t\t<p class=\"translation-block\">It is well known that surfaces coated with nano-TiO2 show self-cleaning activities under the influence of sunlight. Titanium dioxide coated surfaces are used also as a photocatalyst in our wall mounted model, but they are illuminated with ultraviolet light here.\nIn the air purifying device, there is a synergistic effect of two technologies.<\/p><p><b style=\"font-size: var(--bodyfontsize); letter-spacing: var(--bodyletterspacing); text-transform: var(--bodytexttransform);\">PCO (PhotoCatalytic Oxidation):<br \/><\/b><span style=\"background-color: var(--nv-site-bg); font-size: var(--bodyfontsize); letter-spacing: var(--bodyletterspacing); text-transform: var(--bodytexttransform);\">The indoor air circulated by the built-in fans flows through the device in contact with the photocatalyst plates. The plates are excited by UV light, whereupon the catalyst surfaces are activated and produce highly reactive hydroxyl radicals and superoxide ions on their surfaces. The resulting radicals attack the air pollutants like most organic pollutants (bacteria, viruses, mold and odors) and destroy them through oxidation.<\/span><\/p><p><strong>UVGI (Ultraviolet Germicidal Irradiation)<br \/><\/strong>The applied germicidal lamp is a special UV-C light source. The short-wavelength ultraviolet light in the UV-reactor chamber kill or inactivate microorganisms by disrupting their DNA and RNA. The applied UV light is used also to activate the photocatalyst.<\/p><p class=\"translation-block\">The following air purification process takes place on the surface coated with TiO2:<\/p>\t\t\t\t\t\t\t\t<\/div>\n\t\t\t\t<\/div>\n\t\t\t\t<div class=\"elementor-element elementor-element-ada335a elementor-widget elementor-widget-image\" data-id=\"ada335a\" data-element_type=\"widget\" data-e-type=\"widget\" data-widget_type=\"image.default\">\n\t\t\t\t<div class=\"elementor-widget-container\">\n\t\t\t\t\t\t\t\t\t\t\t\t\t\t\t<img loading=\"lazy\" decoding=\"async\" width=\"2048\" height=\"1340\" src=\"https:\/\/r-filter.hu\/wp-content\/uploads\/2021\/10\/fot.e.1.a.jpg\" class=\"attachment-2048x2048 size-2048x2048 wp-image-933\" alt=\"\" srcset=\"https:\/\/r-filter.hu\/wp-content\/uploads\/2021\/10\/fot.e.1.a.jpg 2059w, https:\/\/r-filter.hu\/wp-content\/uploads\/2021\/10\/fot.e.1.a-300x196.jpg 300w, https:\/\/r-filter.hu\/wp-content\/uploads\/2021\/10\/fot.e.1.a-1024x667.jpg 1024w, https:\/\/r-filter.hu\/wp-content\/uploads\/2021\/10\/fot.e.1.a-768x501.jpg 768w, https:\/\/r-filter.hu\/wp-content\/uploads\/2021\/10\/fot.e.1.a-1536x1001.jpg 1536w, https:\/\/r-filter.hu\/wp-content\/uploads\/2021\/10\/fot.e.1.a-2048x1335.jpg 2048w, https:\/\/r-filter.hu\/wp-content\/uploads\/2021\/10\/fot.e.1.a-18x12.jpg 18w\" sizes=\"(max-width: 2048px) 100vw, 2048px\" title=\"\">\t\t\t\t\t\t\t\t\t\t\t\t\t\t\t<\/div>\n\t\t\t\t<\/div>\n\t\t\t\t<div class=\"elementor-element elementor-element-e11169e elementor-widget elementor-widget-text-editor\" data-id=\"e11169e\" data-element_type=\"widget\" data-e-type=\"widget\" data-widget_type=\"text-editor.default\">\n\t\t\t\t<div class=\"elementor-widget-container\">\n\t\t\t\t\t\t\t\t\t<p class=\"translation-block\">The above coating is a semiconductor and when light of a certain wavelength strikes the surface of the titanium dioxide, electrons (e\u2013) are transferred from the valence band to the conduction band. At the same time, electron holes (h+) are formed in the valence band. The holes oxidize strongly, while the electrons have a strong reducing effect. From the water arise highly reactive hydroxyl radicals (\u00b7OH) and from the atmospheric oxygen reactive superoxide radicals (\u00b7O\u2082\u02c9). As a result, the pollutants are decomposed. The ultraviolet rays change the DNA structure of microorganisms and cause their destruction. Microbes and organics will be mineralized to water and carbon dioxide which is removed with the purified air. The TiO\u2082 coating does not wear out and remains permanently functional.<\/p><p><em>In a \"cross-sectional\" picture, the decomposition process of volatile organic compounds (VOCs):<\/em><\/p>\t\t\t\t\t\t\t\t<\/div>\n\t\t\t\t<\/div>\n\t\t\t\t<div class=\"elementor-element elementor-element-bcd7f4a elementor-widget elementor-widget-image\" data-id=\"bcd7f4a\" data-element_type=\"widget\" data-e-type=\"widget\" data-widget_type=\"image.default\">\n\t\t\t\t<div class=\"elementor-widget-container\">\n\t\t\t\t\t\t\t\t\t\t\t\t\t\t\t<img loading=\"lazy\" decoding=\"async\" width=\"2048\" height=\"1177\" src=\"https:\/\/r-filter.hu\/wp-content\/uploads\/2021\/10\/fot.e.2.a.jpg\" class=\"attachment-2048x2048 size-2048x2048 wp-image-934\" alt=\"\" srcset=\"https:\/\/r-filter.hu\/wp-content\/uploads\/2021\/10\/fot.e.2.a.jpg 1425w, https:\/\/r-filter.hu\/wp-content\/uploads\/2021\/10\/fot.e.2.a-300x169.jpg 300w, https:\/\/r-filter.hu\/wp-content\/uploads\/2021\/10\/fot.e.2.a-1024x578.jpg 1024w, https:\/\/r-filter.hu\/wp-content\/uploads\/2021\/10\/fot.e.2.a-768x434.jpg 768w, https:\/\/r-filter.hu\/wp-content\/uploads\/2021\/10\/fot.e.2.a-18x10.jpg 18w\" sizes=\"(max-width: 2048px) 100vw, 2048px\" title=\"\">\t\t\t\t\t\t\t\t\t\t\t\t\t\t\t<\/div>\n\t\t\t\t<\/div>\n\t\t\t\t\t<\/div>\n\t\t<\/div>\n\t\t\t\t<div class=\"elementor-column elementor-col-50 elementor-inner-column elementor-element elementor-element-32c5a0d\" data-id=\"32c5a0d\" data-element_type=\"column\" data-e-type=\"column\">\n\t\t\t<div class=\"elementor-widget-wrap elementor-element-populated\">\n\t\t\t\t\t\t<div class=\"elementor-element elementor-element-dd36dc0 elementor-widget elementor-widget-image\" data-id=\"dd36dc0\" data-element_type=\"widget\" data-e-type=\"widget\" data-widget_type=\"image.default\">\n\t\t\t\t<div class=\"elementor-widget-container\">\n\t\t\t\t\t\t\t\t\t\t\t\t\t\t\t<img loading=\"lazy\" decoding=\"async\" width=\"1024\" height=\"512\" src=\"https:\/\/r-filter.hu\/wp-content\/uploads\/2022\/10\/UVE4-1024x512.jpg\" class=\"attachment-large size-large wp-image-5299\" alt=\"R-Filter innovat\u00edv konyhai l\u00e9gkezel\u00e9s, zs\u00edrbont\u00e1s \u00e9s szagtalan\u00edt\u00e1s\" srcset=\"https:\/\/r-filter.hu\/wp-content\/uploads\/2022\/10\/UVE4-1024x512.jpg 1024w, https:\/\/r-filter.hu\/wp-content\/uploads\/2022\/10\/UVE4-300x150.jpg 300w, https:\/\/r-filter.hu\/wp-content\/uploads\/2022\/10\/UVE4-768x384.jpg 768w, https:\/\/r-filter.hu\/wp-content\/uploads\/2022\/10\/UVE4-18x9.jpg 18w, https:\/\/r-filter.hu\/wp-content\/uploads\/2022\/10\/UVE4.jpg 1200w\" sizes=\"(max-width: 1024px) 100vw, 1024px\" title=\"\">\t\t\t\t\t\t\t\t\t\t\t\t\t\t\t<\/div>\n\t\t\t\t<\/div>\n\t\t\t\t<div class=\"elementor-element elementor-element-2ee9c69 elementor-widget elementor-widget-text-editor\" data-id=\"2ee9c69\" data-element_type=\"widget\" data-e-type=\"widget\" data-widget_type=\"text-editor.default\">\n\t\t\t\t<div class=\"elementor-widget-container\">\n\t\t\t\t\t\t\t\t\t<strong><p style=\"color:#0000F3\">Features, benefits:<\/strong><\/p>\n\n<ul>\n \t<li>Synergistic effect of dual process (UVGI and PCO)<\/li>\n \t<li>Kills bacteria and viruses<\/li>\n \t<li>Odor control<\/li>\n \t<li>Does not contain any filter<\/li>\n \t<li>Works without chemicals<\/li>\n \t<li>Environmentally friendly<\/li>\n \t<li>Low energy costs, programmable cycle times<\/li>\n \t<li>Stainless steel housing, no risk of corrosion<\/li>\n \t<li>Minimal maintenance effort<\/li>\n \t<li>Easy installation<\/li>\n<\/ul>\t\t\t\t\t\t\t\t<\/div>\n\t\t\t\t<\/div>\n\t\t\t\t<div class=\"elementor-element elementor-element-9862255 elementor-widget elementor-widget-text-editor\" data-id=\"9862255\" data-element_type=\"widget\" data-e-type=\"widget\" data-widget_type=\"text-editor.default\">\n\t\t\t\t<div class=\"elementor-widget-container\">\n\t\t\t\t\t\t\t\t\t<p><strong>On request, we will send you device data sheets after registration under the menu item \"Contact\".<\/strong><\/p>\t\t\t\t\t\t\t\t<\/div>\n\t\t\t\t<\/div>\n\t\t\t\t\t<\/div>\n\t\t<\/div>\n\t\t\t\t\t<\/div>\n\t\t<\/section>\n\t\t\t\t<div class=\"elementor-element elementor-element-c7614fb elementor-widget elementor-widget-spacer\" data-id=\"c7614fb\" data-element_type=\"widget\" data-e-type=\"widget\" data-widget_type=\"spacer.default\">\n\t\t\t\t<div class=\"elementor-widget-container\">\n\t\t\t\t\t\t\t<div class=\"elementor-spacer\">\n\t\t\t<div class=\"elementor-spacer-inner\"><\/div>\n\t\t<\/div>\n\t\t\t\t\t\t<\/div>\n\t\t\t\t<\/div>\n\t\t\t\t\t<\/div>\n\t\t<\/div>\n\t\t\t\t\t<\/div>\n\t\t<\/section>\n\t\t\t\t<\/div>","protected":false},"excerpt":{"rendered":"<p>UVE FOTOKATALITIKUS FERT\u0150TLEN\u00cdT\u0150 \u00c9S SZAGTALAN\u00cdT\u00d3 UVE 110KUC R\u00e9szletek UVE 110KUB R\u00e9szletek UVE 220KUC R\u00e9szletek UVE 220KUB R\u00e9szletek Az UVE fotokataliz\u00e1toros fert\u0151tlen\u00edt\u0151 \u00e9s szagtalan\u00edt\u00f3 k\u00e9sz\u00fcl\u00e9ket fokozottan terhelt \u00e9s ig\u00e9nybevett k\u00f6z\u00f6ss\u00e9gi terek fert\u0151tlen\u00edt\u00e9s\u00e9re \u00e9s szagtalan\u00edt\u00e1s\u00e1ra fejlesztett\u00fck ki.K\u00f6z\u00f6ss\u00e9gi helyis\u00e9gek, irod\u00e1k, orvosi v\u00e1r\u00f3szob\u00e1k, \u00e9lelmiszeripari \u00e9s egy\u00e9b kereskedelmi \u00fczletek, \u00e9ttermek, sz\u00e1llod\u00e1k, laborok, doh\u00e1nyz\u00f3 helyis\u00e9gek, mell\u00e9khelyis\u00e9gek.A k\u00e9sz\u00fcl\u00e9k minden\u00fctt bevethet\u0151, ahol az&hellip;&nbsp;<a href=\"https:\/\/r-filter.hu\/en\/uve\/\" rel=\"bookmark\">Read More &raquo;<span class=\"screen-reader-text\">UVE<\/span><\/a><\/p>","protected":false},"author":2,"featured_media":0,"parent":0,"menu_order":0,"comment_status":"closed","ping_status":"closed","template":"","meta":{"neve_meta_sidebar":"full-width","neve_meta_container":"","neve_meta_enable_content_width":"on","neve_meta_content_width":100,"neve_meta_title_alignment":"","neve_meta_author_avatar":"","neve_post_elements_order":"","neve_meta_disable_header":"","neve_meta_disable_footer":"","neve_meta_disable_title":"","neve_meta_reading_time":"","_themeisle_gutenberg_block_has_review":false,"_ti_tpc_template_sync":false,"_ti_tpc_template_id":"","footnotes":""},"class_list":["post-1405","page","type-page","status-publish","hentry"],"_links":{"self":[{"href":"https:\/\/r-filter.hu\/en\/wp-json\/wp\/v2\/pages\/1405","targetHints":{"allow":["GET"]}}],"collection":[{"href":"https:\/\/r-filter.hu\/en\/wp-json\/wp\/v2\/pages"}],"about":[{"href":"https:\/\/r-filter.hu\/en\/wp-json\/wp\/v2\/types\/page"}],"author":[{"embeddable":true,"href":"https:\/\/r-filter.hu\/en\/wp-json\/wp\/v2\/users\/2"}],"replies":[{"embeddable":true,"href":"https:\/\/r-filter.hu\/en\/wp-json\/wp\/v2\/comments?post=1405"}],"version-history":[{"count":175,"href":"https:\/\/r-filter.hu\/en\/wp-json\/wp\/v2\/pages\/1405\/revisions"}],"predecessor-version":[{"id":7373,"href":"https:\/\/r-filter.hu\/en\/wp-json\/wp\/v2\/pages\/1405\/revisions\/7373"}],"wp:attachment":[{"href":"https:\/\/r-filter.hu\/en\/wp-json\/wp\/v2\/media?parent=1405"}],"curies":[{"name":"wp","href":"https:\/\/api.w.org\/{rel}","templated":true}]}}