{"id":1559,"date":"2021-04-14T11:27:26","date_gmt":"2021-04-14T11:27:26","guid":{"rendered":"https:\/\/r-filter.hu\/?page_id=1559"},"modified":"2023-12-05T13:22:29","modified_gmt":"2023-12-05T13:22:29","slug":"uvo","status":"publish","type":"page","link":"https:\/\/r-filter.hu\/en\/uvo\/","title":{"rendered":"UVO"},"content":{"rendered":"<div data-elementor-type=\"wp-page\" data-elementor-id=\"1559\" class=\"elementor elementor-1559\" data-elementor-post-type=\"page\">\n\t\t\t\t\t\t<section class=\"elementor-section elementor-top-section elementor-element elementor-element-d0f84e1 elementor-section-boxed elementor-section-height-default elementor-section-height-default\" data-id=\"d0f84e1\" data-element_type=\"section\" data-e-type=\"section\">\n\t\t\t\t\t\t<div class=\"elementor-container elementor-column-gap-default\">\n\t\t\t\t\t<div class=\"elementor-column elementor-col-100 elementor-top-column elementor-element elementor-element-466f87e\" data-id=\"466f87e\" data-element_type=\"column\" data-e-type=\"column\" data-settings=\"{&quot;background_background&quot;:&quot;classic&quot;}\">\n\t\t\t<div class=\"elementor-widget-wrap elementor-element-populated\">\n\t\t\t\t\t\t<div class=\"elementor-element elementor-element-bc911e5 elementor-widget elementor-widget-heading\" data-id=\"bc911e5\" data-element_type=\"widget\" data-e-type=\"widget\" data-widget_type=\"heading.default\">\n\t\t\t\t<div class=\"elementor-widget-container\">\n\t\t\t\t\t<h1 class=\"elementor-heading-title elementor-size-default\">UVO OZONIZER<\/h1>\t\t\t\t<\/div>\n\t\t\t\t<\/div>\n\t\t\t\t<div class=\"elementor-element elementor-element-31b89f9 elementor-widget-divider--view-line elementor-widget elementor-widget-divider\" data-id=\"31b89f9\" data-element_type=\"widget\" data-e-type=\"widget\" data-widget_type=\"divider.default\">\n\t\t\t\t<div class=\"elementor-widget-container\">\n\t\t\t\t\t\t\t<div class=\"elementor-divider\">\n\t\t\t<span class=\"elementor-divider-separator\">\n\t\t\t\t\t\t<\/span>\n\t\t<\/div>\n\t\t\t\t\t\t<\/div>\n\t\t\t\t<\/div>\n\t\t\t\t\t<\/div>\n\t\t<\/div>\n\t\t\t\t\t<\/div>\n\t\t<\/section>\n\t\t\t\t<section class=\"elementor-section elementor-top-section elementor-element elementor-element-a694091 elementor-section-boxed elementor-section-height-default elementor-section-height-default\" data-id=\"a694091\" data-element_type=\"section\" data-e-type=\"section\">\n\t\t\t\t\t\t<div class=\"elementor-container elementor-column-gap-default\">\n\t\t\t\t\t<div class=\"elementor-column elementor-col-50 elementor-top-column elementor-element elementor-element-b29f387\" data-id=\"b29f387\" data-element_type=\"column\" data-e-type=\"column\">\n\t\t\t<div class=\"elementor-widget-wrap elementor-element-populated\">\n\t\t\t\t\t\t<div class=\"elementor-element elementor-element-a2fc30d elementor-widget elementor-widget-image\" data-id=\"a2fc30d\" data-element_type=\"widget\" data-e-type=\"widget\" data-widget_type=\"image.default\">\n\t\t\t\t<div class=\"elementor-widget-container\">\n\t\t\t\t\t\t\t\t\t\t\t\t<figure class=\"wp-caption\">\n\t\t\t\t\t\t\t\t\t\t<img decoding=\"async\" width=\"150\" height=\"150\" src=\"https:\/\/r-filter.hu\/wp-content\/uploads\/2021\/05\/UVO.185-150x150.jpg\" class=\"attachment-thumbnail size-thumbnail wp-image-1776\" alt=\"\" title=\"\">\t\t\t\t\t\t\t\t\t\t\t<figcaption class=\"widget-image-caption wp-caption-text\">UVO 140<\/figcaption>\n\t\t\t\t\t\t\t\t\t\t<\/figure>\n\t\t\t\t\t\t\t\t\t<\/div>\n\t\t\t\t<\/div>\n\t\t\t\t<div class=\"elementor-element elementor-element-f7977cd elementor-align-center elementor-widget elementor-widget-button\" data-id=\"f7977cd\" data-element_type=\"widget\" data-e-type=\"widget\" data-widget_type=\"button.default\">\n\t\t\t\t<div class=\"elementor-widget-container\">\n\t\t\t\t\t\t\t\t\t<div class=\"elementor-button-wrapper\">\n\t\t\t\t\t<a class=\"elementor-button elementor-button-link elementor-size-sm elementor-animation-shrink\" href=\"https:\/\/r-filter.hu\/en\/uvo140\/\" target=\"_blank\">\n\t\t\t\t\t\t<span class=\"elementor-button-content-wrapper\">\n\t\t\t\t\t\t\t\t\t<span class=\"elementor-button-text\">Details<\/span>\n\t\t\t\t\t<\/span>\n\t\t\t\t\t<\/a>\n\t\t\t\t<\/div>\n\t\t\t\t\t\t\t\t<\/div>\n\t\t\t\t<\/div>\n\t\t\t\t\t<\/div>\n\t\t<\/div>\n\t\t\t\t<div class=\"elementor-column elementor-col-50 elementor-top-column elementor-element elementor-element-78ed62d\" data-id=\"78ed62d\" data-element_type=\"column\" data-e-type=\"column\">\n\t\t\t<div class=\"elementor-widget-wrap elementor-element-populated\">\n\t\t\t\t\t\t<div class=\"elementor-element elementor-element-f6e2175 elementor-widget elementor-widget-image\" data-id=\"f6e2175\" data-element_type=\"widget\" data-e-type=\"widget\" data-widget_type=\"image.default\">\n\t\t\t\t<div class=\"elementor-widget-container\">\n\t\t\t\t\t\t\t\t\t\t\t\t<figure class=\"wp-caption\">\n\t\t\t\t\t\t\t\t\t\t<img decoding=\"async\" width=\"150\" height=\"150\" src=\"https:\/\/r-filter.hu\/wp-content\/uploads\/2022\/01\/UVO210.52-150x150.jpg\" class=\"attachment-thumbnail size-thumbnail wp-image-3743\" alt=\"\" title=\"\">\t\t\t\t\t\t\t\t\t\t\t<figcaption class=\"widget-image-caption wp-caption-text\">UVO 210<\/figcaption>\n\t\t\t\t\t\t\t\t\t\t<\/figure>\n\t\t\t\t\t\t\t\t\t<\/div>\n\t\t\t\t<\/div>\n\t\t\t\t<div class=\"elementor-element elementor-element-c896cf0 elementor-align-center elementor-widget elementor-widget-button\" data-id=\"c896cf0\" data-element_type=\"widget\" data-e-type=\"widget\" data-widget_type=\"button.default\">\n\t\t\t\t<div class=\"elementor-widget-container\">\n\t\t\t\t\t\t\t\t\t<div class=\"elementor-button-wrapper\">\n\t\t\t\t\t<a class=\"elementor-button elementor-button-link elementor-size-sm elementor-animation-shrink\" href=\"https:\/\/r-filter.hu\/en\/uvo210\/\" target=\"_blank\">\n\t\t\t\t\t\t<span class=\"elementor-button-content-wrapper\">\n\t\t\t\t\t\t\t\t\t<span class=\"elementor-button-text\">Details<\/span>\n\t\t\t\t\t<\/span>\n\t\t\t\t\t<\/a>\n\t\t\t\t<\/div>\n\t\t\t\t\t\t\t\t<\/div>\n\t\t\t\t<\/div>\n\t\t\t\t\t<\/div>\n\t\t<\/div>\n\t\t\t\t\t<\/div>\n\t\t<\/section>\n\t\t\t\t<section class=\"elementor-section elementor-top-section elementor-element elementor-element-e11548e elementor-section-boxed elementor-section-height-default elementor-section-height-default\" data-id=\"e11548e\" data-element_type=\"section\" data-e-type=\"section\">\n\t\t\t\t\t\t<div class=\"elementor-container elementor-column-gap-default\">\n\t\t\t\t\t<div class=\"elementor-column elementor-col-100 elementor-top-column elementor-element elementor-element-710cbfa\" data-id=\"710cbfa\" data-element_type=\"column\" data-e-type=\"column\">\n\t\t\t<div class=\"elementor-widget-wrap elementor-element-populated\">\n\t\t\t\t\t\t<section class=\"elementor-section elementor-inner-section elementor-element elementor-element-cdff24b elementor-section-boxed elementor-section-height-default elementor-section-height-default\" data-id=\"cdff24b\" data-element_type=\"section\" data-e-type=\"section\">\n\t\t\t\t\t\t<div class=\"elementor-container elementor-column-gap-default\">\n\t\t\t\t\t<div class=\"elementor-column elementor-col-50 elementor-inner-column elementor-element elementor-element-98182e4\" data-id=\"98182e4\" data-element_type=\"column\" data-e-type=\"column\">\n\t\t\t<div class=\"elementor-widget-wrap elementor-element-populated\">\n\t\t\t\t\t\t<div class=\"elementor-element elementor-element-1053a35 elementor-widget elementor-widget-text-editor\" data-id=\"1053a35\" data-element_type=\"widget\" data-e-type=\"widget\" data-widget_type=\"text-editor.default\">\n\t\t\t\t<div class=\"elementor-widget-container\">\n\t\t\t\t\t\t\t\t\t<p>Ozone treatment of indoor air is now a very common, widely used air purification and disinfection process. Our devices use VUV light for ozone production, rather than corona discharge. We do not need to use air preparation systems (air dryer or oxygen concentrator) that require extra costs and maintenance. The UV ozone generator, unlike the corona discharge generator, does not produce harmful nitrogen by-products and works extremely well even in humid air. In our case, the electrons connect the ozone molecule in bonding molecular orbital, while in the case of corona discharge, they mostly circulate in an anti-bonding orbital. In the latter case, ozone molecules do have higher energy, but they can be dangerous, as they can exert their decomposition properties unexpectedly and with great force even where we did not expect it.<br \/>The main advantage of ozone compared to other treatment methods for air disinfection is its ability to treat efficiently large air volumes. A gas that can reach every corners of the room, so it can disinfect the entire room effectively. It is characterized by very strong oxidizing and good penetration ability. As ozone gas is unstable, unreacted ozone converts quickly back into its original form, oxygen (O2), leaving behind no harmful by-products after the disinfection. <strong>It is recommended for use in apartments, industrial buildings, restaurant kitchens, doctor's offices, changing rooms and gyms, food storage rooms and all rooms where there is a need for clean air free of pathogens and unpleasant odors.<\/strong><\/p>\t\t\t\t\t\t\t\t<\/div>\n\t\t\t\t<\/div>\n\t\t\t\t<div class=\"elementor-element elementor-element-61dbcc6 elementor-widget elementor-widget-text-editor\" data-id=\"61dbcc6\" data-element_type=\"widget\" data-e-type=\"widget\" data-widget_type=\"text-editor.default\">\n\t\t\t\t<div class=\"elementor-widget-container\">\n\t\t\t\t\t\t\t\t\t<p><strong>Functional principle<\/strong><\/p>\t\t\t\t\t\t\t\t<\/div>\n\t\t\t\t<\/div>\n\t\t\t\t<div class=\"elementor-element elementor-element-8f6c6d8 elementor-widget-divider--view-line elementor-widget elementor-widget-divider\" data-id=\"8f6c6d8\" data-element_type=\"widget\" data-e-type=\"widget\" data-widget_type=\"divider.default\">\n\t\t\t\t<div class=\"elementor-widget-container\">\n\t\t\t\t\t\t\t<div class=\"elementor-divider\">\n\t\t\t<span class=\"elementor-divider-separator\">\n\t\t\t\t\t\t<\/span>\n\t\t<\/div>\n\t\t\t\t\t\t<\/div>\n\t\t\t\t<\/div>\n\t\t\t\t<div class=\"elementor-element elementor-element-4fd7ae5 elementor-widget elementor-widget-text-editor\" data-id=\"4fd7ae5\" data-element_type=\"widget\" data-e-type=\"widget\" data-widget_type=\"text-editor.default\">\n\t\t\t\t<div class=\"elementor-widget-container\">\n\t\t\t\t\t\t\t\t\t<p>Large amount of ozone is produced in the reactor chamber from the oxygen content of the ambient air using VUV lamps tuned to a wavelength of 185 nm:<\/p>\t\t\t\t\t\t\t\t<\/div>\n\t\t\t\t<\/div>\n\t\t\t\t<div class=\"elementor-element elementor-element-02b3e2c elementor-widget elementor-widget-image\" data-id=\"02b3e2c\" data-element_type=\"widget\" data-e-type=\"widget\" data-widget_type=\"image.default\">\n\t\t\t\t<div class=\"elementor-widget-container\">\n\t\t\t\t\t\t\t\t\t\t\t\t\t\t\t<img fetchpriority=\"high\" decoding=\"async\" width=\"1415\" height=\"822\" src=\"https:\/\/r-filter.hu\/wp-content\/uploads\/2021\/11\/O3en.jpg\" class=\"attachment-2048x2048 size-2048x2048 wp-image-3503\" alt=\"\" srcset=\"https:\/\/r-filter.hu\/wp-content\/uploads\/2021\/11\/O3en.jpg 1412w, https:\/\/r-filter.hu\/wp-content\/uploads\/2021\/11\/O3en-300x181.jpg 300w, https:\/\/r-filter.hu\/wp-content\/uploads\/2021\/11\/O3en-1024x617.jpg 1024w, https:\/\/r-filter.hu\/wp-content\/uploads\/2021\/11\/O3en-768x463.jpg 768w, https:\/\/r-filter.hu\/wp-content\/uploads\/2021\/11\/O3en-18x12.jpg 18w\" sizes=\"(max-width: 1415px) 100vw, 1415px\" title=\"\">\t\t\t\t\t\t\t\t\t\t\t\t\t\t\t<\/div>\n\t\t\t\t<\/div>\n\t\t\t\t<div class=\"elementor-element elementor-element-bb9e9b9 elementor-widget elementor-widget-text-editor\" data-id=\"bb9e9b9\" data-element_type=\"widget\" data-e-type=\"widget\" data-widget_type=\"text-editor.default\">\n\t\t\t\t<div class=\"elementor-widget-container translation-block\">A single oxygen atom (O) is formed by photolysis when vacuum UV radiation in the 185nm waveband splits the oxygen molecule (O\u2082) into two oxygen atoms. It then easily combines with an oxygen molecule (O\u2082) to form an ozone molecule (O\u2083). Ozone is an unstable molecule due to a weak bond that holds the third oxygen atom. This instability naturally makes ozone a strong oxidising disinfectant and deodoriser. Oxidation occurs when ozone molecules come into contact with oxidisable substances, including microorganisms (pathogenic bacteria, viruses and moulds) as well as organic and inorganic compounds. Some examples of the deodorising effect of ozone:<\/div>\n\t\t\t\t<\/div>\n\t\t\t\t<div class=\"elementor-element elementor-element-cb6b1ab elementor-widget elementor-widget-text-editor\" data-id=\"cb6b1ab\" data-element_type=\"widget\" data-e-type=\"widget\" data-widget_type=\"text-editor.default\">\n\t\t\t\t<div class=\"elementor-widget-container\">\n\t\t\t\t\t\t\t\t\t<p class=\"translation-block\">Formaldehyde (CH2O) as cause of a \u201enew-building disease\u201d: CH2O + 2O3 = CO2 + H2O + 2O2<\/p><p class=\"translation-block\">Smell of rotten eggs (hydrogen sulfide H2S): H2S + O3 = SO2 + H2O<\/p><p class=\"translation-block\">Smell of toilet (ammonia NH3): 2NH3 + O3 = 3H2O + N2<\/p>\t\t\t\t\t\t\t\t<\/div>\n\t\t\t\t<\/div>\n\t\t\t\t<div class=\"elementor-element elementor-element-cc17524 elementor-widget elementor-widget-text-editor\" data-id=\"cc17524\" data-element_type=\"widget\" data-e-type=\"widget\" data-widget_type=\"text-editor.default\">\n\t\t\t\t<div class=\"elementor-widget-container\">\n\t\t\t\t\t\t\t\t\t<p>The radiation of the used VUV lamps (185nm + 254nm) not only allows ozone production, but also irradiated UV-C light at 254nm, have a strong germicidal, i.e. disinfecting, bactericidal effect. The synergistic combination of 185nm and 254nm radiation is very effective on the destruction of bacteria and viruses.<\/p><p class=\"translation-block\">Once the amount of ozone to be introduced into the room to be treated has been entered, the ozone generation lamps are automatically switched off after the timed treatment process has been completed. Only the fans remain in operation to help break down the remaining ozone that is not used in the treatment. The ozone produced by the R-FILTER quickly converts back to its original form, oxygen (O2), with a half-life of up to 30-50 minutes when not involved in treatment processes, leaving no harmful residue. The higher the temperature and humidity of the room to be treated and the more dynamic the air flow, the shorter the half-life and the quicker you can enter the treated room. Once the treatment is complete, the device runs the fans for a further 4 hours, which increases the decomposition of the residual ozone not used in the treatment. When you then enter the treated room, you must immediately ventilate it well.<\/p>\t\t\t\t\t\t\t\t<\/div>\n\t\t\t\t<\/div>\n\t\t\t\t\t<\/div>\n\t\t<\/div>\n\t\t\t\t<div class=\"elementor-column elementor-col-50 elementor-inner-column elementor-element elementor-element-28411cf\" data-id=\"28411cf\" data-element_type=\"column\" data-e-type=\"column\">\n\t\t\t<div class=\"elementor-widget-wrap elementor-element-populated\">\n\t\t\t\t\t\t<div class=\"elementor-element elementor-element-0901bf2 elementor-widget elementor-widget-image\" data-id=\"0901bf2\" data-element_type=\"widget\" data-e-type=\"widget\" data-widget_type=\"image.default\">\n\t\t\t\t<div class=\"elementor-widget-container\">\n\t\t\t\t\t\t\t\t\t\t\t\t\t\t\t<img loading=\"lazy\" decoding=\"async\" width=\"1024\" height=\"512\" src=\"https:\/\/r-filter.hu\/wp-content\/uploads\/2022\/10\/UVO2-1024x512.jpg\" class=\"attachment-large size-large wp-image-5304\" alt=\"R-Filter innovat\u00edv konyhai l\u00e9gkezel\u00e9s, zs\u00edrbont\u00e1s \u00e9s szagtalan\u00edt\u00e1s\" srcset=\"https:\/\/r-filter.hu\/wp-content\/uploads\/2022\/10\/UVO2-1024x512.jpg 1024w, https:\/\/r-filter.hu\/wp-content\/uploads\/2022\/10\/UVO2-300x150.jpg 300w, https:\/\/r-filter.hu\/wp-content\/uploads\/2022\/10\/UVO2-768x384.jpg 768w, https:\/\/r-filter.hu\/wp-content\/uploads\/2022\/10\/UVO2-18x9.jpg 18w, https:\/\/r-filter.hu\/wp-content\/uploads\/2022\/10\/UVO2.jpg 1200w\" sizes=\"(max-width: 1024px) 100vw, 1024px\" title=\"\">\t\t\t\t\t\t\t\t\t\t\t\t\t\t\t<\/div>\n\t\t\t\t<\/div>\n\t\t\t\t<div class=\"elementor-element elementor-element-2360aa6 elementor-widget elementor-widget-text-editor\" data-id=\"2360aa6\" data-element_type=\"widget\" data-e-type=\"widget\" data-widget_type=\"text-editor.default\">\n\t\t\t\t<div class=\"elementor-widget-container\">\n\t\t\t\t\t\t\t\t\t<strong><p style=\"color:#0000F3\">Features, benefits:<\/strong><p>\n<ul>\n \t<li>disinfect the indoor air and surfaces effectively<\/li>\n \t<li>automatic ozone decomposition cycle<\/li>\n \t<li>program adjustable to room size (up to 1000m3)<\/li>\n \t<li>combined effect of  photolysis and ozonolysis<\/li>\n \t<li>unlike corona discharge models, it does not produce nitrogen dioxide<\/li>\n \t<li>not sensitive to the humidity<\/li>\n \t<li>portable device<\/li>\n \t<li>cost-efficient<\/li>\n \t<li>minimal maintenance, chemical-free disinfection<\/li>\n<\/ul>\t\t\t\t\t\t\t\t<\/div>\n\t\t\t\t<\/div>\n\t\t\t\t<div class=\"elementor-element elementor-element-c465946 elementor-widget elementor-widget-text-editor\" data-id=\"c465946\" data-element_type=\"widget\" data-e-type=\"widget\" data-widget_type=\"text-editor.default\">\n\t\t\t\t<div class=\"elementor-widget-container\">\n\t\t\t\t\t\t\t\t\t<p><strong>On request, we will send you device data sheets after registration under the menu item \"Contact\".<\/strong><\/p>\t\t\t\t\t\t\t\t<\/div>\n\t\t\t\t<\/div>\n\t\t\t\t\t<\/div>\n\t\t<\/div>\n\t\t\t\t\t<\/div>\n\t\t<\/section>\n\t\t\t\t\t<\/div>\n\t\t<\/div>\n\t\t\t\t\t<\/div>\n\t\t<\/section>\n\t\t\t\t<\/div>","protected":false},"excerpt":{"rendered":"<p>UVO \u00d3ZONIZ\u00c1TOR UVO 140 R\u00e9szletek UVO 210 R\u00e9szletek A belt\u00e9ri leveg\u0151 \u00f3zonkezel\u00e9se ma m\u00e1r igen elterjedt, sz\u00e9les k\u00f6rben alkalmazott l\u00e9gtiszt\u00edt\u00f3, fert\u0151tlen\u00edt\u0151 elj\u00e1r\u00e1s. K\u00e9sz\u00fcl\u00e9keink az \u00f3zontermel\u00e9sre VUV f\u00e9nyt haszn\u00e1lnak, nem pedig koronakis\u00fcl\u00e9st. Nem kell extra k\u00f6lts\u00e9geket \u00e9s karbantart\u00e1st ig\u00e9nyl\u0151 leveg\u0151 el\u0151k\u00e9sz\u00edt\u0151 rendszereket (l\u00e9gsz\u00e1r\u00edt\u00f3t vagy oxig\u00e9nkoncentr\u00e1tort) haszn\u00e1lnunk. Az UV \u00f3zoniz\u00e1tor, a koronakis\u00fcl\u00e9ses gener\u00e1torral ellent\u00e9tben, nem termel k\u00e1ros&hellip;&nbsp;<a href=\"https:\/\/r-filter.hu\/en\/uvo\/\" rel=\"bookmark\">Read More &raquo;<span class=\"screen-reader-text\">UVO<\/span><\/a><\/p>","protected":false},"author":2,"featured_media":0,"parent":0,"menu_order":0,"comment_status":"closed","ping_status":"closed","template":"","meta":{"neve_meta_sidebar":"full-width","neve_meta_container":"","neve_meta_enable_content_width":"on","neve_meta_content_width":100,"neve_meta_title_alignment":"","neve_meta_author_avatar":"","neve_post_elements_order":"","neve_meta_disable_header":"","neve_meta_disable_footer":"","neve_meta_disable_title":"","neve_meta_reading_time":"","_themeisle_gutenberg_block_has_review":false,"_ti_tpc_template_sync":false,"_ti_tpc_template_id":"","footnotes":""},"class_list":["post-1559","page","type-page","status-publish","hentry"],"_links":{"self":[{"href":"https:\/\/r-filter.hu\/en\/wp-json\/wp\/v2\/pages\/1559","targetHints":{"allow":["GET"]}}],"collection":[{"href":"https:\/\/r-filter.hu\/en\/wp-json\/wp\/v2\/pages"}],"about":[{"href":"https:\/\/r-filter.hu\/en\/wp-json\/wp\/v2\/types\/page"}],"author":[{"embeddable":true,"href":"https:\/\/r-filter.hu\/en\/wp-json\/wp\/v2\/users\/2"}],"replies":[{"embeddable":true,"href":"https:\/\/r-filter.hu\/en\/wp-json\/wp\/v2\/comments?post=1559"}],"version-history":[{"count":113,"href":"https:\/\/r-filter.hu\/en\/wp-json\/wp\/v2\/pages\/1559\/revisions"}],"predecessor-version":[{"id":7625,"href":"https:\/\/r-filter.hu\/en\/wp-json\/wp\/v2\/pages\/1559\/revisions\/7625"}],"wp:attachment":[{"href":"https:\/\/r-filter.hu\/en\/wp-json\/wp\/v2\/media?parent=1559"}],"curies":[{"name":"wp","href":"https:\/\/api.w.org\/{rel}","templated":true}]}}