{"id":1610,"date":"2021-04-28T10:49:03","date_gmt":"2021-04-28T10:49:03","guid":{"rendered":"https:\/\/r-filter.hu\/?page_id=1610"},"modified":"2023-07-07T07:39:36","modified_gmt":"2023-07-07T07:39:36","slug":"uvt800","status":"publish","type":"page","link":"https:\/\/r-filter.hu\/en\/uvt800\/","title":{"rendered":"UVT"},"content":{"rendered":"<div data-elementor-type=\"wp-page\" data-elementor-id=\"1610\" class=\"elementor elementor-1610\" data-elementor-post-type=\"page\">\n\t\t\t\t\t\t<section class=\"elementor-section elementor-top-section elementor-element elementor-element-616e3ea elementor-section-boxed elementor-section-height-default elementor-section-height-default\" data-id=\"616e3ea\" data-element_type=\"section\" data-e-type=\"section\">\n\t\t\t\t\t\t<div class=\"elementor-container elementor-column-gap-default\">\n\t\t\t\t\t<div class=\"elementor-column elementor-col-100 elementor-top-column elementor-element elementor-element-965c506\" data-id=\"965c506\" data-element_type=\"column\" data-e-type=\"column\" data-settings=\"{&quot;background_background&quot;:&quot;classic&quot;}\">\n\t\t\t<div class=\"elementor-widget-wrap elementor-element-populated\">\n\t\t\t\t\t\t<div class=\"elementor-element elementor-element-2a7c07b elementor-widget elementor-widget-heading\" data-id=\"2a7c07b\" data-element_type=\"widget\" data-e-type=\"widget\" data-widget_type=\"heading.default\">\n\t\t\t\t<div class=\"elementor-widget-container\">\n\t\t\t\t\t<h1 class=\"elementor-heading-title elementor-size-default\">UVT<\/h1>\t\t\t\t<\/div>\n\t\t\t\t<\/div>\n\t\t\t\t<div class=\"elementor-element elementor-element-a0c4e83 elementor-widget-divider--view-line elementor-widget elementor-widget-divider\" data-id=\"a0c4e83\" data-element_type=\"widget\" data-e-type=\"widget\" data-widget_type=\"divider.default\">\n\t\t\t\t<div class=\"elementor-widget-container\">\n\t\t\t\t\t\t\t<div class=\"elementor-divider\">\n\t\t\t<span class=\"elementor-divider-separator\">\n\t\t\t\t\t\t<\/span>\n\t\t<\/div>\n\t\t\t\t\t\t<\/div>\n\t\t\t\t<\/div>\n\t\t\t\t\t<\/div>\n\t\t<\/div>\n\t\t\t\t\t<\/div>\n\t\t<\/section>\n\t\t\t\t<section class=\"elementor-section elementor-top-section elementor-element elementor-element-3f6f6979 elementor-section-boxed elementor-section-height-default elementor-section-height-default\" data-id=\"3f6f6979\" data-element_type=\"section\" data-e-type=\"section\">\n\t\t\t\t\t\t<div class=\"elementor-container elementor-column-gap-default\">\n\t\t\t\t\t<div class=\"elementor-column elementor-col-100 elementor-top-column elementor-element elementor-element-1a1a20b8\" data-id=\"1a1a20b8\" data-element_type=\"column\" data-e-type=\"column\">\n\t\t\t<div class=\"elementor-widget-wrap elementor-element-populated\">\n\t\t\t\t\t\t<section class=\"elementor-section elementor-inner-section elementor-element elementor-element-9d5341d elementor-section-boxed elementor-section-height-default elementor-section-height-default\" data-id=\"9d5341d\" data-element_type=\"section\" data-e-type=\"section\">\n\t\t\t\t\t\t<div class=\"elementor-container elementor-column-gap-default\">\n\t\t\t\t\t<div class=\"elementor-column elementor-col-50 elementor-inner-column elementor-element elementor-element-08c504a\" data-id=\"08c504a\" data-element_type=\"column\" data-e-type=\"column\">\n\t\t\t<div class=\"elementor-widget-wrap elementor-element-populated\">\n\t\t\t\t\t\t<div class=\"elementor-element elementor-element-1023c3b elementor-widget elementor-widget-text-editor\" data-id=\"1023c3b\" data-element_type=\"widget\" data-e-type=\"widget\" data-widget_type=\"text-editor.default\">\n\t\t\t\t<div class=\"elementor-widget-container\">\n\t\t\t\t\t\t\t\t\t<p><strong>Indoor air treatment in closed rooms (hospitals, industrial plants, vegetable storage, etc.)<\/strong><\/p>\t\t\t\t\t\t\t\t<\/div>\n\t\t\t\t<\/div>\n\t\t\t\t<div class=\"elementor-element elementor-element-6aede47 elementor-widget-divider--view-line elementor-widget elementor-widget-divider\" data-id=\"6aede47\" data-element_type=\"widget\" data-e-type=\"widget\" data-widget_type=\"divider.default\">\n\t\t\t\t<div class=\"elementor-widget-container\">\n\t\t\t\t\t\t\t<div class=\"elementor-divider\">\n\t\t\t<span class=\"elementor-divider-separator\">\n\t\t\t\t\t\t<\/span>\n\t\t<\/div>\n\t\t\t\t\t\t<\/div>\n\t\t\t\t<\/div>\n\t\t\t\t<div class=\"elementor-element elementor-element-e23b00b elementor-widget elementor-widget-text-editor\" data-id=\"e23b00b\" data-element_type=\"widget\" data-e-type=\"widget\" data-widget_type=\"text-editor.default\">\n\t\t\t\t<div class=\"elementor-widget-container\">\n\t\t\t\t\t\t\t\t\t<p>The fan of the device circulates the air to be disinfected, while germ-killing UV lamps destroy the airborne pathogens (viruses, bacteria, fungal spores) by the help of the photocatalyst. The device is mounted to the ceiling.<\/p>\t\t\t\t\t\t\t\t<\/div>\n\t\t\t\t<\/div>\n\t\t\t\t<div class=\"elementor-element elementor-element-efd0dc9 elementor-widget elementor-widget-text-editor\" data-id=\"efd0dc9\" data-element_type=\"widget\" data-e-type=\"widget\" data-widget_type=\"text-editor.default\">\n\t\t\t\t<div class=\"elementor-widget-container\">\n\t\t\t\t\t\t\t\t\t<p><strong>Functional principle<\/strong><\/p>\t\t\t\t\t\t\t\t<\/div>\n\t\t\t\t<\/div>\n\t\t\t\t<div class=\"elementor-element elementor-element-5896186 elementor-widget-divider--view-line elementor-widget elementor-widget-divider\" data-id=\"5896186\" data-element_type=\"widget\" data-e-type=\"widget\" data-widget_type=\"divider.default\">\n\t\t\t\t<div class=\"elementor-widget-container\">\n\t\t\t\t\t\t\t<div class=\"elementor-divider\">\n\t\t\t<span class=\"elementor-divider-separator\">\n\t\t\t\t\t\t<\/span>\n\t\t<\/div>\n\t\t\t\t\t\t<\/div>\n\t\t\t\t<\/div>\n\t\t\t\t<div class=\"elementor-element elementor-element-46c273d elementor-widget elementor-widget-text-editor\" data-id=\"46c273d\" data-element_type=\"widget\" data-e-type=\"widget\" data-widget_type=\"text-editor.default\">\n\t\t\t\t<div class=\"elementor-widget-container\">\n\t\t\t\t\t\t\t\t\t<p class=\"translation-block\">In our ceiling-mounted, for industrial use developed disinfection equipment, we also use titanium dioxide-coated surfac as photocatalysts. The synergistic effect of UV-C light and TiO2 photocatalyst is used. There are fans in the device to circulate the air in the room, to be disinfected end deodorized. The air is first exposed to a disinfecting UV-C light, then flows touching the UV light-activated photocatalyst.<\/p>\n<p class=\"translation-block\">The following air purification process takes place on the surface coated with TiO2:<\/p>\t\t\t\t\t\t\t\t<\/div>\n\t\t\t\t<\/div>\n\t\t\t\t<div class=\"elementor-element elementor-element-a600c9e elementor-widget elementor-widget-image\" data-id=\"a600c9e\" data-element_type=\"widget\" data-e-type=\"widget\" data-widget_type=\"image.default\">\n\t\t\t\t<div class=\"elementor-widget-container\">\n\t\t\t\t\t\t\t\t\t\t\t\t\t\t\t<img fetchpriority=\"high\" decoding=\"async\" width=\"1024\" height=\"670\" src=\"https:\/\/r-filter.hu\/wp-content\/uploads\/2021\/10\/fot.e.1.a.jpg\" class=\"attachment-large size-large wp-image-933\" alt=\"\" srcset=\"https:\/\/r-filter.hu\/wp-content\/uploads\/2021\/10\/fot.e.1.a.jpg 2059w, https:\/\/r-filter.hu\/wp-content\/uploads\/2021\/10\/fot.e.1.a-300x196.jpg 300w, https:\/\/r-filter.hu\/wp-content\/uploads\/2021\/10\/fot.e.1.a-1024x667.jpg 1024w, https:\/\/r-filter.hu\/wp-content\/uploads\/2021\/10\/fot.e.1.a-768x501.jpg 768w, https:\/\/r-filter.hu\/wp-content\/uploads\/2021\/10\/fot.e.1.a-1536x1001.jpg 1536w, https:\/\/r-filter.hu\/wp-content\/uploads\/2021\/10\/fot.e.1.a-2048x1335.jpg 2048w, https:\/\/r-filter.hu\/wp-content\/uploads\/2021\/10\/fot.e.1.a-18x12.jpg 18w\" sizes=\"(max-width: 1024px) 100vw, 1024px\" title=\"\">\t\t\t\t\t\t\t\t\t\t\t\t\t\t\t<\/div>\n\t\t\t\t<\/div>\n\t\t\t\t<div class=\"elementor-element elementor-element-39dba26 elementor-widget elementor-widget-text-editor\" data-id=\"39dba26\" data-element_type=\"widget\" data-e-type=\"widget\" data-widget_type=\"text-editor.default\">\n\t\t\t\t<div class=\"elementor-widget-container\">\n\t\t\t\t\t\t\t\t\t<p class=\"translation-block\">The above coating is a semiconductor and when light of a certain wavelength strikes the surface of the titanium dioxide, electrons (e\u2013) are transferred from the valence band to the conduction band. At the same time, electron holes (h+) are formed in the valence band. The holes oxidize strongly, while the electrons have a strong reducing effect. From the water arise highly reactive hydroxyl radicals (\u00b7OH) and from the atmospheric oxygen reactive superoxide radicals (\u00b7O2\u02c9). As a result, the pollutants are decomposed. The ultraviolet rays change the DNA structure of microorganisms and cause their destruction. Microbes and organics will be mineralized to water and carbon dioxide.<\/p>\n<p><em>In a \"cross-sectional\" picture, the decomposition process of volatile organic compounds (VOCs):<\/em><\/p>\t\t\t\t\t\t\t\t<\/div>\n\t\t\t\t<\/div>\n\t\t\t\t<div class=\"elementor-element elementor-element-9cdd475 elementor-widget elementor-widget-image\" data-id=\"9cdd475\" data-element_type=\"widget\" data-e-type=\"widget\" data-widget_type=\"image.default\">\n\t\t\t\t<div class=\"elementor-widget-container\">\n\t\t\t\t\t\t\t\t\t\t\t\t\t\t\t<img decoding=\"async\" width=\"1024\" height=\"589\" src=\"https:\/\/r-filter.hu\/wp-content\/uploads\/2021\/10\/fot.e.2.a.jpg\" class=\"attachment-large size-large wp-image-934\" alt=\"\" srcset=\"https:\/\/r-filter.hu\/wp-content\/uploads\/2021\/10\/fot.e.2.a.jpg 1425w, https:\/\/r-filter.hu\/wp-content\/uploads\/2021\/10\/fot.e.2.a-300x169.jpg 300w, https:\/\/r-filter.hu\/wp-content\/uploads\/2021\/10\/fot.e.2.a-1024x578.jpg 1024w, https:\/\/r-filter.hu\/wp-content\/uploads\/2021\/10\/fot.e.2.a-768x434.jpg 768w, https:\/\/r-filter.hu\/wp-content\/uploads\/2021\/10\/fot.e.2.a-18x10.jpg 18w\" sizes=\"(max-width: 1024px) 100vw, 1024px\" title=\"\">\t\t\t\t\t\t\t\t\t\t\t\t\t\t\t<\/div>\n\t\t\t\t<\/div>\n\t\t\t\t\t<\/div>\n\t\t<\/div>\n\t\t\t\t<div class=\"elementor-column elementor-col-50 elementor-inner-column elementor-element elementor-element-6481d9e\" data-id=\"6481d9e\" data-element_type=\"column\" data-e-type=\"column\">\n\t\t\t<div class=\"elementor-widget-wrap elementor-element-populated\">\n\t\t\t\t\t\t<div class=\"elementor-element elementor-element-489e0ae elementor-widget elementor-widget-image\" data-id=\"489e0ae\" data-element_type=\"widget\" data-e-type=\"widget\" data-widget_type=\"image.default\">\n\t\t\t\t<div class=\"elementor-widget-container\">\n\t\t\t\t\t\t\t\t\t\t\t\t\t\t\t<img decoding=\"async\" width=\"1200\" height=\"600\" src=\"https:\/\/r-filter.hu\/wp-content\/uploads\/2022\/10\/UVT2.jpg\" class=\"attachment-full size-full wp-image-5303\" alt=\"R-Filter innovat\u00edv konyhai l\u00e9gkezel\u00e9s, zs\u00edrbont\u00e1s \u00e9s szagtalan\u00edt\u00e1s\" srcset=\"https:\/\/r-filter.hu\/wp-content\/uploads\/2022\/10\/UVT2.jpg 1200w, https:\/\/r-filter.hu\/wp-content\/uploads\/2022\/10\/UVT2-300x150.jpg 300w, https:\/\/r-filter.hu\/wp-content\/uploads\/2022\/10\/UVT2-1024x512.jpg 1024w, https:\/\/r-filter.hu\/wp-content\/uploads\/2022\/10\/UVT2-768x384.jpg 768w, https:\/\/r-filter.hu\/wp-content\/uploads\/2022\/10\/UVT2-18x9.jpg 18w\" sizes=\"(max-width: 1200px) 100vw, 1200px\" title=\"\">\t\t\t\t\t\t\t\t\t\t\t\t\t\t\t<\/div>\n\t\t\t\t<\/div>\n\t\t\t\t<div class=\"elementor-element elementor-element-b57fc83 elementor-widget elementor-widget-text-editor\" data-id=\"b57fc83\" data-element_type=\"widget\" data-e-type=\"widget\" data-widget_type=\"text-editor.default\">\n\t\t\t\t<div class=\"elementor-widget-container\">\n\t\t\t\t\t\t\t\t\t<strong><p style=\"color:#0000F3\">Features, benefits:<\/strong><\/p>\n<ul>\n<li>UV light and photocatalyst act synergistically<\/li>\n<li>High degree of disinfection<\/li>\n<li>Volatile organic and inorganic compounds, odors, are mineralized to water and carbon dioxide<\/li>\n<li>Reduces the respiratory diseases<\/li>\n<li>Ozone and chemical free operation<\/li>\n<li>Does not contain any filter<\/li>\n<li>Minimal maintenance effort<\/li>\n<li>Stainless steel housing, no risk of corrosion<\/li>\n<li>Easy installation<\/li>\n<\/ul>\t\t\t\t\t\t\t\t<\/div>\n\t\t\t\t<\/div>\n\t\t\t\t<div class=\"elementor-element elementor-element-0b21cfe elementor-widget elementor-widget-image\" data-id=\"0b21cfe\" data-element_type=\"widget\" data-e-type=\"widget\" data-widget_type=\"image.default\">\n\t\t\t\t<div class=\"elementor-widget-container\">\n\t\t\t\t\t\t\t\t\t\t\t\t\t\t\t<img loading=\"lazy\" decoding=\"async\" width=\"1024\" height=\"756\" src=\"https:\/\/r-filter.hu\/wp-content\/uploads\/2021\/04\/UVT-800M3-1024x756.jpg\" class=\"attachment-large size-large wp-image-1612\" alt=\"\" srcset=\"https:\/\/r-filter.hu\/wp-content\/uploads\/2021\/04\/UVT-800M3-1024x756.jpg 1024w, https:\/\/r-filter.hu\/wp-content\/uploads\/2021\/04\/UVT-800M3-300x221.jpg 300w, https:\/\/r-filter.hu\/wp-content\/uploads\/2021\/04\/UVT-800M3-768x567.jpg 768w, https:\/\/r-filter.hu\/wp-content\/uploads\/2021\/04\/UVT-800M3-1536x1134.jpg 1536w, https:\/\/r-filter.hu\/wp-content\/uploads\/2021\/04\/UVT-800M3-2048x1511.jpg 2048w, https:\/\/r-filter.hu\/wp-content\/uploads\/2021\/04\/UVT-800M3-16x12.jpg 16w\" sizes=\"(max-width: 1024px) 100vw, 1024px\" title=\"\">\t\t\t\t\t\t\t\t\t\t\t\t\t\t\t<\/div>\n\t\t\t\t<\/div>\n\t\t\t\t\t<\/div>\n\t\t<\/div>\n\t\t\t\t\t<\/div>\n\t\t<\/section>\n\t\t\t\t<div class=\"elementor-element elementor-element-44d38d5 elementor-widget elementor-widget-text-editor\" data-id=\"44d38d5\" data-element_type=\"widget\" data-e-type=\"widget\" data-widget_type=\"text-editor.default\">\n\t\t\t\t<div class=\"elementor-widget-container\">\n\t\t\t\t\t\t\t\t\t\n<div class=\"wp-block-themeisle-blocks-advanced-columns has-undefined-columns has-desktop-undefined-layout has-tablet-equal-layout has-mobile-equal-layout has-default-gap has-vertical-unset\" id=\"wp-block-themeisle-blocks-advanced-columns-dc940797\"><div class=\"wp-block-themeisle-blocks-advanced-columns-overlay\"><\/div><div class=\"innerblocks-wrap\"><\/div><\/div>\n\t\t\t\t\t\t\t\t<\/div>\n\t\t\t\t<\/div>\n\t\t\t\t\t<\/div>\n\t\t<\/div>\n\t\t\t\t\t<\/div>\n\t\t<\/section>\n\t\t\t\t<\/div>","protected":false},"excerpt":{"rendered":"<p>UVT Z\u00e1rt termek bels\u0151 leveg\u0151j\u00e9t kezeli, cs\u00edr\u00e1tlan\u00edtja (k\u00f3rh\u00e1z, ipari l\u00e9tes\u00edtm\u00e9nyek, stb.) A berendez\u00e9s saj\u00e1t ventil\u00e1tora keringteti a helyis\u00e9g cs\u00edr\u00e1tlan\u00edtand\u00f3 leveg\u0151j\u00e9t a berendez\u00e9s belsej\u00e9n kereszt\u00fcl, mik\u00f6zben a germicid l\u00e1mp\u00e1k \u00e9s a fotokataliz\u00e1tor elpuszt\u00edtj\u00e1k a leveg\u0151ben sz\u00e1ll\u00edtott k\u00f3rokoz\u00f3kat (v\u00edrus, bakt\u00e9rium, gombasp\u00f3ra). A berendez\u00e9s a cs\u00edr\u00e1tlan\u00edtand\u00f3 helyis\u00e9gben f\u00fcggesztett v\u00e1ltozatban ker\u00fcl felszerel\u00e9sre. M\u0171k\u00f6d\u00e9si elv Tit\u00e1ndioxiddal bevont fel\u00fcletet, fotokataliz\u00e1tort haszn\u00e1lunk&hellip;&nbsp;<a href=\"https:\/\/r-filter.hu\/en\/uvt800\/\" rel=\"bookmark\">Read More &raquo;<span class=\"screen-reader-text\">UVT<\/span><\/a><\/p>","protected":false},"author":2,"featured_media":0,"parent":0,"menu_order":0,"comment_status":"closed","ping_status":"closed","template":"","meta":{"neve_meta_sidebar":"full-width","neve_meta_container":"","neve_meta_enable_content_width":"on","neve_meta_content_width":100,"neve_meta_title_alignment":"","neve_meta_author_avatar":"","neve_post_elements_order":"","neve_meta_disable_header":"","neve_meta_disable_footer":"","neve_meta_disable_title":"","neve_meta_reading_time":"","_themeisle_gutenberg_block_has_review":false,"_ti_tpc_template_sync":false,"_ti_tpc_template_id":"","footnotes":""},"class_list":["post-1610","page","type-page","status-publish","hentry"],"_links":{"self":[{"href":"https:\/\/r-filter.hu\/en\/wp-json\/wp\/v2\/pages\/1610","targetHints":{"allow":["GET"]}}],"collection":[{"href":"https:\/\/r-filter.hu\/en\/wp-json\/wp\/v2\/pages"}],"about":[{"href":"https:\/\/r-filter.hu\/en\/wp-json\/wp\/v2\/types\/page"}],"author":[{"embeddable":true,"href":"https:\/\/r-filter.hu\/en\/wp-json\/wp\/v2\/users\/2"}],"replies":[{"embeddable":true,"href":"https:\/\/r-filter.hu\/en\/wp-json\/wp\/v2\/comments?post=1610"}],"version-history":[{"count":31,"href":"https:\/\/r-filter.hu\/en\/wp-json\/wp\/v2\/pages\/1610\/revisions"}],"predecessor-version":[{"id":7339,"href":"https:\/\/r-filter.hu\/en\/wp-json\/wp\/v2\/pages\/1610\/revisions\/7339"}],"wp:attachment":[{"href":"https:\/\/r-filter.hu\/en\/wp-json\/wp\/v2\/media?parent=1610"}],"curies":[{"name":"wp","href":"https:\/\/api.w.org\/{rel}","templated":true}]}}