{"id":1717,"date":"2021-05-12T06:12:50","date_gmt":"2021-05-12T06:12:50","guid":{"rendered":"https:\/\/r-filter.hu\/?page_id=1717"},"modified":"2023-05-18T14:20:02","modified_gmt":"2023-05-18T14:20:02","slug":"keszulek-regisztracio","status":"publish","type":"page","link":"https:\/\/r-filter.hu\/en\/keszulek-regisztracio\/","title":{"rendered":"Device registration"},"content":{"rendered":"\t\t<div data-elementor-type=\"wp-page\" data-elementor-id=\"1717\" class=\"elementor elementor-1717\" data-elementor-post-type=\"page\">\n\t\t\t\t\t\t<section class=\"elementor-section elementor-top-section elementor-element elementor-element-a8a7704 elementor-section-boxed elementor-section-height-default elementor-section-height-default\" data-id=\"a8a7704\" data-element_type=\"section\" data-e-type=\"section\" data-settings=\"{&quot;background_background&quot;:&quot;classic&quot;}\">\n\t\t\t\t\t\t<div class=\"elementor-container elementor-column-gap-default\">\n\t\t\t\t\t<div class=\"elementor-column elementor-col-100 elementor-top-column elementor-element elementor-element-1f9f52e\" data-id=\"1f9f52e\" data-element_type=\"column\" data-e-type=\"column\">\n\t\t\t<div class=\"elementor-widget-wrap elementor-element-populated\">\n\t\t\t\t\t\t<div class=\"elementor-element elementor-element-c907729 elementor-widget elementor-widget-heading\" data-id=\"c907729\" data-element_type=\"widget\" data-e-type=\"widget\" data-widget_type=\"heading.default\">\n\t\t\t\t<div class=\"elementor-widget-container\">\n\t\t\t\t\t<h2 class=\"elementor-heading-title elementor-size-default\">K\u00e9sz\u00fcl\u00e9k regisztr\u00e1ci\u00f3<\/h2>\t\t\t\t<\/div>\n\t\t\t\t<\/div>\n\t\t\t\t<div class=\"elementor-element elementor-element-b3aafa7 elementor-widget elementor-widget-content_form_contact\" data-id=\"b3aafa7\" data-element_type=\"widget\" data-e-type=\"widget\" data-widget_type=\"content_form_contact.default\">\n\t\t\t\t<div class=\"elementor-widget-container\">\n\t\t\t\t\t<form action=\"https:\/\/r-filter.hu\/wp-admin\/admin-post.php\" method=\"post\" name=\"content-form-b3aafa7\" id=\"content-form-b3aafa7\" class=\"ti-cf-module content-form content-form-contact content_form_contact\"><input type=\"hidden\" id=\"_wpnonce_contact\" name=\"_wpnonce_contact\" value=\"3af337a6fe\" \/><input type=\"hidden\" name=\"_wp_http_referer\" value=\"\/en\/keszulek-regisztracio\/\" \/><input type=\"hidden\" name=\"action\" value=\"content_form_submit\" \/><input type=\"hidden\" name=\"form-type\" value=\"contact\" \/><input type=\"hidden\" name=\"form-builder\" value=\"elementor\" \/><input type=\"hidden\" name=\"post-id\" value=\"1717\" \/><input type=\"hidden\" name=\"form-id\" value=\"b3aafa7\" \/><fieldset class=&quot;content-form-field-text elementor-column elementor-col-100&quot;><label for=\"data[b3aafa7][name]\" >C\u00e9gn\u00e9v<span class=\"required-mark\"> *<\/span><\/label><input type=\"text\" name=\"data[b3aafa7][name]\" id=\"data[b3aafa7][name]\" required=required  placeholder=\"\"><\/fieldset><fieldset class=&quot;content-form-field-text elementor-column elementor-col-100&quot;><label for=\"data[b3aafa7][name]\" >C\u00edm<span class=\"required-mark\"> *<\/span><\/label><input type=\"text\" name=\"data[b3aafa7][name]\" id=\"data[b3aafa7][name]\" required=required  placeholder=\"\"><\/fieldset><fieldset class=&quot;content-form-field-text elementor-column elementor-col-100&quot;><label for=\"data[b3aafa7][name]\" >Kontakt szem\u00e9ly neve<span class=\"required-mark\"> *<\/span><\/label><input type=\"text\" name=\"data[b3aafa7][name]\" id=\"data[b3aafa7][name]\" required=required  placeholder=\"\"><\/fieldset><fieldset class=&quot;content-form-field-email elementor-column elementor-col-100&quot;><label for=\"data[b3aafa7][email]\" >Email c\u00edme<span class=\"required-mark\"> *<\/span><\/label><input type=\"text\" name=\"data[b3aafa7][email]\" id=\"data[b3aafa7][email]\" required=required  placeholder=\"\"><\/fieldset><fieldset class=&quot;content-form-field-number elementor-column elementor-col-100&quot;><label for=\"data[b3aafa7][phone]\" >Telefonsz\u00e1ma<span class=\"required-mark\"> *<\/span><\/label><input type=\"text\" name=\"data[b3aafa7][phone]\" id=\"data[b3aafa7][phone]\" required=required  placeholder=\"\"><\/fieldset><fieldset class=&quot;content-form-field-text elementor-column elementor-col-100&quot;><label for=\"data[b3aafa7][message]\" >A k\u00e9sz\u00fcl\u00e9k t\u00edpusa<span class=\"required-mark\"> *<\/span><\/label><input type=\"text\" name=\"data[b3aafa7][message]\" id=\"data[b3aafa7][message]\" required=required  placeholder=\"\"><\/fieldset><fieldset class=&quot;content-form-field-text elementor-column elementor-col-100&quot;><label for=\"data[b3aafa7][message]\" >Gy\u00e1ri sz\u00e1ma<span class=\"required-mark\"> *<\/span><\/label><input type=\"text\" name=\"data[b3aafa7][message]\" id=\"data[b3aafa7][message]\" required=required  placeholder=\"\"><\/fieldset><fieldset class=&quot;content-form-field-text elementor-column elementor-col-100&quot;><label for=\"data[b3aafa7][message]\" >V\u00e1s\u00e1rl\u00e1s d\u00e1tuma<span class=\"required-mark\"> *<\/span><\/label><input type=\"text\" name=\"data[b3aafa7][message]\" id=\"data[b3aafa7][message]\" required=required  placeholder=\"\"><\/fieldset><fieldset class=&quot;content-form-field-text elementor-column elementor-col-100&quot;><label for=\"data[b3aafa7][message]\" >Elad\u00f3 neve<span class=\"required-mark\"> *<\/span><\/label><input type=\"text\" name=\"data[b3aafa7][message]\" id=\"data[b3aafa7][message]\" required=required  placeholder=\"\"><\/fieldset><fieldset class=\"submit-form contact\"><button type=\"submit\" name=\"submit\"  value=\"submit-contact-b3aafa7\" class=\"\">Felvitel<\/button><\/fieldset><\/form>\t\t\t\t<\/div>\n\t\t\t\t<\/div>\n\t\t\t\t\t<\/div>\n\t\t<\/div>\n\t\t\t\t\t<\/div>\n\t\t<\/section>\n\t\t\t\t<\/div>\n\t\t","protected":false},"excerpt":{"rendered":"<p>K\u00e9sz\u00fcl\u00e9k regisztr\u00e1ci\u00f3 C\u00e9gn\u00e9v * C\u00edm * Kontakt szem\u00e9ly neve * Email c\u00edme * Telefonsz\u00e1ma * A k\u00e9sz\u00fcl\u00e9k t\u00edpusa * Gy\u00e1ri sz\u00e1ma * V\u00e1s\u00e1rl\u00e1s d\u00e1tuma * Elad\u00f3 neve * Felvitel<\/p>","protected":false},"author":2,"featured_media":0,"parent":0,"menu_order":0,"comment_status":"closed","ping_status":"closed","template":"elementor_header_footer","meta":{"neve_meta_sidebar":"full-width","neve_meta_container":"","neve_meta_enable_content_width":"on","neve_meta_content_width":100,"neve_meta_title_alignment":"","neve_meta_author_avatar":"","neve_post_elements_order":"","neve_meta_disable_header":"","neve_meta_disable_footer":"","neve_meta_disable_title":"","neve_meta_reading_time":"","_themeisle_gutenberg_block_has_review":false,"_ti_tpc_template_sync":false,"_ti_tpc_template_id":"","footnotes":""},"class_list":["post-1717","page","type-page","status-publish","hentry"],"_links":{"self":[{"href":"https:\/\/r-filter.hu\/en\/wp-json\/wp\/v2\/pages\/1717","targetHints":{"allow":["GET"]}}],"collection":[{"href":"https:\/\/r-filter.hu\/en\/wp-json\/wp\/v2\/pages"}],"about":[{"href":"https:\/\/r-filter.hu\/en\/wp-json\/wp\/v2\/types\/page"}],"author":[{"embeddable":true,"href":"https:\/\/r-filter.hu\/en\/wp-json\/wp\/v2\/users\/2"}],"replies":[{"embeddable":true,"href":"https:\/\/r-filter.hu\/en\/wp-json\/wp\/v2\/comments?post=1717"}],"version-history":[{"count":31,"href":"https:\/\/r-filter.hu\/en\/wp-json\/wp\/v2\/pages\/1717\/revisions"}],"predecessor-version":[{"id":6756,"href":"https:\/\/r-filter.hu\/en\/wp-json\/wp\/v2\/pages\/1717\/revisions\/6756"}],"wp:attachment":[{"href":"https:\/\/r-filter.hu\/en\/wp-json\/wp\/v2\/media?parent=1717"}],"curies":[{"name":"wp","href":"https:\/\/api.w.org\/{rel}","templated":true}]}}