{"id":2002,"date":"2021-06-28T15:08:57","date_gmt":"2021-06-28T15:08:57","guid":{"rendered":"https:\/\/r-filter.hu\/?page_id=2002"},"modified":"2023-05-18T15:03:15","modified_gmt":"2023-05-18T15:03:15","slug":"uvf","status":"publish","type":"page","link":"https:\/\/r-filter.hu\/en\/uvf\/","title":{"rendered":"UVF"},"content":{"rendered":"<div data-elementor-type=\"wp-page\" data-elementor-id=\"2002\" class=\"elementor elementor-2002\" data-elementor-post-type=\"page\">\n\t\t\t\t\t\t<section class=\"elementor-section elementor-top-section elementor-element elementor-element-d8b6b01 elementor-section-boxed elementor-section-height-default elementor-section-height-default\" data-id=\"d8b6b01\" data-element_type=\"section\" data-e-type=\"section\">\n\t\t\t\t\t\t<div class=\"elementor-container elementor-column-gap-default\">\n\t\t\t\t\t<div class=\"elementor-column elementor-col-100 elementor-top-column elementor-element elementor-element-805b373\" data-id=\"805b373\" data-element_type=\"column\" data-e-type=\"column\" data-settings=\"{&quot;background_background&quot;:&quot;classic&quot;}\">\n\t\t\t<div class=\"elementor-widget-wrap elementor-element-populated\">\n\t\t\t\t\t\t<div class=\"elementor-element elementor-element-83552bb elementor-widget elementor-widget-heading\" data-id=\"83552bb\" data-element_type=\"widget\" data-e-type=\"widget\" data-widget_type=\"heading.default\">\n\t\t\t\t<div class=\"elementor-widget-container\">\n\t\t\t\t\t<h1 class=\"elementor-heading-title elementor-size-default\">UVF<\/h1>\t\t\t\t<\/div>\n\t\t\t\t<\/div>\n\t\t\t\t<div class=\"elementor-element elementor-element-a5a59b4 elementor-widget-divider--view-line elementor-widget elementor-widget-divider\" data-id=\"a5a59b4\" data-element_type=\"widget\" data-e-type=\"widget\" data-widget_type=\"divider.default\">\n\t\t\t\t<div class=\"elementor-widget-container\">\n\t\t\t\t\t\t\t<div class=\"elementor-divider\">\n\t\t\t<span class=\"elementor-divider-separator\">\n\t\t\t\t\t\t<\/span>\n\t\t<\/div>\n\t\t\t\t\t\t<\/div>\n\t\t\t\t<\/div>\n\t\t\t\t\t<\/div>\n\t\t<\/div>\n\t\t\t\t\t<\/div>\n\t\t<\/section>\n\t\t\t\t<section class=\"elementor-section elementor-top-section elementor-element elementor-element-e6b9faf elementor-section-boxed elementor-section-height-default elementor-section-height-default\" data-id=\"e6b9faf\" data-element_type=\"section\" data-e-type=\"section\">\n\t\t\t\t\t\t<div class=\"elementor-container elementor-column-gap-default\">\n\t\t\t\t\t<div class=\"elementor-column elementor-col-50 elementor-top-column elementor-element elementor-element-0159887\" data-id=\"0159887\" data-element_type=\"column\" data-e-type=\"column\">\n\t\t\t<div class=\"elementor-widget-wrap elementor-element-populated\">\n\t\t\t\t\t\t<div class=\"elementor-element elementor-element-9fbc3a9 elementor-widget elementor-widget-text-editor\" data-id=\"9fbc3a9\" data-element_type=\"widget\" data-e-type=\"widget\" data-widget_type=\"text-editor.default\">\n\t\t\t\t<div class=\"elementor-widget-container\">\n\t\t\t\t\t\t\t\t\t<p><strong>Apartments, offices, health facilities, air conditioning and ventilation<\/strong><\/p>\t\t\t\t\t\t\t\t<\/div>\n\t\t\t\t<\/div>\n\t\t\t\t<div class=\"elementor-element elementor-element-0a2ad1d elementor-widget-divider--view-line elementor-widget elementor-widget-divider\" data-id=\"0a2ad1d\" data-element_type=\"widget\" data-e-type=\"widget\" data-widget_type=\"divider.default\">\n\t\t\t\t<div class=\"elementor-widget-container\">\n\t\t\t\t\t\t\t<div class=\"elementor-divider\">\n\t\t\t<span class=\"elementor-divider-separator\">\n\t\t\t\t\t\t<\/span>\n\t\t<\/div>\n\t\t\t\t\t\t<\/div>\n\t\t\t\t<\/div>\n\t\t\t\t<div class=\"elementor-element elementor-element-c8233d5 elementor-widget elementor-widget-text-editor\" data-id=\"c8233d5\" data-element_type=\"widget\" data-e-type=\"widget\" data-widget_type=\"text-editor.default\">\n\t\t\t\t<div class=\"elementor-widget-container\">\n\t\t\t\t\t\t\t\t\t<p>The outside air sucked by the ventilating system, or the air transported through the central ventilation duct system can be disinfected by this device. Built into the duct system, it acts as a passive element, does not have any fan.<\/p>\t\t\t\t\t\t\t\t<\/div>\n\t\t\t\t<\/div>\n\t\t\t\t<div class=\"elementor-element elementor-element-547ad68 elementor-widget elementor-widget-text-editor\" data-id=\"547ad68\" data-element_type=\"widget\" data-e-type=\"widget\" data-widget_type=\"text-editor.default\">\n\t\t\t\t<div class=\"elementor-widget-container\">\n\t\t\t\t\t\t\t\t\t<p><strong>Functional principle<\/strong><\/p>\t\t\t\t\t\t\t\t<\/div>\n\t\t\t\t<\/div>\n\t\t\t\t<div class=\"elementor-element elementor-element-c2624cd elementor-widget-divider--view-line elementor-widget elementor-widget-divider\" data-id=\"c2624cd\" data-element_type=\"widget\" data-e-type=\"widget\" data-widget_type=\"divider.default\">\n\t\t\t\t<div class=\"elementor-widget-container\">\n\t\t\t\t\t\t\t<div class=\"elementor-divider\">\n\t\t\t<span class=\"elementor-divider-separator\">\n\t\t\t\t\t\t<\/span>\n\t\t<\/div>\n\t\t\t\t\t\t<\/div>\n\t\t\t\t<\/div>\n\t\t\t\t<div class=\"elementor-element elementor-element-9adeed0 elementor-widget elementor-widget-text-editor\" data-id=\"9adeed0\" data-element_type=\"widget\" data-e-type=\"widget\" data-widget_type=\"text-editor.default\">\n\t\t\t\t<div class=\"elementor-widget-container\">\n\t\t\t\t\t\t\t\t\t<p>There can be many microorganisms in the outside air (fresh air) sucked by ventilating fans or in the air transported through the central ventilation systems, which from a health point of view would be important for us to be destroyed. For this purpose, the R-FILTER disinfection device is recommended, because the UV-C radiation in the device destroys the DNA of the disease-causing mikroorganisms, thus disinfecting the air. The device does not have any fan, it can either be installed in the active or in the passive part of the ventilation system. The air velocity within the device, which is best suited for disinfection, is approximately 2-2.5 m\/s. At higher air velocities, the R-FILTER UV-C lamps do not have enough time to destroy the DNA of the bacteria to be disinfected the air.<\/p>\n<p>The light spectrum in nanometers:<\/p>\t\t\t\t\t\t\t\t<\/div>\n\t\t\t\t<\/div>\n\t\t\t\t<div class=\"elementor-element elementor-element-d6ecdb7 elementor-widget elementor-widget-image\" data-id=\"d6ecdb7\" data-element_type=\"widget\" data-e-type=\"widget\" data-widget_type=\"image.default\">\n\t\t\t\t<div class=\"elementor-widget-container\">\n\t\t\t\t\t\t\t\t\t\t\t\t\t\t\t\t<a href=\"https:\/\/r-filter.hu\/wp-content\/uploads\/2021\/09\/sp.g.a.jpg\" data-elementor-open-lightbox=\"yes\" data-elementor-lightbox-title=\"F\u00e9ny spektruma 253,7nm (1)\" data-e-action-hash=\"#elementor-action%3Aaction%3Dlightbox%26settings%3DeyJpZCI6MjE3MywidXJsIjoiaHR0cHM6XC9cL3ItZmlsdGVyLmh1XC93cC1jb250ZW50XC91cGxvYWRzXC8yMDIxXC8wN1wvRmVueS1zcGVrdHJ1bWEtMjUzN25tLTEuanBnIn0%3D\">\n\t\t\t\t\t\t\t<img fetchpriority=\"high\" decoding=\"async\" width=\"862\" height=\"360\" src=\"https:\/\/r-filter.hu\/wp-content\/uploads\/2021\/09\/sp.g.a.jpg\" class=\"attachment-2048x2048 size-2048x2048 wp-image-2173\" alt=\"\" srcset=\"https:\/\/r-filter.hu\/wp-content\/uploads\/2021\/09\/sp.g.a.jpg 869w, https:\/\/r-filter.hu\/wp-content\/uploads\/2021\/09\/sp.g.a-300x95.jpg 300w, https:\/\/r-filter.hu\/wp-content\/uploads\/2021\/09\/sp.g.a-768x244.jpg 768w, https:\/\/r-filter.hu\/wp-content\/uploads\/2021\/09\/sp.g.a-18x6.jpg 18w\" sizes=\"(max-width: 862px) 100vw, 862px\" title=\"\">\t\t\t\t\t\t\t\t<\/a>\n\t\t\t\t\t\t\t\t\t\t\t\t\t\t\t<\/div>\n\t\t\t\t<\/div>\n\t\t\t\t<div class=\"elementor-element elementor-element-6b09c77 elementor-widget elementor-widget-text-editor\" data-id=\"6b09c77\" data-element_type=\"widget\" data-e-type=\"widget\" data-widget_type=\"text-editor.default\">\n\t\t\t\t<div class=\"elementor-widget-container\">\n\t\t\t\t\t\t\t\t\t<p>At the wavelength of 265 nm, the germicidal effect of UV-C radiation has its maximum.<\/p>\t\t\t\t\t\t\t\t<\/div>\n\t\t\t\t<\/div>\n\t\t\t\t<div class=\"elementor-element elementor-element-5069715 elementor-widget elementor-widget-image\" data-id=\"5069715\" data-element_type=\"widget\" data-e-type=\"widget\" data-widget_type=\"image.default\">\n\t\t\t\t<div class=\"elementor-widget-container\">\n\t\t\t\t\t\t\t\t\t\t\t\t\t\t\t\t<a href=\"https:\/\/r-filter.hu\/wp-content\/uploads\/2021\/09\/germ.a.jpg\" data-elementor-open-lightbox=\"yes\" data-elementor-lightbox-title=\"relat\u00edv hat\u00e9konys\u00e1gi g\u00f6rbe sz\u00f6veggel\" data-e-action-hash=\"#elementor-action%3Aaction%3Dlightbox%26settings%3DeyJpZCI6MjE2MCwidXJsIjoiaHR0cHM6XC9cL3ItZmlsdGVyLmh1XC93cC1jb250ZW50XC91cGxvYWRzXC8yMDIxXC8wN1wvcmVsYXRpdi1oYXRla29ueXNhZ2ktZ29yYmUtc3pvdmVnZ2VsLmpwZyJ9\">\n\t\t\t\t\t\t\t<img decoding=\"async\" width=\"1621\" height=\"1020\" src=\"https:\/\/r-filter.hu\/wp-content\/uploads\/2021\/09\/germ.a.jpg\" class=\"attachment-2048x2048 size-2048x2048 wp-image-2160\" alt=\"\" srcset=\"https:\/\/r-filter.hu\/wp-content\/uploads\/2021\/09\/germ.a.jpg 1023w, https:\/\/r-filter.hu\/wp-content\/uploads\/2021\/09\/germ.a-300x118.jpg 300w, https:\/\/r-filter.hu\/wp-content\/uploads\/2021\/09\/germ.a-768x302.jpg 768w, https:\/\/r-filter.hu\/wp-content\/uploads\/2021\/09\/germ.a-18x7.jpg 18w\" sizes=\"(max-width: 1621px) 100vw, 1621px\" title=\"\">\t\t\t\t\t\t\t\t<\/a>\n\t\t\t\t\t\t\t\t\t\t\t\t\t\t\t<\/div>\n\t\t\t\t<\/div>\n\t\t\t\t\t<\/div>\n\t\t<\/div>\n\t\t\t\t<div class=\"elementor-column elementor-col-50 elementor-top-column elementor-element elementor-element-f52a362\" data-id=\"f52a362\" data-element_type=\"column\" data-e-type=\"column\">\n\t\t\t<div class=\"elementor-widget-wrap elementor-element-populated\">\n\t\t\t\t\t\t<div class=\"elementor-element elementor-element-f20409d elementor-widget elementor-widget-image\" data-id=\"f20409d\" data-element_type=\"widget\" data-e-type=\"widget\" data-widget_type=\"image.default\">\n\t\t\t\t<div class=\"elementor-widget-container\">\n\t\t\t\t\t\t\t\t\t\t\t\t\t\t\t<img decoding=\"async\" width=\"1024\" height=\"512\" src=\"https:\/\/r-filter.hu\/wp-content\/uploads\/2022\/10\/UVF3-1024x512.jpg\" class=\"attachment-large size-large wp-image-5292\" alt=\"R-Filter innovat\u00edv konyhai l\u00e9gkezel\u00e9s, zs\u00edrbont\u00e1s \u00e9s szagtalan\u00edt\u00e1s\" srcset=\"https:\/\/r-filter.hu\/wp-content\/uploads\/2022\/10\/UVF3-1024x512.jpg 1024w, https:\/\/r-filter.hu\/wp-content\/uploads\/2022\/10\/UVF3-300x150.jpg 300w, https:\/\/r-filter.hu\/wp-content\/uploads\/2022\/10\/UVF3-768x384.jpg 768w, https:\/\/r-filter.hu\/wp-content\/uploads\/2022\/10\/UVF3-18x9.jpg 18w, https:\/\/r-filter.hu\/wp-content\/uploads\/2022\/10\/UVF3.jpg 1200w\" sizes=\"(max-width: 1024px) 100vw, 1024px\" title=\"\">\t\t\t\t\t\t\t\t\t\t\t\t\t\t\t<\/div>\n\t\t\t\t<\/div>\n\t\t\t\t<div class=\"elementor-element elementor-element-d0deed5 elementor-widget elementor-widget-text-editor\" data-id=\"d0deed5\" data-element_type=\"widget\" data-e-type=\"widget\" data-widget_type=\"text-editor.default\">\n\t\t\t\t<div class=\"elementor-widget-container\">\n\t\t\t\t\t\t\t\t\t<strong><p style=\"color:#0000F3\">Features, benefits:<\/strong><\/p>\n\n<ul>\n \t<li>Can be easily installed as duct piece in existing duct system<\/li>\n \t<li>Excellent air hygiene, high degree of disinfection<\/li>\n \t<li>Reduces the respiratory diseases<\/li>\n \t<li>Works ozone-free<\/li>\n \t<li>Works without chemicals<\/li>\n \t<li>Does not contain any filter<\/li>\n \t<li>Stainless steel housing, no risk of corrosion<\/li>\n \t<li>Minimal cleaning effort<\/li>\n<\/ul>\t\t\t\t\t\t\t\t<\/div>\n\t\t\t\t<\/div>\n\t\t\t\t\t<\/div>\n\t\t<\/div>\n\t\t\t\t\t<\/div>\n\t\t<\/section>\n\t\t\t\t<\/div>","protected":false},"excerpt":{"rendered":"<p>UVF Lak\u00e1sok, irod\u00e1k, eg\u00e9szs\u00e9g\u00fcgyi l\u00e9tes\u00edtm\u00e9nyek, klima- \u00e9s szell\u0151z\u00e9stechnika A k\u00e9sz\u00fcl\u00e9ket a k\u00fcls\u0151 t\u00e9rb\u0151l besz\u00edvott leveg\u0151, illetve k\u00f6zponti l\u00e9gkezel\u0151 \u00e1ltal sz\u00e1ll\u00edtott leveg\u0151 fert\u0151tlen\u00edt\u00e9s\u00e9re lehet haszn\u00e1lni. A l\u00e9gcsatorna rendszerbe be\u00e9p\u00edtve passz\u00edv elemk\u00e9nt viselkedik, saj\u00e1t ventil\u00e1torral nem rendelkezik. M\u0171k\u00f6d\u00e9si elv Ak\u00e1r a k\u00fcls\u0151 t\u00e9rb\u0151l besz\u00edvott, ak\u00e1r a k\u00f6zponti l\u00e9gkezel\u0151 berendez\u00e9sen kereszt\u00fcl sz\u00e1ll\u00edtott leveg\u0151ben sz\u00e1mos olyan mikroorganizmus lehet, amelynek&hellip;&nbsp;<a href=\"https:\/\/r-filter.hu\/en\/uvf\/\" rel=\"bookmark\">Read More &raquo;<span class=\"screen-reader-text\">UVF<\/span><\/a><\/p>","protected":false},"author":2,"featured_media":0,"parent":0,"menu_order":0,"comment_status":"closed","ping_status":"closed","template":"","meta":{"neve_meta_sidebar":"full-width","neve_meta_container":"","neve_meta_enable_content_width":"on","neve_meta_content_width":100,"neve_meta_title_alignment":"","neve_meta_author_avatar":"","neve_post_elements_order":"","neve_meta_disable_header":"","neve_meta_disable_footer":"","neve_meta_disable_title":"","neve_meta_reading_time":"","_themeisle_gutenberg_block_has_review":false,"_ti_tpc_template_sync":false,"_ti_tpc_template_id":"","footnotes":""},"class_list":["post-2002","page","type-page","status-publish","hentry"],"_links":{"self":[{"href":"https:\/\/r-filter.hu\/en\/wp-json\/wp\/v2\/pages\/2002","targetHints":{"allow":["GET"]}}],"collection":[{"href":"https:\/\/r-filter.hu\/en\/wp-json\/wp\/v2\/pages"}],"about":[{"href":"https:\/\/r-filter.hu\/en\/wp-json\/wp\/v2\/types\/page"}],"author":[{"embeddable":true,"href":"https:\/\/r-filter.hu\/en\/wp-json\/wp\/v2\/users\/2"}],"replies":[{"embeddable":true,"href":"https:\/\/r-filter.hu\/en\/wp-json\/wp\/v2\/comments?post=2002"}],"version-history":[{"count":73,"href":"https:\/\/r-filter.hu\/en\/wp-json\/wp\/v2\/pages\/2002\/revisions"}],"predecessor-version":[{"id":6855,"href":"https:\/\/r-filter.hu\/en\/wp-json\/wp\/v2\/pages\/2002\/revisions\/6855"}],"wp:attachment":[{"href":"https:\/\/r-filter.hu\/en\/wp-json\/wp\/v2\/media?parent=2002"}],"curies":[{"name":"wp","href":"https:\/\/api.w.org\/{rel}","templated":true}]}}