{"id":2028,"date":"2021-06-29T05:08:57","date_gmt":"2021-06-29T05:08:57","guid":{"rendered":"https:\/\/r-filter.hu\/?page_id=2028"},"modified":"2023-07-06T10:51:42","modified_gmt":"2023-07-06T10:51:42","slug":"uvr-kl","status":"publish","type":"page","link":"https:\/\/r-filter.hu\/en\/uvr-kl\/","title":{"rendered":"UVR-KL"},"content":{"rendered":"<div data-elementor-type=\"wp-page\" data-elementor-id=\"2028\" class=\"elementor elementor-2028\" data-elementor-post-type=\"page\">\n\t\t\t\t\t\t<section class=\"elementor-section elementor-top-section elementor-element elementor-element-0686e50 elementor-section-boxed elementor-section-height-default elementor-section-height-default\" data-id=\"0686e50\" data-element_type=\"section\" data-e-type=\"section\">\n\t\t\t\t\t\t<div class=\"elementor-container elementor-column-gap-default\">\n\t\t\t\t\t<div class=\"elementor-column elementor-col-100 elementor-top-column elementor-element elementor-element-73021be\" data-id=\"73021be\" data-element_type=\"column\" data-e-type=\"column\" data-settings=\"{&quot;background_background&quot;:&quot;classic&quot;}\">\n\t\t\t<div class=\"elementor-widget-wrap elementor-element-populated\">\n\t\t\t\t\t\t<div class=\"elementor-element elementor-element-3a950a9 elementor-widget elementor-widget-heading\" data-id=\"3a950a9\" data-element_type=\"widget\" data-e-type=\"widget\" data-widget_type=\"heading.default\">\n\t\t\t\t<div class=\"elementor-widget-container\">\n\t\t\t\t\t<h1 class=\"elementor-heading-title elementor-size-default\">UVR-KL<\/h1>\t\t\t\t<\/div>\n\t\t\t\t<\/div>\n\t\t\t\t<div class=\"elementor-element elementor-element-6e670c4 elementor-widget-divider--view-line elementor-widget elementor-widget-divider\" data-id=\"6e670c4\" data-element_type=\"widget\" data-e-type=\"widget\" data-widget_type=\"divider.default\">\n\t\t\t\t<div class=\"elementor-widget-container\">\n\t\t\t\t\t\t\t<div class=\"elementor-divider\">\n\t\t\t<span class=\"elementor-divider-separator\">\n\t\t\t\t\t\t<\/span>\n\t\t<\/div>\n\t\t\t\t\t\t<\/div>\n\t\t\t\t<\/div>\n\t\t\t\t\t<\/div>\n\t\t<\/div>\n\t\t\t\t\t<\/div>\n\t\t<\/section>\n\t\t\t\t<section class=\"elementor-section elementor-top-section elementor-element elementor-element-df948cf elementor-section-boxed elementor-section-height-default elementor-section-height-default\" data-id=\"df948cf\" data-element_type=\"section\" data-e-type=\"section\">\n\t\t\t\t\t\t<div class=\"elementor-container elementor-column-gap-default\">\n\t\t\t\t\t<div class=\"elementor-column elementor-col-50 elementor-top-column elementor-element elementor-element-89b4c80\" data-id=\"89b4c80\" data-element_type=\"column\" data-e-type=\"column\">\n\t\t\t<div class=\"elementor-widget-wrap elementor-element-populated\">\n\t\t\t\t\t\t<div class=\"elementor-element elementor-element-d60c7de elementor-widget elementor-widget-text-editor\" data-id=\"d60c7de\" data-element_type=\"widget\" data-e-type=\"widget\" data-widget_type=\"text-editor.default\">\n\t\t\t\t<div class=\"elementor-widget-container\">\n\t\t\t\t\t\t\t\t\t<p>Viruses, bacteria, mold, spores, fungus, etc. can grow rapidly inside the damp and dark HVAC systems and get distributed all over the buildings through the air-conditioning systems, making your indoor environment infectious. Our in duct installed air disinfection devices inactivate the pathogenic microorganisms \u201con the fly\u201d. Facility managers should strongly consider incorporating this technology into their buildings.<\/p>\t\t\t\t\t\t\t\t<\/div>\n\t\t\t\t<\/div>\n\t\t\t\t<div class=\"elementor-element elementor-element-727530a elementor-widget elementor-widget-text-editor\" data-id=\"727530a\" data-element_type=\"widget\" data-e-type=\"widget\" data-widget_type=\"text-editor.default\">\n\t\t\t\t<div class=\"elementor-widget-container\">\n\t\t\t\t\t\t\t\t\t<p>Functional principle<\/p>\t\t\t\t\t\t\t\t<\/div>\n\t\t\t\t<\/div>\n\t\t\t\t<div class=\"elementor-element elementor-element-4e79d5c elementor-widget-divider--view-line elementor-widget elementor-widget-divider\" data-id=\"4e79d5c\" data-element_type=\"widget\" data-e-type=\"widget\" data-widget_type=\"divider.default\">\n\t\t\t\t<div class=\"elementor-widget-container\">\n\t\t\t\t\t\t\t<div class=\"elementor-divider\">\n\t\t\t<span class=\"elementor-divider-separator\">\n\t\t\t\t\t\t<\/span>\n\t\t<\/div>\n\t\t\t\t\t\t<\/div>\n\t\t\t\t<\/div>\n\t\t\t\t<div class=\"elementor-element elementor-element-e069360 elementor-widget elementor-widget-text-editor\" data-id=\"e069360\" data-element_type=\"widget\" data-e-type=\"widget\" data-widget_type=\"text-editor.default\">\n\t\t\t\t<div class=\"elementor-widget-container\">\n\t\t\t\t\t\t\t\t\t<p>Our UVR air disinfection Rack family, i.e. our family of UV frames, is designed with different frame lengths (400, 650, 880, 1200 and 1550mm) and with different electrical power (48, 72, 95 and 155 W). We use three different types of technical designs for flexible adaptation to HVAC air duct systems:<br \/><strong>- From outside installed UV Rack - with integrated control (channel wall is cut t\no size). See on the picture!<\/strong><br \/>- From outside installed UV Rack - without integrated control (channel wall is cut to size)\u00a0<br \/>-  From inside installed UV Rack - with external control<br \/>In order to achieve the most favourable germicidal, bactericidal effect, an air speed of 2-2.5 m\/s is required in the UV lamp area.<\/p><p><em> Picture of installing UV Racks in an air duct:<\/em><\/p>\t\t\t\t\t\t\t\t<\/div>\n\t\t\t\t<\/div>\n\t\t\t\t<div class=\"elementor-element elementor-element-f817e93 elementor-widget elementor-widget-image\" data-id=\"f817e93\" data-element_type=\"widget\" data-e-type=\"widget\" data-widget_type=\"image.default\">\n\t\t\t\t<div class=\"elementor-widget-container\">\n\t\t\t\t\t\t\t\t\t\t\t\t\t\t\t<img fetchpriority=\"high\" decoding=\"async\" width=\"300\" height=\"204\" src=\"https:\/\/r-filter.hu\/wp-content\/uploads\/2021\/09\/UVR-300x204.jpg\" class=\"attachment-medium size-medium wp-image-2991\" alt=\"\" srcset=\"https:\/\/r-filter.hu\/wp-content\/uploads\/2021\/09\/UVR-300x204.jpg 300w, https:\/\/r-filter.hu\/wp-content\/uploads\/2021\/09\/UVR-1024x697.jpg 1024w, https:\/\/r-filter.hu\/wp-content\/uploads\/2021\/09\/UVR-768x523.jpg 768w, https:\/\/r-filter.hu\/wp-content\/uploads\/2021\/09\/UVR-18x12.jpg 18w, https:\/\/r-filter.hu\/wp-content\/uploads\/2021\/09\/UVR.jpg 1131w\" sizes=\"(max-width: 300px) 100vw, 300px\" title=\"\">\t\t\t\t\t\t\t\t\t\t\t\t\t\t\t<\/div>\n\t\t\t\t<\/div>\n\t\t\t\t<div class=\"elementor-element elementor-element-5a79d6c elementor-widget elementor-widget-text-editor\" data-id=\"5a79d6c\" data-element_type=\"widget\" data-e-type=\"widget\" data-widget_type=\"text-editor.default\">\n\t\t\t\t<div class=\"elementor-widget-container\">\n\t\t\t\t\t\t\t\t\t<p class=\"translation-block\">A radiation dose of 10 to 100 Ws\/m2 is generally required to kill microorganisms, while different organisms have very different radiation sensitivities, which can range from 7 Ws\/m2 (Escherichia coli) to 1.000 Ws\/m2 (fungi). The effect of UVC radiation on corona viruses is known. The D10 dose is around 40 Ws\/m2. The D10 value is the UV dose that reduces a certain initial number of germs by 90%.<\/p>\t\t\t\t\t\t\t\t<\/div>\n\t\t\t\t<\/div>\n\t\t\t\t\t<\/div>\n\t\t<\/div>\n\t\t\t\t<div class=\"elementor-column elementor-col-50 elementor-top-column elementor-element elementor-element-dc5a491\" data-id=\"dc5a491\" data-element_type=\"column\" data-e-type=\"column\">\n\t\t\t<div class=\"elementor-widget-wrap elementor-element-populated\">\n\t\t\t\t\t\t<div class=\"elementor-element elementor-element-4a46543 elementor-widget elementor-widget-image\" data-id=\"4a46543\" data-element_type=\"widget\" data-e-type=\"widget\" data-widget_type=\"image.default\">\n\t\t\t\t<div class=\"elementor-widget-container\">\n\t\t\t\t\t\t\t\t\t\t\t\t\t\t\t<img decoding=\"async\" width=\"1024\" height=\"512\" src=\"https:\/\/r-filter.hu\/wp-content\/uploads\/2022\/10\/UVR-XL2-1024x512.jpg\" class=\"attachment-large size-large wp-image-5289\" alt=\"R-Filter innovat\u00edv konyhai l\u00e9gkezel\u00e9s, zs\u00edrbont\u00e1s \u00e9s szagtalan\u00edt\u00e1s\" srcset=\"https:\/\/r-filter.hu\/wp-content\/uploads\/2022\/10\/UVR-XL2-1024x512.jpg 1024w, https:\/\/r-filter.hu\/wp-content\/uploads\/2022\/10\/UVR-XL2-300x150.jpg 300w, https:\/\/r-filter.hu\/wp-content\/uploads\/2022\/10\/UVR-XL2-768x384.jpg 768w, https:\/\/r-filter.hu\/wp-content\/uploads\/2022\/10\/UVR-XL2-18x9.jpg 18w, https:\/\/r-filter.hu\/wp-content\/uploads\/2022\/10\/UVR-XL2.jpg 1200w\" sizes=\"(max-width: 1024px) 100vw, 1024px\" title=\"\">\t\t\t\t\t\t\t\t\t\t\t\t\t\t\t<\/div>\n\t\t\t\t<\/div>\n\t\t\t\t<div class=\"elementor-element elementor-element-2fe8c99 elementor-widget elementor-widget-text-editor\" data-id=\"2fe8c99\" data-element_type=\"widget\" data-e-type=\"widget\" data-widget_type=\"text-editor.default\">\n\t\t\t\t<div class=\"elementor-widget-container\">\n\t\t\t\t\t\t\t\t\t<strong><p style=\"color:#0000F3\">Features, benefits:<\/strong><\/p>\n\n<ul>\n \t<li>Can be easily integrated into existing infrastructures<\/li>\n \t<li>Configurations can be designed to achieve the desired  germicidal UV dose<\/li>\n \t<li>Chemical and ozone free disinfection<\/li>\n \t<li>Innovative control ensures safe operation<\/li>\n \t<li>Create healthier indoor air quality<\/li>\n \t<li>Destroy pathogens that are harmful to health<\/li>\n \t<li>Help to eliminate of sick building syndrome<\/li>\n \t<li>Improve well-being<\/li>\n \t<li>Reduce the maintenance costs of the HVAC system<\/li>\n<\/ul>\t\t\t\t\t\t\t\t<\/div>\n\t\t\t\t<\/div>\n\t\t\t\t\t<\/div>\n\t\t<\/div>\n\t\t\t\t\t<\/div>\n\t\t<\/section>\n\t\t\t\t<\/div>","protected":false},"excerpt":{"rendered":"<p>UVR-KL A v\u00edrusok, bakt\u00e9riumok, pen\u00e9sz, sp\u00f3r\u00e1k, gomb\u00e1k stb. rohamosan n\u00f6vekedhetnek a nedves \u00e9s s\u00f6t\u00e9t HVAC rendszerekben, \u00e9s a l\u00e9gkondicion\u00e1l\u00f3 rendszereken kereszt\u00fcl elterjedhetnek az eg\u00e9sz \u00e9p\u00fcletben, fert\u0151z\u0151v\u00e9 t\u00e9ve az \u00d6n\u00f6k belt\u00e9ri k\u00f6rnyezet\u00e9t. A l\u00e9gcsatorn\u00e1ba szerelt UV cs\u00edr\u00e1tlan\u00edt\u00f3 k\u00e9sz\u00fcl\u00e9keink, \u201erep\u00fcl\u00e9s k\u00f6zben\u201d inaktiv\u00e1lj\u00e1k a betegs\u00e9geket okoz\u00f3 mikroorganizmusokat. A facility managereknek er\u0151sen m\u00e9rlegelni\u00fck kellene ennek a technol\u00f3gi\u00e1nak az \u00e9p\u00fcletekbe&hellip;&nbsp;<a href=\"https:\/\/r-filter.hu\/en\/uvr-kl\/\" rel=\"bookmark\">Read More &raquo;<span class=\"screen-reader-text\">UVR-KL<\/span><\/a><\/p>","protected":false},"author":2,"featured_media":0,"parent":0,"menu_order":0,"comment_status":"closed","ping_status":"closed","template":"","meta":{"neve_meta_sidebar":"full-width","neve_meta_container":"","neve_meta_enable_content_width":"on","neve_meta_content_width":100,"neve_meta_title_alignment":"","neve_meta_author_avatar":"","neve_post_elements_order":"","neve_meta_disable_header":"","neve_meta_disable_footer":"","neve_meta_disable_title":"","neve_meta_reading_time":"","_themeisle_gutenberg_block_has_review":false,"_ti_tpc_template_sync":false,"_ti_tpc_template_id":"","footnotes":""},"class_list":["post-2028","page","type-page","status-publish","hentry"],"_links":{"self":[{"href":"https:\/\/r-filter.hu\/en\/wp-json\/wp\/v2\/pages\/2028","targetHints":{"allow":["GET"]}}],"collection":[{"href":"https:\/\/r-filter.hu\/en\/wp-json\/wp\/v2\/pages"}],"about":[{"href":"https:\/\/r-filter.hu\/en\/wp-json\/wp\/v2\/types\/page"}],"author":[{"embeddable":true,"href":"https:\/\/r-filter.hu\/en\/wp-json\/wp\/v2\/users\/2"}],"replies":[{"embeddable":true,"href":"https:\/\/r-filter.hu\/en\/wp-json\/wp\/v2\/comments?post=2028"}],"version-history":[{"count":71,"href":"https:\/\/r-filter.hu\/en\/wp-json\/wp\/v2\/pages\/2028\/revisions"}],"predecessor-version":[{"id":7294,"href":"https:\/\/r-filter.hu\/en\/wp-json\/wp\/v2\/pages\/2028\/revisions\/7294"}],"wp:attachment":[{"href":"https:\/\/r-filter.hu\/en\/wp-json\/wp\/v2\/media?parent=2028"}],"curies":[{"name":"wp","href":"https:\/\/api.w.org\/{rel}","templated":true}]}}