{"id":2060,"date":"2021-06-29T05:57:20","date_gmt":"2021-06-29T05:57:20","guid":{"rendered":"https:\/\/r-filter.hu\/?page_id=2060"},"modified":"2023-07-06T10:50:22","modified_gmt":"2023-07-06T10:50:22","slug":"uvb","status":"publish","type":"page","link":"https:\/\/r-filter.hu\/en\/uvb\/","title":{"rendered":"UVB"},"content":{"rendered":"<div data-elementor-type=\"wp-page\" data-elementor-id=\"2060\" class=\"elementor elementor-2060\" data-elementor-post-type=\"page\">\n\t\t\t\t\t\t<section class=\"elementor-section elementor-top-section elementor-element elementor-element-25ddd3b elementor-section-boxed elementor-section-height-default elementor-section-height-default\" data-id=\"25ddd3b\" data-element_type=\"section\" data-e-type=\"section\">\n\t\t\t\t\t\t<div class=\"elementor-container elementor-column-gap-default\">\n\t\t\t\t\t<div class=\"elementor-column elementor-col-100 elementor-top-column elementor-element elementor-element-3535fe8\" data-id=\"3535fe8\" data-element_type=\"column\" data-e-type=\"column\" data-settings=\"{&quot;background_background&quot;:&quot;classic&quot;}\">\n\t\t\t<div class=\"elementor-widget-wrap elementor-element-populated\">\n\t\t\t\t\t\t<div class=\"elementor-element elementor-element-426860a elementor-widget elementor-widget-heading\" data-id=\"426860a\" data-element_type=\"widget\" data-e-type=\"widget\" data-widget_type=\"heading.default\">\n\t\t\t\t<div class=\"elementor-widget-container\">\n\t\t\t\t\t<h1 class=\"elementor-heading-title elementor-size-default\">UVB<\/h1>\t\t\t\t<\/div>\n\t\t\t\t<\/div>\n\t\t\t\t<div class=\"elementor-element elementor-element-6d3e663 elementor-widget-divider--view-line elementor-widget elementor-widget-divider\" data-id=\"6d3e663\" data-element_type=\"widget\" data-e-type=\"widget\" data-widget_type=\"divider.default\">\n\t\t\t\t<div class=\"elementor-widget-container\">\n\t\t\t\t\t\t\t<div class=\"elementor-divider\">\n\t\t\t<span class=\"elementor-divider-separator\">\n\t\t\t\t\t\t<\/span>\n\t\t<\/div>\n\t\t\t\t\t\t<\/div>\n\t\t\t\t<\/div>\n\t\t\t\t\t<\/div>\n\t\t<\/div>\n\t\t\t\t\t<\/div>\n\t\t<\/section>\n\t\t\t\t<section class=\"elementor-section elementor-top-section elementor-element elementor-element-df948cf elementor-section-boxed elementor-section-height-default elementor-section-height-default\" data-id=\"df948cf\" data-element_type=\"section\" data-e-type=\"section\">\n\t\t\t\t\t\t<div class=\"elementor-container elementor-column-gap-default\">\n\t\t\t\t\t<div class=\"elementor-column elementor-col-50 elementor-top-column elementor-element elementor-element-89b4c80\" data-id=\"89b4c80\" data-element_type=\"column\" data-e-type=\"column\">\n\t\t\t<div class=\"elementor-widget-wrap elementor-element-populated\">\n\t\t\t\t\t\t<div class=\"elementor-element elementor-element-d60c7de elementor-widget elementor-widget-text-editor\" data-id=\"d60c7de\" data-element_type=\"widget\" data-e-type=\"widget\" data-widget_type=\"text-editor.default\">\n\t\t\t\t<div class=\"elementor-widget-container\">\n\t\t\t\t\t\t\t\t\t<p>Viruses, bacteria, mold, spores, fungus, etc. can grow rapidly inside the damp and dark HVAC systems and get distributed all over the buildings through the air-conditioning systems, making your indoor environment infectious. Our in duct installed air disinfection devices inactivate the pathogenic microorganisms \u201con the fly\u201d. Facility managers should strongly consider incorporating this technology into their buildings.<\/p>\t\t\t\t\t\t\t\t<\/div>\n\t\t\t\t<\/div>\n\t\t\t\t<div class=\"elementor-element elementor-element-2d37071 elementor-widget elementor-widget-text-editor\" data-id=\"2d37071\" data-element_type=\"widget\" data-e-type=\"widget\" data-widget_type=\"text-editor.default\">\n\t\t\t\t<div class=\"elementor-widget-container\">\n\t\t\t\t\t\t\t\t\t<p><strong>Functional principle<\/strong><\/p>\t\t\t\t\t\t\t\t<\/div>\n\t\t\t\t<\/div>\n\t\t\t\t<div class=\"elementor-element elementor-element-0153b0c elementor-widget-divider--view-line elementor-widget elementor-widget-divider\" data-id=\"0153b0c\" data-element_type=\"widget\" data-e-type=\"widget\" data-widget_type=\"divider.default\">\n\t\t\t\t<div class=\"elementor-widget-container\">\n\t\t\t\t\t\t\t<div class=\"elementor-divider\">\n\t\t\t<span class=\"elementor-divider-separator\">\n\t\t\t\t\t\t<\/span>\n\t\t<\/div>\n\t\t\t\t\t\t<\/div>\n\t\t\t\t<\/div>\n\t\t\t\t<div class=\"elementor-element elementor-element-e069360 elementor-widget elementor-widget-text-editor\" data-id=\"e069360\" data-element_type=\"widget\" data-e-type=\"widget\" data-widget_type=\"text-editor.default\">\n\t\t\t\t<div class=\"elementor-widget-container\">\n\t\t\t\t\t\t\t\t\t<p>The UVB air disinfection Stick was designed as one-tube and two-tubes family with different electrical power (36, 60 and 95 W) and with different lengths (195, 395 and 500mm). With this system we can adapt flexibly to the local conditions. In order to achieve the most favourable germicidal, bactericidal effect, an air speed of 2-2.5 m\/s is required in the UV lamp area.<\/p><p><em>Installing two-tubes Sticks in an air duct:<\/em><\/p>\t\t\t\t\t\t\t\t<\/div>\n\t\t\t\t<\/div>\n\t\t\t\t<div class=\"elementor-element elementor-element-f817e93 elementor-widget elementor-widget-image\" data-id=\"f817e93\" data-element_type=\"widget\" data-e-type=\"widget\" data-widget_type=\"image.default\">\n\t\t\t\t<div class=\"elementor-widget-container\">\n\t\t\t\t\t\t\t\t\t\t\t\t\t\t\t<img fetchpriority=\"high\" decoding=\"async\" width=\"300\" height=\"179\" src=\"https:\/\/r-filter.hu\/wp-content\/uploads\/2021\/09\/UVB-300x179.jpg\" class=\"attachment-medium size-medium wp-image-3000\" alt=\"\" srcset=\"https:\/\/r-filter.hu\/wp-content\/uploads\/2021\/09\/UVB-300x179.jpg 300w, https:\/\/r-filter.hu\/wp-content\/uploads\/2021\/09\/UVB-1024x613.jpg 1024w, https:\/\/r-filter.hu\/wp-content\/uploads\/2021\/09\/UVB-768x459.jpg 768w, https:\/\/r-filter.hu\/wp-content\/uploads\/2021\/09\/UVB-18x12.jpg 18w, https:\/\/r-filter.hu\/wp-content\/uploads\/2021\/09\/UVB.jpg 1257w\" sizes=\"(max-width: 300px) 100vw, 300px\" title=\"\">\t\t\t\t\t\t\t\t\t\t\t\t\t\t\t<\/div>\n\t\t\t\t<\/div>\n\t\t\t\t<div class=\"elementor-element elementor-element-c25d260 elementor-widget elementor-widget-image\" data-id=\"c25d260\" data-element_type=\"widget\" data-e-type=\"widget\" data-widget_type=\"image.default\">\n\t\t\t\t<div class=\"elementor-widget-container\">\n\t\t\t\t\t\t\t\t\t\t\t\t\t\t\t\t<a href=\"https:\/\/r-filter.hu\/wp-content\/uploads\/2021\/09\/sp.g.a.jpg\" data-elementor-open-lightbox=\"yes\" data-elementor-lightbox-title=\"F\u00e9ny spektruma 253,7nm (1)\" data-e-action-hash=\"#elementor-action%3Aaction%3Dlightbox%26settings%3DeyJpZCI6MjE3MywidXJsIjoiaHR0cHM6XC9cL3ItZmlsdGVyLmh1XC93cC1jb250ZW50XC91cGxvYWRzXC8yMDIxXC8wN1wvRmVueS1zcGVrdHJ1bWEtMjUzN25tLTEuanBnIn0%3D\">\n\t\t\t\t\t\t\t<img decoding=\"async\" width=\"862\" height=\"360\" src=\"https:\/\/r-filter.hu\/wp-content\/uploads\/2021\/09\/sp.g.a.jpg\" class=\"attachment-2048x2048 size-2048x2048 wp-image-2173\" alt=\"\" srcset=\"https:\/\/r-filter.hu\/wp-content\/uploads\/2021\/09\/sp.g.a.jpg 869w, https:\/\/r-filter.hu\/wp-content\/uploads\/2021\/09\/sp.g.a-300x95.jpg 300w, https:\/\/r-filter.hu\/wp-content\/uploads\/2021\/09\/sp.g.a-768x244.jpg 768w, https:\/\/r-filter.hu\/wp-content\/uploads\/2021\/09\/sp.g.a-18x6.jpg 18w\" sizes=\"(max-width: 862px) 100vw, 862px\" title=\"\">\t\t\t\t\t\t\t\t<\/a>\n\t\t\t\t\t\t\t\t\t\t\t\t\t\t\t<\/div>\n\t\t\t\t<\/div>\n\t\t\t\t<div class=\"elementor-element elementor-element-3109f83 elementor-widget elementor-widget-image\" data-id=\"3109f83\" data-element_type=\"widget\" data-e-type=\"widget\" data-widget_type=\"image.default\">\n\t\t\t\t<div class=\"elementor-widget-container\">\n\t\t\t\t\t\t\t\t\t\t\t\t\t\t\t\t<a href=\"https:\/\/r-filter.hu\/wp-content\/uploads\/2021\/09\/germ.a.jpg\" data-elementor-open-lightbox=\"yes\" data-elementor-lightbox-title=\"relat\u00edv hat\u00e9konys\u00e1gi g\u00f6rbe sz\u00f6veggel\" data-e-action-hash=\"#elementor-action%3Aaction%3Dlightbox%26settings%3DeyJpZCI6MjE2MCwidXJsIjoiaHR0cHM6XC9cL3ItZmlsdGVyLmh1XC93cC1jb250ZW50XC91cGxvYWRzXC8yMDIxXC8wN1wvcmVsYXRpdi1oYXRla29ueXNhZ2ktZ29yYmUtc3pvdmVnZ2VsLmpwZyJ9\">\n\t\t\t\t\t\t\t<img decoding=\"async\" width=\"1621\" height=\"1020\" src=\"https:\/\/r-filter.hu\/wp-content\/uploads\/2021\/09\/germ.a.jpg\" class=\"attachment-2048x2048 size-2048x2048 wp-image-2160\" alt=\"\" srcset=\"https:\/\/r-filter.hu\/wp-content\/uploads\/2021\/09\/germ.a.jpg 1023w, https:\/\/r-filter.hu\/wp-content\/uploads\/2021\/09\/germ.a-300x118.jpg 300w, https:\/\/r-filter.hu\/wp-content\/uploads\/2021\/09\/germ.a-768x302.jpg 768w, https:\/\/r-filter.hu\/wp-content\/uploads\/2021\/09\/germ.a-18x7.jpg 18w\" sizes=\"(max-width: 1621px) 100vw, 1621px\" title=\"\">\t\t\t\t\t\t\t\t<\/a>\n\t\t\t\t\t\t\t\t\t\t\t\t\t\t\t<\/div>\n\t\t\t\t<\/div>\n\t\t\t\t<div class=\"elementor-element elementor-element-5a79d6c elementor-widget elementor-widget-text-editor\" data-id=\"5a79d6c\" data-element_type=\"widget\" data-e-type=\"widget\" data-widget_type=\"text-editor.default\">\n\t\t\t\t<div class=\"elementor-widget-container\">\n\t\t\t\t\t\t\t\t\t<p class=\"translation-block\">A radiation dose of 10 to 100 Ws\/m2 is generally required to kill microorganisms, while different organisms have very different radiation sensitivities, which can range from 7 Ws\/m2 (Escherichia coli) to 1.000 Ws\/m2 (fungi). The effect of UVC radiation on corona viruses is known. The D10 dose is around 40 Ws\/m2. The D10 value is the UV dose that reduces a certain initial number of germs by 90%.<\/p>\t\t\t\t\t\t\t\t<\/div>\n\t\t\t\t<\/div>\n\t\t\t\t\t<\/div>\n\t\t<\/div>\n\t\t\t\t<div class=\"elementor-column elementor-col-50 elementor-top-column elementor-element elementor-element-dc5a491\" data-id=\"dc5a491\" data-element_type=\"column\" data-e-type=\"column\">\n\t\t\t<div class=\"elementor-widget-wrap elementor-element-populated\">\n\t\t\t\t\t\t<div class=\"elementor-element elementor-element-4a46543 elementor-widget elementor-widget-image\" data-id=\"4a46543\" data-element_type=\"widget\" data-e-type=\"widget\" data-widget_type=\"image.default\">\n\t\t\t\t<div class=\"elementor-widget-container\">\n\t\t\t\t\t\t\t\t\t\t\t\t\t\t\t<img loading=\"lazy\" decoding=\"async\" width=\"1024\" height=\"512\" src=\"https:\/\/r-filter.hu\/wp-content\/uploads\/2022\/10\/UVB2-1024x512.jpg\" class=\"attachment-large size-large wp-image-5290\" alt=\"R-Filter innovat\u00edv konyhai l\u00e9gkezel\u00e9s, zs\u00edrbont\u00e1s \u00e9s szagtalan\u00edt\u00e1s\" srcset=\"https:\/\/r-filter.hu\/wp-content\/uploads\/2022\/10\/UVB2-1024x512.jpg 1024w, https:\/\/r-filter.hu\/wp-content\/uploads\/2022\/10\/UVB2-300x150.jpg 300w, https:\/\/r-filter.hu\/wp-content\/uploads\/2022\/10\/UVB2-768x384.jpg 768w, https:\/\/r-filter.hu\/wp-content\/uploads\/2022\/10\/UVB2-18x9.jpg 18w, https:\/\/r-filter.hu\/wp-content\/uploads\/2022\/10\/UVB2.jpg 1200w\" sizes=\"(max-width: 1024px) 100vw, 1024px\" title=\"\">\t\t\t\t\t\t\t\t\t\t\t\t\t\t\t<\/div>\n\t\t\t\t<\/div>\n\t\t\t\t<div class=\"elementor-element elementor-element-2fe8c99 elementor-widget elementor-widget-text-editor\" data-id=\"2fe8c99\" data-element_type=\"widget\" data-e-type=\"widget\" data-widget_type=\"text-editor.default\">\n\t\t\t\t<div class=\"elementor-widget-container\">\n\t\t\t\t\t\t\t\t\t<strong><p style=\"color:#0000F3\">Features, benefits:<\/strong><\/p>\n\n<ul>\n \t<li>Can be easily integrated into existing infrastructures<\/li>\n \t<li>Configurations can be designed to achieve the desired  germicidal UV dose<\/li>\n \t<li>Chemical and ozone free disinfection<\/li>\n \t<li>Innovative control ensures safe operation<\/li>\n \t<li>Create healthier indoor air quality<\/li>\n \t<li>Destroy pathogens that are harmful to health<\/li>\n \t<li>Help to eliminate of sick building syndrome<\/li>\n \t<li>Improve well-being<\/li>\n \t<li>Reduce the maintenance costs of the HVAC system<\/li>\n<\/ul>\t\t\t\t\t\t\t\t<\/div>\n\t\t\t\t<\/div>\n\t\t\t\t\t<\/div>\n\t\t<\/div>\n\t\t\t\t\t<\/div>\n\t\t<\/section>\n\t\t\t\t<\/div>","protected":false},"excerpt":{"rendered":"<p>UVB A v\u00edrusok, bakt\u00e9riumok, pen\u00e9sz, sp\u00f3r\u00e1k, gomb\u00e1k stb. rohamosan n\u00f6vekedhetnek a nedves \u00e9s s\u00f6t\u00e9t HVAC rendszerekben, \u00e9s a l\u00e9gkondicion\u00e1l\u00f3 rendszereken kereszt\u00fcl elterjedhetnek az eg\u00e9sz \u00e9p\u00fcletben, fert\u0151z\u0151v\u00e9 t\u00e9ve az \u00d6n\u00f6k belt\u00e9ri k\u00f6rnyezet\u00e9t. A l\u00e9gcsatorn\u00e1ba szerelt UV cs\u00edr\u00e1tlan\u00edt\u00f3 k\u00e9sz\u00fcl\u00e9keink, \u201erep\u00fcl\u00e9s k\u00f6zben\u201d inaktiv\u00e1lj\u00e1k a betegs\u00e9geket okoz\u00f3 mikroorganizmusokat. A facility managereknek er\u0151sen m\u00e9rlegelni\u00fck kellene ennek a technol\u00f3gi\u00e1nak az \u00e9p\u00fcletekbe&hellip;&nbsp;<a href=\"https:\/\/r-filter.hu\/en\/uvb\/\" rel=\"bookmark\">Read More &raquo;<span class=\"screen-reader-text\">UVB<\/span><\/a><\/p>","protected":false},"author":2,"featured_media":0,"parent":0,"menu_order":0,"comment_status":"closed","ping_status":"closed","template":"","meta":{"neve_meta_sidebar":"full-width","neve_meta_container":"","neve_meta_enable_content_width":"on","neve_meta_content_width":100,"neve_meta_title_alignment":"","neve_meta_author_avatar":"","neve_post_elements_order":"","neve_meta_disable_header":"","neve_meta_disable_footer":"","neve_meta_disable_title":"","neve_meta_reading_time":"","_themeisle_gutenberg_block_has_review":false,"_ti_tpc_template_sync":false,"_ti_tpc_template_id":"","footnotes":""},"class_list":["post-2060","page","type-page","status-publish","hentry"],"_links":{"self":[{"href":"https:\/\/r-filter.hu\/en\/wp-json\/wp\/v2\/pages\/2060","targetHints":{"allow":["GET"]}}],"collection":[{"href":"https:\/\/r-filter.hu\/en\/wp-json\/wp\/v2\/pages"}],"about":[{"href":"https:\/\/r-filter.hu\/en\/wp-json\/wp\/v2\/types\/page"}],"author":[{"embeddable":true,"href":"https:\/\/r-filter.hu\/en\/wp-json\/wp\/v2\/users\/2"}],"replies":[{"embeddable":true,"href":"https:\/\/r-filter.hu\/en\/wp-json\/wp\/v2\/comments?post=2060"}],"version-history":[{"count":42,"href":"https:\/\/r-filter.hu\/en\/wp-json\/wp\/v2\/pages\/2060\/revisions"}],"predecessor-version":[{"id":7291,"href":"https:\/\/r-filter.hu\/en\/wp-json\/wp\/v2\/pages\/2060\/revisions\/7291"}],"wp:attachment":[{"href":"https:\/\/r-filter.hu\/en\/wp-json\/wp\/v2\/media?parent=2060"}],"curies":[{"name":"wp","href":"https:\/\/api.w.org\/{rel}","templated":true}]}}