{"id":2073,"date":"2021-06-29T07:56:09","date_gmt":"2021-06-29T07:56:09","guid":{"rendered":"https:\/\/r-filter.hu\/?page_id=2073"},"modified":"2022-10-28T12:19:18","modified_gmt":"2022-10-28T12:19:18","slug":"uvq","status":"publish","type":"page","link":"https:\/\/r-filter.hu\/en\/uvq\/","title":{"rendered":"UVQ"},"content":{"rendered":"\t\t<div data-elementor-type=\"wp-page\" data-elementor-id=\"2073\" class=\"elementor elementor-2073\" data-elementor-post-type=\"page\">\n\t\t\t\t\t\t<section class=\"elementor-section elementor-top-section elementor-element elementor-element-4cf4045 elementor-section-boxed elementor-section-height-default elementor-section-height-default\" data-id=\"4cf4045\" data-element_type=\"section\" data-e-type=\"section\">\n\t\t\t\t\t\t<div class=\"elementor-container elementor-column-gap-default\">\n\t\t\t\t\t<div class=\"elementor-column elementor-col-100 elementor-top-column elementor-element elementor-element-0e716c5\" data-id=\"0e716c5\" data-element_type=\"column\" data-e-type=\"column\" data-settings=\"{&quot;background_background&quot;:&quot;classic&quot;}\">\n\t\t\t<div class=\"elementor-widget-wrap elementor-element-populated\">\n\t\t\t\t\t\t<div class=\"elementor-element elementor-element-078eb48 elementor-widget elementor-widget-heading\" data-id=\"078eb48\" data-element_type=\"widget\" data-e-type=\"widget\" data-widget_type=\"heading.default\">\n\t\t\t\t<div class=\"elementor-widget-container\">\n\t\t\t\t\t<h1 class=\"elementor-heading-title elementor-size-default\">UVQ<\/h1>\t\t\t\t<\/div>\n\t\t\t\t<\/div>\n\t\t\t\t<div class=\"elementor-element elementor-element-3864386 elementor-widget-divider--view-line elementor-widget elementor-widget-divider\" data-id=\"3864386\" data-element_type=\"widget\" data-e-type=\"widget\" data-widget_type=\"divider.default\">\n\t\t\t\t<div class=\"elementor-widget-container\">\n\t\t\t\t\t\t\t<div class=\"elementor-divider\">\n\t\t\t<span class=\"elementor-divider-separator\">\n\t\t\t\t\t\t<\/span>\n\t\t<\/div>\n\t\t\t\t\t\t<\/div>\n\t\t\t\t<\/div>\n\t\t\t\t\t<\/div>\n\t\t<\/div>\n\t\t\t\t\t<\/div>\n\t\t<\/section>\n\t\t\t\t<section class=\"elementor-section elementor-top-section elementor-element elementor-element-b82593f elementor-section-boxed elementor-section-height-default elementor-section-height-default\" data-id=\"b82593f\" data-element_type=\"section\" data-e-type=\"section\">\n\t\t\t\t\t\t<div class=\"elementor-container elementor-column-gap-default\">\n\t\t\t\t\t<div class=\"elementor-column elementor-col-50 elementor-top-column elementor-element elementor-element-7f104bb\" data-id=\"7f104bb\" data-element_type=\"column\" data-e-type=\"column\">\n\t\t\t<div class=\"elementor-widget-wrap elementor-element-populated\">\n\t\t\t\t\t\t<div class=\"elementor-element elementor-element-c17741d elementor-widget elementor-widget-text-editor\" data-id=\"c17741d\" data-element_type=\"widget\" data-e-type=\"widget\" data-widget_type=\"text-editor.default\">\n\t\t\t\t<div class=\"elementor-widget-container\">\n\t\t\t\t\t\t\t\t\t<p>A l\u00e9gkond\u00edcion\u00e1l\u00f3 berendez\u00e9sek belt\u00e9ri egys\u00e9g\u00e9ben, a haszn\u00e1lat sor\u00e1n a nem megfelel\u0151en elvezetett kondenzv\u00edzben bakt\u00e9riumok \u00e9s pen\u00e9szgomb\u00e1k telepedhetnek meg, melyeket a l\u00e9g\u00e1ram mag\u00e1val ragadva sz\u00e9tter\u00edthet az adott helyis\u00e9gben.<br \/>Ide\u00e1lis lak\u00e1sokba, irod\u00e1ba, \u00fczlethelyis\u00e9gekbe, k\u00f6z\u00f6ss\u00e9gi terekbe \u00e9s minden olyan helyis\u00e9gbe, ahol a h\u0171t\u00e9st vagy a f\u0171t\u00e9st split kl\u00edm\u00e1val oldott\u00e1k meg.<\/p>\t\t\t\t\t\t\t\t<\/div>\n\t\t\t\t<\/div>\n\t\t\t\t<div class=\"elementor-element elementor-element-62e6ea7 elementor-widget elementor-widget-text-editor\" data-id=\"62e6ea7\" data-element_type=\"widget\" data-e-type=\"widget\" data-widget_type=\"text-editor.default\">\n\t\t\t\t<div class=\"elementor-widget-container\">\n\t\t\t\t\t\t\t\t\t<p>M\u0171k\u00f6d\u00e9si elv<\/p>\t\t\t\t\t\t\t\t<\/div>\n\t\t\t\t<\/div>\n\t\t\t\t<div class=\"elementor-element elementor-element-39e1b91 elementor-widget-divider--view-line elementor-widget elementor-widget-divider\" data-id=\"39e1b91\" data-element_type=\"widget\" data-e-type=\"widget\" data-widget_type=\"divider.default\">\n\t\t\t\t<div class=\"elementor-widget-container\">\n\t\t\t\t\t\t\t<div class=\"elementor-divider\">\n\t\t\t<span class=\"elementor-divider-separator\">\n\t\t\t\t\t\t<\/span>\n\t\t<\/div>\n\t\t\t\t\t\t<\/div>\n\t\t\t\t<\/div>\n\t\t\t\t<div class=\"elementor-element elementor-element-e5d5b81 elementor-widget elementor-widget-text-editor\" data-id=\"e5d5b81\" data-element_type=\"widget\" data-e-type=\"widget\" data-widget_type=\"text-editor.default\">\n\t\t\t\t<div class=\"elementor-widget-container\">\n\t\t\t\t\t\t\t\t\t<p>A kl\u00edmaberendez\u00e9s a helyis\u00e9g bels\u0151 leveg\u0151j\u00e9t forgatva h\u0171ti vagy f\u0171ti azt. Az R-FILTER UVQ k\u00e9sz\u00fcl\u00e9k a kl\u00edma belt\u00e9ri egys\u00e9ge ut\u00e1n ker\u00fcl felszerel\u00e9sre. Az egys\u00e9gb\u0151l ki\u00e1raml\u00f3 leveg\u0151t germicid hat\u00e1s\u00fa UV-C f\u00e9ny \u00e9ri. Az ultraibolya sug\u00e1rz\u00e1s hat\u00e1s\u00e1ra a k\u00f3rokoz\u00f3k DNS-e sz\u00e9troncsol\u00f3dik, \u00edgy azok elpusztulnak, ez\u00e1ltal fert\u0151tlen\u00edti a leveg\u0151t.<\/p>\t\t\t\t\t\t\t\t<\/div>\n\t\t\t\t<\/div>\n\t\t\t\t<div class=\"elementor-element elementor-element-e18416a elementor-widget elementor-widget-image\" data-id=\"e18416a\" data-element_type=\"widget\" data-e-type=\"widget\" data-widget_type=\"image.default\">\n\t\t\t\t<div class=\"elementor-widget-container\">\n\t\t\t\t\t\t\t\t\t\t\t\t\t\t\t\t<a href=\"https:\/\/r-filter.hu\/wp-content\/uploads\/2021\/07\/Feny-spektruma-2537nm-1.jpg\" data-elementor-open-lightbox=\"yes\" data-elementor-lightbox-title=\"F\u00e9ny spektruma 253,7nm (1)\" data-e-action-hash=\"#elementor-action%3Aaction%3Dlightbox%26settings%3DeyJpZCI6MjE3MywidXJsIjoiaHR0cHM6XC9cL3ItZmlsdGVyLmh1XC93cC1jb250ZW50XC91cGxvYWRzXC8yMDIxXC8wN1wvRmVueS1zcGVrdHJ1bWEtMjUzN25tLTEuanBnIn0%3D\">\n\t\t\t\t\t\t\t<img fetchpriority=\"high\" decoding=\"async\" width=\"862\" height=\"360\" src=\"https:\/\/r-filter.hu\/wp-content\/uploads\/2021\/07\/Feny-spektruma-2537nm-1.jpg\" class=\"attachment-large size-large wp-image-2173\" alt=\"\" srcset=\"https:\/\/r-filter.hu\/wp-content\/uploads\/2021\/07\/Feny-spektruma-2537nm-1.jpg 862w, https:\/\/r-filter.hu\/wp-content\/uploads\/2021\/07\/Feny-spektruma-2537nm-1-300x125.jpg 300w, https:\/\/r-filter.hu\/wp-content\/uploads\/2021\/07\/Feny-spektruma-2537nm-1-768x321.jpg 768w, https:\/\/r-filter.hu\/wp-content\/uploads\/2021\/07\/Feny-spektruma-2537nm-1-16x7.jpg 16w\" sizes=\"(max-width: 862px) 100vw, 862px\" title=\"\">\t\t\t\t\t\t\t\t<\/a>\n\t\t\t\t\t\t\t\t\t\t\t\t\t\t\t<\/div>\n\t\t\t\t<\/div>\n\t\t\t\t<div class=\"elementor-element elementor-element-47d8874 elementor-widget elementor-widget-image\" data-id=\"47d8874\" data-element_type=\"widget\" data-e-type=\"widget\" data-widget_type=\"image.default\">\n\t\t\t\t<div class=\"elementor-widget-container\">\n\t\t\t\t\t\t\t\t\t\t\t\t\t\t\t\t<a href=\"https:\/\/r-filter.hu\/wp-content\/uploads\/2021\/07\/relativ-hatekonysagi-gorbe-szoveggel.jpg\" data-elementor-open-lightbox=\"yes\" data-elementor-lightbox-title=\"relat\u00edv hat\u00e9konys\u00e1gi g\u00f6rbe sz\u00f6veggel\" data-e-action-hash=\"#elementor-action%3Aaction%3Dlightbox%26settings%3DeyJpZCI6MjE2MCwidXJsIjoiaHR0cHM6XC9cL3ItZmlsdGVyLmh1XC93cC1jb250ZW50XC91cGxvYWRzXC8yMDIxXC8wN1wvcmVsYXRpdi1oYXRla29ueXNhZ2ktZ29yYmUtc3pvdmVnZ2VsLmpwZyJ9\">\n\t\t\t\t\t\t\t<img decoding=\"async\" width=\"1024\" height=\"644\" src=\"https:\/\/r-filter.hu\/wp-content\/uploads\/2021\/07\/relativ-hatekonysagi-gorbe-szoveggel-1024x644.jpg\" class=\"attachment-large size-large wp-image-2160\" alt=\"\" srcset=\"https:\/\/r-filter.hu\/wp-content\/uploads\/2021\/07\/relativ-hatekonysagi-gorbe-szoveggel-1024x644.jpg 1024w, https:\/\/r-filter.hu\/wp-content\/uploads\/2021\/07\/relativ-hatekonysagi-gorbe-szoveggel-300x189.jpg 300w, https:\/\/r-filter.hu\/wp-content\/uploads\/2021\/07\/relativ-hatekonysagi-gorbe-szoveggel-768x483.jpg 768w, https:\/\/r-filter.hu\/wp-content\/uploads\/2021\/07\/relativ-hatekonysagi-gorbe-szoveggel-1536x967.jpg 1536w, https:\/\/r-filter.hu\/wp-content\/uploads\/2021\/07\/relativ-hatekonysagi-gorbe-szoveggel-16x10.jpg 16w, https:\/\/r-filter.hu\/wp-content\/uploads\/2021\/07\/relativ-hatekonysagi-gorbe-szoveggel.jpg 1621w\" sizes=\"(max-width: 1024px) 100vw, 1024px\" title=\"\">\t\t\t\t\t\t\t\t<\/a>\n\t\t\t\t\t\t\t\t\t\t\t\t\t\t\t<\/div>\n\t\t\t\t<\/div>\n\t\t\t\t\t<\/div>\n\t\t<\/div>\n\t\t\t\t<div class=\"elementor-column elementor-col-50 elementor-top-column elementor-element elementor-element-a08b5ec\" data-id=\"a08b5ec\" data-element_type=\"column\" data-e-type=\"column\">\n\t\t\t<div class=\"elementor-widget-wrap elementor-element-populated\">\n\t\t\t\t\t\t<div class=\"elementor-element elementor-element-a82d015 elementor-widget elementor-widget-image\" data-id=\"a82d015\" data-element_type=\"widget\" data-e-type=\"widget\" data-widget_type=\"image.default\">\n\t\t\t\t<div class=\"elementor-widget-container\">\n\t\t\t\t\t\t\t\t\t\t\t\t\t\t\t<img decoding=\"async\" width=\"1024\" height=\"512\" src=\"https:\/\/r-filter.hu\/wp-content\/uploads\/2022\/10\/UVQ2-1024x512.jpg\" class=\"attachment-large size-large wp-image-5294\" alt=\"R-Filter innovat\u00edv konyhai l\u00e9gkezel\u00e9s, zs\u00edrbont\u00e1s \u00e9s szagtalan\u00edt\u00e1s\" srcset=\"https:\/\/r-filter.hu\/wp-content\/uploads\/2022\/10\/UVQ2-1024x512.jpg 1024w, https:\/\/r-filter.hu\/wp-content\/uploads\/2022\/10\/UVQ2-300x150.jpg 300w, https:\/\/r-filter.hu\/wp-content\/uploads\/2022\/10\/UVQ2-768x384.jpg 768w, https:\/\/r-filter.hu\/wp-content\/uploads\/2022\/10\/UVQ2-18x9.jpg 18w, https:\/\/r-filter.hu\/wp-content\/uploads\/2022\/10\/UVQ2.jpg 1200w\" sizes=\"(max-width: 1024px) 100vw, 1024px\" title=\"\">\t\t\t\t\t\t\t\t\t\t\t\t\t\t\t<\/div>\n\t\t\t\t<\/div>\n\t\t\t\t<div class=\"elementor-element elementor-element-a4c6c65 elementor-widget elementor-widget-text-editor\" data-id=\"a4c6c65\" data-element_type=\"widget\" data-e-type=\"widget\" data-widget_type=\"text-editor.default\">\n\t\t\t\t<div class=\"elementor-widget-container\">\n\t\t\t\t\t\t\t\t\t<strong><p style=\"color:#0000F3\">A k\u00e9sz\u00fcl\u00e9k alkalmaz\u00e1s\u00e1nak el\u0151nyei:<\/strong><\/p>\n\n<ul>\n \t<li>egyszer\u0171en \u00e9s gyorsan felszerelhet\u0151<\/li>\n \t<li>elpuszt\u00edtja a kl\u00edmaberendez\u00e9sb\u0151l ki\u00e1raml\u00f3 v\u00edrusokat, bakt\u00e9riumokat, gomb\u00e1kat \u00e9s sp\u00f3r\u00e1kat<\/li>\n \t<li>cs\u00f6kkenti a fert\u0151z\u00e9sek elterjed\u00e9s\u00e9t<\/li>\n \t<li>egyszer\u0171 haszn\u00e1lat<\/li>\n \t<li>gazdas\u00e1gos m\u0171k\u00f6dtet\u00e9s<\/li>\n \t<li>nem termel \u00f3zont \u00e9s m\u00e1sodlagos mell\u00e9kterm\u00e9ket<\/li>\n<\/ul>\t\t\t\t\t\t\t\t<\/div>\n\t\t\t\t<\/div>\n\t\t\t\t\t<\/div>\n\t\t<\/div>\n\t\t\t\t\t<\/div>\n\t\t<\/section>\n\t\t\t\t<footer class=\"elementor-section elementor-top-section elementor-element elementor-element-3afa557 elementor-section-content-middle elementor-section-boxed elementor-section-height-default elementor-section-height-default\" data-id=\"3afa557\" data-element_type=\"section\" data-e-type=\"section\" data-settings=\"{&quot;background_background&quot;:&quot;classic&quot;}\">\n\t\t\t\t\t\t<div class=\"elementor-container elementor-column-gap-default\">\n\t\t\t\t\t<div class=\"elementor-column elementor-col-100 elementor-top-column elementor-element elementor-element-ee341cd\" data-id=\"ee341cd\" data-element_type=\"column\" data-e-type=\"column\">\n\t\t\t<div class=\"elementor-widget-wrap elementor-element-populated\">\n\t\t\t\t\t\t<section class=\"elementor-section elementor-inner-section elementor-element elementor-element-0bf739b elementor-section-full_width elementor-section-height-default elementor-section-height-default\" data-id=\"0bf739b\" data-element_type=\"section\" data-e-type=\"section\">\n\t\t\t\t\t\t<div class=\"elementor-container elementor-column-gap-default\">\n\t\t\t\t\t<div class=\"elementor-column elementor-col-50 elementor-inner-column elementor-element elementor-element-e43a0a0\" data-id=\"e43a0a0\" data-element_type=\"column\" data-e-type=\"column\">\n\t\t\t<div class=\"elementor-widget-wrap elementor-element-populated\">\n\t\t\t\t\t\t<div class=\"elementor-element elementor-element-d8585a6 elementor-widget elementor-widget-heading\" data-id=\"d8585a6\" data-element_type=\"widget\" data-e-type=\"widget\" data-widget_type=\"heading.default\">\n\t\t\t\t<div class=\"elementor-widget-container\">\n\t\t\t\t\t<h4 class=\"elementor-heading-title elementor-size-default\">Kapcsolat<\/h4>\t\t\t\t<\/div>\n\t\t\t\t<\/div>\n\t\t\t\t<div class=\"elementor-element elementor-element-10cf5c5 elementor-icon-list--layout-traditional elementor-list-item-link-full_width elementor-widget elementor-widget-icon-list\" data-id=\"10cf5c5\" data-element_type=\"widget\" data-e-type=\"widget\" data-widget_type=\"icon-list.default\">\n\t\t\t\t<div class=\"elementor-widget-container\">\n\t\t\t\t\t\t\t<ul class=\"elementor-icon-list-items\">\n\t\t\t\t\t\t\t<li class=\"elementor-icon-list-item\">\n\t\t\t\t\t\t\t\t\t\t\t<a href=\"https:\/\/www.google.hu\/maps\/place\/Budapest,+Sz%C5%91l%C5%91kert+k%C3%B6z+9,+1033\/data=!4m2!3m1!1s0x4741d9737e26503d:0xecbde865bd306095?sa=X&#038;ved=2ahUKEwjs75zQ-cP6AhUCCewKHY-eAK4Q8gF6BAgIEAE\" rel=\"nofollow noopener\" target=\"_blank\">\n\n\t\t\t\t\t\t\t\t\t\t\t\t<span class=\"elementor-icon-list-icon\">\n\t\t\t\t\t\t\t<i aria-hidden=\"true\" class=\"fas fa-map-marker-alt\"><\/i>\t\t\t\t\t\t<\/span>\n\t\t\t\t\t\t\t\t\t\t<span class=\"elementor-icon-list-text\">1033 Budapest, Sz\u0151l\u0151kert k\u00f6z 9.<\/span>\n\t\t\t\t\t\t\t\t\t\t\t<\/a>\n\t\t\t\t\t\t\t\t\t<\/li>\n\t\t\t\t\t\t\t\t<li class=\"elementor-icon-list-item\">\n\t\t\t\t\t\t\t\t\t\t\t<a href=\"tel:+36703361053\">\n\n\t\t\t\t\t\t\t\t\t\t\t\t<span class=\"elementor-icon-list-icon\">\n\t\t\t\t\t\t\t<i aria-hidden=\"true\" class=\"fas fa-phone\"><\/i>\t\t\t\t\t\t<\/span>\n\t\t\t\t\t\t\t\t\t\t<span class=\"elementor-icon-list-text\">+36 70 339 1053<\/span>\n\t\t\t\t\t\t\t\t\t\t\t<\/a>\n\t\t\t\t\t\t\t\t\t<\/li>\n\t\t\t\t\t\t\t\t<li class=\"elementor-icon-list-item\">\n\t\t\t\t\t\t\t\t\t\t\t<a href=\"mailto:r-filter@r-filter.hu\">\n\n\t\t\t\t\t\t\t\t\t\t\t\t<span class=\"elementor-icon-list-icon\">\n\t\t\t\t\t\t\t<i aria-hidden=\"true\" class=\"fas fa-at\"><\/i>\t\t\t\t\t\t<\/span>\n\t\t\t\t\t\t\t\t\t\t<span class=\"elementor-icon-list-text\">r-filter@r-filter.hu<\/span>\n\t\t\t\t\t\t\t\t\t\t\t<\/a>\n\t\t\t\t\t\t\t\t\t<\/li>\n\t\t\t\t\t\t\t\t<li class=\"elementor-icon-list-item\">\n\t\t\t\t\t\t\t\t\t\t\t<span class=\"elementor-icon-list-icon\">\n\t\t\t\t\t\t\t<i aria-hidden=\"true\" class=\"fas fa-clock\"><\/i>\t\t\t\t\t\t<\/span>\n\t\t\t\t\t\t\t\t\t\t<span class=\"elementor-icon-list-text\">Nyitva tart\u00e1s: H-P 9:00-17:00<\/span>\n\t\t\t\t\t\t\t\t\t<\/li>\n\t\t\t\t\t\t<\/ul>\n\t\t\t\t\t\t<\/div>\n\t\t\t\t<\/div>\n\t\t\t\t<div class=\"elementor-element elementor-element-107f1bb elementor-shape-circle e-grid-align-left e-grid-align-mobile-center elementor-grid-0 elementor-widget elementor-widget-social-icons\" data-id=\"107f1bb\" data-element_type=\"widget\" data-e-type=\"widget\" data-settings=\"{&quot;_animation&quot;:&quot;none&quot;}\" data-widget_type=\"social-icons.default\">\n\t\t\t\t<div class=\"elementor-widget-container\">\n\t\t\t\t\t\t\t<div class=\"elementor-social-icons-wrapper elementor-grid\" role=\"list\">\n\t\t\t\t\t\t\t<span class=\"elementor-grid-item\" role=\"listitem\">\n\t\t\t\t\t<a class=\"elementor-icon elementor-social-icon elementor-social-icon-instagram elementor-animation-shrink elementor-repeater-item-5e3d796\" href=\"https:\/\/www.instagram.com\/rfilterhu\/\" target=\"_blank\" rel=\"nofollow noopener\">\n\t\t\t\t\t\t<span class=\"elementor-screen-only\">Instagram<\/span>\n\t\t\t\t\t\t<i aria-hidden=\"true\" class=\"fab fa-instagram\"><\/i>\t\t\t\t\t<\/a>\n\t\t\t\t<\/span>\n\t\t\t\t\t\t\t<span class=\"elementor-grid-item\" role=\"listitem\">\n\t\t\t\t\t<a class=\"elementor-icon elementor-social-icon elementor-social-icon-facebook-f elementor-animation-shrink elementor-repeater-item-6fb5456\" href=\"https:\/\/www.facebook.com\/legtisztitasfelelosen\" target=\"_blank\" rel=\"nofollow noopener\">\n\t\t\t\t\t\t<span class=\"elementor-screen-only\">Facebook-f<\/span>\n\t\t\t\t\t\t<i aria-hidden=\"true\" class=\"fab fa-facebook-f\"><\/i>\t\t\t\t\t<\/a>\n\t\t\t\t<\/span>\n\t\t\t\t\t\t\t<span class=\"elementor-grid-item\" role=\"listitem\">\n\t\t\t\t\t<a class=\"elementor-icon elementor-social-icon elementor-social-icon-youtube elementor-animation-shrink elementor-repeater-item-014b229\" href=\"https:\/\/www.youtube.com\/channel\/UCgeOEGoyKFaAI6GLXx1VWjQ\" target=\"_blank\" rel=\"nofollow noopener\">\n\t\t\t\t\t\t<span class=\"elementor-screen-only\">Youtube<\/span>\n\t\t\t\t\t\t<i aria-hidden=\"true\" class=\"fab fa-youtube\"><\/i>\t\t\t\t\t<\/a>\n\t\t\t\t<\/span>\n\t\t\t\t\t<\/div>\n\t\t\t\t\t\t<\/div>\n\t\t\t\t<\/div>\n\t\t\t\t\t<\/div>\n\t\t<\/div>\n\t\t\t\t<div class=\"elementor-column elementor-col-50 elementor-inner-column elementor-element elementor-element-0a67a21\" data-id=\"0a67a21\" data-element_type=\"column\" data-e-type=\"column\">\n\t\t\t<div class=\"elementor-widget-wrap elementor-element-populated\">\n\t\t\t\t\t\t<div class=\"elementor-element elementor-element-0d11362 elementor-widget elementor-widget-heading\" data-id=\"0d11362\" data-element_type=\"widget\" data-e-type=\"widget\" data-widget_type=\"heading.default\">\n\t\t\t\t<div class=\"elementor-widget-container\">\n\t\t\t\t\t<h4 class=\"elementor-heading-title elementor-size-default\">H\u00edrlev\u00e9l<\/h4>\t\t\t\t<\/div>\n\t\t\t\t<\/div>\n\t\t\t\t<div class=\"elementor-element elementor-element-40fd368 elementor-widget elementor-widget-text-editor\" data-id=\"40fd368\" data-element_type=\"widget\" data-e-type=\"widget\" data-widget_type=\"text-editor.default\">\n\t\t\t\t<div class=\"elementor-widget-container\">\n\t\t\t\t\t\t\t\t\t<p>Iratkozzon fel h\u00edrlevel\u00fcnkre! Legyen a k\u00f6z\u00f6ss\u00e9g\u00fcnk r\u00e9sze, olvasson folyamatos innov\u00e1ci\u00f3inkr\u00f3l, pr\u00f3b\u00e1lja ki els\u0151k\u00e9nt azokat, \u00e9s vegyen r\u00e9szt online konzult\u00e1ci\u00f3inkon &#8211; T\u00c9R\u00cdT\u00c9SMENTESEN<\/p>\t\t\t\t\t\t\t\t<\/div>\n\t\t\t\t<\/div>\n\t\t\t\t<div class=\"elementor-element elementor-element-2789b2d elementor-button-align-stretch elementor-widget elementor-widget-form\" data-id=\"2789b2d\" data-element_type=\"widget\" data-e-type=\"widget\" data-settings=\"{&quot;button_width&quot;:&quot;25&quot;,&quot;step_next_label&quot;:&quot;Next&quot;,&quot;step_previous_label&quot;:&quot;Previous&quot;,&quot;button_width_tablet&quot;:&quot;66&quot;,&quot;step_type&quot;:&quot;number_text&quot;,&quot;step_icon_shape&quot;:&quot;circle&quot;}\" data-widget_type=\"form.default\">\n\t\t\t\t<div class=\"elementor-widget-container\">\n\t\t\t\t\t\t\t<form class=\"elementor-form\" method=\"post\" name=\"New Form\" aria-label=\"New Form\">\n\t\t\t<input type=\"hidden\" name=\"post_id\" value=\"2073\"\/>\n\t\t\t<input type=\"hidden\" name=\"form_id\" value=\"2789b2d\"\/>\n\t\t\t<input type=\"hidden\" name=\"referer_title\" value=\"UVQ - R-Filter\" \/>\n\n\t\t\t\t\t\t\t<input type=\"hidden\" name=\"queried_id\" value=\"2073\"\/>\n\t\t\t\n\t\t\t<div class=\"elementor-form-fields-wrapper elementor-labels-\">\n\t\t\t\t\t\t\t\t<div class=\"elementor-field-type-email elementor-field-group elementor-column elementor-field-group-email elementor-col-66 elementor-field-required\">\n\t\t\t\t\t\t\t\t\t\t\t\t<label for=\"form-field-email\" class=\"elementor-field-label elementor-screen-only\">\n\t\t\t\t\t\t\t\tEmail\t\t\t\t\t\t\t<\/label>\n\t\t\t\t\t\t\t\t\t\t\t\t\t\t<input size=\"1\" type=\"email\" name=\"form_fields[email]\" id=\"form-field-email\" class=\"elementor-field elementor-size-md  elementor-field-textual\" placeholder=\"Email c\u00edm\" required=\"required\">\n\t\t\t\t\t\t\t\t\t\t\t<\/div>\n\t\t\t\t\t\t\t\t<div class=\"elementor-field-group elementor-column elementor-field-type-submit elementor-col-25 e-form__buttons elementor-md-66\">\n\t\t\t\t\t<button class=\"elementor-button elementor-size-md elementor-animation-shrink\" type=\"submit\">\n\t\t\t\t\t\t<span class=\"elementor-button-content-wrapper\">\n\t\t\t\t\t\t\t\t\t\t\t\t\t\t\t\t\t\t\t\t\t\t<span class=\"elementor-button-text\">Feliratkozom<\/span>\n\t\t\t\t\t\t\t\t\t\t\t\t\t<\/span>\n\t\t\t\t\t<\/button>\n\t\t\t\t<\/div>\n\t\t\t<\/div>\n\t\t<\/form>\n\t\t\t\t\t\t<\/div>\n\t\t\t\t<\/div>\n\t\t\t\t\t<\/div>\n\t\t<\/div>\n\t\t\t\t\t<\/div>\n\t\t<\/section>\n\t\t\t\t<section class=\"elementor-section elementor-inner-section elementor-element elementor-element-7d170e3 elementor-section-boxed elementor-section-height-default elementor-section-height-default\" data-id=\"7d170e3\" data-element_type=\"section\" data-e-type=\"section\">\n\t\t\t\t\t\t<div class=\"elementor-container elementor-column-gap-default\">\n\t\t\t\t\t<div class=\"elementor-column elementor-col-33 elementor-inner-column elementor-element elementor-element-c65ab13\" data-id=\"c65ab13\" data-element_type=\"column\" data-e-type=\"column\">\n\t\t\t<div class=\"elementor-widget-wrap elementor-element-populated\">\n\t\t\t\t\t\t<div class=\"elementor-element elementor-element-0a4e8b6 elementor-widget elementor-widget-heading\" data-id=\"0a4e8b6\" data-element_type=\"widget\" data-e-type=\"widget\" data-widget_type=\"heading.default\">\n\t\t\t\t<div class=\"elementor-widget-container\">\n\t\t\t\t\t<h4 class=\"elementor-heading-title elementor-size-default\">Impresszum<\/h4>\t\t\t\t<\/div>\n\t\t\t\t<\/div>\n\t\t\t\t\t<\/div>\n\t\t<\/div>\n\t\t\t\t<div class=\"elementor-column elementor-col-33 elementor-inner-column elementor-element elementor-element-8d1d108\" data-id=\"8d1d108\" data-element_type=\"column\" data-e-type=\"column\">\n\t\t\t<div class=\"elementor-widget-wrap elementor-element-populated\">\n\t\t\t\t\t\t<div class=\"elementor-element elementor-element-794dc5f elementor-widget elementor-widget-heading\" data-id=\"794dc5f\" data-element_type=\"widget\" data-e-type=\"widget\" data-widget_type=\"heading.default\">\n\t\t\t\t<div class=\"elementor-widget-container\">\n\t\t\t\t\t<h4 class=\"elementor-heading-title elementor-size-default\"><a href=\"https:\/\/r-filter.hu\/aszf\/\">ASZF<\/a><\/h4>\t\t\t\t<\/div>\n\t\t\t\t<\/div>\n\t\t\t\t\t<\/div>\n\t\t<\/div>\n\t\t\t\t<div class=\"elementor-column elementor-col-33 elementor-inner-column elementor-element elementor-element-a919d4b\" data-id=\"a919d4b\" data-element_type=\"column\" data-e-type=\"column\">\n\t\t\t<div class=\"elementor-widget-wrap elementor-element-populated\">\n\t\t\t\t\t\t<div class=\"elementor-element elementor-element-d009f40 elementor-widget elementor-widget-heading\" data-id=\"d009f40\" data-element_type=\"widget\" data-e-type=\"widget\" data-widget_type=\"heading.default\">\n\t\t\t\t<div class=\"elementor-widget-container\">\n\t\t\t\t\t<h4 class=\"elementor-heading-title elementor-size-default\"><a href=\"https:\/\/r-filter.hu\/adatkezelesi-tajekoztato\/\">Adatv\u00e9delem<\/a><\/h4>\t\t\t\t<\/div>\n\t\t\t\t<\/div>\n\t\t\t\t\t<\/div>\n\t\t<\/div>\n\t\t\t\t\t<\/div>\n\t\t<\/section>\n\t\t\t\t\t<\/div>\n\t\t<\/div>\n\t\t\t\t\t<\/div>\n\t\t<\/footer>\n\t\t\t\t<\/div>\n\t\t","protected":false},"excerpt":{"rendered":"<p>UVQ A l\u00e9gkond\u00edcion\u00e1l\u00f3 berendez\u00e9sek belt\u00e9ri egys\u00e9g\u00e9ben, a haszn\u00e1lat sor\u00e1n a nem megfelel\u0151en elvezetett kondenzv\u00edzben bakt\u00e9riumok \u00e9s pen\u00e9szgomb\u00e1k telepedhetnek meg, melyeket a l\u00e9g\u00e1ram mag\u00e1val ragadva sz\u00e9tter\u00edthet az adott helyis\u00e9gben.Ide\u00e1lis lak\u00e1sokba, irod\u00e1ba, \u00fczlethelyis\u00e9gekbe, k\u00f6z\u00f6ss\u00e9gi terekbe \u00e9s minden olyan helyis\u00e9gbe, ahol a h\u0171t\u00e9st vagy a f\u0171t\u00e9st split kl\u00edm\u00e1val oldott\u00e1k meg. M\u0171k\u00f6d\u00e9si elv A kl\u00edmaberendez\u00e9s a helyis\u00e9g bels\u0151 leveg\u0151j\u00e9t&hellip;&nbsp;<a href=\"https:\/\/r-filter.hu\/en\/uvq\/\" rel=\"bookmark\">Read More &raquo;<span class=\"screen-reader-text\">UVQ<\/span><\/a><\/p>","protected":false},"author":2,"featured_media":0,"parent":0,"menu_order":0,"comment_status":"closed","ping_status":"closed","template":"","meta":{"neve_meta_sidebar":"full-width","neve_meta_container":"","neve_meta_enable_content_width":"on","neve_meta_content_width":100,"neve_meta_title_alignment":"","neve_meta_author_avatar":"","neve_post_elements_order":"","neve_meta_disable_header":"","neve_meta_disable_footer":"","neve_meta_disable_title":"","neve_meta_reading_time":"","_themeisle_gutenberg_block_has_review":false,"_ti_tpc_template_sync":false,"_ti_tpc_template_id":"","footnotes":""},"class_list":["post-2073","page","type-page","status-publish","hentry"],"_links":{"self":[{"href":"https:\/\/r-filter.hu\/en\/wp-json\/wp\/v2\/pages\/2073","targetHints":{"allow":["GET"]}}],"collection":[{"href":"https:\/\/r-filter.hu\/en\/wp-json\/wp\/v2\/pages"}],"about":[{"href":"https:\/\/r-filter.hu\/en\/wp-json\/wp\/v2\/types\/page"}],"author":[{"embeddable":true,"href":"https:\/\/r-filter.hu\/en\/wp-json\/wp\/v2\/users\/2"}],"replies":[{"embeddable":true,"href":"https:\/\/r-filter.hu\/en\/wp-json\/wp\/v2\/comments?post=2073"}],"version-history":[{"count":40,"href":"https:\/\/r-filter.hu\/en\/wp-json\/wp\/v2\/pages\/2073\/revisions"}],"predecessor-version":[{"id":5561,"href":"https:\/\/r-filter.hu\/en\/wp-json\/wp\/v2\/pages\/2073\/revisions\/5561"}],"wp:attachment":[{"href":"https:\/\/r-filter.hu\/en\/wp-json\/wp\/v2\/media?parent=2073"}],"curies":[{"name":"wp","href":"https:\/\/api.w.org\/{rel}","templated":true}]}}