{"id":2214,"date":"2021-07-05T13:52:12","date_gmt":"2021-07-05T13:52:12","guid":{"rendered":"https:\/\/r-filter.hu\/?page_id=2214"},"modified":"2022-10-28T11:47:33","modified_gmt":"2022-10-28T11:47:33","slug":"excimer","status":"publish","type":"page","link":"https:\/\/r-filter.hu\/en\/excimer\/","title":{"rendered":"EXCIMER"},"content":{"rendered":"\t\t<div data-elementor-type=\"wp-page\" data-elementor-id=\"2214\" class=\"elementor elementor-2214\" data-elementor-post-type=\"page\">\n\t\t\t\t\t\t<section class=\"elementor-section elementor-top-section elementor-element elementor-element-1987abc elementor-section-boxed elementor-section-height-default elementor-section-height-default\" data-id=\"1987abc\" data-element_type=\"section\" data-e-type=\"section\">\n\t\t\t\t\t\t<div class=\"elementor-container elementor-column-gap-default\">\n\t\t\t\t\t<div class=\"elementor-column elementor-col-100 elementor-top-column elementor-element elementor-element-83b2e6d\" data-id=\"83b2e6d\" data-element_type=\"column\" data-e-type=\"column\" data-settings=\"{&quot;background_background&quot;:&quot;classic&quot;}\">\n\t\t\t<div class=\"elementor-widget-wrap elementor-element-populated\">\n\t\t\t\t\t\t<div class=\"elementor-element elementor-element-b8495e4 elementor-widget elementor-widget-heading\" data-id=\"b8495e4\" data-element_type=\"widget\" data-e-type=\"widget\" data-widget_type=\"heading.default\">\n\t\t\t\t<div class=\"elementor-widget-container\">\n\t\t\t\t\t<h1 class=\"elementor-heading-title elementor-size-default\">EXCIMER L\u00c1MPA<\/h1>\t\t\t\t<\/div>\n\t\t\t\t<\/div>\n\t\t\t\t<div class=\"elementor-element elementor-element-9a5aa54 elementor-widget-divider--view-line elementor-widget elementor-widget-divider\" data-id=\"9a5aa54\" data-element_type=\"widget\" data-e-type=\"widget\" data-widget_type=\"divider.default\">\n\t\t\t\t<div class=\"elementor-widget-container\">\n\t\t\t\t\t\t\t<div class=\"elementor-divider\">\n\t\t\t<span class=\"elementor-divider-separator\">\n\t\t\t\t\t\t<\/span>\n\t\t<\/div>\n\t\t\t\t\t\t<\/div>\n\t\t\t\t<\/div>\n\t\t\t\t\t<\/div>\n\t\t<\/div>\n\t\t\t\t\t<\/div>\n\t\t<\/section>\n\t\t\t\t<section class=\"elementor-section elementor-top-section elementor-element elementor-element-71e390d elementor-section-boxed elementor-section-height-default elementor-section-height-default\" data-id=\"71e390d\" data-element_type=\"section\" data-e-type=\"section\">\n\t\t\t\t\t\t<div class=\"elementor-container elementor-column-gap-default\">\n\t\t\t\t\t<div class=\"elementor-column elementor-col-50 elementor-top-column elementor-element elementor-element-9f8a745\" data-id=\"9f8a745\" data-element_type=\"column\" data-e-type=\"column\">\n\t\t\t<div class=\"elementor-widget-wrap elementor-element-populated\">\n\t\t\t\t\t\t<div class=\"elementor-element elementor-element-28c0d9f elementor-widget elementor-widget-text-editor\" data-id=\"28c0d9f\" data-element_type=\"widget\" data-e-type=\"widget\" data-widget_type=\"text-editor.default\">\n\t\t\t\t<div class=\"elementor-widget-container\">\n\t\t\t\t\t\t\t\t\t<p><strong>Felt\u00f6lt\u00e9s alatt&#8230;<\/strong><\/p>\t\t\t\t\t\t\t\t<\/div>\n\t\t\t\t<\/div>\n\t\t\t\t<div class=\"elementor-element elementor-element-44da49b elementor-widget-divider--view-line elementor-widget elementor-widget-divider\" data-id=\"44da49b\" data-element_type=\"widget\" data-e-type=\"widget\" data-widget_type=\"divider.default\">\n\t\t\t\t<div class=\"elementor-widget-container\">\n\t\t\t\t\t\t\t<div class=\"elementor-divider\">\n\t\t\t<span class=\"elementor-divider-separator\">\n\t\t\t\t\t\t<\/span>\n\t\t<\/div>\n\t\t\t\t\t\t<\/div>\n\t\t\t\t<\/div>\n\t\t\t\t\t<\/div>\n\t\t<\/div>\n\t\t\t\t<div class=\"elementor-column elementor-col-50 elementor-top-column elementor-element elementor-element-84b766d\" data-id=\"84b766d\" data-element_type=\"column\" data-e-type=\"column\">\n\t\t\t<div class=\"elementor-widget-wrap elementor-element-populated\">\n\t\t\t\t\t\t<div class=\"elementor-element elementor-element-ca38776 elementor-widget elementor-widget-image\" data-id=\"ca38776\" data-element_type=\"widget\" data-e-type=\"widget\" data-widget_type=\"image.default\">\n\t\t\t\t<div class=\"elementor-widget-container\">\n\t\t\t\t\t\t\t\t\t\t\t\t\t\t\t<img fetchpriority=\"high\" decoding=\"async\" width=\"1024\" height=\"512\" src=\"https:\/\/r-filter.hu\/wp-content\/uploads\/2022\/10\/Excimer-Lampa2-1024x512.jpg\" class=\"attachment-large size-large wp-image-5305\" alt=\"R-Filter innovat\u00edv konyhai l\u00e9gkezel\u00e9s, zs\u00edrbont\u00e1s \u00e9s szagtalan\u00edt\u00e1s\" srcset=\"https:\/\/r-filter.hu\/wp-content\/uploads\/2022\/10\/Excimer-Lampa2-1024x512.jpg 1024w, https:\/\/r-filter.hu\/wp-content\/uploads\/2022\/10\/Excimer-Lampa2-300x150.jpg 300w, https:\/\/r-filter.hu\/wp-content\/uploads\/2022\/10\/Excimer-Lampa2-768x384.jpg 768w, https:\/\/r-filter.hu\/wp-content\/uploads\/2022\/10\/Excimer-Lampa2-18x9.jpg 18w, https:\/\/r-filter.hu\/wp-content\/uploads\/2022\/10\/Excimer-Lampa2.jpg 1200w\" sizes=\"(max-width: 1024px) 100vw, 1024px\" title=\"\">\t\t\t\t\t\t\t\t\t\t\t\t\t\t\t<\/div>\n\t\t\t\t<\/div>\n\t\t\t\t<div class=\"elementor-element elementor-element-3a4f5be elementor-widget elementor-widget-image\" data-id=\"3a4f5be\" data-element_type=\"widget\" data-e-type=\"widget\" data-widget_type=\"image.default\">\n\t\t\t\t<div class=\"elementor-widget-container\">\n\t\t\t\t\t\t\t\t\t\t\t\t\t\t\t<img decoding=\"async\" width=\"1024\" height=\"371\" src=\"https:\/\/r-filter.hu\/wp-content\/uploads\/2021\/11\/222hu-1024x371.jpg\" class=\"attachment-large size-large wp-image-3493\" alt=\"\" srcset=\"https:\/\/r-filter.hu\/wp-content\/uploads\/2021\/11\/222hu-1024x371.jpg 1024w, https:\/\/r-filter.hu\/wp-content\/uploads\/2021\/11\/222hu-300x109.jpg 300w, https:\/\/r-filter.hu\/wp-content\/uploads\/2021\/11\/222hu-768x278.jpg 768w, https:\/\/r-filter.hu\/wp-content\/uploads\/2021\/11\/222hu-1536x556.jpg 1536w, https:\/\/r-filter.hu\/wp-content\/uploads\/2021\/11\/222hu-18x7.jpg 18w, https:\/\/r-filter.hu\/wp-content\/uploads\/2021\/11\/222hu.jpg 1676w\" sizes=\"(max-width: 1024px) 100vw, 1024px\" title=\"\">\t\t\t\t\t\t\t\t\t\t\t\t\t\t\t<\/div>\n\t\t\t\t<\/div>\n\t\t\t\t<div class=\"elementor-element elementor-element-1df0ade elementor-widget elementor-widget-text-editor\" data-id=\"1df0ade\" data-element_type=\"widget\" data-e-type=\"widget\" data-widget_type=\"text-editor.default\">\n\t\t\t\t<div class=\"elementor-widget-container\">\n\t\t\t\t\t\t\t\t\t<p>Nemzetk\u00f6zi tanulm\u00e1nyok szerint a 222 nm hull\u00e1mhossz\u00fas\u00e1g\u00fa UV f\u00e9ny hasonl\u00f3 bakt\u00e9rium\u00f6l\u0151 k\u00e9pess\u00e9ggel rendelkezik, mint a sz\u00e9lesebb k\u00f6rben haszn\u00e1lt 254 nm-es UV f\u00e9ny a k\u00f3rokoz\u00f3k (bakt\u00e9riumok \u00e9s v\u00edrusok) elpuszt\u00edt\u00e1s\u00e1ra vagy inaktiv\u00e1l\u00e1s\u00e1ra, de nem okoz ugyanolyan k\u00e1ros hat\u00e1st a b\u0151r\u00f6n, illetve a szemben, mint a 254 nm-es f\u00e9ny.<\/p><p>A 222 nm-es UV-C f\u00e9ny el\u0151\u00e1ll\u00edt\u00e1s\u00e1nak egyik leg\u00edg\u00e9retesebb m\u00f3dja egy optikailag sz\u0171rt kripton-klorid (KrCl) excimer l\u00e1mpa. Er\u0151s elektromos t\u00e9r plazm\u00e1t \u00e1ll\u00edt el\u0151 az elektr\u00f3d\u00e1k k\u00f6z\u00f6tti KrCl excimer molekul\u00e1k gerjeszt\u00e9se r\u00e9v\u00e9n. Amikor az excimer molekul\u00e1k sz\u00e9tv\u00e1lnak, \u00e9s nanoszekundumokon bel\u00fcl visszat\u00e9rnek eredeti \u00e1llapotukba (alap\u00e1llapotukba), 222 nm-es UV f\u00e9nyt bocs\u00e1tanak ki.<\/p><p>Az excimer kifejez\u00e9s eredete: excited dimer, azaz gerjesztett k\u00e9tatomos molekula.\u00a0<\/p><p>A kripton nemes g\u00e1z. A nemes g\u00e1zok alap\u00e1llapotban nem l\u00e9pnek reakci\u00f3ba. Gerjeszt\u00e9s hat\u00e1s\u00e1ra azonban a kripton reakci\u00f3ba l\u00e9p a kl\u00f3r g\u00e1zzal k\u00e9tatomos KrCl excimer molekul\u00e1kat l\u00e9trehozva.<\/p>\t\t\t\t\t\t\t\t<\/div>\n\t\t\t\t<\/div>\n\t\t\t\t\t<\/div>\n\t\t<\/div>\n\t\t\t\t\t<\/div>\n\t\t<\/section>\n\t\t\t\t<footer class=\"elementor-section elementor-top-section elementor-element elementor-element-90494d5 elementor-section-content-middle elementor-section-boxed elementor-section-height-default elementor-section-height-default\" data-id=\"90494d5\" data-element_type=\"section\" data-e-type=\"section\" data-settings=\"{&quot;background_background&quot;:&quot;classic&quot;}\">\n\t\t\t\t\t\t<div class=\"elementor-container elementor-column-gap-default\">\n\t\t\t\t\t<div class=\"elementor-column elementor-col-100 elementor-top-column elementor-element elementor-element-beb882d\" data-id=\"beb882d\" data-element_type=\"column\" data-e-type=\"column\">\n\t\t\t<div class=\"elementor-widget-wrap elementor-element-populated\">\n\t\t\t\t\t\t<section class=\"elementor-section elementor-inner-section elementor-element elementor-element-ec12a98 elementor-section-full_width elementor-section-height-default elementor-section-height-default\" data-id=\"ec12a98\" data-element_type=\"section\" data-e-type=\"section\">\n\t\t\t\t\t\t<div class=\"elementor-container elementor-column-gap-default\">\n\t\t\t\t\t<div class=\"elementor-column elementor-col-50 elementor-inner-column elementor-element elementor-element-6110a26\" data-id=\"6110a26\" data-element_type=\"column\" data-e-type=\"column\">\n\t\t\t<div class=\"elementor-widget-wrap elementor-element-populated\">\n\t\t\t\t\t\t<div class=\"elementor-element elementor-element-ee8b16c elementor-widget elementor-widget-heading\" data-id=\"ee8b16c\" data-element_type=\"widget\" data-e-type=\"widget\" data-widget_type=\"heading.default\">\n\t\t\t\t<div class=\"elementor-widget-container\">\n\t\t\t\t\t<h4 class=\"elementor-heading-title elementor-size-default\">Kapcsolat<\/h4>\t\t\t\t<\/div>\n\t\t\t\t<\/div>\n\t\t\t\t<div class=\"elementor-element elementor-element-7d3d3fe elementor-icon-list--layout-traditional elementor-list-item-link-full_width elementor-widget elementor-widget-icon-list\" data-id=\"7d3d3fe\" data-element_type=\"widget\" data-e-type=\"widget\" data-widget_type=\"icon-list.default\">\n\t\t\t\t<div class=\"elementor-widget-container\">\n\t\t\t\t\t\t\t<ul class=\"elementor-icon-list-items\">\n\t\t\t\t\t\t\t<li class=\"elementor-icon-list-item\">\n\t\t\t\t\t\t\t\t\t\t\t<a href=\"https:\/\/www.google.hu\/maps\/place\/Budapest,+Sz%C5%91l%C5%91kert+k%C3%B6z+9,+1033\/data=!4m2!3m1!1s0x4741d9737e26503d:0xecbde865bd306095?sa=X&#038;ved=2ahUKEwjs75zQ-cP6AhUCCewKHY-eAK4Q8gF6BAgIEAE\" rel=\"nofollow noopener\" target=\"_blank\">\n\n\t\t\t\t\t\t\t\t\t\t\t\t<span class=\"elementor-icon-list-icon\">\n\t\t\t\t\t\t\t<i aria-hidden=\"true\" class=\"fas fa-map-marker-alt\"><\/i>\t\t\t\t\t\t<\/span>\n\t\t\t\t\t\t\t\t\t\t<span class=\"elementor-icon-list-text\">1033 Budapest, Sz\u0151l\u0151kert k\u00f6z 9.<\/span>\n\t\t\t\t\t\t\t\t\t\t\t<\/a>\n\t\t\t\t\t\t\t\t\t<\/li>\n\t\t\t\t\t\t\t\t<li class=\"elementor-icon-list-item\">\n\t\t\t\t\t\t\t\t\t\t\t<a href=\"tel:+36703361053\">\n\n\t\t\t\t\t\t\t\t\t\t\t\t<span class=\"elementor-icon-list-icon\">\n\t\t\t\t\t\t\t<i aria-hidden=\"true\" class=\"fas fa-phone\"><\/i>\t\t\t\t\t\t<\/span>\n\t\t\t\t\t\t\t\t\t\t<span class=\"elementor-icon-list-text\">+36 70 339 1053<\/span>\n\t\t\t\t\t\t\t\t\t\t\t<\/a>\n\t\t\t\t\t\t\t\t\t<\/li>\n\t\t\t\t\t\t\t\t<li class=\"elementor-icon-list-item\">\n\t\t\t\t\t\t\t\t\t\t\t<a href=\"mailto:r-filter@r-filter.hu\">\n\n\t\t\t\t\t\t\t\t\t\t\t\t<span class=\"elementor-icon-list-icon\">\n\t\t\t\t\t\t\t<i aria-hidden=\"true\" class=\"fas fa-at\"><\/i>\t\t\t\t\t\t<\/span>\n\t\t\t\t\t\t\t\t\t\t<span class=\"elementor-icon-list-text\">r-filter@r-filter.hu<\/span>\n\t\t\t\t\t\t\t\t\t\t\t<\/a>\n\t\t\t\t\t\t\t\t\t<\/li>\n\t\t\t\t\t\t\t\t<li class=\"elementor-icon-list-item\">\n\t\t\t\t\t\t\t\t\t\t\t<span class=\"elementor-icon-list-icon\">\n\t\t\t\t\t\t\t<i aria-hidden=\"true\" class=\"fas fa-clock\"><\/i>\t\t\t\t\t\t<\/span>\n\t\t\t\t\t\t\t\t\t\t<span class=\"elementor-icon-list-text\">Nyitva tart\u00e1s: H-P 9:00-17:00<\/span>\n\t\t\t\t\t\t\t\t\t<\/li>\n\t\t\t\t\t\t<\/ul>\n\t\t\t\t\t\t<\/div>\n\t\t\t\t<\/div>\n\t\t\t\t<div class=\"elementor-element elementor-element-5d29a99 elementor-shape-circle e-grid-align-left e-grid-align-mobile-center elementor-grid-0 elementor-widget elementor-widget-social-icons\" data-id=\"5d29a99\" data-element_type=\"widget\" data-e-type=\"widget\" data-settings=\"{&quot;_animation&quot;:&quot;none&quot;}\" data-widget_type=\"social-icons.default\">\n\t\t\t\t<div class=\"elementor-widget-container\">\n\t\t\t\t\t\t\t<div class=\"elementor-social-icons-wrapper elementor-grid\" role=\"list\">\n\t\t\t\t\t\t\t<span class=\"elementor-grid-item\" role=\"listitem\">\n\t\t\t\t\t<a class=\"elementor-icon elementor-social-icon elementor-social-icon-instagram elementor-animation-shrink elementor-repeater-item-5e3d796\" href=\"https:\/\/www.instagram.com\/rfilterhu\/\" target=\"_blank\" rel=\"nofollow noopener\">\n\t\t\t\t\t\t<span class=\"elementor-screen-only\">Instagram<\/span>\n\t\t\t\t\t\t<i aria-hidden=\"true\" class=\"fab fa-instagram\"><\/i>\t\t\t\t\t<\/a>\n\t\t\t\t<\/span>\n\t\t\t\t\t\t\t<span class=\"elementor-grid-item\" role=\"listitem\">\n\t\t\t\t\t<a class=\"elementor-icon elementor-social-icon elementor-social-icon-facebook-f elementor-animation-shrink elementor-repeater-item-6fb5456\" href=\"https:\/\/www.facebook.com\/legtisztitasfelelosen\" target=\"_blank\" rel=\"nofollow noopener\">\n\t\t\t\t\t\t<span class=\"elementor-screen-only\">Facebook-f<\/span>\n\t\t\t\t\t\t<i aria-hidden=\"true\" class=\"fab fa-facebook-f\"><\/i>\t\t\t\t\t<\/a>\n\t\t\t\t<\/span>\n\t\t\t\t\t\t\t<span class=\"elementor-grid-item\" role=\"listitem\">\n\t\t\t\t\t<a class=\"elementor-icon elementor-social-icon elementor-social-icon-youtube elementor-animation-shrink elementor-repeater-item-014b229\" href=\"https:\/\/www.youtube.com\/channel\/UCgeOEGoyKFaAI6GLXx1VWjQ\" target=\"_blank\" rel=\"nofollow noopener\">\n\t\t\t\t\t\t<span class=\"elementor-screen-only\">Youtube<\/span>\n\t\t\t\t\t\t<i aria-hidden=\"true\" class=\"fab fa-youtube\"><\/i>\t\t\t\t\t<\/a>\n\t\t\t\t<\/span>\n\t\t\t\t\t<\/div>\n\t\t\t\t\t\t<\/div>\n\t\t\t\t<\/div>\n\t\t\t\t\t<\/div>\n\t\t<\/div>\n\t\t\t\t<div class=\"elementor-column elementor-col-50 elementor-inner-column elementor-element elementor-element-c027efc\" data-id=\"c027efc\" data-element_type=\"column\" data-e-type=\"column\">\n\t\t\t<div class=\"elementor-widget-wrap elementor-element-populated\">\n\t\t\t\t\t\t<div class=\"elementor-element elementor-element-31baef5 elementor-widget elementor-widget-heading\" data-id=\"31baef5\" data-element_type=\"widget\" data-e-type=\"widget\" data-widget_type=\"heading.default\">\n\t\t\t\t<div class=\"elementor-widget-container\">\n\t\t\t\t\t<h4 class=\"elementor-heading-title elementor-size-default\">H\u00edrlev\u00e9l<\/h4>\t\t\t\t<\/div>\n\t\t\t\t<\/div>\n\t\t\t\t<div class=\"elementor-element elementor-element-59443d5 elementor-widget elementor-widget-text-editor\" data-id=\"59443d5\" data-element_type=\"widget\" data-e-type=\"widget\" data-widget_type=\"text-editor.default\">\n\t\t\t\t<div class=\"elementor-widget-container\">\n\t\t\t\t\t\t\t\t\t<p>Iratkozzon fel h\u00edrlevel\u00fcnkre! Legyen a k\u00f6z\u00f6ss\u00e9g\u00fcnk r\u00e9sze, olvasson folyamatos innov\u00e1ci\u00f3inkr\u00f3l, pr\u00f3b\u00e1lja ki els\u0151k\u00e9nt azokat, \u00e9s vegyen r\u00e9szt online konzult\u00e1ci\u00f3inkon &#8211; T\u00c9R\u00cdT\u00c9SMENTESEN<\/p>\t\t\t\t\t\t\t\t<\/div>\n\t\t\t\t<\/div>\n\t\t\t\t<div class=\"elementor-element elementor-element-ee9f1b0 elementor-button-align-stretch elementor-widget elementor-widget-form\" data-id=\"ee9f1b0\" data-element_type=\"widget\" data-e-type=\"widget\" data-settings=\"{&quot;button_width&quot;:&quot;25&quot;,&quot;step_next_label&quot;:&quot;Next&quot;,&quot;step_previous_label&quot;:&quot;Previous&quot;,&quot;button_width_tablet&quot;:&quot;66&quot;,&quot;step_type&quot;:&quot;number_text&quot;,&quot;step_icon_shape&quot;:&quot;circle&quot;}\" data-widget_type=\"form.default\">\n\t\t\t\t<div class=\"elementor-widget-container\">\n\t\t\t\t\t\t\t<form class=\"elementor-form\" method=\"post\" name=\"New Form\" aria-label=\"New Form\">\n\t\t\t<input type=\"hidden\" name=\"post_id\" value=\"2214\"\/>\n\t\t\t<input type=\"hidden\" name=\"form_id\" value=\"ee9f1b0\"\/>\n\t\t\t<input type=\"hidden\" name=\"referer_title\" value=\"EXCIMER - R-Filter\" \/>\n\n\t\t\t\t\t\t\t<input type=\"hidden\" name=\"queried_id\" value=\"2214\"\/>\n\t\t\t\n\t\t\t<div class=\"elementor-form-fields-wrapper elementor-labels-\">\n\t\t\t\t\t\t\t\t<div class=\"elementor-field-type-email elementor-field-group elementor-column elementor-field-group-email elementor-col-66 elementor-field-required\">\n\t\t\t\t\t\t\t\t\t\t\t\t<label for=\"form-field-email\" class=\"elementor-field-label elementor-screen-only\">\n\t\t\t\t\t\t\t\tEmail\t\t\t\t\t\t\t<\/label>\n\t\t\t\t\t\t\t\t\t\t\t\t\t\t<input size=\"1\" type=\"email\" name=\"form_fields[email]\" id=\"form-field-email\" class=\"elementor-field elementor-size-md  elementor-field-textual\" placeholder=\"Email c\u00edm\" required=\"required\">\n\t\t\t\t\t\t\t\t\t\t\t<\/div>\n\t\t\t\t\t\t\t\t<div class=\"elementor-field-group elementor-column elementor-field-type-submit elementor-col-25 e-form__buttons elementor-md-66\">\n\t\t\t\t\t<button class=\"elementor-button elementor-size-md elementor-animation-shrink\" type=\"submit\">\n\t\t\t\t\t\t<span class=\"elementor-button-content-wrapper\">\n\t\t\t\t\t\t\t\t\t\t\t\t\t\t\t\t\t\t\t\t\t\t<span class=\"elementor-button-text\">Feliratkozom<\/span>\n\t\t\t\t\t\t\t\t\t\t\t\t\t<\/span>\n\t\t\t\t\t<\/button>\n\t\t\t\t<\/div>\n\t\t\t<\/div>\n\t\t<\/form>\n\t\t\t\t\t\t<\/div>\n\t\t\t\t<\/div>\n\t\t\t\t\t<\/div>\n\t\t<\/div>\n\t\t\t\t\t<\/div>\n\t\t<\/section>\n\t\t\t\t<section class=\"elementor-section elementor-inner-section elementor-element elementor-element-9c07c45 elementor-section-boxed elementor-section-height-default elementor-section-height-default\" data-id=\"9c07c45\" data-element_type=\"section\" data-e-type=\"section\">\n\t\t\t\t\t\t<div class=\"elementor-container elementor-column-gap-default\">\n\t\t\t\t\t<div class=\"elementor-column elementor-col-33 elementor-inner-column elementor-element elementor-element-761e960\" data-id=\"761e960\" data-element_type=\"column\" data-e-type=\"column\">\n\t\t\t<div class=\"elementor-widget-wrap elementor-element-populated\">\n\t\t\t\t\t\t<div class=\"elementor-element elementor-element-2b81ef8 elementor-widget elementor-widget-heading\" data-id=\"2b81ef8\" data-element_type=\"widget\" data-e-type=\"widget\" data-widget_type=\"heading.default\">\n\t\t\t\t<div class=\"elementor-widget-container\">\n\t\t\t\t\t<h4 class=\"elementor-heading-title elementor-size-default\">Impresszum<\/h4>\t\t\t\t<\/div>\n\t\t\t\t<\/div>\n\t\t\t\t\t<\/div>\n\t\t<\/div>\n\t\t\t\t<div class=\"elementor-column elementor-col-33 elementor-inner-column elementor-element elementor-element-9608c19\" data-id=\"9608c19\" data-element_type=\"column\" data-e-type=\"column\">\n\t\t\t<div class=\"elementor-widget-wrap elementor-element-populated\">\n\t\t\t\t\t\t<div class=\"elementor-element elementor-element-7093cb9 elementor-widget elementor-widget-heading\" data-id=\"7093cb9\" data-element_type=\"widget\" data-e-type=\"widget\" data-widget_type=\"heading.default\">\n\t\t\t\t<div class=\"elementor-widget-container\">\n\t\t\t\t\t<h4 class=\"elementor-heading-title elementor-size-default\"><a href=\"https:\/\/r-filter.hu\/aszf\/\">ASZF<\/a><\/h4>\t\t\t\t<\/div>\n\t\t\t\t<\/div>\n\t\t\t\t\t<\/div>\n\t\t<\/div>\n\t\t\t\t<div class=\"elementor-column elementor-col-33 elementor-inner-column elementor-element elementor-element-ba9dfab\" data-id=\"ba9dfab\" data-element_type=\"column\" data-e-type=\"column\">\n\t\t\t<div class=\"elementor-widget-wrap elementor-element-populated\">\n\t\t\t\t\t\t<div class=\"elementor-element elementor-element-573a113 elementor-widget elementor-widget-heading\" data-id=\"573a113\" data-element_type=\"widget\" data-e-type=\"widget\" data-widget_type=\"heading.default\">\n\t\t\t\t<div class=\"elementor-widget-container\">\n\t\t\t\t\t<h4 class=\"elementor-heading-title elementor-size-default\"><a href=\"https:\/\/r-filter.hu\/adatkezelesi-tajekoztato\/\">Adatv\u00e9delem<\/a><\/h4>\t\t\t\t<\/div>\n\t\t\t\t<\/div>\n\t\t\t\t\t<\/div>\n\t\t<\/div>\n\t\t\t\t\t<\/div>\n\t\t<\/section>\n\t\t\t\t\t<\/div>\n\t\t<\/div>\n\t\t\t\t\t<\/div>\n\t\t<\/footer>\n\t\t\t\t<\/div>\n\t\t","protected":false},"excerpt":{"rendered":"<p>EXCIMER L\u00c1MPA Felt\u00f6lt\u00e9s alatt&#8230; Nemzetk\u00f6zi tanulm\u00e1nyok szerint a 222 nm hull\u00e1mhossz\u00fas\u00e1g\u00fa UV f\u00e9ny hasonl\u00f3 bakt\u00e9rium\u00f6l\u0151 k\u00e9pess\u00e9ggel rendelkezik, mint a sz\u00e9lesebb k\u00f6rben haszn\u00e1lt 254 nm-es UV f\u00e9ny a k\u00f3rokoz\u00f3k (bakt\u00e9riumok \u00e9s v\u00edrusok) elpuszt\u00edt\u00e1s\u00e1ra vagy inaktiv\u00e1l\u00e1s\u00e1ra, de nem okoz ugyanolyan k\u00e1ros hat\u00e1st a b\u0151r\u00f6n, illetve a szemben, mint a 254 nm-es f\u00e9ny. A 222 nm-es UV-C f\u00e9ny&hellip;&nbsp;<a href=\"https:\/\/r-filter.hu\/en\/excimer\/\" rel=\"bookmark\">Read More &raquo;<span class=\"screen-reader-text\">EXCIMER<\/span><\/a><\/p>","protected":false},"author":2,"featured_media":0,"parent":0,"menu_order":0,"comment_status":"closed","ping_status":"closed","template":"","meta":{"neve_meta_sidebar":"full-width","neve_meta_container":"","neve_meta_enable_content_width":"on","neve_meta_content_width":100,"neve_meta_title_alignment":"","neve_meta_author_avatar":"","neve_post_elements_order":"","neve_meta_disable_header":"","neve_meta_disable_footer":"","neve_meta_disable_title":"","neve_meta_reading_time":"","_themeisle_gutenberg_block_has_review":false,"_ti_tpc_template_sync":false,"_ti_tpc_template_id":"","footnotes":""},"class_list":["post-2214","page","type-page","status-publish","hentry"],"_links":{"self":[{"href":"https:\/\/r-filter.hu\/en\/wp-json\/wp\/v2\/pages\/2214","targetHints":{"allow":["GET"]}}],"collection":[{"href":"https:\/\/r-filter.hu\/en\/wp-json\/wp\/v2\/pages"}],"about":[{"href":"https:\/\/r-filter.hu\/en\/wp-json\/wp\/v2\/types\/page"}],"author":[{"embeddable":true,"href":"https:\/\/r-filter.hu\/en\/wp-json\/wp\/v2\/users\/2"}],"replies":[{"embeddable":true,"href":"https:\/\/r-filter.hu\/en\/wp-json\/wp\/v2\/comments?post=2214"}],"version-history":[{"count":31,"href":"https:\/\/r-filter.hu\/en\/wp-json\/wp\/v2\/pages\/2214\/revisions"}],"predecessor-version":[{"id":5492,"href":"https:\/\/r-filter.hu\/en\/wp-json\/wp\/v2\/pages\/2214\/revisions\/5492"}],"wp:attachment":[{"href":"https:\/\/r-filter.hu\/en\/wp-json\/wp\/v2\/media?parent=2214"}],"curies":[{"name":"wp","href":"https:\/\/api.w.org\/{rel}","templated":true}]}}