{"id":2530,"date":"2021-09-06T10:08:56","date_gmt":"2021-09-06T10:08:56","guid":{"rendered":"https:\/\/r-filter.hu\/?page_id=2530"},"modified":"2023-07-06T08:48:28","modified_gmt":"2023-07-06T08:48:28","slug":"uvs1500m2s","status":"publish","type":"page","link":"https:\/\/r-filter.hu\/en\/uvs1500m2s\/","title":{"rendered":"UVS1500M2S"},"content":{"rendered":"<div data-elementor-type=\"wp-page\" data-elementor-id=\"2530\" class=\"elementor elementor-2530\" data-elementor-post-type=\"page\">\n\t\t\t\t<div class=\"elementor-element elementor-element-4aae9cd e-flex e-con-boxed e-con e-parent\" data-id=\"4aae9cd\" data-element_type=\"container\" data-e-type=\"container\">\n\t\t\t\t\t<div class=\"e-con-inner\">\n\t\t\t\t<div class=\"elementor-element elementor-element-8e4f0ee elementor-widget elementor-widget-heading\" data-id=\"8e4f0ee\" data-element_type=\"widget\" data-e-type=\"widget\" data-widget_type=\"heading.default\">\n\t\t\t\t<div class=\"elementor-widget-container\">\n\t\t\t\t\t<h2 class=\"elementor-heading-title elementor-size-default\">UVS-1500M2S<\/h2>\t\t\t\t<\/div>\n\t\t\t\t<\/div>\n\t\t\t\t\t<\/div>\n\t\t\t\t<\/div>\n\t\t\t\t<section class=\"elementor-section elementor-top-section elementor-element elementor-element-7cf1830 elementor-section-boxed elementor-section-height-default elementor-section-height-default\" data-id=\"7cf1830\" data-element_type=\"section\" data-e-type=\"section\">\n\t\t\t\t\t\t<div class=\"elementor-container elementor-column-gap-default\">\n\t\t\t\t\t<div class=\"elementor-column elementor-col-50 elementor-top-column elementor-element elementor-element-0d71154\" data-id=\"0d71154\" data-element_type=\"column\" data-e-type=\"column\" data-settings=\"{&quot;background_background&quot;:&quot;classic&quot;}\">\n\t\t\t<div class=\"elementor-widget-wrap elementor-element-populated\">\n\t\t\t\t\t\t<div class=\"elementor-element elementor-element-84d571f elementor-widget elementor-widget-text-editor\" data-id=\"84d571f\" data-element_type=\"widget\" data-e-type=\"widget\" data-widget_type=\"text-editor.default\">\n\t\t\t\t<div class=\"elementor-widget-container\">\n\t\t\t\t\t\t\t\t\t<p style=\"text-align: center;\"><strong><br \/>Dimensions and technical data<\/strong><\/p>\t\t\t\t\t\t\t\t<\/div>\n\t\t\t\t<\/div>\n\t\t\t\t<section class=\"elementor-section elementor-inner-section elementor-element elementor-element-04eac3f elementor-section-boxed elementor-section-height-default elementor-section-height-default\" data-id=\"04eac3f\" data-element_type=\"section\" data-e-type=\"section\">\n\t\t\t\t\t\t<div class=\"elementor-container elementor-column-gap-default\">\n\t\t\t\t\t<div class=\"elementor-column elementor-col-50 elementor-inner-column elementor-element elementor-element-5dd813b\" data-id=\"5dd813b\" data-element_type=\"column\" data-e-type=\"column\">\n\t\t\t<div class=\"elementor-widget-wrap elementor-element-populated\">\n\t\t\t\t\t\t<div class=\"elementor-element elementor-element-5151c47 elementor-widget elementor-widget-text-editor\" data-id=\"5151c47\" data-element_type=\"widget\" data-e-type=\"widget\" data-widget_type=\"text-editor.default\">\n\t\t\t\t<div class=\"elementor-widget-container\">\n\t\t\t\t\t\t\t\t\t<p>Device (LxWxH):<\/p><p>UV-reactor chamber:<\/p><p>Max. air flow:\u00a0<\/p><p>Connection \u00d8:<\/p><p>Supply voltage (VAC):<\/p><p>UV lamps:<\/p><p>Power consumption:<\/p><p>Current consumption:<\/p><p>Protection:\u00a0<\/p><p>Housing material:<\/p><p>Colour:<\/p><p>Weight:<\/p>\t\t\t\t\t\t\t\t<\/div>\n\t\t\t\t<\/div>\n\t\t\t\t\t<\/div>\n\t\t<\/div>\n\t\t\t\t<div class=\"elementor-column elementor-col-50 elementor-inner-column elementor-element elementor-element-5d038a0\" data-id=\"5d038a0\" data-element_type=\"column\" data-e-type=\"column\">\n\t\t\t<div class=\"elementor-widget-wrap elementor-element-populated\">\n\t\t\t\t\t\t<div class=\"elementor-element elementor-element-e27056a elementor-widget elementor-widget-text-editor\" data-id=\"e27056a\" data-element_type=\"widget\" data-e-type=\"widget\" data-widget_type=\"text-editor.default\">\n\t\t\t\t<div class=\"elementor-widget-container\">\n\t\t\t\t\t\t\t\t\t<p>1080x550x560 mm<\/p><p>895x450x495 mm<\/p><p>2500 m<sup>3<\/sup>\/h<\/p><p>400 mm<\/p><p>230\/50<\/p><p>6&#215;35 W<\/p><p>210 W<\/p><p>1 A<\/p><p>IP54<\/p><p>Stainless steel (1.4301)<\/p><p>chrome<\/p><p>30 kg<\/p>\t\t\t\t\t\t\t\t<\/div>\n\t\t\t\t<\/div>\n\t\t\t\t\t<\/div>\n\t\t<\/div>\n\t\t\t\t\t<\/div>\n\t\t<\/section>\n\t\t\t\t\t<\/div>\n\t\t<\/div>\n\t\t\t\t<div class=\"elementor-column elementor-col-50 elementor-top-column elementor-element elementor-element-054bbae\" data-id=\"054bbae\" data-element_type=\"column\" data-e-type=\"column\">\n\t\t\t<div class=\"elementor-widget-wrap elementor-element-populated\">\n\t\t\t\t\t\t<div class=\"elementor-element elementor-element-3a4499f elementor-widget elementor-widget-text-editor\" data-id=\"3a4499f\" data-element_type=\"widget\" data-e-type=\"widget\" data-widget_type=\"text-editor.default\">\n\t\t\t\t<div class=\"elementor-widget-container\">\n\t\t\t\t\t\t\t\t\t<p><strong>Device<\/strong><\/p>\t\t\t\t\t\t\t\t<\/div>\n\t\t\t\t<\/div>\n\t\t\t\t<div class=\"elementor-element elementor-element-d2c8f13 elementor-widget elementor-widget-image\" data-id=\"d2c8f13\" data-element_type=\"widget\" data-e-type=\"widget\" data-widget_type=\"image.default\">\n\t\t\t\t<div class=\"elementor-widget-container\">\n\t\t\t\t\t\t\t\t\t\t\t\t\t\t\t<img fetchpriority=\"high\" decoding=\"async\" width=\"1024\" height=\"987\" src=\"https:\/\/r-filter.hu\/wp-content\/uploads\/2021\/09\/UVS-1500-M1S-PR-1024x987.jpg\" class=\"attachment-large size-large wp-image-2549\" alt=\"\" srcset=\"https:\/\/r-filter.hu\/wp-content\/uploads\/2021\/09\/UVS-1500-M1S-PR-1024x987.jpg 1024w, https:\/\/r-filter.hu\/wp-content\/uploads\/2021\/09\/UVS-1500-M1S-PR-300x289.jpg 300w, https:\/\/r-filter.hu\/wp-content\/uploads\/2021\/09\/UVS-1500-M1S-PR-768x740.jpg 768w, https:\/\/r-filter.hu\/wp-content\/uploads\/2021\/09\/UVS-1500-M1S-PR-12x12.jpg 12w, https:\/\/r-filter.hu\/wp-content\/uploads\/2021\/09\/UVS-1500-M1S-PR.jpg 1507w\" sizes=\"(max-width: 1024px) 100vw, 1024px\" title=\"\">\t\t\t\t\t\t\t\t\t\t\t\t\t\t\t<\/div>\n\t\t\t\t<\/div>\n\t\t\t\t<div class=\"elementor-element elementor-element-c5aee09 elementor-widget elementor-widget-text-editor\" data-id=\"c5aee09\" data-element_type=\"widget\" data-e-type=\"widget\" data-widget_type=\"text-editor.default\">\n\t\t\t\t<div class=\"elementor-widget-container\">\n\t\t\t\t\t\t\t\t\t<p><strong>Wall controller<\/strong><\/p>\t\t\t\t\t\t\t\t<\/div>\n\t\t\t\t<\/div>\n\t\t\t\t<div class=\"elementor-element elementor-element-a8887fb elementor-widget elementor-widget-image\" data-id=\"a8887fb\" data-element_type=\"widget\" data-e-type=\"widget\" data-widget_type=\"image.default\">\n\t\t\t\t<div class=\"elementor-widget-container\">\n\t\t\t\t\t\t\t\t\t\t\t\t\t\t\t<img decoding=\"async\" src=\"https:\/\/r-filter.hu\/wp-content\/uploads\/elementor\/thumbs\/Vez-doboz-3D-pl6xbaexjkziijornyj5rzb5jc6rmhsl9i8ojo5kqs.jpg\" title=\"Vez doboz 3D\" alt=\"Vez doboz 3D\" loading=\"lazy\" \/>\t\t\t\t\t\t\t\t\t\t\t\t\t\t\t<\/div>\n\t\t\t\t<\/div>\n\t\t\t\t\t<\/div>\n\t\t<\/div>\n\t\t\t\t\t<\/div>\n\t\t<\/section>\n\t\t\t\t<\/div>","protected":false},"excerpt":{"rendered":"<p>UVS-1500M2S M\u00e9retek \u00e9s m\u0171szaki adatok: Berendez\u00e9s m\u00e9ret (HxSZxM): UV reaktorkamra m\u00e9rete: Max. l\u00e9g\u00e1ram:\u00a0 Csonk \u00d8: H\u00e1l\u00f3zati fesz\u00fclts\u00e9g (VAC): UV l\u00e1mp\u00e1k: Elektromos teljes\u00edtm\u00e9ny felv\u00e9tel: \u00c1ramfelv\u00e9tel: V\u00e9detts\u00e9g:\u00a0 H\u00e1z anyaga: Sz\u00edn: S\u00faly: 1080x550x560 mm 895x450x495 mm 2500 m3\/h 400 mm 230\/50 6&#215;35 W 210 W 1 A IP54 korr\u00f3zio\u00e1ll\u00f3 ac\u00e9l (1.4301) nat\u00far kr\u00f3m 30 kg Berendez\u00e9s Fali vez\u00e9rl\u0151<\/p>","protected":false},"author":2,"featured_media":0,"parent":0,"menu_order":0,"comment_status":"closed","ping_status":"closed","template":"","meta":{"neve_meta_sidebar":"full-width","neve_meta_container":"","neve_meta_enable_content_width":"on","neve_meta_content_width":100,"neve_meta_title_alignment":"","neve_meta_author_avatar":"","neve_post_elements_order":"","neve_meta_disable_header":"","neve_meta_disable_footer":"","neve_meta_disable_title":"","neve_meta_reading_time":"","_themeisle_gutenberg_block_has_review":false,"_ti_tpc_template_sync":false,"_ti_tpc_template_id":"","footnotes":""},"class_list":["post-2530","page","type-page","status-publish","hentry"],"_links":{"self":[{"href":"https:\/\/r-filter.hu\/en\/wp-json\/wp\/v2\/pages\/2530","targetHints":{"allow":["GET"]}}],"collection":[{"href":"https:\/\/r-filter.hu\/en\/wp-json\/wp\/v2\/pages"}],"about":[{"href":"https:\/\/r-filter.hu\/en\/wp-json\/wp\/v2\/types\/page"}],"author":[{"embeddable":true,"href":"https:\/\/r-filter.hu\/en\/wp-json\/wp\/v2\/users\/2"}],"replies":[{"embeddable":true,"href":"https:\/\/r-filter.hu\/en\/wp-json\/wp\/v2\/comments?post=2530"}],"version-history":[{"count":59,"href":"https:\/\/r-filter.hu\/en\/wp-json\/wp\/v2\/pages\/2530\/revisions"}],"predecessor-version":[{"id":7252,"href":"https:\/\/r-filter.hu\/en\/wp-json\/wp\/v2\/pages\/2530\/revisions\/7252"}],"wp:attachment":[{"href":"https:\/\/r-filter.hu\/en\/wp-json\/wp\/v2\/media?parent=2530"}],"curies":[{"name":"wp","href":"https:\/\/api.w.org\/{rel}","templated":true}]}}