{"id":2768,"date":"2021-09-07T06:50:05","date_gmt":"2021-09-07T06:50:05","guid":{"rendered":"https:\/\/r-filter.hu\/?page_id=2768"},"modified":"2023-05-18T15:02:16","modified_gmt":"2023-05-18T15:02:16","slug":"uvo210","status":"publish","type":"page","link":"https:\/\/r-filter.hu\/en\/uvo210\/","title":{"rendered":"UVO210"},"content":{"rendered":"<div data-elementor-type=\"wp-page\" data-elementor-id=\"2768\" class=\"elementor elementor-2768\" data-elementor-post-type=\"page\">\n\t\t\t\t\t\t<section class=\"elementor-section elementor-top-section elementor-element elementor-element-23a679d elementor-section-boxed elementor-section-height-default elementor-section-height-default\" data-id=\"23a679d\" data-element_type=\"section\" data-e-type=\"section\">\n\t\t\t\t\t\t<div class=\"elementor-container elementor-column-gap-default\">\n\t\t\t\t\t<div class=\"elementor-column elementor-col-50 elementor-top-column elementor-element elementor-element-ecaddd9\" data-id=\"ecaddd9\" data-element_type=\"column\" data-e-type=\"column\" data-settings=\"{&quot;background_background&quot;:&quot;classic&quot;}\">\n\t\t\t<div class=\"elementor-widget-wrap elementor-element-populated\">\n\t\t\t\t\t\t<div class=\"elementor-element elementor-element-2afea3e elementor-widget elementor-widget-text-editor\" data-id=\"2afea3e\" data-element_type=\"widget\" data-e-type=\"widget\" data-widget_type=\"text-editor.default\">\n\t\t\t\t<div class=\"elementor-widget-container\">\n\t\t\t\t\t\t\t\t\t<p style=\"text-align: center;\"><strong>Dimensions and technical data<\/strong><\/p>\t\t\t\t\t\t\t\t<\/div>\n\t\t\t\t<\/div>\n\t\t\t\t<section class=\"elementor-section elementor-inner-section elementor-element elementor-element-8fa7df2 elementor-section-boxed elementor-section-height-default elementor-section-height-default\" data-id=\"8fa7df2\" data-element_type=\"section\" data-e-type=\"section\">\n\t\t\t\t\t\t<div class=\"elementor-container elementor-column-gap-default\">\n\t\t\t\t\t<div class=\"elementor-column elementor-col-50 elementor-inner-column elementor-element elementor-element-5aef84d\" data-id=\"5aef84d\" data-element_type=\"column\" data-e-type=\"column\">\n\t\t\t<div class=\"elementor-widget-wrap elementor-element-populated\">\n\t\t\t\t\t\t<div class=\"elementor-element elementor-element-e713c80 elementor-widget elementor-widget-text-editor\" data-id=\"e713c80\" data-element_type=\"widget\" data-e-type=\"widget\" data-widget_type=\"text-editor.default\">\n\t\t\t\t<div class=\"elementor-widget-container\">\n\t\t\t\t\t\t\t\t\t<p>Device (LxWxH):<\/p><p>Ozone emission<\/p><p>Max. air flow:\u00a0<\/p><p>Supply voltage (VAC):<\/p><p>Power consumption:<\/p><p>Current consumption:<\/p><p>R-Filter UVC fluorescent lamp:\u00a0<\/p><p>UVC radiation power (W253.7nm):<\/p><p>UVC lamp lifetime:<\/p><p>Housing material:<\/p><p>Colour:<\/p><p>Weight:<\/p>\t\t\t\t\t\t\t\t<\/div>\n\t\t\t\t<\/div>\n\t\t\t\t\t<\/div>\n\t\t<\/div>\n\t\t\t\t<div class=\"elementor-column elementor-col-50 elementor-inner-column elementor-element elementor-element-801ea2a\" data-id=\"801ea2a\" data-element_type=\"column\" data-e-type=\"column\">\n\t\t\t<div class=\"elementor-widget-wrap elementor-element-populated\">\n\t\t\t\t\t\t<div class=\"elementor-element elementor-element-f99bcd5 elementor-widget elementor-widget-text-editor\" data-id=\"f99bcd5\" data-element_type=\"widget\" data-e-type=\"widget\" data-widget_type=\"text-editor.default\">\n\t\t\t\t<div class=\"elementor-widget-container\">\n\t\t\t\t\t\t\t\t\t<p>321x320x602 mm<\/p><p>16 g\/h<\/p><p>450 m\u00b3\/h<\/p><p>230 (50Hz)<\/p><p>320 W<\/p><p>1,4 A<\/p><p>6&#215;35 W<\/p><p>6&#215;9 W<\/p><p>8000 \noperating hours<\/p><p>Stainless steel<\/p><p>chrome<\/p><p>17 kg<\/p>\t\t\t\t\t\t\t\t<\/div>\n\t\t\t\t<\/div>\n\t\t\t\t\t<\/div>\n\t\t<\/div>\n\t\t\t\t\t<\/div>\n\t\t<\/section>\n\t\t\t\t\t<\/div>\n\t\t<\/div>\n\t\t\t\t<div class=\"elementor-column elementor-col-50 elementor-top-column elementor-element elementor-element-2dc62fc\" data-id=\"2dc62fc\" data-element_type=\"column\" data-e-type=\"column\">\n\t\t\t<div class=\"elementor-widget-wrap elementor-element-populated\">\n\t\t\t\t\t\t<div class=\"elementor-element elementor-element-c494105 elementor-widget elementor-widget-text-editor\" data-id=\"c494105\" data-element_type=\"widget\" data-e-type=\"widget\" data-widget_type=\"text-editor.default\">\n\t\t\t\t<div class=\"elementor-widget-container\">\n\t\t\t\t\t\t\t\t\t<p><strong>Device<\/strong><\/p>\t\t\t\t\t\t\t\t<\/div>\n\t\t\t\t<\/div>\n\t\t\t\t<div class=\"elementor-element elementor-element-e21115f elementor-widget elementor-widget-image\" data-id=\"e21115f\" data-element_type=\"widget\" data-e-type=\"widget\" data-widget_type=\"image.default\">\n\t\t\t\t<div class=\"elementor-widget-container\">\n\t\t\t\t\t\t\t\t\t\t\t\t\t\t\t<img fetchpriority=\"high\" decoding=\"async\" width=\"773\" height=\"1024\" src=\"https:\/\/r-filter.hu\/wp-content\/uploads\/2021\/04\/UVO-210_3D_M-773x1024.jpg\" class=\"attachment-large size-large wp-image-1562\" alt=\"\" srcset=\"https:\/\/r-filter.hu\/wp-content\/uploads\/2021\/04\/UVO-210_3D_M-773x1024.jpg 773w, https:\/\/r-filter.hu\/wp-content\/uploads\/2021\/04\/UVO-210_3D_M-226x300.jpg 226w, https:\/\/r-filter.hu\/wp-content\/uploads\/2021\/04\/UVO-210_3D_M-768x1017.jpg 768w, https:\/\/r-filter.hu\/wp-content\/uploads\/2021\/04\/UVO-210_3D_M-9x12.jpg 9w, https:\/\/r-filter.hu\/wp-content\/uploads\/2021\/04\/UVO-210_3D_M.jpg 813w\" sizes=\"(max-width: 773px) 100vw, 773px\" title=\"\">\t\t\t\t\t\t\t\t\t\t\t\t\t\t\t<\/div>\n\t\t\t\t<\/div>\n\t\t\t\t\t<\/div>\n\t\t<\/div>\n\t\t\t\t\t<\/div>\n\t\t<\/section>\n\t\t\t\t<\/div>","protected":false},"excerpt":{"rendered":"<p>M\u00e9retek \u00e9s m\u0171szaki adatok: Berendez\u00e9s m\u00e9ret (HxSZxM): \u00d3zonkibocs\u00e1t\u00e1s: Max. l\u00e9g\u00e1ram:\u00a0 H\u00e1l\u00f3zati fesz\u00fclts\u00e9g (VAC): Elektromos teljes\u00edtm\u00e9ny felv\u00e9tel: \u00c1ramfelv\u00e9tel: R-Filter UVC f\u00e9nycs\u0151:\u00a0 UVC sug\u00e1rz\u00e1si teljes\u00edtm\u00e9ny (W253,7nm): UVC f\u00e9nycs\u0151 \u00e9lettartama: H\u00e1z anyaga: Sz\u00edn: S\u00faly: 321x320x602 mm 16 g\/h 450 m\u00b3\/h 230 (50Hz) 320 W 1,4 A 6&#215;35 W 6&#215;9 W 8000 \u00fczem\u00f3ra korr\u00f3zi\u00f3\u00e1ll\u00f3 ac\u00e9l kr\u00f3m 17 kg Berendez\u00e9s:<\/p>","protected":false},"author":2,"featured_media":0,"parent":0,"menu_order":0,"comment_status":"closed","ping_status":"closed","template":"","meta":{"neve_meta_sidebar":"full-width","neve_meta_container":"","neve_meta_enable_content_width":"on","neve_meta_content_width":100,"neve_meta_title_alignment":"","neve_meta_author_avatar":"","neve_post_elements_order":"","neve_meta_disable_header":"","neve_meta_disable_footer":"","neve_meta_disable_title":"","neve_meta_reading_time":"","_themeisle_gutenberg_block_has_review":false,"_ti_tpc_template_sync":false,"_ti_tpc_template_id":"","footnotes":""},"class_list":["post-2768","page","type-page","status-publish","hentry"],"_links":{"self":[{"href":"https:\/\/r-filter.hu\/en\/wp-json\/wp\/v2\/pages\/2768","targetHints":{"allow":["GET"]}}],"collection":[{"href":"https:\/\/r-filter.hu\/en\/wp-json\/wp\/v2\/pages"}],"about":[{"href":"https:\/\/r-filter.hu\/en\/wp-json\/wp\/v2\/types\/page"}],"author":[{"embeddable":true,"href":"https:\/\/r-filter.hu\/en\/wp-json\/wp\/v2\/users\/2"}],"replies":[{"embeddable":true,"href":"https:\/\/r-filter.hu\/en\/wp-json\/wp\/v2\/comments?post=2768"}],"version-history":[{"count":22,"href":"https:\/\/r-filter.hu\/en\/wp-json\/wp\/v2\/pages\/2768\/revisions"}],"predecessor-version":[{"id":6849,"href":"https:\/\/r-filter.hu\/en\/wp-json\/wp\/v2\/pages\/2768\/revisions\/6849"}],"wp:attachment":[{"href":"https:\/\/r-filter.hu\/en\/wp-json\/wp\/v2\/media?parent=2768"}],"curies":[{"name":"wp","href":"https:\/\/api.w.org\/{rel}","templated":true}]}}