{"id":4324,"date":"2022-07-04T11:55:55","date_gmt":"2022-07-04T11:55:55","guid":{"rendered":"https:\/\/r-filter.hu\/?page_id=4324"},"modified":"2023-11-26T12:23:11","modified_gmt":"2023-11-26T12:23:11","slug":"uvo-s700h","status":"publish","type":"page","link":"https:\/\/r-filter.hu\/en\/uvo-s700h\/","title":{"rendered":"UVO-S 700H"},"content":{"rendered":"<div data-elementor-type=\"wp-page\" data-elementor-id=\"4324\" class=\"elementor elementor-4324\" data-elementor-post-type=\"page\">\n\t\t\t\t\t\t<section class=\"elementor-section elementor-top-section elementor-element elementor-element-1706ae1 elementor-section-boxed elementor-section-height-default elementor-section-height-default\" data-id=\"1706ae1\" data-element_type=\"section\" data-e-type=\"section\">\n\t\t\t\t\t\t<div class=\"elementor-container elementor-column-gap-default\">\n\t\t\t\t\t<div class=\"elementor-column elementor-col-50 elementor-top-column elementor-element elementor-element-939daee\" data-id=\"939daee\" data-element_type=\"column\" data-e-type=\"column\" data-settings=\"{&quot;background_background&quot;:&quot;classic&quot;}\">\n\t\t\t<div class=\"elementor-widget-wrap elementor-element-populated\">\n\t\t\t\t\t\t<div class=\"elementor-element elementor-element-5b61281 elementor-widget elementor-widget-text-editor\" data-id=\"5b61281\" data-element_type=\"widget\" data-e-type=\"widget\" data-widget_type=\"text-editor.default\">\n\t\t\t\t<div class=\"elementor-widget-container\">\n\t\t\t\t\t\t\t\t\t<p style=\"text-align: center;\"><strong><br \/>Dimensions and technical data<\/strong><\/p>\t\t\t\t\t\t\t\t<\/div>\n\t\t\t\t<\/div>\n\t\t\t\t<section class=\"elementor-section elementor-inner-section elementor-element elementor-element-87d4979 elementor-section-boxed elementor-section-height-default elementor-section-height-default\" data-id=\"87d4979\" data-element_type=\"section\" data-e-type=\"section\">\n\t\t\t\t\t\t<div class=\"elementor-container elementor-column-gap-default\">\n\t\t\t\t\t<div class=\"elementor-column elementor-col-50 elementor-inner-column elementor-element elementor-element-b6ff28c\" data-id=\"b6ff28c\" data-element_type=\"column\" data-e-type=\"column\">\n\t\t\t<div class=\"elementor-widget-wrap elementor-element-populated\">\n\t\t\t\t\t\t<div class=\"elementor-element elementor-element-5549d9f elementor-widget elementor-widget-text-editor\" data-id=\"5549d9f\" data-element_type=\"widget\" data-e-type=\"widget\" data-widget_type=\"text-editor.default\">\n\t\t\t\t<div class=\"elementor-widget-container\">\n\t\t\t\t\t\t\t\t\t<p>Dimensions (LxBxH):<\/p><p>Air treatment capacity:<\/p><p>Connection \u00d8:<\/p><p>UV lamps:<\/p><p>Current consumption:<\/p><p>Protection:<\/p><p>Housing material:<\/p><p>Colour:<\/p><p>Weight:<\/p><p>Control panel<\/p>\t\t\t\t\t\t\t\t<\/div>\n\t\t\t\t<\/div>\n\t\t\t\t\t<\/div>\n\t\t<\/div>\n\t\t\t\t<div class=\"elementor-column elementor-col-50 elementor-inner-column elementor-element elementor-element-56bd4ec\" data-id=\"56bd4ec\" data-element_type=\"column\" data-e-type=\"column\">\n\t\t\t<div class=\"elementor-widget-wrap elementor-element-populated\">\n\t\t\t\t\t\t<div class=\"elementor-element elementor-element-5bd6870 elementor-widget elementor-widget-text-editor\" data-id=\"5bd6870\" data-element_type=\"widget\" data-e-type=\"widget\" data-widget_type=\"text-editor.default\">\n\t\t\t\t<div class=\"elementor-widget-container\">\n\t\t\t\t\t\t\t\t\t<p>400x365x585 mm<\/p><p>6500-10400 m\u00b3\/h<\/p><p>150 mm<\/p><p>10&#215;35 W<\/p><p>2,1 A<\/p><p>IP 54<\/p><p>Stainless steel (1.4301)<\/p><p>chrome<\/p><p>29 kg<\/p><p>digital<\/p>\t\t\t\t\t\t\t\t<\/div>\n\t\t\t\t<\/div>\n\t\t\t\t\t<\/div>\n\t\t<\/div>\n\t\t\t\t\t<\/div>\n\t\t<\/section>\n\t\t\t\t\t<\/div>\n\t\t<\/div>\n\t\t\t\t<div class=\"elementor-column elementor-col-50 elementor-top-column elementor-element elementor-element-73b349e\" data-id=\"73b349e\" data-element_type=\"column\" data-e-type=\"column\">\n\t\t\t<div class=\"elementor-widget-wrap elementor-element-populated\">\n\t\t\t\t\t\t<div class=\"elementor-element elementor-element-1cdec09 elementor-widget elementor-widget-text-editor\" data-id=\"1cdec09\" data-element_type=\"widget\" data-e-type=\"widget\" data-widget_type=\"text-editor.default\">\n\t\t\t\t<div class=\"elementor-widget-container\">\n\t\t\t\t\t\t\t\t\t<p><strong>Device<\/strong><\/p>\t\t\t\t\t\t\t\t<\/div>\n\t\t\t\t<\/div>\n\t\t\t\t<div class=\"elementor-element elementor-element-40efb73 elementor-widget elementor-widget-image\" data-id=\"40efb73\" data-element_type=\"widget\" data-e-type=\"widget\" data-widget_type=\"image.default\">\n\t\t\t\t<div class=\"elementor-widget-container\">\n\t\t\t\t\t\t\t\t\t\t\t\t\t\t\t<img fetchpriority=\"high\" decoding=\"async\" width=\"1024\" height=\"724\" src=\"https:\/\/r-filter.hu\/wp-content\/uploads\/2021\/07\/UVO-S-280H-M_Rajz-1024x724.jpg\" class=\"attachment-large size-large wp-image-2346\" alt=\"\" srcset=\"https:\/\/r-filter.hu\/wp-content\/uploads\/2021\/07\/UVO-S-280H-M_Rajz-1024x724.jpg 1024w, https:\/\/r-filter.hu\/wp-content\/uploads\/2021\/07\/UVO-S-280H-M_Rajz-300x212.jpg 300w, https:\/\/r-filter.hu\/wp-content\/uploads\/2021\/07\/UVO-S-280H-M_Rajz-768x543.jpg 768w, https:\/\/r-filter.hu\/wp-content\/uploads\/2021\/07\/UVO-S-280H-M_Rajz-1536x1086.jpg 1536w, https:\/\/r-filter.hu\/wp-content\/uploads\/2021\/07\/UVO-S-280H-M_Rajz-2048x1448.jpg 2048w, https:\/\/r-filter.hu\/wp-content\/uploads\/2021\/07\/UVO-S-280H-M_Rajz-16x12.jpg 16w\" sizes=\"(max-width: 1024px) 100vw, 1024px\" title=\"\">\t\t\t\t\t\t\t\t\t\t\t\t\t\t\t<\/div>\n\t\t\t\t<\/div>\n\t\t\t\t\t<\/div>\n\t\t<\/div>\n\t\t\t\t\t<\/div>\n\t\t<\/section>\n\t\t\t\t<\/div>","protected":false},"excerpt":{"rendered":"<p>M\u00e9retek \u00e9s m\u0171szaki adatok M\u00e9retek (LxBxH): L\u00e9gkezel\u00e9si kapacit\u00e1s: Csonk \u00d8: UV l\u00e1mp\u00e1k: \u00c1ramfelv\u00e9tel: V\u00e9delem: H\u00e1z anyaga: Sz\u00edn: S\u00faly: Vez\u00e9rl\u0151 panel: 400x365x585 mm 6500-10400 m\u00b3\/h 150 mm 10&#215;35 W 2,1 A IP 54 korr\u00f3zi\u00f3\u00e1ll\u00f3 ac\u00e9l (1.4301) kr\u00f3m 29 kg digit\u00e1lis K\u00e9sz\u00fcl\u00e9k<\/p>","protected":false},"author":2,"featured_media":0,"parent":0,"menu_order":0,"comment_status":"closed","ping_status":"closed","template":"","meta":{"neve_meta_sidebar":"full-width","neve_meta_container":"","neve_meta_enable_content_width":"on","neve_meta_content_width":100,"neve_meta_title_alignment":"","neve_meta_author_avatar":"","neve_post_elements_order":"","neve_meta_disable_header":"","neve_meta_disable_footer":"","neve_meta_disable_title":"","neve_meta_reading_time":"","_themeisle_gutenberg_block_has_review":false,"_ti_tpc_template_sync":false,"_ti_tpc_template_id":"","footnotes":""},"class_list":["post-4324","page","type-page","status-publish","hentry"],"_links":{"self":[{"href":"https:\/\/r-filter.hu\/en\/wp-json\/wp\/v2\/pages\/4324","targetHints":{"allow":["GET"]}}],"collection":[{"href":"https:\/\/r-filter.hu\/en\/wp-json\/wp\/v2\/pages"}],"about":[{"href":"https:\/\/r-filter.hu\/en\/wp-json\/wp\/v2\/types\/page"}],"author":[{"embeddable":true,"href":"https:\/\/r-filter.hu\/en\/wp-json\/wp\/v2\/users\/2"}],"replies":[{"embeddable":true,"href":"https:\/\/r-filter.hu\/en\/wp-json\/wp\/v2\/comments?post=4324"}],"version-history":[{"count":36,"href":"https:\/\/r-filter.hu\/en\/wp-json\/wp\/v2\/pages\/4324\/revisions"}],"predecessor-version":[{"id":7560,"href":"https:\/\/r-filter.hu\/en\/wp-json\/wp\/v2\/pages\/4324\/revisions\/7560"}],"wp:attachment":[{"href":"https:\/\/r-filter.hu\/en\/wp-json\/wp\/v2\/media?parent=4324"}],"curies":[{"name":"wp","href":"https:\/\/api.w.org\/{rel}","templated":true}]}}