{"id":4359,"date":"2022-07-05T10:42:19","date_gmt":"2022-07-05T10:42:19","guid":{"rendered":"https:\/\/r-filter.hu\/?page_id=4359"},"modified":"2023-11-26T11:30:55","modified_gmt":"2023-11-26T11:30:55","slug":"uvo-s350h","status":"publish","type":"page","link":"https:\/\/r-filter.hu\/en\/uvo-s350h\/","title":{"rendered":"UVO-S 350H"},"content":{"rendered":"<div data-elementor-type=\"wp-page\" data-elementor-id=\"4359\" class=\"elementor elementor-4359\" data-elementor-post-type=\"page\">\n\t\t\t\t\t\t<section class=\"elementor-section elementor-top-section elementor-element elementor-element-2a99a070 elementor-section-boxed elementor-section-height-default elementor-section-height-default\" data-id=\"2a99a070\" data-element_type=\"section\" data-e-type=\"section\">\n\t\t\t\t\t\t<div class=\"elementor-container elementor-column-gap-default\">\n\t\t\t\t\t<div class=\"elementor-column elementor-col-100 elementor-top-column elementor-element elementor-element-5f54f9f1\" data-id=\"5f54f9f1\" data-element_type=\"column\" data-e-type=\"column\">\n\t\t\t<div class=\"elementor-widget-wrap elementor-element-populated\">\n\t\t\t\t\t\t<div class=\"elementor-element elementor-element-2b2aa70c elementor-widget elementor-widget-text-editor\" data-id=\"2b2aa70c\" data-element_type=\"widget\" data-e-type=\"widget\" data-widget_type=\"text-editor.default\">\n\t\t\t\t<div class=\"elementor-widget-container\">\n\t\t\t\t\t\t\t\t\t\n<div id=\"wp-block-themeisle-blocks-advanced-columns-a7b83a6f\" class=\"wp-block-themeisle-blocks-advanced-columns has-0-columns has-desktop-undefined-layout has-tablet-equal-layout has-mobile-equal-layout has-vertical-unset\"><div class=\"wp-block-themeisle-blocks-advanced-columns-overlay\"><\/div><div class=\"innerblocks-wrap\"><\/div><\/div>\n\t\t\t\t\t\t\t\t<\/div>\n\t\t\t\t<\/div>\n\t\t\t\t\t<\/div>\n\t\t<\/div>\n\t\t\t\t\t<\/div>\n\t\t<\/section>\n\t\t\t\t<section class=\"elementor-section elementor-top-section elementor-element elementor-element-5365b8c elementor-section-boxed elementor-section-height-default elementor-section-height-default\" data-id=\"5365b8c\" data-element_type=\"section\" data-e-type=\"section\">\n\t\t\t\t\t\t<div class=\"elementor-container elementor-column-gap-default\">\n\t\t\t\t\t<div class=\"elementor-column elementor-col-50 elementor-top-column elementor-element elementor-element-88a6c52\" data-id=\"88a6c52\" data-element_type=\"column\" data-e-type=\"column\" data-settings=\"{&quot;background_background&quot;:&quot;classic&quot;}\">\n\t\t\t<div class=\"elementor-widget-wrap elementor-element-populated\">\n\t\t\t\t\t\t<div class=\"elementor-element elementor-element-125ee28 elementor-widget elementor-widget-text-editor\" data-id=\"125ee28\" data-element_type=\"widget\" data-e-type=\"widget\" data-widget_type=\"text-editor.default\">\n\t\t\t\t<div class=\"elementor-widget-container\">\n\t\t\t\t\t\t\t\t\t<p style=\"text-align: center;\"><strong>Dimensions and technical data<\/strong><\/p>\t\t\t\t\t\t\t\t<\/div>\n\t\t\t\t<\/div>\n\t\t\t\t<section class=\"elementor-section elementor-inner-section elementor-element elementor-element-e49e519 elementor-section-boxed elementor-section-height-default elementor-section-height-default\" data-id=\"e49e519\" data-element_type=\"section\" data-e-type=\"section\">\n\t\t\t\t\t\t<div class=\"elementor-container elementor-column-gap-default\">\n\t\t\t\t\t<div class=\"elementor-column elementor-col-50 elementor-inner-column elementor-element elementor-element-0e071c9\" data-id=\"0e071c9\" data-element_type=\"column\" data-e-type=\"column\">\n\t\t\t<div class=\"elementor-widget-wrap elementor-element-populated\">\n\t\t\t\t\t\t<div class=\"elementor-element elementor-element-57888eb elementor-widget elementor-widget-text-editor\" data-id=\"57888eb\" data-element_type=\"widget\" data-e-type=\"widget\" data-widget_type=\"text-editor.default\">\n\t\t\t\t<div class=\"elementor-widget-container\">\n\t\t\t\t\t\t\t\t\t<p>Dimensions (LxBxH):<\/p>\n<p>Air treatment capacity:<\/p>\n<p>Connection \u00d8:<\/p>\n<p>UV lamps:<\/p>\n<p>Current consumption:<\/p>\n<p>Protection:<\/p>\n<p>Housing material:<\/p>\n<p>Colour:<\/p>\n<p>Weight:<\/p>\n<p>Control panel<\/p>\t\t\t\t\t\t\t\t<\/div>\n\t\t\t\t<\/div>\n\t\t\t\t\t<\/div>\n\t\t<\/div>\n\t\t\t\t<div class=\"elementor-column elementor-col-50 elementor-inner-column elementor-element elementor-element-43a7ff5\" data-id=\"43a7ff5\" data-element_type=\"column\" data-e-type=\"column\">\n\t\t\t<div class=\"elementor-widget-wrap elementor-element-populated\">\n\t\t\t\t\t\t<div class=\"elementor-element elementor-element-ef73d2d elementor-widget elementor-widget-text-editor\" data-id=\"ef73d2d\" data-element_type=\"widget\" data-e-type=\"widget\" data-widget_type=\"text-editor.default\">\n\t\t\t\t<div class=\"elementor-widget-container\">\n\t\t\t\t\t\t\t\t\t<p>400x365x585 mm<\/p>\n<p>3500-5600 m\u00b3\/h<\/p>\n<p>150 mm<\/p>\n<p>10&#215;35 W<\/p>\n<p>2,1 A<\/p>\n<p>IP 54<\/p>\n<p>Stainless steel (1.4301)<\/p>\n<p>chrome<\/p>\n<p>29 kg<\/p>\n<p>digital<\/p>\t\t\t\t\t\t\t\t<\/div>\n\t\t\t\t<\/div>\n\t\t\t\t\t<\/div>\n\t\t<\/div>\n\t\t\t\t\t<\/div>\n\t\t<\/section>\n\t\t\t\t\t<\/div>\n\t\t<\/div>\n\t\t\t\t<div class=\"elementor-column elementor-col-50 elementor-top-column elementor-element elementor-element-1f77318\" data-id=\"1f77318\" data-element_type=\"column\" data-e-type=\"column\">\n\t\t\t<div class=\"elementor-widget-wrap elementor-element-populated\">\n\t\t\t\t\t\t<div class=\"elementor-element elementor-element-c456f32 elementor-widget elementor-widget-text-editor\" data-id=\"c456f32\" data-element_type=\"widget\" data-e-type=\"widget\" data-widget_type=\"text-editor.default\">\n\t\t\t\t<div class=\"elementor-widget-container\">\n\t\t\t\t\t\t\t\t\t<p><strong>Device<\/strong><\/p>\t\t\t\t\t\t\t\t<\/div>\n\t\t\t\t<\/div>\n\t\t\t\t<div class=\"elementor-element elementor-element-8d221e8 elementor-widget elementor-widget-image\" data-id=\"8d221e8\" data-element_type=\"widget\" data-e-type=\"widget\" data-widget_type=\"image.default\">\n\t\t\t\t<div class=\"elementor-widget-container\">\n\t\t\t\t\t\t\t\t\t\t\t\t\t\t\t<img fetchpriority=\"high\" decoding=\"async\" width=\"1024\" height=\"724\" src=\"https:\/\/r-filter.hu\/wp-content\/uploads\/2021\/07\/UVO-S-280H-M_Rajz-1024x724.jpg\" class=\"attachment-large size-large wp-image-2346\" alt=\"\" srcset=\"https:\/\/r-filter.hu\/wp-content\/uploads\/2021\/07\/UVO-S-280H-M_Rajz-1024x724.jpg 1024w, https:\/\/r-filter.hu\/wp-content\/uploads\/2021\/07\/UVO-S-280H-M_Rajz-300x212.jpg 300w, https:\/\/r-filter.hu\/wp-content\/uploads\/2021\/07\/UVO-S-280H-M_Rajz-768x543.jpg 768w, https:\/\/r-filter.hu\/wp-content\/uploads\/2021\/07\/UVO-S-280H-M_Rajz-1536x1086.jpg 1536w, https:\/\/r-filter.hu\/wp-content\/uploads\/2021\/07\/UVO-S-280H-M_Rajz-2048x1448.jpg 2048w, https:\/\/r-filter.hu\/wp-content\/uploads\/2021\/07\/UVO-S-280H-M_Rajz-16x12.jpg 16w\" sizes=\"(max-width: 1024px) 100vw, 1024px\" title=\"\">\t\t\t\t\t\t\t\t\t\t\t\t\t\t\t<\/div>\n\t\t\t\t<\/div>\n\t\t\t\t\t<\/div>\n\t\t<\/div>\n\t\t\t\t\t<\/div>\n\t\t<\/section>\n\t\t\t\t<\/div>","protected":false},"excerpt":{"rendered":"<p>M\u00e9retek \u00e9s m\u0171szaki adatok M\u00e9retek (LxBxH): L\u00e9gkezel\u00e9si kapacit\u00e1s: Csonk \u00d8: UV l\u00e1mp\u00e1k: \u00c1ramfelv\u00e9tel: V\u00e9delem: H\u00e1z anyaga: Sz\u00edn: S\u00faly: Vez\u00e9rl\u0151 panel: 400x365x585 mm 3500-5600 m\u00b3\/h 150 mm 10&#215;35 W 2,1 A IP 54 korr\u00f3zi\u00f3\u00e1ll\u00f3 ac\u00e9l (1.4301) kr\u00f3m 29 kg digit\u00e1lis K\u00e9sz\u00fcl\u00e9k<\/p>","protected":false},"author":2,"featured_media":0,"parent":0,"menu_order":0,"comment_status":"closed","ping_status":"closed","template":"","meta":{"neve_meta_sidebar":"full-width","neve_meta_container":"","neve_meta_enable_content_width":"on","neve_meta_content_width":100,"neve_meta_title_alignment":"","neve_meta_author_avatar":"","neve_post_elements_order":"","neve_meta_disable_header":"","neve_meta_disable_footer":"","neve_meta_disable_title":"","neve_meta_reading_time":"","_themeisle_gutenberg_block_has_review":false,"_ti_tpc_template_sync":false,"_ti_tpc_template_id":"","footnotes":""},"class_list":["post-4359","page","type-page","status-publish","hentry"],"_links":{"self":[{"href":"https:\/\/r-filter.hu\/en\/wp-json\/wp\/v2\/pages\/4359","targetHints":{"allow":["GET"]}}],"collection":[{"href":"https:\/\/r-filter.hu\/en\/wp-json\/wp\/v2\/pages"}],"about":[{"href":"https:\/\/r-filter.hu\/en\/wp-json\/wp\/v2\/types\/page"}],"author":[{"embeddable":true,"href":"https:\/\/r-filter.hu\/en\/wp-json\/wp\/v2\/users\/2"}],"replies":[{"embeddable":true,"href":"https:\/\/r-filter.hu\/en\/wp-json\/wp\/v2\/comments?post=4359"}],"version-history":[{"count":32,"href":"https:\/\/r-filter.hu\/en\/wp-json\/wp\/v2\/pages\/4359\/revisions"}],"predecessor-version":[{"id":7535,"href":"https:\/\/r-filter.hu\/en\/wp-json\/wp\/v2\/pages\/4359\/revisions\/7535"}],"wp:attachment":[{"href":"https:\/\/r-filter.hu\/en\/wp-json\/wp\/v2\/media?parent=4359"}],"curies":[{"name":"wp","href":"https:\/\/api.w.org\/{rel}","templated":true}]}}