{"id":54,"date":"2020-04-13T09:42:29","date_gmt":"2020-04-13T09:42:29","guid":{"rendered":"https:\/\/demosites.io\/doctor\/?page_id=13"},"modified":"2026-04-13T09:04:44","modified_gmt":"2026-04-13T09:04:44","slug":"kapcsolat","status":"publish","type":"page","link":"https:\/\/r-filter.hu\/en\/kapcsolat\/","title":{"rendered":"Contact"},"content":{"rendered":"\t\t<div data-elementor-type=\"wp-page\" data-elementor-id=\"54\" class=\"elementor elementor-54\" data-elementor-post-type=\"page\">\n\t\t\t\t\t\t<section class=\"elementor-section elementor-top-section elementor-element elementor-element-f52423c elementor-section-boxed elementor-section-height-default elementor-section-height-default\" data-id=\"f52423c\" data-element_type=\"section\" data-e-type=\"section\">\n\t\t\t\t\t\t<div class=\"elementor-container elementor-column-gap-default\">\n\t\t\t\t\t<div class=\"elementor-column elementor-col-100 elementor-top-column elementor-element elementor-element-1cd64a7\" data-id=\"1cd64a7\" data-element_type=\"column\" data-e-type=\"column\" data-settings=\"{&quot;background_background&quot;:&quot;classic&quot;}\">\n\t\t\t<div class=\"elementor-widget-wrap elementor-element-populated\">\n\t\t\t\t\t\t<div class=\"elementor-element elementor-element-72d9f93 elementor-widget elementor-widget-heading\" data-id=\"72d9f93\" data-element_type=\"widget\" data-e-type=\"widget\" data-widget_type=\"heading.default\">\n\t\t\t\t<div class=\"elementor-widget-container\">\n\t\t\t\t\t<h2 class=\"elementor-heading-title elementor-size-default\">El\u00e9rhet\u0151s\u00e9geink<\/h2>\t\t\t\t<\/div>\n\t\t\t\t<\/div>\n\t\t\t\t<div class=\"elementor-element elementor-element-4de7064 elementor-widget-divider--view-line elementor-widget elementor-widget-divider\" data-id=\"4de7064\" data-element_type=\"widget\" data-e-type=\"widget\" data-widget_type=\"divider.default\">\n\t\t\t\t<div class=\"elementor-widget-container\">\n\t\t\t\t\t\t\t<div class=\"elementor-divider\">\n\t\t\t<span class=\"elementor-divider-separator\">\n\t\t\t\t\t\t<\/span>\n\t\t<\/div>\n\t\t\t\t\t\t<\/div>\n\t\t\t\t<\/div>\n\t\t\t\t<div class=\"elementor-element elementor-element-a239193 elementor-widget elementor-widget-text-editor\" data-id=\"a239193\" data-element_type=\"widget\" data-e-type=\"widget\" data-widget_type=\"text-editor.default\">\n\t\t\t\t<div class=\"elementor-widget-container\">\n\t\t\t\t\t\t\t\t\t<p>Keressen minket al\u00e1bbi el\u00e9rhet\u0151s\u00e9geink egyik\u00e9n.<\/p>\t\t\t\t\t\t\t\t<\/div>\n\t\t\t\t<\/div>\n\t\t\t\t\t<\/div>\n\t\t<\/div>\n\t\t\t\t\t<\/div>\n\t\t<\/section>\n\t\t\t\t<section class=\"elementor-section elementor-top-section elementor-element elementor-element-9026534 elementor-reverse-mobile elementor-section-boxed elementor-section-height-default elementor-section-height-default\" data-id=\"9026534\" data-element_type=\"section\" data-e-type=\"section\" data-settings=\"{&quot;background_background&quot;:&quot;classic&quot;}\">\n\t\t\t\t\t\t<div class=\"elementor-container elementor-column-gap-default\">\n\t\t\t\t\t<div class=\"elementor-column elementor-col-50 elementor-top-column elementor-element elementor-element-d8f92a4\" data-id=\"d8f92a4\" data-element_type=\"column\" data-e-type=\"column\">\n\t\t\t<div class=\"elementor-widget-wrap elementor-element-populated\">\n\t\t\t\t\t\t<div class=\"elementor-element elementor-element-ef41eaa elementor-widget elementor-widget-google_maps\" data-id=\"ef41eaa\" data-element_type=\"widget\" data-e-type=\"widget\" data-widget_type=\"google_maps.default\">\n\t\t\t\t<div class=\"elementor-widget-container\">\n\t\t\t\t\t\t\t<div class=\"elementor-custom-embed\">\n\t\t\t<iframe loading=\"lazy\"\n\t\t\t\t\tsrc=\"https:\/\/maps.google.com\/maps?q=1033%20Budapest%2C%20Sz%C5%91l%C5%91kert%20k%C3%B6z%209.&#038;t=m&#038;z=15&#038;output=embed&#038;iwloc=near\"\n\t\t\t\t\ttitle=\"1033 Budapest, Sz\u0151l\u0151kert k\u00f6z 9.\"\n\t\t\t\t\taria-label=\"1033 Budapest, Sz\u0151l\u0151kert k\u00f6z 9.\"\n\t\t\t><\/iframe>\n\t\t<\/div>\n\t\t\t\t\t\t<\/div>\n\t\t\t\t<\/div>\n\t\t\t\t\t<\/div>\n\t\t<\/div>\n\t\t\t\t<div class=\"elementor-column elementor-col-50 elementor-top-column elementor-element elementor-element-f4e4697\" data-id=\"f4e4697\" data-element_type=\"column\" data-e-type=\"column\">\n\t\t\t<div class=\"elementor-widget-wrap elementor-element-populated\">\n\t\t\t\t\t\t<div class=\"elementor-element elementor-element-9433854 elementor-widget elementor-widget-text-editor\" data-id=\"9433854\" data-element_type=\"widget\" data-e-type=\"widget\" data-widget_type=\"text-editor.default\">\n\t\t\t\t<div class=\"elementor-widget-container\">\n\t\t\t\t\t\t\t\t\t<p>\u00cdrjon nek\u00fcnk!<\/p>\t\t\t\t\t\t\t\t<\/div>\n\t\t\t\t<\/div>\n\t\t\t\t<div class=\"elementor-element elementor-element-f3a53cd elementor-widget-divider--view-line elementor-widget elementor-widget-divider\" data-id=\"f3a53cd\" data-element_type=\"widget\" data-e-type=\"widget\" data-widget_type=\"divider.default\">\n\t\t\t\t<div class=\"elementor-widget-container\">\n\t\t\t\t\t\t\t<div class=\"elementor-divider\">\n\t\t\t<span class=\"elementor-divider-separator\">\n\t\t\t\t\t\t<\/span>\n\t\t<\/div>\n\t\t\t\t\t\t<\/div>\n\t\t\t\t<\/div>\n\t\t\t\t<div class=\"elementor-element elementor-element-dbe2a1f elementor-button-align-stretch elementor-widget elementor-widget-form\" data-id=\"dbe2a1f\" data-element_type=\"widget\" data-e-type=\"widget\" data-settings=\"{&quot;step_next_label&quot;:&quot;K\\u00f6vetkez\\u0151&quot;,&quot;step_previous_label&quot;:&quot;El\\u0151z\\u0151&quot;,&quot;button_width&quot;:&quot;100&quot;,&quot;step_type&quot;:&quot;number_text&quot;,&quot;step_icon_shape&quot;:&quot;circle&quot;}\" data-widget_type=\"form.default\">\n\t\t\t\t<div class=\"elementor-widget-container\">\n\t\t\t\t\t\t\t<form class=\"elementor-form\" method=\"post\" name=\"\u00daj \u0171rlap\" aria-label=\"\u00daj \u0171rlap\">\n\t\t\t<input type=\"hidden\" name=\"post_id\" value=\"54\"\/>\n\t\t\t<input type=\"hidden\" name=\"form_id\" value=\"dbe2a1f\"\/>\n\t\t\t<input type=\"hidden\" name=\"referer_title\" value=\"Kapcsolat - R-Filter\" \/>\n\n\t\t\t\t\t\t\t<input type=\"hidden\" name=\"queried_id\" value=\"54\"\/>\n\t\t\t\n\t\t\t<div class=\"elementor-form-fields-wrapper elementor-labels-\">\n\t\t\t\t\t\t\t\t<div class=\"elementor-field-type-text elementor-field-group elementor-column elementor-field-group-name elementor-col-100\">\n\t\t\t\t\t\t\t\t\t\t\t\t<label for=\"form-field-name\" class=\"elementor-field-label elementor-screen-only\">\n\t\t\t\t\t\t\t\tN\u00e9v\t\t\t\t\t\t\t<\/label>\n\t\t\t\t\t\t\t\t\t\t\t\t\t\t<input size=\"1\" type=\"text\" name=\"form_fields[name]\" id=\"form-field-name\" class=\"elementor-field elementor-size-sm  elementor-field-textual\" placeholder=\"N\u00e9v\">\n\t\t\t\t\t\t\t\t\t\t\t<\/div>\n\t\t\t\t\t\t\t\t<div class=\"elementor-field-type-email elementor-field-group elementor-column elementor-field-group-email elementor-col-100 elementor-field-required\">\n\t\t\t\t\t\t\t\t\t\t\t\t<label for=\"form-field-email\" class=\"elementor-field-label elementor-screen-only\">\n\t\t\t\t\t\t\t\tEmail\t\t\t\t\t\t\t<\/label>\n\t\t\t\t\t\t\t\t\t\t\t\t\t\t<input size=\"1\" type=\"email\" name=\"form_fields[email]\" id=\"form-field-email\" class=\"elementor-field elementor-size-sm  elementor-field-textual\" placeholder=\"Email\" required=\"required\">\n\t\t\t\t\t\t\t\t\t\t\t<\/div>\n\t\t\t\t\t\t\t\t<div class=\"elementor-field-type-textarea elementor-field-group elementor-column elementor-field-group-message elementor-col-100\">\n\t\t\t\t\t\t\t\t\t\t\t\t<label for=\"form-field-message\" class=\"elementor-field-label elementor-screen-only\">\n\t\t\t\t\t\t\t\t\u00dczenet\t\t\t\t\t\t\t<\/label>\n\t\t\t\t\t\t<textarea class=\"elementor-field-textual elementor-field  elementor-size-sm\" name=\"form_fields[message]\" id=\"form-field-message\" rows=\"4\" placeholder=\"\u00dczenet\"><\/textarea>\t\t\t\t<\/div>\n\t\t\t\t\t\t\t\t<div class=\"elementor-field-type-recaptcha_v3 elementor-field-group elementor-column elementor-field-group-field_c15a427 elementor-col-100 recaptcha_v3-bottomright\">\n\t\t\t\t\t<div class=\"elementor-field\" id=\"form-field-field_c15a427\"><\/div>\t\t\t\t<\/div>\n\t\t\t\t\t\t\t\t<div class=\"elementor-field-group elementor-column elementor-field-type-submit elementor-col-100 e-form__buttons\">\n\t\t\t\t\t<button class=\"elementor-button elementor-size-sm\" type=\"submit\">\n\t\t\t\t\t\t<span class=\"elementor-button-content-wrapper\">\n\t\t\t\t\t\t\t\t\t\t\t\t\t\t\t\t\t\t\t\t\t\t<span class=\"elementor-button-text\">K\u00fcld\u00e9s<\/span>\n\t\t\t\t\t\t\t\t\t\t\t\t\t<\/span>\n\t\t\t\t\t<\/button>\n\t\t\t\t<\/div>\n\t\t\t<\/div>\n\t\t<\/form>\n\t\t\t\t\t\t<\/div>\n\t\t\t\t<\/div>\n\t\t\t\t\t<\/div>\n\t\t<\/div>\n\t\t\t\t\t<\/div>\n\t\t<\/section>\n\t\t\t\t<section class=\"elementor-section elementor-top-section elementor-element elementor-element-a81e9c6 elementor-section-boxed elementor-section-height-default elementor-section-height-default\" data-id=\"a81e9c6\" data-element_type=\"section\" data-e-type=\"section\">\n\t\t\t\t\t\t<div class=\"elementor-container elementor-column-gap-default\">\n\t\t\t\t\t<div class=\"elementor-column elementor-col-25 elementor-top-column elementor-element elementor-element-0b64ae5\" data-id=\"0b64ae5\" data-element_type=\"column\" data-e-type=\"column\">\n\t\t\t<div class=\"elementor-widget-wrap elementor-element-populated\">\n\t\t\t\t\t\t<div class=\"elementor-element elementor-element-d26c0d6 elementor-widget elementor-widget-neve_team_member\" data-id=\"d26c0d6\" data-element_type=\"widget\" data-e-type=\"widget\" data-widget_type=\"neve_team_member.default\">\n\t\t\t\t<div class=\"elementor-widget-container\">\n\t\t\t\t\t<figure class=\"neb-member-figure force-round\"><img fetchpriority=\"high\" decoding=\"async\" width=\"512\" height=\"512\" src=\"https:\/\/r-filter.hu\/wp-content\/uploads\/2021\/03\/cropped-R-Filter-favicon1.png\" class=\"elementor-animation-disable-animation attachment-full size-full wp-image-4998\" alt=\"R-Filter logo\" srcset=\"https:\/\/r-filter.hu\/wp-content\/uploads\/2021\/03\/cropped-R-Filter-favicon1.png 512w, https:\/\/r-filter.hu\/wp-content\/uploads\/2021\/03\/cropped-R-Filter-favicon1-300x300.png 300w, https:\/\/r-filter.hu\/wp-content\/uploads\/2021\/03\/cropped-R-Filter-favicon1-150x150.png 150w, https:\/\/r-filter.hu\/wp-content\/uploads\/2021\/03\/cropped-R-Filter-favicon1-12x12.png 12w, https:\/\/r-filter.hu\/wp-content\/uploads\/2021\/03\/cropped-R-Filter-favicon1-270x270.png 270w, https:\/\/r-filter.hu\/wp-content\/uploads\/2021\/03\/cropped-R-Filter-favicon1-192x192.png 192w, https:\/\/r-filter.hu\/wp-content\/uploads\/2021\/03\/cropped-R-Filter-favicon1-180x180.png 180w, https:\/\/r-filter.hu\/wp-content\/uploads\/2021\/03\/cropped-R-Filter-favicon1-32x32.png 32w\" sizes=\"(max-width: 512px) 100vw, 512px\" title=\"\"><\/figure><div class=\"neb-member-body\"><h6 class=\"neb-member-name\">R\u00c1CZ \u00c1d\u00e1m<\/h6><div class=\"neb-member-position\">Alap\u00edt\u00f3, tulajdonos<\/div><div class=\"neb-member-bio\"><p>telefon<\/p><\/div><div class=\"neb-member-links\"><a target=\"_blank\" rel=\"noopener\" href=\"mailto:&#114;&#097;&#099;&#122;&#046;&#097;dam&#064;&#114;&#045;&#102;&#105;&#108;&#116;er.&#104;u\" class=\"elementor-repeater-item-728a679\"><i class=\"fas fa-envelope\" aria-hidden=\"true\"><\/i><\/a><\/div><\/div>\t\t\t\t<\/div>\n\t\t\t\t<\/div>\n\t\t\t\t<div class=\"elementor-element elementor-element-1c532b9 elementor-widget elementor-widget-text-editor\" data-id=\"1c532b9\" data-element_type=\"widget\" data-e-type=\"widget\" data-widget_type=\"text-editor.default\">\n\t\t\t\t<div class=\"elementor-widget-container\">\n\t\t\t\t\t\t\t\t\t<p style=\"text-align: center;\"><a href=\"mailto:racz.adam@r-filter.hu\">racz.adam@r-filter.hu<\/a><\/p>\t\t\t\t\t\t\t\t<\/div>\n\t\t\t\t<\/div>\n\t\t\t\t\t<\/div>\n\t\t<\/div>\n\t\t\t\t<div class=\"elementor-column elementor-col-25 elementor-top-column elementor-element elementor-element-11d7b56\" data-id=\"11d7b56\" data-element_type=\"column\" data-e-type=\"column\">\n\t\t\t<div class=\"elementor-widget-wrap elementor-element-populated\">\n\t\t\t\t\t\t<div class=\"elementor-element elementor-element-c79a21a elementor-widget elementor-widget-neve_team_member\" data-id=\"c79a21a\" data-element_type=\"widget\" data-e-type=\"widget\" data-widget_type=\"neve_team_member.default\">\n\t\t\t\t<div class=\"elementor-widget-container\">\n\t\t\t\t\t<figure class=\"neb-member-figure force-round\"><img fetchpriority=\"high\" decoding=\"async\" width=\"512\" height=\"512\" src=\"https:\/\/r-filter.hu\/wp-content\/uploads\/2021\/03\/cropped-R-Filter-favicon1.png\" class=\"elementor-animation-disable-animation attachment-full size-full wp-image-4998\" alt=\"R-Filter logo\" srcset=\"https:\/\/r-filter.hu\/wp-content\/uploads\/2021\/03\/cropped-R-Filter-favicon1.png 512w, https:\/\/r-filter.hu\/wp-content\/uploads\/2021\/03\/cropped-R-Filter-favicon1-300x300.png 300w, https:\/\/r-filter.hu\/wp-content\/uploads\/2021\/03\/cropped-R-Filter-favicon1-150x150.png 150w, https:\/\/r-filter.hu\/wp-content\/uploads\/2021\/03\/cropped-R-Filter-favicon1-12x12.png 12w, https:\/\/r-filter.hu\/wp-content\/uploads\/2021\/03\/cropped-R-Filter-favicon1-270x270.png 270w, https:\/\/r-filter.hu\/wp-content\/uploads\/2021\/03\/cropped-R-Filter-favicon1-192x192.png 192w, https:\/\/r-filter.hu\/wp-content\/uploads\/2021\/03\/cropped-R-Filter-favicon1-180x180.png 180w, https:\/\/r-filter.hu\/wp-content\/uploads\/2021\/03\/cropped-R-Filter-favicon1-32x32.png 32w\" sizes=\"(max-width: 512px) 100vw, 512px\" title=\"\"><\/figure><div class=\"neb-member-body\"><h2 class=\"neb-member-name\">T\u0150ZS\u00c9R Zsanett<\/h2><div class=\"neb-member-position\">\u00dcgyvezet\u0151<\/div><div class=\"neb-member-bio\"><p>+36 70 226 1769<\/p><\/div><div class=\"neb-member-links\"><a target=\"_blank\" rel=\"noopener\" href=\"mailto:t&#111;zse&#114;&#046;z&#115;a&#110;&#101;&#116;&#116;&#064;r&#045;fil&#116;e&#114;&#046;hu\" class=\"elementor-repeater-item-a7a80a4\"><i class=\"fas fa-envelope\" aria-hidden=\"true\"><\/i><\/a><\/div><\/div>\t\t\t\t<\/div>\n\t\t\t\t<\/div>\n\t\t\t\t<div class=\"elementor-element elementor-element-fc163ce elementor-widget elementor-widget-text-editor\" data-id=\"fc163ce\" data-element_type=\"widget\" data-e-type=\"widget\" data-widget_type=\"text-editor.default\">\n\t\t\t\t<div class=\"elementor-widget-container\">\n\t\t\t\t\t\t\t\t\t<p style=\"text-align: center;\"><a href=\"mailto:tozser.zsanett@r-filter.hu\">tozser.zsanett@r-filter.hu<\/a><\/p>\t\t\t\t\t\t\t\t<\/div>\n\t\t\t\t<\/div>\n\t\t\t\t\t<\/div>\n\t\t<\/div>\n\t\t\t\t<div class=\"elementor-column elementor-col-25 elementor-top-column elementor-element elementor-element-4a051ca\" data-id=\"4a051ca\" data-element_type=\"column\" data-e-type=\"column\">\n\t\t\t<div class=\"elementor-widget-wrap elementor-element-populated\">\n\t\t\t\t\t\t<div class=\"elementor-element elementor-element-6fa835a elementor-widget elementor-widget-neve_team_member\" data-id=\"6fa835a\" data-element_type=\"widget\" data-e-type=\"widget\" data-widget_type=\"neve_team_member.default\">\n\t\t\t\t<div class=\"elementor-widget-container\">\n\t\t\t\t\t<figure class=\"neb-member-figure force-round\"><img fetchpriority=\"high\" decoding=\"async\" width=\"512\" height=\"512\" src=\"https:\/\/r-filter.hu\/wp-content\/uploads\/2021\/03\/cropped-R-Filter-favicon1.png\" class=\"elementor-animation-disable-animation attachment-full size-full wp-image-4998\" alt=\"R-Filter logo\" srcset=\"https:\/\/r-filter.hu\/wp-content\/uploads\/2021\/03\/cropped-R-Filter-favicon1.png 512w, https:\/\/r-filter.hu\/wp-content\/uploads\/2021\/03\/cropped-R-Filter-favicon1-300x300.png 300w, https:\/\/r-filter.hu\/wp-content\/uploads\/2021\/03\/cropped-R-Filter-favicon1-150x150.png 150w, https:\/\/r-filter.hu\/wp-content\/uploads\/2021\/03\/cropped-R-Filter-favicon1-12x12.png 12w, https:\/\/r-filter.hu\/wp-content\/uploads\/2021\/03\/cropped-R-Filter-favicon1-270x270.png 270w, https:\/\/r-filter.hu\/wp-content\/uploads\/2021\/03\/cropped-R-Filter-favicon1-192x192.png 192w, https:\/\/r-filter.hu\/wp-content\/uploads\/2021\/03\/cropped-R-Filter-favicon1-180x180.png 180w, https:\/\/r-filter.hu\/wp-content\/uploads\/2021\/03\/cropped-R-Filter-favicon1-32x32.png 32w\" sizes=\"(max-width: 512px) 100vw, 512px\" title=\"\"><\/figure><div class=\"neb-member-body\"><h6 class=\"neb-member-name\">\u00c1D\u00c1M G\u00e1bor<\/h6><div class=\"neb-member-position\">\u00c9rt\u00e9kes\u00edt\u00e9s<\/div><div class=\"neb-member-bio\"><p>+36 20 299 6669\n\n<\/p><\/div><div class=\"neb-member-links\"><a target=\"_blank\" rel=\"noopener\" href=\"mailto:&#110;or&#098;&#101;&#114;&#116;.&#122;v&#101;kan&#064;&#114;&#045;&#102;&#105;lter.hu\" class=\"elementor-repeater-item-61522eb\"><i class=\"fas fa-envelope\" aria-hidden=\"true\"><\/i><\/a><\/div><\/div>\t\t\t\t<\/div>\n\t\t\t\t<\/div>\n\t\t\t\t<div class=\"elementor-element elementor-element-af6bc89 elementor-widget elementor-widget-text-editor\" data-id=\"af6bc89\" data-element_type=\"widget\" data-e-type=\"widget\" data-widget_type=\"text-editor.default\">\n\t\t\t\t<div class=\"elementor-widget-container\">\n\t\t\t\t\t\t\t\t\t<p style=\"text-align: center;\"><a href=\"mailto:norbert.zvekan@r-filter.hu\">gabor.adam@r-filter.com<\/a><\/p>\t\t\t\t\t\t\t\t<\/div>\n\t\t\t\t<\/div>\n\t\t\t\t\t<\/div>\n\t\t<\/div>\n\t\t\t\t<div class=\"elementor-column elementor-col-25 elementor-top-column elementor-element elementor-element-6586f47\" data-id=\"6586f47\" data-element_type=\"column\" data-e-type=\"column\">\n\t\t\t<div class=\"elementor-widget-wrap elementor-element-populated\">\n\t\t\t\t\t\t<div class=\"elementor-element elementor-element-597a6d3 elementor-widget elementor-widget-neve_team_member\" data-id=\"597a6d3\" data-element_type=\"widget\" data-e-type=\"widget\" data-widget_type=\"neve_team_member.default\">\n\t\t\t\t<div class=\"elementor-widget-container\">\n\t\t\t\t\t<figure class=\"neb-member-figure force-round\"><img fetchpriority=\"high\" decoding=\"async\" width=\"512\" height=\"512\" src=\"https:\/\/r-filter.hu\/wp-content\/uploads\/2021\/03\/cropped-R-Filter-favicon1.png\" class=\"elementor-animation-disable-animation attachment-full size-full wp-image-4998\" alt=\"R-Filter logo\" srcset=\"https:\/\/r-filter.hu\/wp-content\/uploads\/2021\/03\/cropped-R-Filter-favicon1.png 512w, https:\/\/r-filter.hu\/wp-content\/uploads\/2021\/03\/cropped-R-Filter-favicon1-300x300.png 300w, https:\/\/r-filter.hu\/wp-content\/uploads\/2021\/03\/cropped-R-Filter-favicon1-150x150.png 150w, https:\/\/r-filter.hu\/wp-content\/uploads\/2021\/03\/cropped-R-Filter-favicon1-12x12.png 12w, https:\/\/r-filter.hu\/wp-content\/uploads\/2021\/03\/cropped-R-Filter-favicon1-270x270.png 270w, https:\/\/r-filter.hu\/wp-content\/uploads\/2021\/03\/cropped-R-Filter-favicon1-192x192.png 192w, https:\/\/r-filter.hu\/wp-content\/uploads\/2021\/03\/cropped-R-Filter-favicon1-180x180.png 180w, https:\/\/r-filter.hu\/wp-content\/uploads\/2021\/03\/cropped-R-Filter-favicon1-32x32.png 32w\" sizes=\"(max-width: 512px) 100vw, 512px\" title=\"\"><\/figure><div class=\"neb-member-body\"><h6 class=\"neb-member-name\">T\u00d3TH G\u00e1bor<\/h6><div class=\"neb-member-position\">Marketing<\/div><div class=\"neb-member-bio\"><p>+36 30 453 5082<\/p><\/div><div class=\"neb-member-links\"><a target=\"_blank\" rel=\"noopener\" href=\"mailto:&#116;ot&#104;.&#103;&#097;bor&#064;r&#045;f&#105;&#108;te&#114;&#046;hu\" class=\"elementor-repeater-item-2fd431d\"><i class=\"fas fa-envelope\" aria-hidden=\"true\"><\/i><\/a><\/div><\/div>\t\t\t\t<\/div>\n\t\t\t\t<\/div>\n\t\t\t\t<div class=\"elementor-element elementor-element-0e9d7cb elementor-widget elementor-widget-text-editor\" data-id=\"0e9d7cb\" data-element_type=\"widget\" data-e-type=\"widget\" data-widget_type=\"text-editor.default\">\n\t\t\t\t<div class=\"elementor-widget-container\">\n\t\t\t\t\t\t\t\t\t<p style=\"text-align: center;\"><a href=\"mailto:toth.gabor@r-filter.hu\">toth.gabor@r-filter.hu<\/a><\/p>\t\t\t\t\t\t\t\t<\/div>\n\t\t\t\t<\/div>\n\t\t\t\t\t<\/div>\n\t\t<\/div>\n\t\t\t\t\t<\/div>\n\t\t<\/section>\n\t\t\t\t<\/div>\n\t\t","protected":false},"excerpt":{"rendered":"<p>El\u00e9rhet\u0151s\u00e9geink Keressen minket al\u00e1bbi el\u00e9rhet\u0151s\u00e9geink egyik\u00e9n. \u00cdrjon nek\u00fcnk! R\u00c1CZ \u00c1d\u00e1m Alap\u00edt\u00f3, tulajdonos telefon racz.adam@r-filter.hu T\u0150ZS\u00c9R Zsanett \u00dcgyvezet\u0151 +36 70 226 1769 tozser.zsanett@r-filter.hu \u00c1D\u00c1M G\u00e1bor \u00c9rt\u00e9kes\u00edt\u00e9s +36 20 299 6669 gabor.adam@r-filter.com T\u00d3TH G\u00e1bor Marketing +36 30 453 5082 toth.gabor@r-filter.hu<\/p>","protected":false},"author":1,"featured_media":0,"parent":0,"menu_order":0,"comment_status":"closed","ping_status":"closed","template":"elementor_header_footer","meta":{"neve_meta_sidebar":"full-width","neve_meta_container":"","neve_meta_enable_content_width":"on","neve_meta_content_width":100,"neve_meta_title_alignment":"","neve_meta_author_avatar":"","neve_post_elements_order":"","neve_meta_disable_header":"","neve_meta_disable_footer":"","neve_meta_disable_title":"","neve_meta_reading_time":"","_themeisle_gutenberg_block_has_review":false,"_ti_tpc_template_sync":false,"_ti_tpc_template_id":"ljanavv9d0ewego0rxk4","footnotes":""},"class_list":["post-54","page","type-page","status-publish","hentry"],"_links":{"self":[{"href":"https:\/\/r-filter.hu\/en\/wp-json\/wp\/v2\/pages\/54","targetHints":{"allow":["GET"]}}],"collection":[{"href":"https:\/\/r-filter.hu\/en\/wp-json\/wp\/v2\/pages"}],"about":[{"href":"https:\/\/r-filter.hu\/en\/wp-json\/wp\/v2\/types\/page"}],"author":[{"embeddable":true,"href":"https:\/\/r-filter.hu\/en\/wp-json\/wp\/v2\/users\/1"}],"replies":[{"embeddable":true,"href":"https:\/\/r-filter.hu\/en\/wp-json\/wp\/v2\/comments?post=54"}],"version-history":[{"count":311,"href":"https:\/\/r-filter.hu\/en\/wp-json\/wp\/v2\/pages\/54\/revisions"}],"predecessor-version":[{"id":8339,"href":"https:\/\/r-filter.hu\/en\/wp-json\/wp\/v2\/pages\/54\/revisions\/8339"}],"wp:attachment":[{"href":"https:\/\/r-filter.hu\/en\/wp-json\/wp\/v2\/media?parent=54"}],"curies":[{"name":"wp","href":"https:\/\/api.w.org\/{rel}","templated":true}]}}