{"id":754,"date":"2021-04-28T10:34:32","date_gmt":"2021-04-28T10:34:32","guid":{"rendered":"https:\/\/r-filter.hu\/?page_id=754"},"modified":"2023-07-07T07:35:05","modified_gmt":"2023-07-07T07:35:05","slug":"uvc100-150","status":"publish","type":"page","link":"https:\/\/r-filter.hu\/en\/uvc100-150\/","title":{"rendered":"UVC"},"content":{"rendered":"<div data-elementor-type=\"wp-page\" data-elementor-id=\"754\" class=\"elementor elementor-754\" data-elementor-post-type=\"page\">\n\t\t\t\t\t\t<section class=\"elementor-section elementor-top-section elementor-element elementor-element-018d5fe elementor-section-boxed elementor-section-height-default elementor-section-height-default\" data-id=\"018d5fe\" data-element_type=\"section\" data-e-type=\"section\">\n\t\t\t\t\t\t<div class=\"elementor-container elementor-column-gap-default\">\n\t\t\t\t\t<div class=\"elementor-column elementor-col-100 elementor-top-column elementor-element elementor-element-6c9b558\" data-id=\"6c9b558\" data-element_type=\"column\" data-e-type=\"column\" data-settings=\"{&quot;background_background&quot;:&quot;classic&quot;}\">\n\t\t\t<div class=\"elementor-widget-wrap elementor-element-populated\">\n\t\t\t\t\t\t<div class=\"elementor-element elementor-element-78af782 elementor-widget elementor-widget-heading\" data-id=\"78af782\" data-element_type=\"widget\" data-e-type=\"widget\" data-widget_type=\"heading.default\">\n\t\t\t\t<div class=\"elementor-widget-container\">\n\t\t\t\t\t<h1 class=\"elementor-heading-title elementor-size-default\">UVC<\/h1>\t\t\t\t<\/div>\n\t\t\t\t<\/div>\n\t\t\t\t<div class=\"elementor-element elementor-element-5faccc9 elementor-widget-divider--view-line elementor-widget elementor-widget-divider\" data-id=\"5faccc9\" data-element_type=\"widget\" data-e-type=\"widget\" data-widget_type=\"divider.default\">\n\t\t\t\t<div class=\"elementor-widget-container\">\n\t\t\t\t\t\t\t<div class=\"elementor-divider\">\n\t\t\t<span class=\"elementor-divider-separator\">\n\t\t\t\t\t\t<\/span>\n\t\t<\/div>\n\t\t\t\t\t\t<\/div>\n\t\t\t\t<\/div>\n\t\t\t\t\t<\/div>\n\t\t<\/div>\n\t\t\t\t\t<\/div>\n\t\t<\/section>\n\t\t\t\t<section class=\"elementor-section elementor-top-section elementor-element elementor-element-81138d2 elementor-section-boxed elementor-section-height-default elementor-section-height-default\" data-id=\"81138d2\" data-element_type=\"section\" data-e-type=\"section\">\n\t\t\t\t\t\t<div class=\"elementor-container elementor-column-gap-default\">\n\t\t\t\t\t<div class=\"elementor-column elementor-col-100 elementor-top-column elementor-element elementor-element-96cb46f\" data-id=\"96cb46f\" data-element_type=\"column\" data-e-type=\"column\">\n\t\t\t<div class=\"elementor-widget-wrap elementor-element-populated\">\n\t\t\t\t\t\t<div class=\"elementor-element elementor-element-703ff25 elementor-widget elementor-widget-image\" data-id=\"703ff25\" data-element_type=\"widget\" data-e-type=\"widget\" data-widget_type=\"image.default\">\n\t\t\t\t<div class=\"elementor-widget-container\">\n\t\t\t\t\t\t\t\t\t\t\t\t<figure class=\"wp-caption\">\n\t\t\t\t\t\t\t\t\t\t<img decoding=\"async\" width=\"150\" height=\"150\" src=\"https:\/\/r-filter.hu\/wp-content\/uploads\/2021\/04\/uvc150-150x150.jpg\" class=\"attachment-thumbnail size-thumbnail wp-image-1602\" alt=\"\" title=\"\">\t\t\t\t\t\t\t\t\t\t\t<figcaption class=\"widget-image-caption wp-caption-text\">UVC 150<\/figcaption>\n\t\t\t\t\t\t\t\t\t\t<\/figure>\n\t\t\t\t\t\t\t\t\t<\/div>\n\t\t\t\t<\/div>\n\t\t\t\t<div class=\"elementor-element elementor-element-7ab15d5 elementor-align-center elementor-widget elementor-widget-button\" data-id=\"7ab15d5\" data-element_type=\"widget\" data-e-type=\"widget\" data-widget_type=\"button.default\">\n\t\t\t\t<div class=\"elementor-widget-container\">\n\t\t\t\t\t\t\t\t\t<div class=\"elementor-button-wrapper\">\n\t\t\t\t\t<a class=\"elementor-button elementor-button-link elementor-size-sm elementor-animation-shrink\" href=\"https:\/\/r-filter.hu\/en\/uvc150\/\" target=\"_blank\">\n\t\t\t\t\t\t<span class=\"elementor-button-content-wrapper\">\n\t\t\t\t\t\t\t\t\t<span class=\"elementor-button-text\">Details<\/span>\n\t\t\t\t\t<\/span>\n\t\t\t\t\t<\/a>\n\t\t\t\t<\/div>\n\t\t\t\t\t\t\t\t<\/div>\n\t\t\t\t<\/div>\n\t\t\t\t\t<\/div>\n\t\t<\/div>\n\t\t\t\t\t<\/div>\n\t\t<\/section>\n\t\t\t\t<section class=\"elementor-section elementor-top-section elementor-element elementor-element-13924aee elementor-section-boxed elementor-section-height-default elementor-section-height-default\" data-id=\"13924aee\" data-element_type=\"section\" data-e-type=\"section\">\n\t\t\t\t\t\t<div class=\"elementor-container elementor-column-gap-default\">\n\t\t\t\t\t<div class=\"elementor-column elementor-col-100 elementor-top-column elementor-element elementor-element-72bedf06\" data-id=\"72bedf06\" data-element_type=\"column\" data-e-type=\"column\">\n\t\t\t<div class=\"elementor-widget-wrap\">\n\t\t\t\t\t\t\t<\/div>\n\t\t<\/div>\n\t\t\t\t\t<\/div>\n\t\t<\/section>\n\t\t\t\t<section class=\"elementor-section elementor-top-section elementor-element elementor-element-7d8262d elementor-section-boxed elementor-section-height-default elementor-section-height-default\" data-id=\"7d8262d\" data-element_type=\"section\" data-e-type=\"section\">\n\t\t\t\t\t\t<div class=\"elementor-container elementor-column-gap-default\">\n\t\t\t\t\t<div class=\"elementor-column elementor-col-100 elementor-top-column elementor-element elementor-element-92e323b\" data-id=\"92e323b\" data-element_type=\"column\" data-e-type=\"column\">\n\t\t\t<div class=\"elementor-widget-wrap elementor-element-populated\">\n\t\t\t\t\t\t<section class=\"elementor-section elementor-inner-section elementor-element elementor-element-f0ff243 elementor-section-boxed elementor-section-height-default elementor-section-height-default\" data-id=\"f0ff243\" data-element_type=\"section\" data-e-type=\"section\">\n\t\t\t\t\t\t<div class=\"elementor-container elementor-column-gap-default\">\n\t\t\t\t\t<div class=\"elementor-column elementor-col-50 elementor-inner-column elementor-element elementor-element-7cfaec3\" data-id=\"7cfaec3\" data-element_type=\"column\" data-e-type=\"column\">\n\t\t\t<div class=\"elementor-widget-wrap elementor-element-populated\">\n\t\t\t\t\t\t<div class=\"elementor-element elementor-element-ec29053 elementor-widget elementor-widget-text-editor\" data-id=\"ec29053\" data-element_type=\"widget\" data-e-type=\"widget\" data-widget_type=\"text-editor.default\">\n\t\t\t\t<div class=\"elementor-widget-container\">\n\t\t\t\t\t\t\t\t\t<p>High-touch surfaces are surfaces that are touched multiple times by different users during the day. Regular disinfection of these surfaces with UV-C light prevents the spread of harmful microorganisms by contact.<\/p><p>\u00a0<\/p><p style=\"color: #0000f3;\">High-touch surfaces:<\/p><ul><li>Desks, telephones, computer screens and keyboards, laptops<\/li><li>Doorbell, door handle, light switch, control panels and buttons in elevators<\/li><li>Handrails on stairs, walls, tables, beds<\/li><li>Bathroom fittings, toilets and sinks<\/li><li>Medical equipment and instruments<\/li><li>Trainingtools, -mats and -equipment<\/li><li>ATMs, payment terminals<\/li><li>Seating areas in cars, buses, trains, and passenger planes<\/li><li>Seats in the movies and theatres<\/li><\/ul>\t\t\t\t\t\t\t\t<\/div>\n\t\t\t\t<\/div>\n\t\t\t\t<div class=\"elementor-element elementor-element-0051d5c elementor-widget elementor-widget-text-editor\" data-id=\"0051d5c\" data-element_type=\"widget\" data-e-type=\"widget\" data-widget_type=\"text-editor.default\">\n\t\t\t\t<div class=\"elementor-widget-container\">\n\t\t\t\t\t\t\t\t\t<p><strong>Functional principle<\/strong><\/p>\t\t\t\t\t\t\t\t<\/div>\n\t\t\t\t<\/div>\n\t\t\t\t<div class=\"elementor-element elementor-element-962e7cb elementor-widget-divider--view-line elementor-widget elementor-widget-divider\" data-id=\"962e7cb\" data-element_type=\"widget\" data-e-type=\"widget\" data-widget_type=\"divider.default\">\n\t\t\t\t<div class=\"elementor-widget-container\">\n\t\t\t\t\t\t\t<div class=\"elementor-divider\">\n\t\t\t<span class=\"elementor-divider-separator\">\n\t\t\t\t\t\t<\/span>\n\t\t<\/div>\n\t\t\t\t\t\t<\/div>\n\t\t\t\t<\/div>\n\t\t\t\t<div class=\"elementor-element elementor-element-49b9a96 elementor-widget elementor-widget-text-editor\" data-id=\"49b9a96\" data-element_type=\"widget\" data-e-type=\"widget\" data-widget_type=\"text-editor.default\">\n\t\t\t\t<div class=\"elementor-widget-container translation-block\">Touching surfaces contaminated with pathogenic bacteria and viruses is a source of numerous infectious diseases. Since every surface that has been touched or sneezed on by an infected person is capable in principle of transmitting the viruses. Minimizing this risk is crucial, because research suggests that such as COVID-19 virus may live on surfaces for a few hours or up to several days depending on temperature, type of surface and humidity of the environment. Our UVC handheld device is an excellent tool for UVC disinfection of all kinds of surfaces. When bacteria and viruses are exposed to a germicidal high-energy UV radiation with a wavelength of 254 nm, their DNA and RNA will be damaged and they lose their ability to reproduce and become virulent. The UVC-Dose (irradiance multiplied by the exposure time in seconds) should be at least 40 mJ\/cm2 in order to inactivate viruses, recommends the IUVA (International Ultraviolet Association) for a handheld UVC device for surface disinfection. So if the irradiance at the target surface is 10 mW\/cm2, the exposure time would have to be 4 seconds. UVC-Dose (mWsec\/cm2) = Irradiance (mW\/cm2) x Exposure Time (sec) The UVC irradiance for certain distances from the bottom of our device UVC 150:<\/div>\n\t\t\t\t<\/div>\n\t\t\t\t<div class=\"elementor-element elementor-element-85be15c elementor-widget elementor-widget-image\" data-id=\"85be15c\" data-element_type=\"widget\" data-e-type=\"widget\" data-widget_type=\"image.default\">\n\t\t\t\t<div class=\"elementor-widget-container\">\n\t\t\t\t\t\t\t\t\t\t\t\t\t\t\t<img fetchpriority=\"high\" decoding=\"async\" width=\"686\" height=\"537\" src=\"https:\/\/r-filter.hu\/wp-content\/uploads\/2021\/04\/UVChu.jpg\" class=\"attachment-large size-large wp-image-1603\" alt=\"\" srcset=\"https:\/\/r-filter.hu\/wp-content\/uploads\/2021\/04\/UVChu.jpg 686w, https:\/\/r-filter.hu\/wp-content\/uploads\/2021\/04\/UVChu-300x235.jpg 300w, https:\/\/r-filter.hu\/wp-content\/uploads\/2021\/04\/UVChu-16x12.jpg 16w\" sizes=\"(max-width: 686px) 100vw, 686px\" title=\"\">\t\t\t\t\t\t\t\t\t\t\t\t\t\t\t<\/div>\n\t\t\t\t<\/div>\n\t\t\t\t<div class=\"elementor-element elementor-element-fe77722 elementor-widget elementor-widget-text-editor\" data-id=\"fe77722\" data-element_type=\"widget\" data-e-type=\"widget\" data-widget_type=\"text-editor.default\">\n\t\t\t\t<div class=\"elementor-widget-container\">\n\t\t\t\t\t\t\t\t\t<p>The best kill rate of microorganisms is at 40-60% relative humidity and at an ambient temperature range of 21-24 \u00b0C.<\/p>\t\t\t\t\t\t\t\t<\/div>\n\t\t\t\t<\/div>\n\t\t\t\t\t<\/div>\n\t\t<\/div>\n\t\t\t\t<div class=\"elementor-column elementor-col-50 elementor-inner-column elementor-element elementor-element-84ec9c1\" data-id=\"84ec9c1\" data-element_type=\"column\" data-e-type=\"column\">\n\t\t\t<div class=\"elementor-widget-wrap elementor-element-populated\">\n\t\t\t\t\t\t<div class=\"elementor-element elementor-element-beb6168 elementor-widget elementor-widget-image\" data-id=\"beb6168\" data-element_type=\"widget\" data-e-type=\"widget\" data-widget_type=\"image.default\">\n\t\t\t\t<div class=\"elementor-widget-container\">\n\t\t\t\t\t\t\t\t\t\t\t\t\t\t\t<img decoding=\"async\" width=\"1200\" height=\"600\" src=\"https:\/\/r-filter.hu\/wp-content\/uploads\/2022\/10\/UV-C2.jpg\" class=\"attachment-full size-full wp-image-5306\" alt=\"R-Filter innovat\u00edv konyhai l\u00e9gkezel\u00e9s, zs\u00edrbont\u00e1s \u00e9s szagtalan\u00edt\u00e1s\" srcset=\"https:\/\/r-filter.hu\/wp-content\/uploads\/2022\/10\/UV-C2.jpg 1200w, https:\/\/r-filter.hu\/wp-content\/uploads\/2022\/10\/UV-C2-300x150.jpg 300w, https:\/\/r-filter.hu\/wp-content\/uploads\/2022\/10\/UV-C2-1024x512.jpg 1024w, https:\/\/r-filter.hu\/wp-content\/uploads\/2022\/10\/UV-C2-768x384.jpg 768w, https:\/\/r-filter.hu\/wp-content\/uploads\/2022\/10\/UV-C2-18x9.jpg 18w\" sizes=\"(max-width: 1200px) 100vw, 1200px\" title=\"\">\t\t\t\t\t\t\t\t\t\t\t\t\t\t\t<\/div>\n\t\t\t\t<\/div>\n\t\t\t\t<div class=\"elementor-element elementor-element-11e3ba5 elementor-widget elementor-widget-text-editor\" data-id=\"11e3ba5\" data-element_type=\"widget\" data-e-type=\"widget\" data-widget_type=\"text-editor.default\">\n\t\t\t\t<div class=\"elementor-widget-container\">\n\t\t\t\t\t\t\t\t\t<p>\u00a0<\/p><p style=\"color: #0000f3;\">Features, benefits:<\/p><ul><li>portable UVC device<\/li><li>kills microbial surface contaminants - viruses, bacteria, fungi and spores<\/li><li>reduces the spread of infections<\/li><li>just plug in and use<\/li><li>cheap operation<\/li><li>lifespan of UV-C lamp is 9,000 hours<\/li><li>does not produce ozone and by-products<\/li><li>ak\u00e1r 99,99%-os cs\u00edramentess\u00e9get is el\u00e9rhet<\/li><\/ul>\t\t\t\t\t\t\t\t<\/div>\n\t\t\t\t<\/div>\n\t\t\t\t\t<\/div>\n\t\t<\/div>\n\t\t\t\t\t<\/div>\n\t\t<\/section>\n\t\t\t\t\t<\/div>\n\t\t<\/div>\n\t\t\t\t\t<\/div>\n\t\t<\/section>\n\t\t\t\t<\/div>","protected":false},"excerpt":{"rendered":"<p>UVC UVC 150 B\u0151vebben High-touch fel\u00fcletek az olyan fel\u00fcletek, amelyeket k\u00fcl\u00f6nb\u00f6z\u0151 felhaszn\u00e1l\u00f3k a nap folyam\u00e1n t\u00f6bbsz\u00f6r \u00e9rintenek. Ezen fel\u00fcletek rendszeres UV-C f\u00e9nnyel t\u00f6rt\u00e9n\u0151 fert\u0151tlen\u00edt\u00e9se megakad\u00e1lyozza a k\u00e1ros mikroorganizmusok \u00e9rint\u00e9s \u00fatj\u00e1n val\u00f3 elterjeszt\u00e9s\u00e9t. \u00a0 High-touch fel\u00fcletek: \u00cdr\u00f3asztalok, telefonok, sz\u00e1m\u00edt\u00f3g\u00e9pes k\u00e9perny\u0151k \u00e9s billenty\u0171zetek, laptopok Ajt\u00f3 cseng\u0151, ajt\u00f3 kilincs, villanykapcsol\u00f3, kezel\u0151panelek \u00e9s gombok a felvon\u00f3kban L\u00e9pcs\u0151korl\u00e1t, falak, asztalok,&hellip;&nbsp;<a href=\"https:\/\/r-filter.hu\/en\/uvc100-150\/\" rel=\"bookmark\">Read More &raquo;<span class=\"screen-reader-text\">UVC<\/span><\/a><\/p>","protected":false},"author":1,"featured_media":0,"parent":0,"menu_order":0,"comment_status":"closed","ping_status":"closed","template":"","meta":{"neve_meta_sidebar":"full-width","neve_meta_container":"","neve_meta_enable_content_width":"on","neve_meta_content_width":100,"neve_meta_title_alignment":"","neve_meta_author_avatar":"","neve_post_elements_order":"","neve_meta_disable_header":"","neve_meta_disable_footer":"","neve_meta_disable_title":"","neve_meta_reading_time":"","_themeisle_gutenberg_block_has_review":false,"_ti_tpc_template_sync":false,"_ti_tpc_template_id":"","footnotes":""},"class_list":["post-754","page","type-page","status-publish","hentry"],"_links":{"self":[{"href":"https:\/\/r-filter.hu\/en\/wp-json\/wp\/v2\/pages\/754","targetHints":{"allow":["GET"]}}],"collection":[{"href":"https:\/\/r-filter.hu\/en\/wp-json\/wp\/v2\/pages"}],"about":[{"href":"https:\/\/r-filter.hu\/en\/wp-json\/wp\/v2\/types\/page"}],"author":[{"embeddable":true,"href":"https:\/\/r-filter.hu\/en\/wp-json\/wp\/v2\/users\/1"}],"replies":[{"embeddable":true,"href":"https:\/\/r-filter.hu\/en\/wp-json\/wp\/v2\/comments?post=754"}],"version-history":[{"count":47,"href":"https:\/\/r-filter.hu\/en\/wp-json\/wp\/v2\/pages\/754\/revisions"}],"predecessor-version":[{"id":7336,"href":"https:\/\/r-filter.hu\/en\/wp-json\/wp\/v2\/pages\/754\/revisions\/7336"}],"wp:attachment":[{"href":"https:\/\/r-filter.hu\/en\/wp-json\/wp\/v2\/media?parent=754"}],"curies":[{"name":"wp","href":"https:\/\/api.w.org\/{rel}","templated":true}]}}