{"id":925,"date":"2021-03-18T08:12:20","date_gmt":"2021-03-18T08:12:20","guid":{"rendered":"https:\/\/r-filter.hu\/?page_id=925"},"modified":"2023-07-07T07:58:23","modified_gmt":"2023-07-07T07:58:23","slug":"uvh50","status":"publish","type":"page","link":"https:\/\/r-filter.hu\/en\/uvh50\/","title":{"rendered":"UVH"},"content":{"rendered":"<div data-elementor-type=\"wp-page\" data-elementor-id=\"925\" class=\"elementor elementor-925\" data-elementor-post-type=\"page\">\n\t\t\t\t\t\t<section class=\"elementor-section elementor-top-section elementor-element elementor-element-be11c91 elementor-section-boxed elementor-section-height-default elementor-section-height-default\" data-id=\"be11c91\" data-element_type=\"section\" data-e-type=\"section\">\n\t\t\t\t\t\t<div class=\"elementor-container elementor-column-gap-default\">\n\t\t\t\t\t<div class=\"elementor-column elementor-col-100 elementor-top-column elementor-element elementor-element-009a53b\" data-id=\"009a53b\" data-element_type=\"column\" data-e-type=\"column\" data-settings=\"{&quot;background_background&quot;:&quot;classic&quot;}\">\n\t\t\t<div class=\"elementor-widget-wrap elementor-element-populated\">\n\t\t\t\t\t\t<div class=\"elementor-element elementor-element-fd28468 elementor-widget elementor-widget-heading\" data-id=\"fd28468\" data-element_type=\"widget\" data-e-type=\"widget\" data-widget_type=\"heading.default\">\n\t\t\t\t<div class=\"elementor-widget-container\">\n\t\t\t\t\t<h1 class=\"elementor-heading-title elementor-size-default\">UVH 50<\/h1>\t\t\t\t<\/div>\n\t\t\t\t<\/div>\n\t\t\t\t<div class=\"elementor-element elementor-element-c47d127 elementor-widget-divider--view-line elementor-widget elementor-widget-divider\" data-id=\"c47d127\" data-element_type=\"widget\" data-e-type=\"widget\" data-widget_type=\"divider.default\">\n\t\t\t\t<div class=\"elementor-widget-container\">\n\t\t\t\t\t\t\t<div class=\"elementor-divider\">\n\t\t\t<span class=\"elementor-divider-separator\">\n\t\t\t\t\t\t<\/span>\n\t\t<\/div>\n\t\t\t\t\t\t<\/div>\n\t\t\t\t<\/div>\n\t\t\t\t\t<\/div>\n\t\t<\/div>\n\t\t\t\t\t<\/div>\n\t\t<\/section>\n\t\t\t\t<section class=\"elementor-section elementor-top-section elementor-element elementor-element-2183a3f elementor-section-boxed elementor-section-height-default elementor-section-height-default\" data-id=\"2183a3f\" data-element_type=\"section\" data-e-type=\"section\">\n\t\t\t\t\t\t<div class=\"elementor-container elementor-column-gap-default\">\n\t\t\t\t\t<div class=\"elementor-column elementor-col-100 elementor-top-column elementor-element elementor-element-e0019e5\" data-id=\"e0019e5\" data-element_type=\"column\" data-e-type=\"column\">\n\t\t\t<div class=\"elementor-widget-wrap elementor-element-populated\">\n\t\t\t\t\t\t<section class=\"elementor-section elementor-inner-section elementor-element elementor-element-c775e80 elementor-section-boxed elementor-section-height-default elementor-section-height-default\" data-id=\"c775e80\" data-element_type=\"section\" data-e-type=\"section\">\n\t\t\t\t\t\t<div class=\"elementor-container elementor-column-gap-default\">\n\t\t\t\t\t<div class=\"elementor-column elementor-col-50 elementor-inner-column elementor-element elementor-element-3ceb423\" data-id=\"3ceb423\" data-element_type=\"column\" data-e-type=\"column\">\n\t\t\t<div class=\"elementor-widget-wrap elementor-element-populated\">\n\t\t\t\t\t\t<div class=\"elementor-element elementor-element-47aa036 elementor-widget elementor-widget-text-editor\" data-id=\"47aa036\" data-element_type=\"widget\" data-e-type=\"widget\" data-widget_type=\"text-editor.default\">\n\t\t\t\t<div class=\"elementor-widget-container\">\n\t\t\t\t\t\t\t\t\t<p>The UVH Photocatalytic Hygienic Disinfecting and Deodorizing air purifier with motion detector has been specially developed to disinfect and deodorize the air in heavily loaded and used public areas.<br \/><strong>The innovative device can be used in any room (washrooms, bathrooms, saunas, dressing-rooms, workshops, high traffic service areas, gyms and accommodations) where we want to filter out and dispose of microbial pathogens, unpleasant smells and odors that may pose a risk to human health.<\/strong> By removing the bacteria and viruses from the air, we also prevent them from settling on surfaces and being spread by touching them.<\/p>\t\t\t\t\t\t\t\t<\/div>\n\t\t\t\t<\/div>\n\t\t\t\t<div class=\"elementor-element elementor-element-6dfe22a elementor-widget-divider--view-line elementor-widget elementor-widget-divider\" data-id=\"6dfe22a\" data-element_type=\"widget\" data-e-type=\"widget\" data-widget_type=\"divider.default\">\n\t\t\t\t<div class=\"elementor-widget-container\">\n\t\t\t\t\t\t\t<div class=\"elementor-divider\">\n\t\t\t<span class=\"elementor-divider-separator\">\n\t\t\t\t\t\t<\/span>\n\t\t<\/div>\n\t\t\t\t\t\t<\/div>\n\t\t\t\t<\/div>\n\t\t\t\t<div class=\"elementor-element elementor-element-279481f elementor-widget elementor-widget-text-editor\" data-id=\"279481f\" data-element_type=\"widget\" data-e-type=\"widget\" data-widget_type=\"text-editor.default\">\n\t\t\t\t<div class=\"elementor-widget-container\">\n\t\t\t\t\t\t\t\t\t<p><strong>Functional principle<\/strong><\/p>\t\t\t\t\t\t\t\t<\/div>\n\t\t\t\t<\/div>\n\t\t\t\t<div class=\"elementor-element elementor-element-73b3115 elementor-widget elementor-widget-text-editor\" data-id=\"73b3115\" data-element_type=\"widget\" data-e-type=\"widget\" data-widget_type=\"text-editor.default\">\n\t\t\t\t<div class=\"elementor-widget-container\">\n\t\t\t\t\t\t\t\t\t<p>The with fan designed R-FILTER UVH-50 hygienic air purifier effectively eliminates bacteria and viruses in indoor air and neutralizes odors. The air purifier has a synergistic effect of two technologies.<\/p><p><b>PCO (PhotoCatalytic Oxidation):<br \/><\/b><span style=\"color: var( --e-global-color-text ); font-family: var( --e-global-typography-text-font-family ), Sans-serif; font-weight: var( --e-global-typography-text-font-weight ); background-color: var(--nv-site-bg); font-size: var(--bodyfontsize); letter-spacing: var(--bodyletterspacing); text-transform: var(--bodytexttransform);\">The indoor air circulated by the built-in fans flows through the device in contact with the photocatalyst plates. The plates are excited by UV light, whereupon the catalyst surfaces are activated and produce highly reactive hydroxyl radicals and superoxide ions on their surfaces. The resulting radicals attack the air pollutants like most organic pollutants (bacteria, viruses, mold and odors) and destroy them through oxidation.<\/span><\/p><p><b>UVGI (Ultraviolet Germicidal Irradiation)<br \/><\/b><span style=\"color: var( --e-global-color-text ); font-family: var( --e-global-typography-text-font-family ), Sans-serif; font-weight: var( --e-global-typography-text-font-weight ); background-color: var(--nv-site-bg); font-size: var(--bodyfontsize); letter-spacing: var(--bodyletterspacing); text-transform: var(--bodytexttransform);\">The applied germicidal lamp is a special UV-C light source. The short-wavelength ultraviolet light in the UV-reactor chamber kill or inactivate microorganisms by disrupting their DNA and RNA. The applied UV light is used also to activate the photocatalyst.<\/span><\/p><p class=\"translation-block\">The following air purification process takes place on the surface coated with TiO2:<\/p>\t\t\t\t\t\t\t\t<\/div>\n\t\t\t\t<\/div>\n\t\t\t\t<div class=\"elementor-element elementor-element-a83a2b9 elementor-widget elementor-widget-image\" data-id=\"a83a2b9\" data-element_type=\"widget\" data-e-type=\"widget\" data-widget_type=\"image.default\">\n\t\t\t\t<div class=\"elementor-widget-container\">\n\t\t\t\t\t\t\t\t\t\t\t\t\t\t\t<img fetchpriority=\"high\" decoding=\"async\" width=\"1024\" height=\"670\" src=\"https:\/\/r-filter.hu\/wp-content\/uploads\/2021\/10\/fot.e.1.a.jpg\" class=\"attachment-large size-large wp-image-933\" alt=\"\" srcset=\"https:\/\/r-filter.hu\/wp-content\/uploads\/2021\/10\/fot.e.1.a.jpg 2059w, https:\/\/r-filter.hu\/wp-content\/uploads\/2021\/10\/fot.e.1.a-300x196.jpg 300w, https:\/\/r-filter.hu\/wp-content\/uploads\/2021\/10\/fot.e.1.a-1024x667.jpg 1024w, https:\/\/r-filter.hu\/wp-content\/uploads\/2021\/10\/fot.e.1.a-768x501.jpg 768w, https:\/\/r-filter.hu\/wp-content\/uploads\/2021\/10\/fot.e.1.a-1536x1001.jpg 1536w, https:\/\/r-filter.hu\/wp-content\/uploads\/2021\/10\/fot.e.1.a-2048x1335.jpg 2048w, https:\/\/r-filter.hu\/wp-content\/uploads\/2021\/10\/fot.e.1.a-18x12.jpg 18w\" sizes=\"(max-width: 1024px) 100vw, 1024px\" title=\"\">\t\t\t\t\t\t\t\t\t\t\t\t\t\t\t<\/div>\n\t\t\t\t<\/div>\n\t\t\t\t<div class=\"elementor-element elementor-element-b831c42 elementor-widget elementor-widget-text-editor\" data-id=\"b831c42\" data-element_type=\"widget\" data-e-type=\"widget\" data-widget_type=\"text-editor.default\">\n\t\t\t\t<div class=\"elementor-widget-container\">\n\t\t\t\t\t\t\t\t\t<p class=\"translation-block\">The above coating is a semiconductor and when light of a certain wavelength strikes the surface of the titanium dioxide, electrons (e\u2013) are transferred from the valence band to the conduction band. At the same time, electron holes (h+) are formed in the valence band. The holes oxidize strongly, while the electrons have a strong reducing effect. From the water arise highly reactive hydroxyl radicals (\u00b7OH) and from the atmospheric oxygen reactive superoxide radicals (\u00b7O2\u02c9). As a result, the pollutants are decomposed. The ultraviolet rays change the DNA structure of microorganisms and cause their destruction. Microbes and organics will be mineralized to water and carbon dioxide which is removed with the purified air. The TiO2 coating does not wear out and remains permanently functional.<\/p><p><em>In a \"cross-sectional\" picture, the decomposition process of volatile organic compounds (VOCs):<\/em><\/p>\t\t\t\t\t\t\t\t<\/div>\n\t\t\t\t<\/div>\n\t\t\t\t<div class=\"elementor-element elementor-element-846bfd6 elementor-widget elementor-widget-image\" data-id=\"846bfd6\" data-element_type=\"widget\" data-e-type=\"widget\" data-widget_type=\"image.default\">\n\t\t\t\t<div class=\"elementor-widget-container\">\n\t\t\t\t\t\t\t\t\t\t\t\t\t\t\t<img decoding=\"async\" width=\"1024\" height=\"589\" src=\"https:\/\/r-filter.hu\/wp-content\/uploads\/2021\/10\/fot.e.2.a.jpg\" class=\"attachment-large size-large wp-image-934\" alt=\"\" srcset=\"https:\/\/r-filter.hu\/wp-content\/uploads\/2021\/10\/fot.e.2.a.jpg 1425w, https:\/\/r-filter.hu\/wp-content\/uploads\/2021\/10\/fot.e.2.a-300x169.jpg 300w, https:\/\/r-filter.hu\/wp-content\/uploads\/2021\/10\/fot.e.2.a-1024x578.jpg 1024w, https:\/\/r-filter.hu\/wp-content\/uploads\/2021\/10\/fot.e.2.a-768x434.jpg 768w, https:\/\/r-filter.hu\/wp-content\/uploads\/2021\/10\/fot.e.2.a-18x10.jpg 18w\" sizes=\"(max-width: 1024px) 100vw, 1024px\" title=\"\">\t\t\t\t\t\t\t\t\t\t\t\t\t\t\t<\/div>\n\t\t\t\t<\/div>\n\t\t\t\t\t<\/div>\n\t\t<\/div>\n\t\t\t\t<div class=\"elementor-column elementor-col-50 elementor-inner-column elementor-element elementor-element-2fff13a\" data-id=\"2fff13a\" data-element_type=\"column\" data-e-type=\"column\">\n\t\t\t<div class=\"elementor-widget-wrap elementor-element-populated\">\n\t\t\t\t\t\t<div class=\"elementor-element elementor-element-b74dc22 elementor-widget elementor-widget-image\" data-id=\"b74dc22\" data-element_type=\"widget\" data-e-type=\"widget\" data-widget_type=\"image.default\">\n\t\t\t\t<div class=\"elementor-widget-container\">\n\t\t\t\t\t\t\t\t\t\t\t\t\t\t\t<img decoding=\"async\" width=\"1024\" height=\"512\" src=\"https:\/\/r-filter.hu\/wp-content\/uploads\/2022\/10\/UVH2-1024x512.jpg\" class=\"attachment-large size-large wp-image-5297\" alt=\"R-Filter innovat\u00edv konyhai l\u00e9gkezel\u00e9s, zs\u00edrbont\u00e1s \u00e9s szagtalan\u00edt\u00e1s\" srcset=\"https:\/\/r-filter.hu\/wp-content\/uploads\/2022\/10\/UVH2-1024x512.jpg 1024w, https:\/\/r-filter.hu\/wp-content\/uploads\/2022\/10\/UVH2-300x150.jpg 300w, https:\/\/r-filter.hu\/wp-content\/uploads\/2022\/10\/UVH2-768x384.jpg 768w, https:\/\/r-filter.hu\/wp-content\/uploads\/2022\/10\/UVH2-18x9.jpg 18w, https:\/\/r-filter.hu\/wp-content\/uploads\/2022\/10\/UVH2.jpg 1200w\" sizes=\"(max-width: 1024px) 100vw, 1024px\" title=\"\">\t\t\t\t\t\t\t\t\t\t\t\t\t\t\t<\/div>\n\t\t\t\t<\/div>\n\t\t\t\t<div class=\"elementor-element elementor-element-28494af elementor-widget elementor-widget-text-editor\" data-id=\"28494af\" data-element_type=\"widget\" data-e-type=\"widget\" data-widget_type=\"text-editor.default\">\n\t\t\t\t<div class=\"elementor-widget-container\">\n\t\t\t\t\t\t\t\t\t<strong><p style=\"color:#0000F3\">Features, benefits:<\/strong><\/p>\n\n<ul>\n \t<li>Synergistic effect of dual process (UVGI and PCO)<\/li>\n \t<li>Outstanding disisfecting and deodorizing effect<\/li>\n \t<li>Chemical- and ozone-free<\/li>\n \t<li>Motion sensor switches automatically<\/li>\n \t<li>Stainless steel cover plate<\/li>\n \t<li>Minimal maintenance effort<\/li>\n \t<li>18 months warranty<\/li>\n<\/ul>\t\t\t\t\t\t\t\t<\/div>\n\t\t\t\t<\/div>\n\t\t\t\t<div class=\"elementor-element elementor-element-c783028 elementor-widget elementor-widget-image\" data-id=\"c783028\" data-element_type=\"widget\" data-e-type=\"widget\" data-widget_type=\"image.default\">\n\t\t\t\t<div class=\"elementor-widget-container\">\n\t\t\t\t\t\t\t\t\t\t\t\t\t\t\t<img loading=\"lazy\" decoding=\"async\" width=\"541\" height=\"460\" src=\"https:\/\/r-filter.hu\/wp-content\/uploads\/2021\/03\/UVH_rajz.jpg\" class=\"attachment-large size-large wp-image-936\" alt=\"\" srcset=\"https:\/\/r-filter.hu\/wp-content\/uploads\/2021\/03\/UVH_rajz.jpg 541w, https:\/\/r-filter.hu\/wp-content\/uploads\/2021\/03\/UVH_rajz-300x255.jpg 300w, https:\/\/r-filter.hu\/wp-content\/uploads\/2021\/03\/UVH_rajz-14x12.jpg 14w\" sizes=\"(max-width: 541px) 100vw, 541px\" title=\"\">\t\t\t\t\t\t\t\t\t\t\t\t\t\t\t<\/div>\n\t\t\t\t<\/div>\n\t\t\t\t<div class=\"elementor-element elementor-element-300e6fa elementor-widget elementor-widget-text-editor\" data-id=\"300e6fa\" data-element_type=\"widget\" data-e-type=\"widget\" data-widget_type=\"text-editor.default\">\n\t\t\t\t<div class=\"elementor-widget-container\">\n\t\t\t\t\t\t\t\t\t<p><strong>On request, we will send you device data sheets after registration under the menu item \"Contact\".<\/strong><\/p>\t\t\t\t\t\t\t\t<\/div>\n\t\t\t\t<\/div>\n\t\t\t\t\t<\/div>\n\t\t<\/div>\n\t\t\t\t\t<\/div>\n\t\t<\/section>\n\t\t\t\t\t<\/div>\n\t\t<\/div>\n\t\t\t\t\t<\/div>\n\t\t<\/section>\n\t\t\t\t<\/div>","protected":false},"excerpt":{"rendered":"<p>UVH 50 A mozg\u00e1s\u00e9rz\u00e9kel\u0151vel ell\u00e1tott UVH fotokataliz\u00e1toros higi\u00e9niai fert\u0151tlen\u00edt\u0151 \u00e9s szagtalan\u00edt\u00f3 l\u00e9gtiszt\u00edt\u00f3 k\u00e9sz\u00fcl\u00e9ket speci\u00e1lislan a fokozottan terhelt \u00e9s ig\u00e9nybevett k\u00f6z\u00f6ss\u00e9gi terek, leveg\u0151j\u00e9nek fert\u0151tlen\u00edt\u00e9s\u00e9re \u00e9s szagtalan\u00edt\u00e1s\u00e1ra fejlesztett\u00fck ki.Az innovat\u00edv eszk\u00f6z minden helyis\u00e9gben (mosd\u00f3k, f\u00fcrd\u0151szob\u00e1k, szaun\u00e1k, \u00f6lt\u00f6z\u0151k, m\u0171helyek, nagy forgalm\u00fa szolg\u00e1ltat\u00f3 terek, edz\u0151termek \u00e9s sz\u00e1ll\u00e1shelyek) alkalmazhat\u00f3, ahol a l\u00e9gt\u00e9rb\u0151l kisz\u0171rni \u00e9s \u00e1rtalmatlan\u00edtani k\u00edv\u00e1njuk az emberi eg\u00e9szs\u00e9gre \u00e1rtalmas&hellip;&nbsp;<a href=\"https:\/\/r-filter.hu\/en\/uvh50\/\" rel=\"bookmark\">Read More &raquo;<span class=\"screen-reader-text\">UVH<\/span><\/a><\/p>","protected":false},"author":1,"featured_media":0,"parent":0,"menu_order":0,"comment_status":"closed","ping_status":"closed","template":"","meta":{"neve_meta_sidebar":"full-width","neve_meta_container":"","neve_meta_enable_content_width":"on","neve_meta_content_width":100,"neve_meta_title_alignment":"","neve_meta_author_avatar":"","neve_post_elements_order":"","neve_meta_disable_header":"","neve_meta_disable_footer":"","neve_meta_disable_title":"","neve_meta_reading_time":"","_themeisle_gutenberg_block_has_review":false,"_ti_tpc_template_sync":false,"_ti_tpc_template_id":"","footnotes":""},"class_list":["post-925","page","type-page","status-publish","hentry"],"_links":{"self":[{"href":"https:\/\/r-filter.hu\/en\/wp-json\/wp\/v2\/pages\/925","targetHints":{"allow":["GET"]}}],"collection":[{"href":"https:\/\/r-filter.hu\/en\/wp-json\/wp\/v2\/pages"}],"about":[{"href":"https:\/\/r-filter.hu\/en\/wp-json\/wp\/v2\/types\/page"}],"author":[{"embeddable":true,"href":"https:\/\/r-filter.hu\/en\/wp-json\/wp\/v2\/users\/1"}],"replies":[{"embeddable":true,"href":"https:\/\/r-filter.hu\/en\/wp-json\/wp\/v2\/comments?post=925"}],"version-history":[{"count":84,"href":"https:\/\/r-filter.hu\/en\/wp-json\/wp\/v2\/pages\/925\/revisions"}],"predecessor-version":[{"id":7370,"href":"https:\/\/r-filter.hu\/en\/wp-json\/wp\/v2\/pages\/925\/revisions\/7370"}],"wp:attachment":[{"href":"https:\/\/r-filter.hu\/en\/wp-json\/wp\/v2\/media?parent=925"}],"curies":[{"name":"wp","href":"https:\/\/api.w.org\/{rel}","templated":true}]}}